{"id":156,"date":"2021-10-18T08:51:34","date_gmt":"2021-10-18T08:51:34","guid":{"rendered":"https:\/\/voice-acoustic.vn\/?page_id=156"},"modified":"2022-03-01T10:38:37","modified_gmt":"2022-03-01T03:38:37","slug":"cong-ty","status":"publish","type":"page","link":"https:\/\/voice-acoustic.vn\/?page_id=156","title":{"rendered":"C\u00f4ng Ty"},"content":{"rendered":"\t\t<div data-elementor-type=\"wp-page\" data-elementor-id=\"156\" class=\"elementor elementor-156\" data-elementor-settings=\"[]\">\n\t\t\t\t\t\t\t<div class=\"elementor-section-wrap\">\n\t\t\t\t\t\t\t<section class=\"elementor-section elementor-top-section elementor-element elementor-element-8c05608 elementor-section-boxed elementor-section-height-default elementor-section-height-default\" data-id=\"8c05608\" data-element_type=\"section\">\n\t\t\t\t\t\t<div class=\"elementor-container elementor-column-gap-default\">\n\t\t\t\t\t<div class=\"elementor-column elementor-col-100 elementor-top-column elementor-element elementor-element-3bfd9263\" data-id=\"3bfd9263\" data-element_type=\"column\">\n\t\t\t<div class=\"elementor-widget-wrap elementor-element-populated\">\n\t\t\t\t\t\t\t\t<div class=\"elementor-element elementor-element-36b640e5 elementor-widget elementor-widget-text-editor\" data-id=\"36b640e5\" data-element_type=\"widget\" data-widget_type=\"text-editor.default\">\n\t\t\t\t<div class=\"elementor-widget-container\">\n\t\t\t\t\t\t\t<p><!-- wp:flatsome\/uxbuilder --><\/p>\n<h2><strong><span style=\"color: red;\">Voice-Acoustic<\/span><\/strong><\/h2>\n<p>Ch\u1ec9 nh\u1eefng g\u00ec l\u00e0m ta x\u00fac \u0111\u1ed9ng, m\u1edbi \u0111\u1ec3 l\u1ea1i k\u1ef7 ni\u1ec7m kh\u00f3 qu\u00ean!<\/p>\n<p>Loa \u0111\u01b0\u1ee3c s\u1eed d\u1ee5ng \u0111\u1ec3 truy\u1ec1n t\u1ea3i c\u1ea3m x\u00fac: L\u1eddi n\u00f3i v\u1edbi m\u1ed9t th\u00f4ng \u0111i\u1ec7p, \u00e2m nh\u1ea1c \u1edf t\u1ea5t c\u1ea3 cung b\u1eadc, m\u1ed9t ngh\u1ec7 s\u0129 mu\u1ed1n bi\u1ec3u di\u1ec5n, m\u1ed9t nh\u00e0 h\u00f9ng bi\u1ec7n mu\u1ed1n \u0111\u01b0\u1ee3c l\u1eafng nghe.<\/p>\n<p>\u0110\u1ec3 mang l\u1ea1i nh\u1eefng c\u1ea3m x\u00fac n\u00e0y m\u00e0 kh\u00f4ng l\u00e0m m\u1ea5t t\u00e1c \u0111\u1ed9ng, nh\u1eefng th\u00e0nh vi\u00ean t\u1ea1i Voice-Acoustic \u0111\u00e3 ph\u00e1t tri\u1ec3n v\u00e0 x\u00e2y d\u1ef1ng nh\u1eefng h\u1ec7 th\u1ed1ng loa chuy\u00ean nghi\u1ec7p v\u1edbi ch\u1ea5t l\u01b0\u1ee3ng tuy\u1ec7t v\u1eddi v\u00e0 m\u1ecdi th\u1ee9 \u0111\u1ec1u \u0111\u01b0\u1ee3c s\u1ea3n xu\u1ea5t t\u1ea1i \u0110\u1ee9c.<\/p>\n<p>Ch\u00fang t\u00f4i \u0111\u00e3 \u0111\u1ea1t \u0111\u01b0\u1ee3c m\u1ee5c ti\u00eau l\u00e0 cung c\u1ea5p nh\u1eefng d\u00f2ng loa \u0111\u1ea1t \u0111\u01b0\u1ee3c y\u00eau c\u1ea7u ch\u1ea5t l\u01b0\u1ee3ng \u00e2m thanh cao nh\u1ea5t \u0111\u1ec3 \u0111\u00e1p \u1ee9ng nhu c\u1ea7u ng\u01b0\u1eddi s\u1eed d\u1ee5ng cho m\u1ecdi s\u1ef1 ki\u1ec7n kh\u00e1c nhau.&nbsp;S\u1ea3n ph\u1ea9m ch\u1ea5t l\u01b0\u1ee3ng cao \u0111\u1ea3m b\u1ea3o s\u1ef1 b\u1ec1n b\u0129 v\u1edbi th\u1eddi gian v\u00e0 ch\u1ec9 suy gi\u1ea3m t\u1ed1i thi\u1ec3u. \u0110i\u1ec1u n\u00e0y kh\u1eb3ng \u0111\u1ecbnh r\u1eb1ng s\u1ea3n ph\u1ea9m c\u1ee7a Voice-Acoustic s\u1ebd hi\u1ec7u qu\u1ea3 cho vi\u1ec7c \u0111\u1ea7u t\u01b0 l\u00e2u d\u00e0i.<\/p>\n<p>H\u1ec7 th\u1ed1ng \u00e2m thanh Voice-Acoustic truy\u1ec1n t\u1ea3i v\u00e0 t\u00e1i t\u1ea1o \u00e2m thanh trung th\u1ef1c ho\u00e0n to\u00e0n kh\u00f4ng thay \u0111\u1ed5i. T\u1ea5t c\u1ea3 s\u1ea3n ph\u1ea9m \u0111\u1ec1u t\u01b0\u01a1ng th\u00edch l\u1eabn nhau v\u00e0 c\u00f3 th\u1ec3 k\u1ebft h\u1ee3p t\u1ed1i \u0111a h\u00f3a hi\u1ec7u qu\u1ea3 kinh t\u1ebf.<\/p>\n<p>Lu\u00f4n l\u00e0m vi\u1ec7c ch\u1eb7t ch\u1ebd v\u1edbi \u0111\u1ed1i t\u00e1c, c\u1ed9ng v\u1edbi s\u1ef1 ph\u1ee5c v\u1ee5 chuy\u00ean s\u00e2u l\u00e0 \u01b0u ti\u00ean h\u00e0ng \u0111\u1ea7u c\u1ee7a ch\u00fang t\u00f4i.<\/p>\n<p>Ch\u00fang t\u00f4i khuy\u1ebfn kh\u00edch trao \u0111\u1ed5i chi ti\u1ebft, t\u01b0 v\u1ea5n tr\u01b0\u1edbc khi mua s\u1ea3n ph\u1ea9m, v\u00e0 sau \u0111\u00f3, ch\u00fang t\u00f4i cung \u1ee9ng d\u1ecbch v\u1ee5 h\u1eadu m\u00e3i, h\u1ed7 tr\u1ee3 v\u00e0 th\u01b0\u1eddng xuy\u00ean li\u00ean l\u1ea1c trong m\u1ecdi v\u1ea5n \u0111\u1ec1 quan tr\u1ecdng. Ch\u00fang t\u00f4i kh\u00f4ng ph\u00e2n bi\u1ec7t kh\u00e1ch h\u00e0ng l\u1edbn hay nh\u1ecf. Ch\u00fang t\u00f4i mu\u1ed1n t\u1ea5t c\u1ea3 kh\u00e1ch h\u00e0ng \u0111\u1ec1u h\u00e0i l\u00f2ng, v\u00e0 nh\u01b0 th\u1ebf, t\u1ea5t c\u1ea3 \u0111\u1ec1u t\u1eadn h\u01b0\u1edfng s\u1ef1 ph\u1ee5c v\u1ee5 \u00e2n c\u1ea7n nh\u1ea5t t\u1eeb Voice-Acoustic nh\u01b0 nhau.<\/p>\n<p>Ch\u00fang t\u00f4i ti\u1ebfp t\u1ee5c ph\u00e1t tri\u1ec3n c\u00e1c d\u00f2ng s\u1ea3n ph\u1ea9m trong t\u01b0\u01a1ng lai v\u1edbi s\u1ef1 \u0111\u1ea3m b\u1ea3o m\u1ecdi thi\u1ebft b\u1ecb \u0111\u1ec1u c\u00f3 th\u1ec3 k\u1ebft n\u1ed1i v\u1edbi nhau ho\u00e0n h\u1ea3o tuy\u1ec7t \u0111\u1ed1i. T\u01b0\u01a1ng t\u00e1c, l\u1eafng nghe \u00fd t\u01b0\u1edfng v\u00e0 ph\u1ea3n h\u1ed3i c\u1ee7a kh\u00e1ch h\u00e0ng s\u1ebd cho ch\u00fang t\u00f4i nh\u1eefng \u0111\u00f3ng g\u00f3p gi\u00e1 tr\u1ecb v\u1ec1 nh\u1eefng gi\u1ea3i ph\u00e1p \u00e2m thanh c\u1ea7n thi\u1ebft.<\/p>\n<p>Kinh nghi\u1ec7m th\u1ef1c ti\u1ec5n xuy\u00ean su\u1ed1t c\u1ee7a ch\u00fang t\u00f4i \u0111\u01b0\u1ee3c thi\u1ebft k\u1ebf v\u00e0o m\u1ecdi s\u1ea3n ph\u1ea9m, \u0111em l\u1ea1i k\u1ebft qu\u1ea3 tinh t\u1ebf d\u1ec5 s\u1eed d\u1ee5ng, v\u00e0 h\u01a1n th\u1ebf n\u1eefa, v\u1ec1 ch\u1ea5t l\u01b0\u1ee3ng \u00e2m thanh c\u1ee7a s\u1ea3n ph\u1ea9m hi\u1ec7n t\u1ea1i v\u00e0 trong t\u01b0\u01a1ng lai.&nbsp;&nbsp;<br>\u0110am M\u00ea, \u0110\u1ed9ng L\u1ef1c, Ho\u00e0n H\u1ea3o v\u00e0 Th\u00e0nh C\u00f4ng c\u1ee7a kh\u00e1ch h\u00e0ng l\u00e0 ph\u01b0\u01a1ng ch\u00e2m c\u1ee7a ch\u00fang t\u00f4i.<\/p>\n<p><strong>Th\u00e0nh C\u00f4ng Do Ch\u1ea5t L\u01b0\u1ee3ng<\/strong><\/p>\n<p><strong><em>Cty TNHH \u00c2m Thanh Qu\u1ed1c V\u0169<br><\/em><\/strong><strong><em>Nh\u00e0 Ph\u00e2n Ph\u1ed1i Voice-Acoustic t\u1ea1i Vi\u1ec7t Nam<\/em><\/strong><\/p>\n<p><!-- \/wp:flatsome\/uxbuilder --><\/p>\t\t\t\t\t\t<\/div>\n\t\t\t\t<\/div>\n\t\t\t\t\t<\/div>\n\t\t<\/div>\n\t\t\t\t\t\t\t<\/div>\n\t\t<\/section>\n\t\t\t\t\t\t<\/div>\n\t\t\t\t\t<\/div>\n\t\t","protected":false},"excerpt":{"rendered":"","protected":false},"author":1,"featured_media":0,"parent":0,"menu_order":0,"comment_status":"closed","ping_status":"closed","template":"","meta":{"spay_email":"","footnotes":""},"class_list":["post-156","page","type-page","status-publish","hentry"],"yoast_head":"<!-- This site is optimized with the Yoast SEO plugin v17.6 - https:\/\/yoast.com\/wordpress\/plugins\/seo\/ -->\n<title>C\u00f4ng Ty - Voice-Acoustic<\/title>\n<meta name=\"robots\" content=\"index, follow, max-snippet:-1, max-image-preview:large, max-video-preview:-1\" \/>\n<link rel=\"canonical\" href=\"https:\/\/voice-acoustic.vn\/?page_id=156\" \/>\n<meta property=\"og:locale\" content=\"vi_VN\" \/>\n<meta property=\"og:type\" content=\"article\" \/>\n<meta property=\"og:title\" content=\"C\u00f4ng Ty - Voice-Acoustic\" \/>\n<meta property=\"og:url\" content=\"https:\/\/voice-acoustic.vn\/?page_id=156\" \/>\n<meta property=\"og:site_name\" content=\"Voice-Acoustic\" \/>\n<meta property=\"article:modified_time\" content=\"2022-03-01T03:38:37+00:00\" \/>\n<meta name=\"twitter:card\" content=\"summary_large_image\" \/>\n<meta name=\"twitter:label1\" content=\"\u01af\u1edbc t\u00ednh th\u1eddi gian \u0111\u1ecdc\" \/>\n\t<meta name=\"twitter:data1\" content=\"2 ph\u00fat\" \/>\n<script type=\"application\/ld+json\" class=\"yoast-schema-graph\">{\"@context\":\"https:\/\/schema.org\",\"@graph\":[{\"@type\":\"WebSite\",\"@id\":\"https:\/\/voice-acoustic.vn\/#website\",\"url\":\"https:\/\/voice-acoustic.vn\/\",\"name\":\"Voice-Acoustic\",\"description\":\"\",\"potentialAction\":[{\"@type\":\"SearchAction\",\"target\":{\"@type\":\"EntryPoint\",\"urlTemplate\":\"https:\/\/voice-acoustic.vn\/?s={search_term_string}\"},\"query-input\":\"required name=search_term_string\"}],\"inLanguage\":\"vi\"},{\"@type\":\"WebPage\",\"@id\":\"https:\/\/voice-acoustic.vn\/?page_id=156#webpage\",\"url\":\"https:\/\/voice-acoustic.vn\/?page_id=156\",\"name\":\"C\\u00f4ng Ty - Voice-Acoustic\",\"isPartOf\":{\"@id\":\"https:\/\/voice-acoustic.vn\/#website\"},\"datePublished\":\"2021-10-18T08:51:34+00:00\",\"dateModified\":\"2022-03-01T03:38:37+00:00\",\"breadcrumb\":{\"@id\":\"https:\/\/voice-acoustic.vn\/?page_id=156#breadcrumb\"},\"inLanguage\":\"vi\",\"potentialAction\":[{\"@type\":\"ReadAction\",\"target\":[\"https:\/\/voice-acoustic.vn\/?page_id=156\"]}]},{\"@type\":\"BreadcrumbList\",\"@id\":\"https:\/\/voice-acoustic.vn\/?page_id=156#breadcrumb\",\"itemListElement\":[{\"@type\":\"ListItem\",\"position\":1,\"name\":\"Trang ch\\u1ee7\",\"item\":\"https:\/\/voice-acoustic.vn\/\"},{\"@type\":\"ListItem\",\"position\":2,\"name\":\"C\\u00f4ng Ty\"}]}]}<\/script>\n<!-- \/ Yoast SEO plugin. -->","yoast_head_json":{"title":"C\u00f4ng Ty - Voice-Acoustic","robots":{"index":"index","follow":"follow","max-snippet":"max-snippet:-1","max-image-preview":"max-image-preview:large","max-video-preview":"max-video-preview:-1"},"canonical":"https:\/\/voice-acoustic.vn\/?page_id=156","og_locale":"vi_VN","og_type":"article","og_title":"C\u00f4ng Ty - Voice-Acoustic","og_url":"https:\/\/voice-acoustic.vn\/?page_id=156","og_site_name":"Voice-Acoustic","article_modified_time":"2022-03-01T03:38:37+00:00","twitter_card":"summary_large_image","twitter_misc":{"\u01af\u1edbc t\u00ednh th\u1eddi gian \u0111\u1ecdc":"2 ph\u00fat"},"schema":{"@context":"https:\/\/schema.org","@graph":[{"@type":"WebSite","@id":"https:\/\/voice-acoustic.vn\/#website","url":"https:\/\/voice-acoustic.vn\/","name":"Voice-Acoustic","description":"","potentialAction":[{"@type":"SearchAction","target":{"@type":"EntryPoint","urlTemplate":"https:\/\/voice-acoustic.vn\/?s={search_term_string}"},"query-input":"required name=search_term_string"}],"inLanguage":"vi"},{"@type":"WebPage","@id":"https:\/\/voice-acoustic.vn\/?page_id=156#webpage","url":"https:\/\/voice-acoustic.vn\/?page_id=156","name":"C\u00f4ng Ty - Voice-Acoustic","isPartOf":{"@id":"https:\/\/voice-acoustic.vn\/#website"},"datePublished":"2021-10-18T08:51:34+00:00","dateModified":"2022-03-01T03:38:37+00:00","breadcrumb":{"@id":"https:\/\/voice-acoustic.vn\/?page_id=156#breadcrumb"},"inLanguage":"vi","potentialAction":[{"@type":"ReadAction","target":["https:\/\/voice-acoustic.vn\/?page_id=156"]}]},{"@type":"BreadcrumbList","@id":"https:\/\/voice-acoustic.vn\/?page_id=156#breadcrumb","itemListElement":[{"@type":"ListItem","position":1,"name":"Trang ch\u1ee7","item":"https:\/\/voice-acoustic.vn\/"},{"@type":"ListItem","position":2,"name":"C\u00f4ng Ty"}]}]}},"_links":{"self":[{"href":"https:\/\/voice-acoustic.vn\/index.php?rest_route=\/wp\/v2\/pages\/156","targetHints":{"allow":["GET"]}}],"collection":[{"href":"https:\/\/voice-acoustic.vn\/index.php?rest_route=\/wp\/v2\/pages"}],"about":[{"href":"https:\/\/voice-acoustic.vn\/index.php?rest_route=\/wp\/v2\/types\/page"}],"author":[{"embeddable":true,"href":"https:\/\/voice-acoustic.vn\/index.php?rest_route=\/wp\/v2\/users\/1"}],"replies":[{"embeddable":true,"href":"https:\/\/voice-acoustic.vn\/index.php?rest_route=%2Fwp%2Fv2%2Fcomments&post=156"}],"version-history":[{"count":12,"href":"https:\/\/voice-acoustic.vn\/index.php?rest_route=\/wp\/v2\/pages\/156\/revisions"}],"predecessor-version":[{"id":1095,"href":"https:\/\/voice-acoustic.vn\/index.php?rest_route=\/wp\/v2\/pages\/156\/revisions\/1095"}],"wp:attachment":[{"href":"https:\/\/voice-acoustic.vn\/index.php?rest_route=%2Fwp%2Fv2%2Fmedia&parent=156"}],"curies":[{"name":"wp","href":"https:\/\/api.w.org\/{rel}","templated":true}]}}