{"id":1020,"date":"2022-01-10T13:08:10","date_gmt":"2022-01-10T06:08:10","guid":{"rendered":"https:\/\/voice-acoustic.vn\/?post_type=product&#038;p=1020"},"modified":"2022-02-15T15:46:42","modified_gmt":"2022-02-15T08:46:42","slug":"subsat-15-set","status":"publish","type":"product","link":"https:\/\/voice-acoustic.vn\/?product=subsat-15-set","title":{"rendered":"SubSat-15 Set"},"content":{"rendered":"<div class=\"rs-column -large-col-2-1 -large-first -large-first-row -medium-col-2-1 -medium-first -medium-first-row -small-col-1-1 -small-first -small-last -small-first-row\">\n<div class=\"ce_text block\">\n<p>B\u1ed9 SubSat-15 bao g\u1ed3m hai b\u1ed9 khu\u1ebfch \u0111\u1ea1i HDSP-6, b\u1ed1n Paveosub-118 v\u00e0 hai bi-amping Modular-15.\u00a0C\u00f3 th\u1ec3 k\u1ebft n\u1ed1i hai Modular-15 kh\u00e1c.\u00a0V\u1eabn c\u00f3 c\u00e1c k\u00eanh 4 x 800 W kh\u1ea3 d\u1ee5ng tr\u00ean m\u1ed9t HDSP-6.\u00a0C\u00e1c k\u00eanh n\u00e0y c\u00f3 th\u1ec3 \u0111\u01b0\u1ee3c s\u1eed d\u1ee5ng cho m\u00e0n h\u00ecnh linh ho\u1ea1t, l\u1ea5p g\u1ea7n, \u0111\u01b0\u1eddng tr\u1ec5 ho\u1eb7c ph\u00e2n v\u00f9ng.<\/p>\n<p>B\u1ed9 khu\u1ebfch \u0111\u1ea1i HDSP-6 l\u00e0 tr\u00e1i tim c\u1ee7a h\u1ec7 th\u1ed1ng \u00e2m thanh Voice Acoustic.\u00a0C\u00e1c c\u00e0i \u0111\u1eb7t c\u1ee5 th\u1ec3 \u0111\u01b0\u1ee3c l\u01b0u tr\u1eef d\u01b0\u1edbi d\u1ea1ng c\u00e0i \u0111\u1eb7t tr\u01b0\u1edbc tr\u00ean t\u1ea5t c\u1ea3 c\u00e1c loa.\u00a0Ch\u00fang c\u00f3 th\u1ec3 \u0111\u01b0\u1ee3c ch\u1ecdn v\u00e0 t\u1ea3i qua M\u00e0n h\u00ecnh ph\u00eda tr\u01b0\u1edbc.\u00a0H\u1ec7 th\u1ed1ng l\u00e0 &#8216;Plug and Play&#8217;.\u00a0C\u1eafm n\u00f3 v\u00e0o v\u00e0 n\u00f3 \u0111\u00e3 s\u1eb5n s\u00e0ng \u0111\u1ec3 s\u1eed d\u1ee5ng.\u00a0T\u1ea5t c\u1ea3 c\u00e1c th\u00e0nh ph\u1ea7n \u0111\u01b0\u1ee3c kh\u1edbp, \u0111i\u1ec1u ch\u1ec9nh v\u00e0 gi\u1edbi h\u1ea1n th\u00f4ng qua h\u1ec7 th\u1ed1ng qu\u1ea3n l\u00fd loa t\u00edch h\u1ee3p (DSP).\u00a0\u00c2m thanh \u0111\u01b0\u1ee3c \u0111\u1ed3ng b\u1ed9 h\u00f3a ngay l\u1eadp t\u1ee9c m\u00e0 kh\u00f4ng c\u1ea7n ph\u1ea3i \u0111i\u1ec1u ch\u1ec9nh th\u00eam.<\/p>\n<p>C\u00e1c k\u1ef9 thu\u1eadt vi\u00ean c\u00f3 kinh nghi\u1ec7m v\u00e0 nh\u00e0 \u0111i\u1ec1u h\u00e0nh \u00e2m thanh chuy\u00ean nghi\u1ec7p v\u1eabn c\u00f3 th\u1ec3 thay \u0111\u1ed5i c\u00e1c ch\u1ee9c n\u0103ng v\u00e0 c\u00f3 kh\u1ea3 n\u0103ng truy c\u1eadp v\u00e0o c\u00e0i \u0111\u1eb7t DSP.\u00a0C\u00f3 th\u1ec3 truy c\u1eadp h\u1ea7u h\u1ebft c\u00e1c th\u00f4ng s\u1ed1 m\u00e0 kh\u00f4ng c\u1ea7n \u0111i\u1ec1u khi\u1ec3n PC b\u1eb1ng c\u00e1ch s\u1eed d\u1ee5ng c\u00e1c n\u00fat Hi\u1ec3n th\u1ecb v\u00e0 b\u00e1nh xe m\u00e3 h\u00f3a.\u00a0C\u00e1c ch\u1ee9c n\u0103ng c\u00f3 th\u1ec3 \u0111\u01b0\u1ee3c b\u1ea3o v\u1ec7 b\u1eb1ng m\u1eadt kh\u1ea9u \u0111\u1ec3 tr\u00e1nh s\u1ef1 can thi\u1ec7p tr\u00e1i ph\u00e9p.\u00a0C\u00e1c c\u1ea5u h\u00ecnh ph\u1ee9c t\u1ea1p c\u00f3 th\u1ec3 \u0111\u01b0\u1ee3c t\u1ea1o tho\u1ea3i m\u00e1i qua Ethernet ho\u1eb7c giao di\u1ec7n kh\u00f4ng d\u00e2y hai chi\u1ec1u t\u00edch h\u1ee3p tr\u00ean b\u1ec1 m\u1eb7t PC, s\u1eed d\u1ee5ng ph\u1ea7n m\u1ec1m t\u1eeb xa VA-WLAN cho PC v\u00e0 Mac.\u00a0C\u00e1c \u00fd t\u01b0\u1edfng v\u00e0 thay \u0111\u1ed5i \u00e2m thanh ri\u00eang l\u1ebb c\u00f3 th\u1ec3 \u0111\u01b0\u1ee3c l\u01b0u d\u01b0\u1edbi d\u1ea1ng c\u00e0i \u0111\u1eb7t tr\u01b0\u1edbc v\u00e0 \u0111\u01b0\u1ee3c g\u1ecdi l\u1ea1i b\u1ea5t k\u1ef3 l\u00fac n\u00e0o.<\/p>\n<p>C\u00e1c th\u00e0nh ph\u1ea7n c\u1ee7a b\u1ed9 n\u00e0y c\u00f3 th\u1ec3 \u0111\u01b0\u1ee3c s\u1eed d\u1ee5ng t\u00f9y \u00fd t\u00f9y thu\u1ed9c v\u00e0o y\u00eau c\u1ea7u c\u1ee7a c\u00e1c s\u1ef1 ki\u1ec7n li\u00ean quan, ch\u1eb3ng h\u1ea1n nh\u01b0 B\u1ed9 m\u00f4-\u0111un-15 \u0111\u1ed9c l\u1eadp nh\u01b0 m\u1ed9t loa to\u00e0n d\u1ea3i, k\u1ebft h\u1ee3p v\u1edbi m\u1ed9t \u00e2m tr\u1ea7m \u0111\u1ec3 l\u00e0m tr\u00f2n h\u00ecnh \u1ea3nh \u00e2m thanh ho\u1eb7c c\u1ea5u h\u00ecnh \u0111\u1ea7y \u0111\u1ee7 v\u1edbi hai \u00e2m tr\u1ea7m tr\u00ean m\u1ed7i \u0111\u1ea7u cung c\u1ea5p \u00e2m thanh r\u00f5 r\u00e0ng v\u00e0 m\u1ea1nh m\u1ebd cho h\u00e0ng tr\u0103m ng\u01b0\u1eddi.\u00a0SubSat-15 Set cho \u00e2m thanh c\u00e2n b\u1eb1ng \u1edf m\u1ecdi m\u1ee9c \u00e2m l\u01b0\u1ee3ng: m\u1ea1nh m\u1ebd, trong su\u1ed1t v\u00e0 \u0111\u1ed9 ph\u00e2n gi\u1ea3i t\u1ed1t.\u00a0Ph\u1ea1m vi c\u1ee7a b\u1ed9 SubSat-15 l\u00e0 r\u1ea5t l\u1edbn, c\u1ea3 qua m\u1eb7t ph\u1eb3ng th\u1eb3ng \u0111\u1ee9ng v\u00e0 s\u1ef1 k\u1ebft h\u1ee3p ch\u1eb7t ch\u1ebd c\u1ee7a c\u00f2i l\u1edbn 60 \u00b0 x 40 \u00b0 ho\u1eb7c 90 \u00b0 x 60 \u00b0 t\u00f9y ch\u1ecdn.\u00a0\u0110\u1ed9 r\u00f5 gi\u1ecdng n\u00f3i c\u0169ng ho\u00e0n h\u1ea3o \u1edf kho\u1ea3ng c\u00e1ch xa.\u00a0C\u1ea3 gi\u1ecdng n\u00f3i v\u00e0 gi\u1ecdng h\u00e1t \u0111\u1ec1u r\u00f5 r\u00e0ng v\u00e0 d\u1ec5 hi\u1ec3u trong kh\u00f4ng gian h\u00ecnh ch\u1eef nh\u1eadt v\u00e0 l\u1edbn h\u01a1n.<\/p>\n<p>Ng\u01b0\u1eddi v\u1eadn h\u00e0nh c\u00f3 th\u1ec3 thay \u0111\u1ed5i g\u00f3c c\u1ee7a c\u1ea3 c\u00f2i 90 \u00b0 x 60 \u00b0 v\u00e0 c\u00f2i 60 \u00b0 x 40 \u00b0, th\u00f4ng qua \u0111i\u1ec1u khi\u1ec3n bi-amping, t\u00f9y thu\u1ed9c v\u00e0o y\u00eau c\u1ea7u \u00e2m thanh c\u1ee7a khu v\u1ef1c \u0111\u01b0\u1ee3c s\u1eed d\u1ee5ng.<\/p>\n<p>C\u00e1c c\u00e0i \u0111\u1eb7t t\u01b0\u01a1ng \u1ee9ng HDSP-6 \u0111\u01b0\u1ee3c l\u01b0u tr\u1eef cho c\u1ea3 hai c\u00f2i.\u00a0Khung 15 &#8220;\u0111\u01b0\u1ee3c s\u1eed d\u1ee5ng trong Modular-15 \u0111\u01b0\u1ee3c thi\u1ebft k\u1ebf cho \u00e2m trung r\u00f5 r\u00e0ng \u1edf m\u1ee9c \u00e2m l\u01b0\u1ee3ng cao nh\u1ea5t. N\u00f3 c\u00f3 kh\u1ed1i l\u01b0\u1ee3ng chuy\u1ec3n \u0111\u1ed9ng r\u1ea5t th\u1ea5p v\u00e0 nam ch\u00e2m neodymium c\u1ef1c m\u1ea1nh.<\/p>\n<\/div>\n<\/div>\n<div class=\"ce_rs_column_start rs-column -large-col-2-1 -large-last -large-first-row -medium-col-2-1 -medium-last -medium-first-row -small-col-1-1 -small-first -small-last\">\n<div class=\"ce_text block\">\n<p>Thi\u1ebft k\u1ebf m\u1ea3ng\u00a0\u0111\u01b0\u1ee3c c\u1ea5p b\u1eb1ng s\u00e1ng ch\u1ebf\u00a0c\u1ee7a c\u00e1c \u0111\u1ea7u tr\u00ean c\u00f9ng gi\u00fap gi\u1ea3m thi\u1ec3u s\u1ef1 giao thoa gi\u1eefa c\u00e1c ngu\u1ed3n \u00e2m thanh.\u00a0Hai ho\u1eb7c nhi\u1ec1u h\u1ec7 th\u1ed1ng c\u0169ng c\u00f3 th\u1ec3 cung c\u1ea5p m\u1ed9t PA k\u1ebft h\u1ee3p tuy\u1ec7t v\u1eddi.\u00a0H\u1ec7 s\u1ed1 s\u1eed d\u1ee5ng nhi\u1ec1u l\u1ea7n n\u00e0y cung c\u1ea5p cho ng\u01b0\u1eddi d\u00f9ng m\u1ed9t ph\u1ea1m vi r\u1ed9ng h\u01a1n ch\u1ec9 v\u1edbi m\u1ed9t h\u1ec7 th\u1ed1ng loa.<\/p>\n<p>C\u00e1c ph\u1ea7n m\u1edf r\u1ed9ng c\u00f3 th\u1ec3 c\u00f3, m\u1edf r\u1ed9ng quy m\u00f4, d\u1ec5 s\u1eed d\u1ee5ng v\u00e0 c\u00e1c ph\u1ee5 ki\u1ec7n ti\u1ec7n d\u1ee5ng m\u1edf r\u1ed9ng, ho\u00e0n thi\u1ec7n b\u1ed9 SubSat-15 v\u00e0 bi\u1ebfn n\u00f3 tr\u1edf th\u00e0nh m\u1ed9t c\u00f4ng c\u1ee5 PA \u0111a n\u0103ng.<\/p>\n<\/div>\n<p><a href=\"https:\/\/voice-acoustic.vn\/wp-content\/uploads\/2022\/01\/voice-acoustic-subsat-15-set.jpg\"><img loading=\"lazy\" decoding=\"async\" class=\"aligncenter wp-image-1027\" src=\"https:\/\/voice-acoustic.vn\/wp-content\/uploads\/2022\/01\/voice-acoustic-subsat-15-set-300x285.jpg\" alt=\"\" width=\"500\" height=\"475\" srcset=\"https:\/\/voice-acoustic.vn\/wp-content\/uploads\/2022\/01\/voice-acoustic-subsat-15-set-300x285.jpg 300w, https:\/\/voice-acoustic.vn\/wp-content\/uploads\/2022\/01\/voice-acoustic-subsat-15-set-768x730.jpg 768w, https:\/\/voice-acoustic.vn\/wp-content\/uploads\/2022\/01\/voice-acoustic-subsat-15-set-400x380.jpg 400w, https:\/\/voice-acoustic.vn\/wp-content\/uploads\/2022\/01\/voice-acoustic-subsat-15-set-600x571.jpg 600w, https:\/\/voice-acoustic.vn\/wp-content\/uploads\/2022\/01\/voice-acoustic-subsat-15-set.jpg 918w\" sizes=\"auto, (max-width: 500px) 100vw, 500px\" \/><\/a><\/p>\n<p style=\"text-align: center;\">B\u1ed9 SubSat-15<\/p>\n<\/div>\n","protected":false},"excerpt":{"rendered":"<ul>\n<li>2 x b\u1ed9 khu\u1ebfch \u0111\u1ea1i HDSP-6<\/li>\n<li>2 x m\u00f4-\u0111un-15 bi-amping v\u1edbi v\u1eadn chuy\u1ec3n &amp; che m\u01b0a<\/li>\n<li>4 x Paveosub-118 v\u1edbi b\u1ea3ng \u0111i\u1ec1u khi\u1ec3n b\u00e1nh tr\u01b0\u1edbc c\u00f3 th\u1ec3 th\u00e1o r\u1eddi, v\u1eadn chuy\u1ec3n &amp; che m\u01b0a<\/li>\n<li>2 x thanh M20 v\u1edbi tay quay v\u00e0 \u00bbKh\u00f3a v\u00f2ng\u00ab<\/li>\n<li>4 x k\u1eb9p c\u00e1p<\/li>\n<li>1 x t\u00fai \u0111\u1ef1ng cho 2 x \u0111\u1ebf loa \/ thanh loa<\/li>\n<li>C\u00e1p Speakon 4 x 10 m, 2 x 3 m (4 x 4 qmm)<\/li>\n<\/ul>\n","protected":false},"featured_media":1021,"comment_status":"closed","ping_status":"closed","template":"","meta":{"spay_email":""},"product_cat":[36],"product_tag":[59,58],"class_list":{"0":"post-1020","1":"product","2":"type-product","3":"status-publish","4":"has-post-thumbnail","6":"product_cat-systems","7":"product_tag-subsat-15","8":"product_tag-subsat-15-set","10":"first","11":"instock","12":"shipping-taxable","13":"product-type-simple"},"yoast_head":"<!-- This site is optimized with the Yoast SEO plugin v17.6 - https:\/\/yoast.com\/wordpress\/plugins\/seo\/ -->\n<title>SubSat-15 Set - Voice-Acoustic<\/title>\n<meta name=\"robots\" content=\"index, follow, max-snippet:-1, max-image-preview:large, max-video-preview:-1\" \/>\n<link rel=\"canonical\" href=\"https:\/\/voice-acoustic.vn\/?product=subsat-15-set\" \/>\n<meta property=\"og:locale\" content=\"vi_VN\" \/>\n<meta property=\"og:type\" content=\"article\" \/>\n<meta property=\"og:title\" content=\"SubSat-15 Set - Voice-Acoustic\" \/>\n<meta property=\"og:description\" content=\"2 x b\u1ed9 khu\u1ebfch \u0111\u1ea1i HDSP-6  2 x m\u00f4-\u0111un-15 bi-amping v\u1edbi v\u1eadn chuy\u1ec3n &amp; che m\u01b0a  4 x Paveosub-118 v\u1edbi b\u1ea3ng \u0111i\u1ec1u khi\u1ec3n b\u00e1nh tr\u01b0\u1edbc c\u00f3 th\u1ec3 th\u00e1o r\u1eddi, v\u1eadn chuy\u1ec3n &amp; che m\u01b0a  2 x thanh M20 v\u1edbi tay quay v\u00e0 \u00bbKh\u00f3a v\u00f2ng\u00ab  4 x k\u1eb9p c\u00e1p  1 x t\u00fai \u0111\u1ef1ng cho 2 x \u0111\u1ebf loa \/ thanh loa  C\u00e1p Speakon 4 x 10 m, 2 x 3 m (4 x 4 qmm)\" \/>\n<meta property=\"og:url\" content=\"https:\/\/voice-acoustic.vn\/?product=subsat-15-set\" \/>\n<meta property=\"og:site_name\" content=\"Voice-Acoustic\" \/>\n<meta property=\"article:modified_time\" content=\"2022-02-15T08:46:42+00:00\" \/>\n<meta property=\"og:image\" content=\"https:\/\/voice-acoustic.vn\/wp-content\/uploads\/2022\/01\/voice-acoustic-subsat-15-set-001-scaled.jpg\" \/>\n\t<meta property=\"og:image:width\" content=\"2560\" \/>\n\t<meta property=\"og:image:height\" content=\"2048\" \/>\n<meta name=\"twitter:card\" content=\"summary_large_image\" \/>\n<meta name=\"twitter:label1\" content=\"\u01af\u1edbc t\u00ednh th\u1eddi gian \u0111\u1ecdc\" \/>\n\t<meta name=\"twitter:data1\" content=\"4 ph\u00fat\" \/>\n<script type=\"application\/ld+json\" class=\"yoast-schema-graph\">{\"@context\":\"https:\/\/schema.org\",\"@graph\":[{\"@type\":\"WebSite\",\"@id\":\"https:\/\/voice-acoustic.vn\/#website\",\"url\":\"https:\/\/voice-acoustic.vn\/\",\"name\":\"Voice-Acoustic\",\"description\":\"\",\"potentialAction\":[{\"@type\":\"SearchAction\",\"target\":{\"@type\":\"EntryPoint\",\"urlTemplate\":\"https:\/\/voice-acoustic.vn\/?s={search_term_string}\"},\"query-input\":\"required name=search_term_string\"}],\"inLanguage\":\"vi\"},{\"@type\":\"ImageObject\",\"@id\":\"https:\/\/voice-acoustic.vn\/?product=subsat-15-set#primaryimage\",\"inLanguage\":\"vi\",\"url\":\"https:\/\/voice-acoustic.vn\/wp-content\/uploads\/2022\/01\/voice-acoustic-subsat-15-set-001-scaled.jpg\",\"contentUrl\":\"https:\/\/voice-acoustic.vn\/wp-content\/uploads\/2022\/01\/voice-acoustic-subsat-15-set-001-scaled.jpg\",\"width\":2560,\"height\":2048},{\"@type\":\"WebPage\",\"@id\":\"https:\/\/voice-acoustic.vn\/?product=subsat-15-set#webpage\",\"url\":\"https:\/\/voice-acoustic.vn\/?product=subsat-15-set\",\"name\":\"SubSat-15 Set - Voice-Acoustic\",\"isPartOf\":{\"@id\":\"https:\/\/voice-acoustic.vn\/#website\"},\"primaryImageOfPage\":{\"@id\":\"https:\/\/voice-acoustic.vn\/?product=subsat-15-set#primaryimage\"},\"datePublished\":\"2022-01-10T06:08:10+00:00\",\"dateModified\":\"2022-02-15T08:46:42+00:00\",\"breadcrumb\":{\"@id\":\"https:\/\/voice-acoustic.vn\/?product=subsat-15-set#breadcrumb\"},\"inLanguage\":\"vi\",\"potentialAction\":[{\"@type\":\"ReadAction\",\"target\":[\"https:\/\/voice-acoustic.vn\/?product=subsat-15-set\"]}]},{\"@type\":\"BreadcrumbList\",\"@id\":\"https:\/\/voice-acoustic.vn\/?product=subsat-15-set#breadcrumb\",\"itemListElement\":[{\"@type\":\"ListItem\",\"position\":1,\"name\":\"Trang ch\\u1ee7\",\"item\":\"https:\/\/voice-acoustic.vn\/\"},{\"@type\":\"ListItem\",\"position\":2,\"name\":\"..\",\"item\":\"https:\/\/voice-acoustic.vn\/?page_id=11\"},{\"@type\":\"ListItem\",\"position\":3,\"name\":\"SubSat-15 Set\"}]}]}<\/script>\n<!-- \/ Yoast SEO plugin. -->","yoast_head_json":{"title":"SubSat-15 Set - Voice-Acoustic","robots":{"index":"index","follow":"follow","max-snippet":"max-snippet:-1","max-image-preview":"max-image-preview:large","max-video-preview":"max-video-preview:-1"},"canonical":"https:\/\/voice-acoustic.vn\/?product=subsat-15-set","og_locale":"vi_VN","og_type":"article","og_title":"SubSat-15 Set - Voice-Acoustic","og_description":"2 x b\u1ed9 khu\u1ebfch \u0111\u1ea1i HDSP-6  2 x m\u00f4-\u0111un-15 bi-amping v\u1edbi v\u1eadn chuy\u1ec3n &amp; che m\u01b0a  4 x Paveosub-118 v\u1edbi b\u1ea3ng \u0111i\u1ec1u khi\u1ec3n b\u00e1nh tr\u01b0\u1edbc c\u00f3 th\u1ec3 th\u00e1o r\u1eddi, v\u1eadn chuy\u1ec3n &amp; che m\u01b0a  2 x thanh M20 v\u1edbi tay quay v\u00e0 \u00bbKh\u00f3a v\u00f2ng\u00ab  4 x k\u1eb9p c\u00e1p  1 x t\u00fai \u0111\u1ef1ng cho 2 x \u0111\u1ebf loa \/ thanh loa  C\u00e1p Speakon 4 x 10 m, 2 x 3 m (4 x 4 qmm)","og_url":"https:\/\/voice-acoustic.vn\/?product=subsat-15-set","og_site_name":"Voice-Acoustic","article_modified_time":"2022-02-15T08:46:42+00:00","og_image":[{"width":2560,"height":2048,"url":"https:\/\/voice-acoustic.vn\/wp-content\/uploads\/2022\/01\/voice-acoustic-subsat-15-set-001-scaled.jpg","type":"image\/jpeg"}],"twitter_card":"summary_large_image","twitter_misc":{"\u01af\u1edbc t\u00ednh th\u1eddi gian \u0111\u1ecdc":"4 ph\u00fat"},"schema":{"@context":"https:\/\/schema.org","@graph":[{"@type":"WebSite","@id":"https:\/\/voice-acoustic.vn\/#website","url":"https:\/\/voice-acoustic.vn\/","name":"Voice-Acoustic","description":"","potentialAction":[{"@type":"SearchAction","target":{"@type":"EntryPoint","urlTemplate":"https:\/\/voice-acoustic.vn\/?s={search_term_string}"},"query-input":"required name=search_term_string"}],"inLanguage":"vi"},{"@type":"ImageObject","@id":"https:\/\/voice-acoustic.vn\/?product=subsat-15-set#primaryimage","inLanguage":"vi","url":"https:\/\/voice-acoustic.vn\/wp-content\/uploads\/2022\/01\/voice-acoustic-subsat-15-set-001-scaled.jpg","contentUrl":"https:\/\/voice-acoustic.vn\/wp-content\/uploads\/2022\/01\/voice-acoustic-subsat-15-set-001-scaled.jpg","width":2560,"height":2048},{"@type":"WebPage","@id":"https:\/\/voice-acoustic.vn\/?product=subsat-15-set#webpage","url":"https:\/\/voice-acoustic.vn\/?product=subsat-15-set","name":"SubSat-15 Set - Voice-Acoustic","isPartOf":{"@id":"https:\/\/voice-acoustic.vn\/#website"},"primaryImageOfPage":{"@id":"https:\/\/voice-acoustic.vn\/?product=subsat-15-set#primaryimage"},"datePublished":"2022-01-10T06:08:10+00:00","dateModified":"2022-02-15T08:46:42+00:00","breadcrumb":{"@id":"https:\/\/voice-acoustic.vn\/?product=subsat-15-set#breadcrumb"},"inLanguage":"vi","potentialAction":[{"@type":"ReadAction","target":["https:\/\/voice-acoustic.vn\/?product=subsat-15-set"]}]},{"@type":"BreadcrumbList","@id":"https:\/\/voice-acoustic.vn\/?product=subsat-15-set#breadcrumb","itemListElement":[{"@type":"ListItem","position":1,"name":"Trang ch\u1ee7","item":"https:\/\/voice-acoustic.vn\/"},{"@type":"ListItem","position":2,"name":"..","item":"https:\/\/voice-acoustic.vn\/?page_id=11"},{"@type":"ListItem","position":3,"name":"SubSat-15 Set"}]}]}},"_links":{"self":[{"href":"https:\/\/voice-acoustic.vn\/index.php?rest_route=\/wp\/v2\/product\/1020","targetHints":{"allow":["GET"]}}],"collection":[{"href":"https:\/\/voice-acoustic.vn\/index.php?rest_route=\/wp\/v2\/product"}],"about":[{"href":"https:\/\/voice-acoustic.vn\/index.php?rest_route=\/wp\/v2\/types\/product"}],"replies":[{"embeddable":true,"href":"https:\/\/voice-acoustic.vn\/index.php?rest_route=%2Fwp%2Fv2%2Fcomments&post=1020"}],"wp:featuredmedia":[{"embeddable":true,"href":"https:\/\/voice-acoustic.vn\/index.php?rest_route=\/wp\/v2\/media\/1021"}],"wp:attachment":[{"href":"https:\/\/voice-acoustic.vn\/index.php?rest_route=%2Fwp%2Fv2%2Fmedia&parent=1020"}],"wp:term":[{"taxonomy":"product_cat","embeddable":true,"href":"https:\/\/voice-acoustic.vn\/index.php?rest_route=%2Fwp%2Fv2%2Fproduct_cat&post=1020"},{"taxonomy":"product_tag","embeddable":true,"href":"https:\/\/voice-acoustic.vn\/index.php?rest_route=%2Fwp%2Fv2%2Fproduct_tag&post=1020"}],"curies":[{"name":"wp","href":"https:\/\/api.w.org\/{rel}","templated":true}]}}