{"id":1044,"date":"2022-01-10T14:08:42","date_gmt":"2022-01-10T07:08:42","guid":{"rendered":"https:\/\/voice-acoustic.vn\/?post_type=product&#038;p=1044"},"modified":"2022-02-10T16:21:47","modified_gmt":"2022-02-10T09:21:47","slug":"cxn-16-set","status":"publish","type":"product","link":"https:\/\/voice-acoustic.vn\/?product=cxn-16-set","title":{"rendered":"CXN-16 Set"},"content":{"rendered":"<p>Trong c\u1ea5u h\u00ecnh ti\u00eau chu\u1ea9n, b\u1ed9 CXN-16 bao g\u1ed3m b\u1ed1n b\u1ed9 khu\u1ebfch \u0111\u1ea1i HDSP-6 v\u00e0 8 monitor hi\u1ec7u su\u1ea5t cao CXN-16.<\/p>\n<p>B\u1ed9 khu\u1ebfch \u0111\u1ea1i HDSP-6 l\u00e0 tr\u00e1i tim c\u1ee7a h\u1ec7 th\u1ed1ng Voice-Acoustic. H\u1ec7 th\u1ed1ng l\u00e0 &#8216;Plug and Play&#8217;. C\u1eafm n\u00f3 v\u00e0o v\u00e0 n\u00f3 \u0111\u00e3 s\u1eb5n s\u00e0ng \u0111\u1ec3 s\u1eed d\u1ee5ng. T\u1ea5t c\u1ea3 c\u00e1c th\u00e0nh ph\u1ea7n \u0111\u01b0\u1ee3c kh\u1edbp, \u0111i\u1ec1u ch\u1ec9nh v\u00e0 gi\u1edbi h\u1ea1n th\u00f4ng qua h\u1ec7 th\u1ed1ng qu\u1ea3n l\u00fd loa t\u00edch h\u1ee3p (DSP). \u00c2m thanh \u0111\u01b0\u1ee3c \u0111\u1ed3ng b\u1ed9 h\u00f3a ngay l\u1eadp t\u1ee9c m\u00e0 kh\u00f4ng c\u1ea7n ph\u1ea3i \u0111i\u1ec1u ch\u1ec9nh th\u00eam.<\/p>\n<p>CXN-16 l\u00e0 m\u00e0n h\u00ecnh hi\u1ec7u su\u1ea5t cao bi-amping \u0111a ch\u1ee9c n\u0103ng.\u00a0N\u00f3 c\u00f3 h\u00ecnh d\u1ea1ng tr\u00f2n h\u1ea5p d\u1eabn cho ph\u00e9p n\u00f3 t\u00edch h\u1ee3p d\u1ec5 d\u00e0ng \u1edf m\u1ecdi \u0111\u1ecba \u0111i\u1ec3m m\u1ed9t c\u00e1ch thanh l\u1ecbch v\u00e0 kh\u00f4ng ph\u00f4 tr\u01b0\u01a1ng.\u00a0M\u1ed9t d\u1ea5u \u1ea5n nh\u1ecf v\u00e0 hi\u1ec7u su\u1ea5t v\u01b0\u1ee3t tr\u1ed9i \u0111i \u0111\u00f4i v\u1edbi nhau v\u00e0 \u0111\u1ea3m b\u1ea3o r\u1eb1ng \u0111\u00e2y lu\u00f4n l\u00e0 s\u1ef1 l\u1ef1a ch\u1ecdn ho\u00e0n h\u1ea3o cho d\u00f9 \u0111\u00f3 l\u00e0 s\u00e2n kh\u1ea5u ch\u1eadt h\u1eb9p hay \u0111\u1ecba \u0111i\u1ec3m l\u1edbn nh\u1ea5t.\u00a0CXN-16 c\u00f3 t\u1ef7 l\u1ec7 k\u00edch th\u01b0\u1edbc-tr\u1ecdng l\u01b0\u1ee3ng-c\u00f4ng su\u1ea5t t\u1ed1t nh\u1ea5t th\u1ebf gi\u1edbi: 540 x 540 x 360 mm, 26 kg, 1.000 W AES, \u0110\u1ed9 nh\u1ea1y 101 db.<\/p>\n<p>4 x 8 &#8220;b\u1eb1ng 16&#8221; v\u00e0 v\u01b0\u1ee3t qua kh\u1ea3 n\u0103ng c\u1ee7a thi\u1ebft k\u1ebf 15 &#8220;ti\u00eau chu\u1ea9n. B\u1ed1n cu\u1ed9n d\u00e2y \u00e2m tr\u1ea7m 2,5&#8221; ri\u00eang bi\u1ec7t c\u1ed9ng v\u1edbi loa k\u00e8n 3 &#8220;chuy\u00ean d\u1ee5ng cung c\u1ea5p nhi\u1ec1u kh\u00f4ng gian h\u01a1n \u0111\u1ec3 t\u1ea3n nhi\u1ec7t v\u00e0 gi\u1ea3m n\u00e9n c\u00f4ng su\u1ea5t. B\u1ed9 khu\u1ebfch \u0111\u1ea1i \u0111\u01b0\u1ee3c s\u1eed d\u1ee5ng hi\u1ec7u qu\u1ea3 h\u01a1n.<\/p>\n<p>M\u1eb7t l\u01b0\u1edbi ch\u1eafc ch\u1eafn \u0111\u01b0\u1ee3c l\u00e0m t\u1eeb th\u00e9p 2 mm v\u00e0 c\u00f3 h\u00ecnh d\u1ea1ng cong \u0111\u01b0\u1ee3c gia c\u1ed1 b\u1eb1ng c\u00e1c thanh gi\u1eb1ng h\u00e0n \u1edf m\u1ed7i b\u00ean v\u00e0 h\u1ed7 tr\u1ee3 b\u1ed5 sung \u1edf gi\u1eefa tr\u00ean \u0111\u1ec9nh c\u00f2i. T\u1ea5t nhi\u00ean \u0111\u00f3 l\u00e0 vi\u1ec7c l\u00e0m kh\u00f3. M\u1ed9t \u0111\u01b0\u1eddng h\u1ea7m nh\u1ecf \u1edf ph\u00eda d\u01b0\u1edbi cho ph\u00e9p \u0111i d\u00e2y c\u00e1p qua b\u00ean d\u01b0\u1edbi. \u1ed4 c\u1eafm c\u1ed9t nghi\u00eang, c\u01a1 ch\u1ebf Easyfly ph\u1ed5 bi\u1ebfn v\u00e0 r\u00e3nh bay cho c\u00e1p an to\u00e0n khi\u1ebfn CXN-16 tr\u1edf th\u00e0nh m\u1ed9t c\u00f4ng c\u1ee5 \u0111a ch\u1ee9c n\u0103ng d\u00e0nh cho c\u00e1c chuy\u00ean gia.<\/p>\n<p>&nbsp;<\/p>\n<p><a href=\"https:\/\/voice-acoustic.vn\/wp-content\/uploads\/2022\/01\/voice-acoustic-cxn-16-set.jpg\"><img loading=\"lazy\" decoding=\"async\" class=\"wp-image-1045 aligncenter\" src=\"https:\/\/voice-acoustic.vn\/wp-content\/uploads\/2022\/01\/voice-acoustic-cxn-16-set-300x234.jpg\" alt=\"\" width=\"574\" height=\"448\" srcset=\"https:\/\/voice-acoustic.vn\/wp-content\/uploads\/2022\/01\/voice-acoustic-cxn-16-set-300x234.jpg 300w, https:\/\/voice-acoustic.vn\/wp-content\/uploads\/2022\/01\/voice-acoustic-cxn-16-set-1024x799.jpg 1024w, https:\/\/voice-acoustic.vn\/wp-content\/uploads\/2022\/01\/voice-acoustic-cxn-16-set-768x599.jpg 768w, https:\/\/voice-acoustic.vn\/wp-content\/uploads\/2022\/01\/voice-acoustic-cxn-16-set-400x312.jpg 400w, https:\/\/voice-acoustic.vn\/wp-content\/uploads\/2022\/01\/voice-acoustic-cxn-16-set-600x468.jpg 600w, https:\/\/voice-acoustic.vn\/wp-content\/uploads\/2022\/01\/voice-acoustic-cxn-16-set.jpg 1057w\" sizes=\"auto, (max-width: 574px) 100vw, 574px\" \/><\/a><\/p>\n","protected":false},"excerpt":{"rendered":"<ul>\n<li>4 x b\u1ed9 khu\u1ebfch \u0111\u1ea1i HDSP-6<\/li>\n<li>8 x CXN-16<\/li>\n<\/ul>\n","protected":false},"featured_media":1047,"comment_status":"closed","ping_status":"closed","template":"","meta":{"spay_email":""},"product_cat":[36],"product_tag":[65,64],"class_list":{"0":"post-1044","1":"product","2":"type-product","3":"status-publish","4":"has-post-thumbnail","6":"product_cat-systems","7":"product_tag-cxn-16","8":"product_tag-cxn-16-set","10":"first","11":"instock","12":"shipping-taxable","13":"product-type-simple"},"yoast_head":"<!-- This site is optimized with the Yoast SEO plugin v17.6 - https:\/\/yoast.com\/wordpress\/plugins\/seo\/ -->\n<title>CXN-16 Set - Voice-Acoustic<\/title>\n<meta name=\"robots\" content=\"index, follow, max-snippet:-1, max-image-preview:large, max-video-preview:-1\" \/>\n<link rel=\"canonical\" href=\"https:\/\/voice-acoustic.vn\/?product=cxn-16-set\" \/>\n<meta property=\"og:locale\" content=\"vi_VN\" \/>\n<meta property=\"og:type\" content=\"article\" \/>\n<meta property=\"og:title\" content=\"CXN-16 Set - Voice-Acoustic\" \/>\n<meta property=\"og:description\" content=\"4 x b\u1ed9 khu\u1ebfch \u0111\u1ea1i HDSP-6  8 x CXN-16\" \/>\n<meta property=\"og:url\" content=\"https:\/\/voice-acoustic.vn\/?product=cxn-16-set\" \/>\n<meta property=\"og:site_name\" content=\"Voice-Acoustic\" \/>\n<meta property=\"article:modified_time\" content=\"2022-02-10T09:21:47+00:00\" \/>\n<meta property=\"og:image\" content=\"https:\/\/voice-acoustic.vn\/wp-content\/uploads\/2022\/01\/voice-acoustic-cxn-16-set-001.jpg\" \/>\n\t<meta property=\"og:image:width\" content=\"1920\" \/>\n\t<meta property=\"og:image:height\" content=\"1536\" \/>\n<meta name=\"twitter:card\" content=\"summary_large_image\" \/>\n<meta name=\"twitter:label1\" content=\"\u01af\u1edbc t\u00ednh th\u1eddi gian \u0111\u1ecdc\" \/>\n\t<meta name=\"twitter:data1\" content=\"2 ph\u00fat\" \/>\n<script type=\"application\/ld+json\" class=\"yoast-schema-graph\">{\"@context\":\"https:\/\/schema.org\",\"@graph\":[{\"@type\":\"WebSite\",\"@id\":\"https:\/\/voice-acoustic.vn\/#website\",\"url\":\"https:\/\/voice-acoustic.vn\/\",\"name\":\"Voice-Acoustic\",\"description\":\"\",\"potentialAction\":[{\"@type\":\"SearchAction\",\"target\":{\"@type\":\"EntryPoint\",\"urlTemplate\":\"https:\/\/voice-acoustic.vn\/?s={search_term_string}\"},\"query-input\":\"required name=search_term_string\"}],\"inLanguage\":\"vi\"},{\"@type\":\"ImageObject\",\"@id\":\"https:\/\/voice-acoustic.vn\/?product=cxn-16-set#primaryimage\",\"inLanguage\":\"vi\",\"url\":\"https:\/\/voice-acoustic.vn\/wp-content\/uploads\/2022\/01\/voice-acoustic-cxn-16-set-001.jpg\",\"contentUrl\":\"https:\/\/voice-acoustic.vn\/wp-content\/uploads\/2022\/01\/voice-acoustic-cxn-16-set-001.jpg\",\"width\":1920,\"height\":1536},{\"@type\":\"WebPage\",\"@id\":\"https:\/\/voice-acoustic.vn\/?product=cxn-16-set#webpage\",\"url\":\"https:\/\/voice-acoustic.vn\/?product=cxn-16-set\",\"name\":\"CXN-16 Set - Voice-Acoustic\",\"isPartOf\":{\"@id\":\"https:\/\/voice-acoustic.vn\/#website\"},\"primaryImageOfPage\":{\"@id\":\"https:\/\/voice-acoustic.vn\/?product=cxn-16-set#primaryimage\"},\"datePublished\":\"2022-01-10T07:08:42+00:00\",\"dateModified\":\"2022-02-10T09:21:47+00:00\",\"breadcrumb\":{\"@id\":\"https:\/\/voice-acoustic.vn\/?product=cxn-16-set#breadcrumb\"},\"inLanguage\":\"vi\",\"potentialAction\":[{\"@type\":\"ReadAction\",\"target\":[\"https:\/\/voice-acoustic.vn\/?product=cxn-16-set\"]}]},{\"@type\":\"BreadcrumbList\",\"@id\":\"https:\/\/voice-acoustic.vn\/?product=cxn-16-set#breadcrumb\",\"itemListElement\":[{\"@type\":\"ListItem\",\"position\":1,\"name\":\"Trang ch\\u1ee7\",\"item\":\"https:\/\/voice-acoustic.vn\/\"},{\"@type\":\"ListItem\",\"position\":2,\"name\":\"..\",\"item\":\"https:\/\/voice-acoustic.vn\/?page_id=11\"},{\"@type\":\"ListItem\",\"position\":3,\"name\":\"CXN-16 Set\"}]}]}<\/script>\n<!-- \/ Yoast SEO plugin. -->","yoast_head_json":{"title":"CXN-16 Set - Voice-Acoustic","robots":{"index":"index","follow":"follow","max-snippet":"max-snippet:-1","max-image-preview":"max-image-preview:large","max-video-preview":"max-video-preview:-1"},"canonical":"https:\/\/voice-acoustic.vn\/?product=cxn-16-set","og_locale":"vi_VN","og_type":"article","og_title":"CXN-16 Set - Voice-Acoustic","og_description":"4 x b\u1ed9 khu\u1ebfch \u0111\u1ea1i HDSP-6  8 x CXN-16","og_url":"https:\/\/voice-acoustic.vn\/?product=cxn-16-set","og_site_name":"Voice-Acoustic","article_modified_time":"2022-02-10T09:21:47+00:00","og_image":[{"width":1920,"height":1536,"url":"https:\/\/voice-acoustic.vn\/wp-content\/uploads\/2022\/01\/voice-acoustic-cxn-16-set-001.jpg","type":"image\/jpeg"}],"twitter_card":"summary_large_image","twitter_misc":{"\u01af\u1edbc t\u00ednh th\u1eddi gian \u0111\u1ecdc":"2 ph\u00fat"},"schema":{"@context":"https:\/\/schema.org","@graph":[{"@type":"WebSite","@id":"https:\/\/voice-acoustic.vn\/#website","url":"https:\/\/voice-acoustic.vn\/","name":"Voice-Acoustic","description":"","potentialAction":[{"@type":"SearchAction","target":{"@type":"EntryPoint","urlTemplate":"https:\/\/voice-acoustic.vn\/?s={search_term_string}"},"query-input":"required name=search_term_string"}],"inLanguage":"vi"},{"@type":"ImageObject","@id":"https:\/\/voice-acoustic.vn\/?product=cxn-16-set#primaryimage","inLanguage":"vi","url":"https:\/\/voice-acoustic.vn\/wp-content\/uploads\/2022\/01\/voice-acoustic-cxn-16-set-001.jpg","contentUrl":"https:\/\/voice-acoustic.vn\/wp-content\/uploads\/2022\/01\/voice-acoustic-cxn-16-set-001.jpg","width":1920,"height":1536},{"@type":"WebPage","@id":"https:\/\/voice-acoustic.vn\/?product=cxn-16-set#webpage","url":"https:\/\/voice-acoustic.vn\/?product=cxn-16-set","name":"CXN-16 Set - Voice-Acoustic","isPartOf":{"@id":"https:\/\/voice-acoustic.vn\/#website"},"primaryImageOfPage":{"@id":"https:\/\/voice-acoustic.vn\/?product=cxn-16-set#primaryimage"},"datePublished":"2022-01-10T07:08:42+00:00","dateModified":"2022-02-10T09:21:47+00:00","breadcrumb":{"@id":"https:\/\/voice-acoustic.vn\/?product=cxn-16-set#breadcrumb"},"inLanguage":"vi","potentialAction":[{"@type":"ReadAction","target":["https:\/\/voice-acoustic.vn\/?product=cxn-16-set"]}]},{"@type":"BreadcrumbList","@id":"https:\/\/voice-acoustic.vn\/?product=cxn-16-set#breadcrumb","itemListElement":[{"@type":"ListItem","position":1,"name":"Trang ch\u1ee7","item":"https:\/\/voice-acoustic.vn\/"},{"@type":"ListItem","position":2,"name":"..","item":"https:\/\/voice-acoustic.vn\/?page_id=11"},{"@type":"ListItem","position":3,"name":"CXN-16 Set"}]}]}},"_links":{"self":[{"href":"https:\/\/voice-acoustic.vn\/index.php?rest_route=\/wp\/v2\/product\/1044","targetHints":{"allow":["GET"]}}],"collection":[{"href":"https:\/\/voice-acoustic.vn\/index.php?rest_route=\/wp\/v2\/product"}],"about":[{"href":"https:\/\/voice-acoustic.vn\/index.php?rest_route=\/wp\/v2\/types\/product"}],"replies":[{"embeddable":true,"href":"https:\/\/voice-acoustic.vn\/index.php?rest_route=%2Fwp%2Fv2%2Fcomments&post=1044"}],"wp:featuredmedia":[{"embeddable":true,"href":"https:\/\/voice-acoustic.vn\/index.php?rest_route=\/wp\/v2\/media\/1047"}],"wp:attachment":[{"href":"https:\/\/voice-acoustic.vn\/index.php?rest_route=%2Fwp%2Fv2%2Fmedia&parent=1044"}],"wp:term":[{"taxonomy":"product_cat","embeddable":true,"href":"https:\/\/voice-acoustic.vn\/index.php?rest_route=%2Fwp%2Fv2%2Fproduct_cat&post=1044"},{"taxonomy":"product_tag","embeddable":true,"href":"https:\/\/voice-acoustic.vn\/index.php?rest_route=%2Fwp%2Fv2%2Fproduct_tag&post=1044"}],"curies":[{"name":"wp","href":"https:\/\/api.w.org\/{rel}","templated":true}]}}