{"id":128,"date":"2021-10-06T06:42:10","date_gmt":"2021-10-06T06:42:10","guid":{"rendered":"https:\/\/voice-acoustic.vn\/?post_type=product&#038;p=128"},"modified":"2022-01-24T19:13:35","modified_gmt":"2022-01-24T12:13:35","slug":"paveosub-112","status":"publish","type":"product","link":"https:\/\/voice-acoustic.vn\/?product=paveosub-112","title":{"rendered":"Paveosub-112"},"content":{"rendered":"<p>Paveosub-112 tr\u1edf kh\u00e1ng 8\u03a9. Paveosub-112 \u0111\u01b0\u1ee3c s\u1eed d\u1ee5ng b\u1edfi m\u1ed9t k\u00eanh (2400W \/ 4\u03a9) c\u1ee7a HDSP-6, tr\u1edf kh\u00e1ng danh \u0111\u1ecbnh HDSP-4 ho\u1eb7c HDSP-3 l\u00e0 4\u03a9.<\/p>\n<p>HDSP<span class=\"active linkout\">-Amplifier<\/span> c\u00f3 c\u00e1c c\u00e0i \u0111\u1eb7t m\u1eb7c \u0111\u1ecbnh \u0111\u1ec3 k\u1ebft h\u1ee3p loa si\u00eau tr\u1ea7m v\u1edbi nhi\u1ec1u model c\u1ee7a Voice-Acoustic. Ngo\u00e0i ra c\u00f2n c\u00f3 c\u00e1c c\u00e0i \u0111\u1eb7t tr\u01b0\u1edbc cho \u1ee9ng d\u1ee5ng cardioid v\u00e0 bass-array. M\u1ed9t HDSP-6 ho\u1eb7c HDSP-4 c\u00f3 th\u1ec3 t\u1ea3i cho b\u1ed1n Paveosub-112, m\u1ed9t HDSP-3 cho hai Paveosub-112.<\/p>\n<p style=\"text-align: center;\"><div class=\"row\"  id=\"row-1801886117\">\n<p style=\"text-align: center;\">\n\t<div id=\"col-1690472243\" class=\"col medium-1\/3 large-4\"  >\n\t\t\t\t<div class=\"col-inner\"  >\n\t\t\t\n\t\t\t\n<a href=\"https:\/\/voice-acoustic.vn\/wp-content\/uploads\/2021\/10\/voice-acoustic-paveosub-112-ansteuerung-ueber-hdsp-3.jpg\"><img loading=\"lazy\" decoding=\"async\" class=\" wp-image-745\" src=\"https:\/\/voice-acoustic.vn\/wp-content\/uploads\/2021\/10\/voice-acoustic-paveosub-112-ansteuerung-ueber-hdsp-3-300x80.jpg\" alt=\"\" width=\"338\" height=\"90\" srcset=\"https:\/\/voice-acoustic.vn\/wp-content\/uploads\/2021\/10\/voice-acoustic-paveosub-112-ansteuerung-ueber-hdsp-3-300x80.jpg 300w, https:\/\/voice-acoustic.vn\/wp-content\/uploads\/2021\/10\/voice-acoustic-paveosub-112-ansteuerung-ueber-hdsp-3-768x205.jpg 768w, https:\/\/voice-acoustic.vn\/wp-content\/uploads\/2021\/10\/voice-acoustic-paveosub-112-ansteuerung-ueber-hdsp-3-400x107.jpg 400w, https:\/\/voice-acoustic.vn\/wp-content\/uploads\/2021\/10\/voice-acoustic-paveosub-112-ansteuerung-ueber-hdsp-3-600x160.jpg 600w, https:\/\/voice-acoustic.vn\/wp-content\/uploads\/2021\/10\/voice-acoustic-paveosub-112-ansteuerung-ueber-hdsp-3.jpg 778w\" sizes=\"auto, (max-width: 338px) 100vw, 338px\" \/><\/a><\/p>\n<p style=\"text-align: center;\">Paveosub-112 v\u1edbi HDSP-3<\/p>\n<p style=\"text-align: center;\">\t\t<\/div>\n\t\t\t\t\t<\/div>\n\n\t\n<p style=\"text-align: center;\">\n\t<div id=\"col-1590528309\" class=\"col medium-2\/3 large-8\"  >\n\t\t\t\t<div class=\"col-inner\"  >\n\t\t\t\n\t\t\t\n<p style=\"text-align: center;\"><a href=\"https:\/\/voice-acoustic.vn\/wp-content\/uploads\/2021\/10\/voice-acoustic-paveosub-112-ansteuerung-ueber-hdsp-6.jpg\"><img loading=\"lazy\" decoding=\"async\" class=\" wp-image-746 aligncenter\" src=\"https:\/\/voice-acoustic.vn\/wp-content\/uploads\/2021\/10\/voice-acoustic-paveosub-112-ansteuerung-ueber-hdsp-6-300x121.jpg\" alt=\"\" width=\"374\" height=\"151\" srcset=\"https:\/\/voice-acoustic.vn\/wp-content\/uploads\/2021\/10\/voice-acoustic-paveosub-112-ansteuerung-ueber-hdsp-6-300x121.jpg 300w, https:\/\/voice-acoustic.vn\/wp-content\/uploads\/2021\/10\/voice-acoustic-paveosub-112-ansteuerung-ueber-hdsp-6-768x311.jpg 768w, https:\/\/voice-acoustic.vn\/wp-content\/uploads\/2021\/10\/voice-acoustic-paveosub-112-ansteuerung-ueber-hdsp-6-400x162.jpg 400w, https:\/\/voice-acoustic.vn\/wp-content\/uploads\/2021\/10\/voice-acoustic-paveosub-112-ansteuerung-ueber-hdsp-6-600x243.jpg 600w, https:\/\/voice-acoustic.vn\/wp-content\/uploads\/2021\/10\/voice-acoustic-paveosub-112-ansteuerung-ueber-hdsp-6.jpg 803w\" sizes=\"auto, (max-width: 374px) 100vw, 374px\" \/><\/a><\/p>\n<p style=\"text-align: center;\">Paveosub-112 v\u1edbi HDSP-6<\/p>\n<p style=\"text-align: center;\">\t\t<\/div>\n\t\t\t\t\t<\/div>\n\n\t\n<p style=\"text-align: center;\"><\/div>\n\n  <div class=\"banner has-hover\" id=\"banner-1514401037\">\n          <div class=\"banner-inner fill\">\n        <div class=\"banner-bg fill\" >\n            <div class=\"bg fill bg-fill \"><\/div>\n            \t<div class=\"video-overlay no-click fill\"><\/div>\n\t<div id=\"ytplayer-515\" class=\"ux-youtube fill object-fit hide-for-medium\" data-videoid=\"GyPE21UHyUw\" data-loop=\"1\" data-audio=\"0\"><\/div>\n                        \n                    <\/div>\n        <div class=\"banner-layers container\">\n            <div class=\"fill banner-link\"><\/div>            \n   <div id=\"text-box-768762840\" class=\"text-box banner-layer x50 md-x50 lg-x50 y50 md-y50 lg-y50 res-text\">\n                                <div class=\"text-box-content text dark\">\n              \n              <div class=\"text-inner text-center\">\n                  \n              <\/div>\n           <\/div>\n                            \n<style>\n#text-box-768762840 {\n  width: 60%;\n}\n#text-box-768762840 .text-box-content {\n  font-size: 100%;\n}\n<\/style>\n    <\/div>\n \n        <\/div>\n      <\/div>\n\n            \n<style>\n#banner-1514401037 {\n  padding-top: 500px;\n}\n<\/style>\n  <\/div>\n\n\n<p>&nbsp;<\/p>\n<div class=\"inside\">\n<h2><a href=\"https:\/\/voice-acoustic.vn\/wp-content\/uploads\/2021\/10\/voice-acoustic-paveosub-112-cad-001.jpg\"><img loading=\"lazy\" decoding=\"async\" class=\" wp-image-744 alignright\" src=\"https:\/\/voice-acoustic.vn\/wp-content\/uploads\/2021\/10\/voice-acoustic-paveosub-112-cad-001-300x202.jpg\" alt=\"\" width=\"656\" height=\"441\" srcset=\"https:\/\/voice-acoustic.vn\/wp-content\/uploads\/2021\/10\/voice-acoustic-paveosub-112-cad-001-300x202.jpg 300w, https:\/\/voice-acoustic.vn\/wp-content\/uploads\/2021\/10\/voice-acoustic-paveosub-112-cad-001-1024x690.jpg 1024w, https:\/\/voice-acoustic.vn\/wp-content\/uploads\/2021\/10\/voice-acoustic-paveosub-112-cad-001-768x518.jpg 768w, https:\/\/voice-acoustic.vn\/wp-content\/uploads\/2021\/10\/voice-acoustic-paveosub-112-cad-001-1536x1035.jpg 1536w, https:\/\/voice-acoustic.vn\/wp-content\/uploads\/2021\/10\/voice-acoustic-paveosub-112-cad-001-1320x890.jpg 1320w, https:\/\/voice-acoustic.vn\/wp-content\/uploads\/2021\/10\/voice-acoustic-paveosub-112-cad-001-400x270.jpg 400w, https:\/\/voice-acoustic.vn\/wp-content\/uploads\/2021\/10\/voice-acoustic-paveosub-112-cad-001-600x404.jpg 600w, https:\/\/voice-acoustic.vn\/wp-content\/uploads\/2021\/10\/voice-acoustic-paveosub-112-cad-001.jpg 1920w\" sizes=\"auto, (max-width: 656px) 100vw, 656px\" \/><\/a>Th\u00f4ng s\u1ed1 k\u1ef9 thu\u1eadt<\/h2>\n<\/div>\n<div class=\"rs-columns ce_rs_columns_start\">\n<div class=\"rs-column -large-col-2-1 -large-first -large-first-row -medium-col-2-1 -medium-first -medium-first-row -small-col-1-1 -small-first -small-last -small-first-row\">\n<div class=\"ce_text block\">\n<p><strong>Drivers<\/strong><br \/>\n1 x 12&#8243; Neo, cu\u1ed9n d\u00e2y \u00e2m 4&#8243;<\/p>\n<p><strong>D\u00e3y t\u1ea7n<\/strong><br \/>\n35 Hz (- 10 dB)<br \/>\n41 Hz (- 3 dB)<\/p>\n<p><strong>T\u1ed5ng tr\u1edf<\/strong><br \/>\n8\u2126 active separated<\/p>\n<p><strong>C\u00f4ng su\u1ea5t (AES \/ Program \/ Peak)<\/strong><br \/>\n1000W \/ 2000W \/ 4000W<\/p>\n<p><strong>\u0110\u1ed9 nh\u1ea1y 1W \/ 1m<\/strong><br \/>\n96dB SPL (half space)<\/p>\n<p><strong>C\u01b0\u1eddng \u0111\u1ed9 \u00e1p su\u1ea5t \u00e2m thanh (AES \/ Program \/ Peak)<\/strong><br \/>\n126dB SPL \/ 129dB SPL \/ 132dB SPL<\/p>\n<p><strong>K\u1ebft n\u1ed1i<\/strong><br \/>\n2 x NEUTRIK NL4 IN\/OUT 2+\/-<\/p>\n<p><strong>S\u01a1n ph\u1ee7<\/strong><br \/>\nS\u01a1n ph\u1ee7 Polyurea m\u00e3 s\u1ed1 RAL 9005. <a title=\"More information about special colors!\" href=\"https:\/\/voice-acoustic.de\/service\/special-colours.html\" target=\"_blank\" rel=\"noopener\">M\u00e0u \u0111\u1eb7c bi\u1ec7t<\/a> c\u00f3 th\u1ec3 \u0111\u1eb7t h\u00e0ng v\u00f3i l\u1edbp s\u01a1n Warnex.<\/p>\n<p><strong>K\u00edch th\u01b0\u1edbc \/ tr\u1ecdng l\u01b0\u1ee3ng<\/strong><br \/>\n300 (H) x 520 (W) x 485 mm (D) \/ 23.1 kg<\/p>\n<\/div>\n<\/div>\n<\/div>\n","protected":false},"excerpt":{"rendered":"<ul class=\"ul_style_check\">\n<li>Loa sub nh\u1ecf g\u1ecdn 1 x 12&#8243;<\/li>\n<li>\u00a0subwoofer 12&#8243;, nh\u1ecf g\u1ecdn v\u1edbi chi\u1ec1u cao ch\u1ec9 30 cm<\/li>\n<li>C\u00f3 th\u1ec3 x\u1ebfp ch\u1ed3ng theo chi\u1ec1u ngang v\u00e0 chi\u1ec1u d\u1ecdc<\/li>\n<\/ul>\n","protected":false},"featured_media":127,"comment_status":"closed","ping_status":"closed","template":"","meta":{"spay_email":""},"product_cat":[18],"product_tag":[],"class_list":{"0":"post-128","1":"product","2":"type-product","3":"status-publish","4":"has-post-thumbnail","6":"product_cat-dong-loa-sieu-tram-paveosub","8":"first","9":"instock","10":"shipping-taxable","11":"product-type-simple"},"yoast_head":"<!-- This site is optimized with the Yoast SEO plugin v17.6 - https:\/\/yoast.com\/wordpress\/plugins\/seo\/ -->\n<title>Paveosub-112 - Voice-Acoustic<\/title>\n<meta name=\"robots\" content=\"index, follow, max-snippet:-1, max-image-preview:large, max-video-preview:-1\" \/>\n<link rel=\"canonical\" href=\"https:\/\/voice-acoustic.vn\/?product=paveosub-112\" \/>\n<meta property=\"og:locale\" content=\"vi_VN\" \/>\n<meta property=\"og:type\" content=\"article\" \/>\n<meta property=\"og:title\" content=\"Paveosub-112 - Voice-Acoustic\" \/>\n<meta property=\"og:description\" content=\"Loa sub nh\u1ecf g\u1ecdn 1 x 12&quot;  \u00a0subwoofer 12&quot;, nh\u1ecf g\u1ecdn v\u1edbi chi\u1ec1u cao ch\u1ec9 30 cm  C\u00f3 th\u1ec3 x\u1ebfp ch\u1ed3ng theo chi\u1ec1u ngang v\u00e0 chi\u1ec1u d\u1ecdc\" \/>\n<meta property=\"og:url\" content=\"https:\/\/voice-acoustic.vn\/?product=paveosub-112\" \/>\n<meta property=\"og:site_name\" content=\"Voice-Acoustic\" \/>\n<meta property=\"article:modified_time\" content=\"2022-01-24T12:13:35+00:00\" \/>\n<meta property=\"og:image\" content=\"https:\/\/voice-acoustic.vn\/wp-content\/uploads\/2021\/10\/voice-acoustic-paveosub-112-teaser.png\" \/>\n\t<meta property=\"og:image:width\" content=\"400\" \/>\n\t<meta property=\"og:image:height\" content=\"320\" \/>\n<meta name=\"twitter:card\" content=\"summary_large_image\" \/>\n<meta name=\"twitter:label1\" content=\"\u01af\u1edbc t\u00ednh th\u1eddi gian \u0111\u1ecdc\" \/>\n\t<meta name=\"twitter:data1\" content=\"2 ph\u00fat\" \/>\n<script type=\"application\/ld+json\" class=\"yoast-schema-graph\">{\"@context\":\"https:\/\/schema.org\",\"@graph\":[{\"@type\":\"WebSite\",\"@id\":\"https:\/\/voice-acoustic.vn\/#website\",\"url\":\"https:\/\/voice-acoustic.vn\/\",\"name\":\"Voice-Acoustic\",\"description\":\"\",\"potentialAction\":[{\"@type\":\"SearchAction\",\"target\":{\"@type\":\"EntryPoint\",\"urlTemplate\":\"https:\/\/voice-acoustic.vn\/?s={search_term_string}\"},\"query-input\":\"required name=search_term_string\"}],\"inLanguage\":\"vi\"},{\"@type\":\"ImageObject\",\"@id\":\"https:\/\/voice-acoustic.vn\/?product=paveosub-112#primaryimage\",\"inLanguage\":\"vi\",\"url\":\"https:\/\/voice-acoustic.vn\/wp-content\/uploads\/2021\/10\/voice-acoustic-paveosub-112-teaser.png\",\"contentUrl\":\"https:\/\/voice-acoustic.vn\/wp-content\/uploads\/2021\/10\/voice-acoustic-paveosub-112-teaser.png\",\"width\":400,\"height\":320},{\"@type\":\"WebPage\",\"@id\":\"https:\/\/voice-acoustic.vn\/?product=paveosub-112#webpage\",\"url\":\"https:\/\/voice-acoustic.vn\/?product=paveosub-112\",\"name\":\"Paveosub-112 - Voice-Acoustic\",\"isPartOf\":{\"@id\":\"https:\/\/voice-acoustic.vn\/#website\"},\"primaryImageOfPage\":{\"@id\":\"https:\/\/voice-acoustic.vn\/?product=paveosub-112#primaryimage\"},\"datePublished\":\"2021-10-06T06:42:10+00:00\",\"dateModified\":\"2022-01-24T12:13:35+00:00\",\"breadcrumb\":{\"@id\":\"https:\/\/voice-acoustic.vn\/?product=paveosub-112#breadcrumb\"},\"inLanguage\":\"vi\",\"potentialAction\":[{\"@type\":\"ReadAction\",\"target\":[\"https:\/\/voice-acoustic.vn\/?product=paveosub-112\"]}]},{\"@type\":\"BreadcrumbList\",\"@id\":\"https:\/\/voice-acoustic.vn\/?product=paveosub-112#breadcrumb\",\"itemListElement\":[{\"@type\":\"ListItem\",\"position\":1,\"name\":\"Trang ch\\u1ee7\",\"item\":\"https:\/\/voice-acoustic.vn\/\"},{\"@type\":\"ListItem\",\"position\":2,\"name\":\"..\",\"item\":\"https:\/\/voice-acoustic.vn\/?page_id=11\"},{\"@type\":\"ListItem\",\"position\":3,\"name\":\"Paveosub-112\"}]}]}<\/script>\n<!-- \/ Yoast SEO plugin. -->","yoast_head_json":{"title":"Paveosub-112 - Voice-Acoustic","robots":{"index":"index","follow":"follow","max-snippet":"max-snippet:-1","max-image-preview":"max-image-preview:large","max-video-preview":"max-video-preview:-1"},"canonical":"https:\/\/voice-acoustic.vn\/?product=paveosub-112","og_locale":"vi_VN","og_type":"article","og_title":"Paveosub-112 - Voice-Acoustic","og_description":"Loa sub nh\u1ecf g\u1ecdn 1 x 12\"  \u00a0subwoofer 12\", nh\u1ecf g\u1ecdn v\u1edbi chi\u1ec1u cao ch\u1ec9 30 cm  C\u00f3 th\u1ec3 x\u1ebfp ch\u1ed3ng theo chi\u1ec1u ngang v\u00e0 chi\u1ec1u d\u1ecdc","og_url":"https:\/\/voice-acoustic.vn\/?product=paveosub-112","og_site_name":"Voice-Acoustic","article_modified_time":"2022-01-24T12:13:35+00:00","og_image":[{"width":400,"height":320,"url":"https:\/\/voice-acoustic.vn\/wp-content\/uploads\/2021\/10\/voice-acoustic-paveosub-112-teaser.png","type":"image\/png"}],"twitter_card":"summary_large_image","twitter_misc":{"\u01af\u1edbc t\u00ednh th\u1eddi gian \u0111\u1ecdc":"2 ph\u00fat"},"schema":{"@context":"https:\/\/schema.org","@graph":[{"@type":"WebSite","@id":"https:\/\/voice-acoustic.vn\/#website","url":"https:\/\/voice-acoustic.vn\/","name":"Voice-Acoustic","description":"","potentialAction":[{"@type":"SearchAction","target":{"@type":"EntryPoint","urlTemplate":"https:\/\/voice-acoustic.vn\/?s={search_term_string}"},"query-input":"required name=search_term_string"}],"inLanguage":"vi"},{"@type":"ImageObject","@id":"https:\/\/voice-acoustic.vn\/?product=paveosub-112#primaryimage","inLanguage":"vi","url":"https:\/\/voice-acoustic.vn\/wp-content\/uploads\/2021\/10\/voice-acoustic-paveosub-112-teaser.png","contentUrl":"https:\/\/voice-acoustic.vn\/wp-content\/uploads\/2021\/10\/voice-acoustic-paveosub-112-teaser.png","width":400,"height":320},{"@type":"WebPage","@id":"https:\/\/voice-acoustic.vn\/?product=paveosub-112#webpage","url":"https:\/\/voice-acoustic.vn\/?product=paveosub-112","name":"Paveosub-112 - Voice-Acoustic","isPartOf":{"@id":"https:\/\/voice-acoustic.vn\/#website"},"primaryImageOfPage":{"@id":"https:\/\/voice-acoustic.vn\/?product=paveosub-112#primaryimage"},"datePublished":"2021-10-06T06:42:10+00:00","dateModified":"2022-01-24T12:13:35+00:00","breadcrumb":{"@id":"https:\/\/voice-acoustic.vn\/?product=paveosub-112#breadcrumb"},"inLanguage":"vi","potentialAction":[{"@type":"ReadAction","target":["https:\/\/voice-acoustic.vn\/?product=paveosub-112"]}]},{"@type":"BreadcrumbList","@id":"https:\/\/voice-acoustic.vn\/?product=paveosub-112#breadcrumb","itemListElement":[{"@type":"ListItem","position":1,"name":"Trang ch\u1ee7","item":"https:\/\/voice-acoustic.vn\/"},{"@type":"ListItem","position":2,"name":"..","item":"https:\/\/voice-acoustic.vn\/?page_id=11"},{"@type":"ListItem","position":3,"name":"Paveosub-112"}]}]}},"_links":{"self":[{"href":"https:\/\/voice-acoustic.vn\/index.php?rest_route=\/wp\/v2\/product\/128","targetHints":{"allow":["GET"]}}],"collection":[{"href":"https:\/\/voice-acoustic.vn\/index.php?rest_route=\/wp\/v2\/product"}],"about":[{"href":"https:\/\/voice-acoustic.vn\/index.php?rest_route=\/wp\/v2\/types\/product"}],"replies":[{"embeddable":true,"href":"https:\/\/voice-acoustic.vn\/index.php?rest_route=%2Fwp%2Fv2%2Fcomments&post=128"}],"wp:featuredmedia":[{"embeddable":true,"href":"https:\/\/voice-acoustic.vn\/index.php?rest_route=\/wp\/v2\/media\/127"}],"wp:attachment":[{"href":"https:\/\/voice-acoustic.vn\/index.php?rest_route=%2Fwp%2Fv2%2Fmedia&parent=128"}],"wp:term":[{"taxonomy":"product_cat","embeddable":true,"href":"https:\/\/voice-acoustic.vn\/index.php?rest_route=%2Fwp%2Fv2%2Fproduct_cat&post=128"},{"taxonomy":"product_tag","embeddable":true,"href":"https:\/\/voice-acoustic.vn\/index.php?rest_route=%2Fwp%2Fv2%2Fproduct_tag&post=128"}],"curies":[{"name":"wp","href":"https:\/\/api.w.org\/{rel}","templated":true}]}}