{"id":133,"date":"2021-10-06T07:50:48","date_gmt":"2021-10-06T07:50:48","guid":{"rendered":"https:\/\/voice-acoustic.vn\/?post_type=product&#038;p=133"},"modified":"2022-01-27T11:11:52","modified_gmt":"2022-01-27T04:11:52","slug":"paveosub-218sp","status":"publish","type":"product","link":"https:\/\/voice-acoustic.vn\/?product=paveosub-218sp","title":{"rendered":"Paveosub-218sp"},"content":{"rendered":"<div class=\"inside\" style=\"text-align: left;\">\n<div class=\"row\"  id=\"row-1328081318\">\n\t<div id=\"col-1861311258\" class=\"col medium-2\/4 large-6\"  >\n\t\t\t\t<div class=\"col-inner\"  >\n\t\t\t\n\t\t\t\n<h2 style=\"text-align: left;\">Th\u00f4ng s\u1ed1 k\u1ef9 thu\u1eadt<\/h2>\n<div class=\"is-divider divider clearfix\" ><\/div>\n<p style=\"text-align: left;\"><strong>C\u1ee7 loa b\u00e2ss<\/strong><br \/>\n2 x 18&#8243; Neodym, cu\u1ed9n d\u00e2y \u00e2m 4&#8243;<\/p>\n<p style=\"text-align: left;\"><strong>Lower cut-off frequency<\/strong><br \/>\n32 Hz (- 10 dB)<br \/>\n36 Hz (- 3 dB)<\/p>\n<p style=\"text-align: left;\"><strong>T\u1ed5ng tr\u1edf<\/strong><br \/>\n4\u2126 active separated<\/p>\n<p style=\"text-align: left;\"><strong>C\u00f4ng su\u1ea5t (AES \/ Program \/ Peak)<\/strong><br \/>\n2400W \/ 4800W \/ 9600W<\/p>\n<p style=\"text-align: left;\"><strong>\u0110\u1ed9 nh\u1ea1y 1 W\/1 m<\/strong><br \/>\n102.5dB SPL (half space)<\/p>\n<p style=\"text-align: left;\"><strong>C\u01b0\u1eddng \u0111\u1ed9 \u00e1p su\u1ea5t \u00e2m thanh (AES \/ Program \/ Peak)<\/strong><br \/>\n136dB SPL \/ 139dB SPL \/ 142dB SPL<\/p>\n<p style=\"text-align: left;\"><strong>K\u1ebft n\u1ed1i<\/strong><br \/>\n2 x NEUTRIK NL4 IN\/OUT 2+\/-<\/p>\n<p style=\"text-align: left;\"><strong>S\u01a1n ph\u1ee7<\/strong><br \/>\nS\u01a1n ph\u1ee7 Polyurea m\u00e3 s\u1ed1 RAL 9005<\/p>\n<p style=\"text-align: left;\"><strong>K\u00edch th\u01b0\u1edbc \/ tr\u1ecdng l\u01b0\u1ee3ng<\/strong><br \/>\n600 (H) x 1.160 (W) x 770 mm (D) \/ 85.2 kg<\/p>\n\t\t<\/div>\n\t\t\t\t\t<\/div>\n\n\t\n\n\t<div id=\"col-1104378769\" class=\"col medium-1\/4 large-3\"  >\n\t\t\t\t<div class=\"col-inner\"  >\n\t\t\t\n\t\t\t\n<div id=\"ui-id-1\" class=\"toggler ui-accordion-header ui-corner-top ui-state-default ui-accordion-icons ui-accordion-header-active ui-state-active active ui-state-hover ui-state-focus\" tabindex=\"0\" role=\"tab\" aria-controls=\"ui-id-2\" aria-selected=\"true\" aria-expanded=\"true\"><span style=\"color: #ed1c24;\"><strong>\u00a0T\u00edch h\u1ee3p Modul khu\u1ebfch \u0111\u1ea1i 3CH<\/strong><\/span><\/div>\n<div class=\"is-divider divider clearfix\" ><\/div>\n<p><strong style=\"font-size: 14.4px;\">Ampli t\u00edch h\u1ee3p 3-CH<\/strong><\/p>\n<div class=\"ce_text block\">\n<p>Th\u1ebf h\u1ec7 3 Class D<\/p>\n<p><strong>C\u00f4ng su\u1ea5t CH1<br \/>\n<\/strong>2400W \/ 4\u2126, 1580W \/ 8\u2126<\/p>\n<p><strong>C\u00f4ng su\u1ea5t CH2 &amp; CH3<br \/>\n<\/strong>800W \/ 4\u2126, 450W \/ 8\u2126, 200W \/ 16\u2126<\/p>\n<p><strong>Ampli gain<br \/>\n<\/strong>LF: 32dB, HF: 26dB<\/p>\n<p><strong>H\u1ec7 s\u1ed1 Signal-to-noise ratio<br \/>\n<\/strong>&gt;120 db (20 &#8211; 20.000 Hz, 8 \u2126)<\/p>\n<p><strong>H\u1ec7 s\u1ed1 Damping factor<br \/>\n<\/strong>&gt;1.000 (8 \u2126, 1 kHz)<\/p>\n<p><strong>H\u1ec7 s\u1ed1 Distortion<br \/>\n<\/strong>THD+N &lt; 0,05 % (20 &#8211; 20.000 Hz, 8 \u2126)<\/p>\n<p><strong>T\u00ednh n\u0103ng b\u1ea3o v\u1ec7<br \/>\n<\/strong>Gi\u1edbi h\u1ea1n d\u00f2ng \u0111i\u1ec7n kh\u1edfi \u0111\u1ed9ng<br \/>\nB\u1ea3o v\u1ec7 m\u1ea1ch \u0111i\u1ec7n t\u1eaft v\u00e0 m\u1edf chuy\u1ec3n ti\u1ebfp<br \/>\nB\u1ea3o v\u1ec7 \u0111i\u1ec7p \u00e1p cao h\u01a1n v\u00e0 th\u1ea5p h\u01a1n<br \/>\nB\u1ea3o v\u1ec7 d\u00f2ng \u0111i\u1ec7n DC c\u1ed5ng ra<br \/>\nGi\u1edbi h\u1ea1n t\u00edn hi\u1ec7u \u0111\u1ea7u v\u00e0o, t\u00edn hi\u1ec7u \u0111\u1ec9nh<br \/>\nKi\u1ec3m so\u00e1t b\u1ed9 t\u1ea3n nhi\u1ec7u v\u00e0 t\u1ee5 b\u00e1n d\u1eabn<\/p>\n<p><strong>\u0110i\u1ec7n \u00e1p<\/strong><br \/>\nNgu\u1ed3n \u0111i\u1ec7n chuy\u1ec3n m\u1ea1ch th\u00f4ng minh, \u0111\u01b0\u1ee3c \u0111i\u1ec1u ch\u1ec9nh v\u1edbi t\u00ednh n\u0103ng ph\u00e1t hi\u1ec7n \u0111i\u1ec7n \u00e1p t\u1ef1 \u0111\u1ed9ng<br \/>\nChuy\u1ec3n \u0111\u1ed5i gi\u1eefa 120\/230V 50\/60 Hz, s\u1eed d\u1ee5ng to\u00e0n c\u1ea7u<br \/>\nBi\u00ean \u0111\u1ed9 \u0111i\u1ec7n \u00e1p: 85 &#8211; 268V<\/p>\n<\/div>\n\t\t<\/div>\n\t\t\t\t\t<\/div>\n\n\t\n\n\t<div id=\"col-689538083\" class=\"col medium-1\/4 large-3\"  >\n\t\t\t\t<div class=\"col-inner\"  >\n\t\t\t\n\t\t\t\n<div id=\"ui-id-3\" class=\"toggler ui-accordion-header ui-corner-top ui-state-default ui-accordion-icons ui-accordion-header-active ui-state-active active ui-state-hover ui-state-focus\" tabindex=\"0\" role=\"tab\" aria-controls=\"ui-id-4\" aria-selected=\"true\" aria-expanded=\"true\"><span style=\"color: #ed1c24;\"><strong>H\u1ec7 th\u1ed1ng qu\u1ea3n l\u00fd loa DSP t\u00edch h\u1ee3p<\/strong><\/span><\/div>\n<div tabindex=\"0\" role=\"tab\" aria-controls=\"ui-id-4\" aria-selected=\"true\" aria-expanded=\"true\"><\/div>\n<div class=\"is-divider divider clearfix\" ><\/div>\n<p><strong style=\"font-size: 14.4px;\">B\u1ed9 x\u1eed l\u00fd<\/strong><\/p>\n<p>T\u1ed1c \u0111\u1ed9 x\u1eed l\u00fd 64 bit, 96 kHz<\/p>\n<div class=\"ce_text block\">\n<p><strong>Ph\u1ea7n m\u1ec1m v\u1eadn h\u00e0nh<br \/>\n<\/strong>L\u00ean t\u1edbi 128 loa t\u00edch h\u1ee3p c\u00f4ng su\u1ea5t v\u00e0 ampli HDSP trong c\u00f9ng m\u1ed9t m\u1ea1ng \u0111i\u1ec1u h\u00e0nh<\/p>\n<p><strong>C\u1ed5ng v\u00e0o Dynamic<br \/>\n<\/strong>120dB<\/p>\n<p><strong>M\u1ee9c \u0111\u1ed9 c\u1ed5ng v\u00e0o Nominal \/ Maximal<br \/>\n<\/strong>+ 6 dBu \/ + 23 db<\/p>\n<p><strong>\u0110\u1ed9 tr\u1ec5\u00a0 \u00a0 \u00a0 \u00a0 \u00a0 \u00a0 \u00a0 \u00a0 \u00a0 \u00a0 \u00a0 \u00a0 \u00a0 \u00a0 \u00a0 \u00a0 \u00a0 \u00a0 \u00a0 \u00a0 \u00a0 \u00a0 \u00a0 \u00a0 \u00a0 \u00a0 \u00a0 \u00a0 \u00a0 \u00a0 \u00a0 \u00a0 \u00a0 \u00a0 \u00a0 \u00a0 \u00a0 \u00a0 \u00a0 \u00a0 \u00a0 \u00a0 \u00a0 \u00a0 \u00a0 \u00a0 \u00a0 \u00a0 \u00a0 \u00a0 \u00a0 \u00a0 \u00a0 \u00a0 \u00a0 \u00a0 \u00a0 \u00a0 \u00a0 \u00a0 \u00a0 \u00a0 \u00a0 \u00a0 \u00a0 \u00a0 \u00a0 \u00a0 \u00a0 \u00a0 \u00a0 \u00a0 \u00a0 \u00a0 \u00a0 \u00a0 \u00a0 \u00a0 \u00a0 \u00a0 \u00a0 \u00a0 \u00a0 \u00a0 \u00a0 \u00a0 \u00a0 \u00a0 \u00a0 \u00a0 \u00a0 \u00a0 \u00a0 \u00a0 \u00a0 \u00a0 \u00a0 \u00a0 \u00a0 \u00a0 \u00a0 \u00a0 \u00a0 \u00a0 \u00a0 \u00a0 \u00a0 \u00a0 \u00a0 \u00a0 \u00a0 \u00a0 \u00a0 \u00a0 \u00a0 \u00a0 \u00a0 \u00a0 \u00a0<\/strong>0 &#8211; max. 0.5 ms<\/p>\n<p><strong>K\u1ebft n\u1ed1i (Routing)<br \/>\n<\/strong>Cho ph\u00e9p 2 t\u00edn hi\u1ec7u c\u1ed5ng v\u00e0o (input) mixers k\u1ebft n\u1ed1i v\u00e0o m\u1ed7i c\u1ed5ng ra (output)<\/p>\n<p><strong>B\u1ed9 l\u1ecdc (EQ Filter)<br \/>\n<\/strong>20 parametric EQ filters m\u1ed7i k\u00eanh<br \/>\nM\u1ed7i b\u1ed9 l\u1ecdc c\u00f3 th\u1ec3 c\u00e0i \u0111\u1eb7t Bell, Shelving, Notch, ho\u1eb7c Allpass<\/p>\n<p><strong>Ph\u00e2n t\u1ea7n (X-Over)<br \/>\n<\/strong>Butterworth, Bessel, Linkwitz-Riley<\/p>\n<p><strong>B\u1ed9 gi\u1edbi han (Limiter)<br \/>\n<\/strong>M\u1ed7i c\u1ed5ng v\u00e0o v\u00e0 c\u1ed5ng ra<\/p>\n<p><strong>B\u1ed9 Delay<br \/>\n<\/strong>0 cho t\u1edbi 800ms (t\u1ed1i \u0111a 275m delay) t\u1ea1i m\u1ed7i k\u00eanh c\u1ed5ng v\u00e0o<br \/>\n0 cho t\u1edbi 17ms (t\u1ed1i \u0111a 6m delay) t\u1ea1i m\u1ed7i k\u00eanh c\u1ed5ng ra \u0111\u1ec3 c\u00e2n b\u1eb1ng th\u1eddi gian<\/p>\n<p><strong>Pha<br \/>\n<\/strong>Infinitely adjustable from 0\u00b0 &#8211; 180\u00b0<\/p>\n<p><strong>Ng\u00f4n ng\u1eef<br \/>\n<\/strong>Anh, \u0110\u1ee9c, Ph\u00e1p, T\u00e2y Ban Nha<\/p>\n<p><strong>Giao di\u1ec7n ph\u1ea7n m\u1ec1m<br \/>\n<\/strong>C\u1eadp nh\u1eadt ph\u1ea7n m\u1ec1m qua Ethernet<\/p>\n<\/div>\n\t\t<\/div>\n\t\t\t\t\t<\/div>\n\n\t\n<\/div>\n<p>&nbsp;<\/p>\n<\/div>\n","protected":false},"excerpt":{"rendered":"<ul class=\"ul_style_check\">\n<li>Phi\u00ean b\u1ea3n t\u00edch h\u1ee3p c\u00f4ng su\u1ea5t, loa si\u00eau tr\u1ea7m bassreflex 2 x 18&#8243;<\/li>\n<li>B\u1ed9 khu\u1ebfch \u0111\u1ea1i 3 k\u00eanh 4 kW: 1 x 2400W + 2 x 800W \/ 4\u03a9<\/li>\n<li>\u0110i\u1ec1u khi\u1ec3n b\u1eb1ng tay th\u00f4ng qua m\u00e0n h\u00ecnh, n\u00fat nh\u1ea5n v\u00e0 b\u1ed9 m\u00e3 h\u00f3a<\/li>\n<li>\u0110i\u1ec1u khi\u1ec3n ph\u1ea7n m\u1ec1m qua giao di\u1ec7n USB ho\u1eb7c Ethernet<\/li>\n<li>c\u00f3 80 ch\u01b0\u01a1ng tr\u00ecnh c\u00e0i \u0111\u1eb7t s\u1eb5n b\u00ean trong<\/li>\n<li>S\u01a1n ph\u1ee7 polyurea, m\u00e0u RAL t\u00f9y ch\u1ecdn (s\u01a1n h\u1ecda ti\u1ebft Warnex)<\/li>\n<li>1 x 6 m Schuko \/ c\u00e1p powerCON TRUE1-TOP<\/li>\n<\/ul>\n","protected":false},"featured_media":134,"comment_status":"closed","ping_status":"closed","template":"","meta":{"spay_email":""},"product_cat":[18],"product_tag":[],"class_list":{"0":"post-133","1":"product","2":"type-product","3":"status-publish","4":"has-post-thumbnail","6":"product_cat-dong-loa-sieu-tram-paveosub","8":"first","9":"instock","10":"shipping-taxable","11":"product-type-simple"},"yoast_head":"<!-- This site is optimized with the Yoast SEO plugin v17.6 - https:\/\/yoast.com\/wordpress\/plugins\/seo\/ -->\n<title>Paveosub-218sp - Voice-Acoustic<\/title>\n<meta name=\"robots\" content=\"index, follow, max-snippet:-1, max-image-preview:large, max-video-preview:-1\" \/>\n<link rel=\"canonical\" href=\"https:\/\/voice-acoustic.vn\/?product=paveosub-218sp\" \/>\n<meta property=\"og:locale\" content=\"vi_VN\" \/>\n<meta property=\"og:type\" content=\"article\" \/>\n<meta property=\"og:title\" content=\"Paveosub-218sp - Voice-Acoustic\" \/>\n<meta property=\"og:description\" content=\"Phi\u00ean b\u1ea3n t\u00edch h\u1ee3p c\u00f4ng su\u1ea5t, loa si\u00eau tr\u1ea7m bassreflex 2 x 18&quot;  B\u1ed9 khu\u1ebfch \u0111\u1ea1i 3 k\u00eanh 4 kW: 1 x 2400W + 2 x 800W \/ 4\u03a9  \u0110i\u1ec1u khi\u1ec3n b\u1eb1ng tay th\u00f4ng qua m\u00e0n h\u00ecnh, n\u00fat nh\u1ea5n v\u00e0 b\u1ed9 m\u00e3 h\u00f3a  \u0110i\u1ec1u khi\u1ec3n ph\u1ea7n m\u1ec1m qua giao di\u1ec7n USB ho\u1eb7c Ethernet  c\u00f3 80 ch\u01b0\u01a1ng tr\u00ecnh c\u00e0i \u0111\u1eb7t s\u1eb5n b\u00ean trong  S\u01a1n ph\u1ee7 polyurea, m\u00e0u RAL t\u00f9y ch\u1ecdn (s\u01a1n h\u1ecda ti\u1ebft Warnex)  1 x 6 m Schuko \/ c\u00e1p powerCON TRUE1-TOP\" \/>\n<meta property=\"og:url\" content=\"https:\/\/voice-acoustic.vn\/?product=paveosub-218sp\" \/>\n<meta property=\"og:site_name\" content=\"Voice-Acoustic\" \/>\n<meta property=\"article:modified_time\" content=\"2022-01-27T04:11:52+00:00\" \/>\n<meta property=\"og:image\" content=\"https:\/\/voice-acoustic.vn\/wp-content\/uploads\/2021\/10\/voice-acoustic-paveosub-218sp-teaser.png\" \/>\n\t<meta property=\"og:image:width\" content=\"400\" \/>\n\t<meta property=\"og:image:height\" content=\"320\" \/>\n<meta name=\"twitter:card\" content=\"summary_large_image\" \/>\n<meta name=\"twitter:label1\" content=\"\u01af\u1edbc t\u00ednh th\u1eddi gian \u0111\u1ecdc\" \/>\n\t<meta name=\"twitter:data1\" content=\"3 ph\u00fat\" \/>\n<script type=\"application\/ld+json\" class=\"yoast-schema-graph\">{\"@context\":\"https:\/\/schema.org\",\"@graph\":[{\"@type\":\"WebSite\",\"@id\":\"https:\/\/voice-acoustic.vn\/#website\",\"url\":\"https:\/\/voice-acoustic.vn\/\",\"name\":\"Voice-Acoustic\",\"description\":\"\",\"potentialAction\":[{\"@type\":\"SearchAction\",\"target\":{\"@type\":\"EntryPoint\",\"urlTemplate\":\"https:\/\/voice-acoustic.vn\/?s={search_term_string}\"},\"query-input\":\"required name=search_term_string\"}],\"inLanguage\":\"vi\"},{\"@type\":\"ImageObject\",\"@id\":\"https:\/\/voice-acoustic.vn\/?product=paveosub-218sp#primaryimage\",\"inLanguage\":\"vi\",\"url\":\"https:\/\/voice-acoustic.vn\/wp-content\/uploads\/2021\/10\/voice-acoustic-paveosub-218sp-teaser.png\",\"contentUrl\":\"https:\/\/voice-acoustic.vn\/wp-content\/uploads\/2021\/10\/voice-acoustic-paveosub-218sp-teaser.png\",\"width\":400,\"height\":320},{\"@type\":\"WebPage\",\"@id\":\"https:\/\/voice-acoustic.vn\/?product=paveosub-218sp#webpage\",\"url\":\"https:\/\/voice-acoustic.vn\/?product=paveosub-218sp\",\"name\":\"Paveosub-218sp - Voice-Acoustic\",\"isPartOf\":{\"@id\":\"https:\/\/voice-acoustic.vn\/#website\"},\"primaryImageOfPage\":{\"@id\":\"https:\/\/voice-acoustic.vn\/?product=paveosub-218sp#primaryimage\"},\"datePublished\":\"2021-10-06T07:50:48+00:00\",\"dateModified\":\"2022-01-27T04:11:52+00:00\",\"breadcrumb\":{\"@id\":\"https:\/\/voice-acoustic.vn\/?product=paveosub-218sp#breadcrumb\"},\"inLanguage\":\"vi\",\"potentialAction\":[{\"@type\":\"ReadAction\",\"target\":[\"https:\/\/voice-acoustic.vn\/?product=paveosub-218sp\"]}]},{\"@type\":\"BreadcrumbList\",\"@id\":\"https:\/\/voice-acoustic.vn\/?product=paveosub-218sp#breadcrumb\",\"itemListElement\":[{\"@type\":\"ListItem\",\"position\":1,\"name\":\"Trang ch\\u1ee7\",\"item\":\"https:\/\/voice-acoustic.vn\/\"},{\"@type\":\"ListItem\",\"position\":2,\"name\":\"..\",\"item\":\"https:\/\/voice-acoustic.vn\/?page_id=11\"},{\"@type\":\"ListItem\",\"position\":3,\"name\":\"Paveosub-218sp\"}]}]}<\/script>\n<!-- \/ Yoast SEO plugin. -->","yoast_head_json":{"title":"Paveosub-218sp - Voice-Acoustic","robots":{"index":"index","follow":"follow","max-snippet":"max-snippet:-1","max-image-preview":"max-image-preview:large","max-video-preview":"max-video-preview:-1"},"canonical":"https:\/\/voice-acoustic.vn\/?product=paveosub-218sp","og_locale":"vi_VN","og_type":"article","og_title":"Paveosub-218sp - Voice-Acoustic","og_description":"Phi\u00ean b\u1ea3n t\u00edch h\u1ee3p c\u00f4ng su\u1ea5t, loa si\u00eau tr\u1ea7m bassreflex 2 x 18\"  B\u1ed9 khu\u1ebfch \u0111\u1ea1i 3 k\u00eanh 4 kW: 1 x 2400W + 2 x 800W \/ 4\u03a9  \u0110i\u1ec1u khi\u1ec3n b\u1eb1ng tay th\u00f4ng qua m\u00e0n h\u00ecnh, n\u00fat nh\u1ea5n v\u00e0 b\u1ed9 m\u00e3 h\u00f3a  \u0110i\u1ec1u khi\u1ec3n ph\u1ea7n m\u1ec1m qua giao di\u1ec7n USB ho\u1eb7c Ethernet  c\u00f3 80 ch\u01b0\u01a1ng tr\u00ecnh c\u00e0i \u0111\u1eb7t s\u1eb5n b\u00ean trong  S\u01a1n ph\u1ee7 polyurea, m\u00e0u RAL t\u00f9y ch\u1ecdn (s\u01a1n h\u1ecda ti\u1ebft Warnex)  1 x 6 m Schuko \/ c\u00e1p powerCON TRUE1-TOP","og_url":"https:\/\/voice-acoustic.vn\/?product=paveosub-218sp","og_site_name":"Voice-Acoustic","article_modified_time":"2022-01-27T04:11:52+00:00","og_image":[{"width":400,"height":320,"url":"https:\/\/voice-acoustic.vn\/wp-content\/uploads\/2021\/10\/voice-acoustic-paveosub-218sp-teaser.png","type":"image\/png"}],"twitter_card":"summary_large_image","twitter_misc":{"\u01af\u1edbc t\u00ednh th\u1eddi gian \u0111\u1ecdc":"3 ph\u00fat"},"schema":{"@context":"https:\/\/schema.org","@graph":[{"@type":"WebSite","@id":"https:\/\/voice-acoustic.vn\/#website","url":"https:\/\/voice-acoustic.vn\/","name":"Voice-Acoustic","description":"","potentialAction":[{"@type":"SearchAction","target":{"@type":"EntryPoint","urlTemplate":"https:\/\/voice-acoustic.vn\/?s={search_term_string}"},"query-input":"required name=search_term_string"}],"inLanguage":"vi"},{"@type":"ImageObject","@id":"https:\/\/voice-acoustic.vn\/?product=paveosub-218sp#primaryimage","inLanguage":"vi","url":"https:\/\/voice-acoustic.vn\/wp-content\/uploads\/2021\/10\/voice-acoustic-paveosub-218sp-teaser.png","contentUrl":"https:\/\/voice-acoustic.vn\/wp-content\/uploads\/2021\/10\/voice-acoustic-paveosub-218sp-teaser.png","width":400,"height":320},{"@type":"WebPage","@id":"https:\/\/voice-acoustic.vn\/?product=paveosub-218sp#webpage","url":"https:\/\/voice-acoustic.vn\/?product=paveosub-218sp","name":"Paveosub-218sp - Voice-Acoustic","isPartOf":{"@id":"https:\/\/voice-acoustic.vn\/#website"},"primaryImageOfPage":{"@id":"https:\/\/voice-acoustic.vn\/?product=paveosub-218sp#primaryimage"},"datePublished":"2021-10-06T07:50:48+00:00","dateModified":"2022-01-27T04:11:52+00:00","breadcrumb":{"@id":"https:\/\/voice-acoustic.vn\/?product=paveosub-218sp#breadcrumb"},"inLanguage":"vi","potentialAction":[{"@type":"ReadAction","target":["https:\/\/voice-acoustic.vn\/?product=paveosub-218sp"]}]},{"@type":"BreadcrumbList","@id":"https:\/\/voice-acoustic.vn\/?product=paveosub-218sp#breadcrumb","itemListElement":[{"@type":"ListItem","position":1,"name":"Trang ch\u1ee7","item":"https:\/\/voice-acoustic.vn\/"},{"@type":"ListItem","position":2,"name":"..","item":"https:\/\/voice-acoustic.vn\/?page_id=11"},{"@type":"ListItem","position":3,"name":"Paveosub-218sp"}]}]}},"_links":{"self":[{"href":"https:\/\/voice-acoustic.vn\/index.php?rest_route=\/wp\/v2\/product\/133","targetHints":{"allow":["GET"]}}],"collection":[{"href":"https:\/\/voice-acoustic.vn\/index.php?rest_route=\/wp\/v2\/product"}],"about":[{"href":"https:\/\/voice-acoustic.vn\/index.php?rest_route=\/wp\/v2\/types\/product"}],"replies":[{"embeddable":true,"href":"https:\/\/voice-acoustic.vn\/index.php?rest_route=%2Fwp%2Fv2%2Fcomments&post=133"}],"wp:featuredmedia":[{"embeddable":true,"href":"https:\/\/voice-acoustic.vn\/index.php?rest_route=\/wp\/v2\/media\/134"}],"wp:attachment":[{"href":"https:\/\/voice-acoustic.vn\/index.php?rest_route=%2Fwp%2Fv2%2Fmedia&parent=133"}],"wp:term":[{"taxonomy":"product_cat","embeddable":true,"href":"https:\/\/voice-acoustic.vn\/index.php?rest_route=%2Fwp%2Fv2%2Fproduct_cat&post=133"},{"taxonomy":"product_tag","embeddable":true,"href":"https:\/\/voice-acoustic.vn\/index.php?rest_route=%2Fwp%2Fv2%2Fproduct_tag&post=133"}],"curies":[{"name":"wp","href":"https:\/\/api.w.org\/{rel}","templated":true}]}}