{"id":315,"date":"2021-10-20T07:08:27","date_gmt":"2021-10-20T07:08:27","guid":{"rendered":"https:\/\/voice-acoustic.vn\/?post_type=product&#038;p=315"},"modified":"2022-01-18T10:04:05","modified_gmt":"2022-01-18T03:04:05","slug":"la-stick-12x4","status":"publish","type":"product","link":"https:\/\/voice-acoustic.vn\/?product=la-stick-12x4","title":{"rendered":"LA-Stick 12&#215;4"},"content":{"rendered":"<div class=\"rs-columns ce_rs_columns_start\">\n<div class=\"rs-column -large-col-2-1 -large-first -large-first-row -medium-col-2-1 -medium-first -medium-first-row -small-col-1-1 -small-first -small-last -small-first-row\">\n<div class=\"ce_text block\">\n<div class=\"rs-column -large-col-2-1 -large-first -large-first-row -medium-col-2-1 -medium-first -medium-first-row -small-col-1-1 -small-first -small-last -small-first-row\">\n<div class=\"ce_text block\">\n<p>Voice-Acoustic LA-Stick l\u00e0 loa line-array thi\u1ebft k\u1ebf v\u1edbi nh\u1eefng y\u00eau c\u1ea7u cao nh\u1ea5t v\u1ec1 ch\u1ea5t l\u01b0\u1ee3ng \u00e2m thanh, t\u00ednh th\u1ea9m m\u1ef9 v\u00e0 ch\u1ee9c n\u0103ng. Th\u00f9ng loa \u0111\u01b0\u1ee3c bo tr\u00f2n \u0111\u1eb9p m\u1eaft v\u00e0 l\u01b0\u1edbi t\u1ea3n nhi\u1ec7t cong ph\u00eda tr\u01b0\u1edbc c\u00f3 l\u1ed7 h\u00ecnh t\u1ed5 ong nh\u1ecf tr\u00f4ng r\u1ea5t thanh l\u1ecbch v\u00e0 c\u0169ng h\u00f2a nh\u1eadp v\u00e0o ki\u1ebfn \u200b\u200btr\u00fac tinh t\u1ebf v\u1ec1 m\u1eb7t th\u1ecb gi\u00e1c..<\/p>\n<p>M\u00e0ng c\u1ee7a c\u1ee7 loa neodymium 4&#8243; nh\u1eb9 \u0111\u01b0\u1ee3c l\u00e0m b\u1eb1ng s\u1ee3i c\u00f4ng ngh\u1ec7 cao kh\u00f4ng th\u1ea5m n\u01b0\u1edbc v\u00e0 c\u00f3 \u0111\u1ed9 c\u1ee9ng cao v\u00e0 tr\u1ecdng l\u01b0\u1ee3ng chuy\u1ec3n \u0111\u1ed9ng r\u1ea5t th\u1ea5p. \u0110i\u1ec1u n\u00e0y ki\u1ebfn t\u1ea1o \u0111\u1ed9 ph\u00e2n gi\u1ea3i t\u1ed1t v\u00e0 t\u00e1i t\u1ea1o \u00e2m thanh t\u1ef1 nhi\u00ean, s\u1eafc th\u00e1i l\u00ean \u0111\u1ebfn t\u1ea7n s\u1ed1 cao nh\u1ea5t.<\/p>\n<\/div>\n<\/div>\n<div class=\"rs-column -large-col-2-1 -large-last -large-first-row -medium-col-2-1 -medium-last -medium-first-row -small-col-1-1 -small-first -small-last\">\n<div class=\"ce_text block\">\n<p>M\u1ee9c \u0111\u1ed9 r\u00f5 r\u00e0ng c\u1ee7a gi\u1ecdng n\u00f3i v\u00e0 m\u1ee9c \u0111\u1ed9 \u0111\u1ea1t \u0111\u01b0\u1ee3c tr\u01b0\u1edbc khi b\u1ecb hi\u1ec7u \u1ee9ng h\u00fa l\u00e0 r\u1ea5t cao. Ngay c\u1ea3 nh\u1eefng ng\u01b0\u1eddi thuy\u1ebft tr\u00ecnh ch\u01b0a qua \u0111\u00e0o t\u1ea1o c\u0169ng c\u00f3 th\u1ec3 \u0111\u1ee9ng v\u1edbi micr\u00f4 r\u1ea5t g\u1ea7n loa m\u00e0 kh\u00f4ng b\u1ecb h\u00fa (feedback).<\/p>\n<p>So v\u1edbi nhi\u1ec1u loa c\u1ed9t kh\u00e1c, v\u1ecf c\u1ee7a LA-Stick \u0111\u01b0\u1ee3c l\u00e0m b\u1eb1ng g\u1ed7 gh\u00e9p thanh b\u1ea1ch d\u01b0\u01a1ng nhi\u1ec1u l\u1edbp, gi\u00fap gi\u1ea3m \u0111\u1ed9 r\u1ec1n c\u1ee7a th\u00f9ng loa. B\u1ec1 m\u1eb7t \u0111\u01b0\u1ee3c b\u1ea3o v\u1ec7 b\u1eb1ng l\u1edbp ph\u1ee7 polyurea ch\u1ed1ng tr\u1ea7y x\u01b0\u1edbc v\u00e0 th\u1eddi ti\u1ebft, gi\u00fap loa ph\u00f9 h\u1ee3p cho c\u00e1c \u1ee9ng d\u1ee5ng trong nh\u00e0 v\u00e0 ngo\u00e0i tr\u1eddi. M\u00e0u RAL \u0111\u1eb7c bi\u1ec7t c\u00f3 s\u1eb5n d\u01b0\u1edbi d\u1ea1ng t\u00f9y ch\u1ecdn.<\/p>\n<p>Thi\u1ebft k\u1ebf v\u1ecf b\u1ecdc, v\u1edbi \u0111\u1ec9nh v\u00e0 \u0111\u00e1y h\u00ecnh thang 8\u00b0, v\u00e0 ph\u1ea7n c\u1ee9ng s\u00e1ng t\u1ea1o cho ph\u00e9p t\u1ea5t c\u1ea3 c\u00e1c LA-Sticks \u0111\u01b0\u1ee3c gh\u00e9p v\u1edbi nhau v\u00e0 h\u01b0\u1edbng th\u1eb3ng \u0111\u1ee9ng gi\u1eefa c\u00e1c loa \u0111\u01b0\u1ee3c \u0111i\u1ec1u ch\u1ec9nh v\u00f4 h\u1ea1n. T\u1ea5t c\u1ea3 c\u00e1c c\u01a1 c\u1ea5u k\u1ebft n\u1ed1i v\u00e0 g\u00f3c \u0111\u1ed9 \u0111\u01b0\u1ee3c \u0111\u1eb7t \u1edf m\u1eb7t sau c\u1ee7a loa v\u00e0 kh\u00f4ng th\u1ec3 nh\u00ecn th\u1ea5y t\u1eeb ph\u00eda tr\u01b0\u1edbc. \u0110i\u1ec1u n\u00e0y l\u00e0m cho d\u00f2ng Voice-Acoustic LA-Stick tr\u1edf th\u00e0nh m\u1ed9t trong nh\u1eefng d\u00f2ng loa d\u1ea1ng c\u1ed9t linh ho\u1ea1t v\u00e0 thanh l\u1ecbch nh\u1ea5t tr\u00ean th\u1ecb tr\u01b0\u1eddng, ph\u00f9 h\u1ee3p v\u1edbi nhi\u1ec1u \u1ee9ng d\u1ee5ng.<\/p>\n<p>C\u00e1c ph\u1ee5 ki\u1ec7n phong ph\u00fa c\u00f3 th\u1ec3 \u0111\u01b0\u1ee3c s\u1eed d\u1ee5ng cho t\u1ea5t c\u1ea3 c\u00e1c ki\u1ec3u LA-Stick.<\/p>\n<\/div>\n<\/div>\n<\/div>\n<\/div>\n<div class=\"rs-column -large-col-2-1 -large-last -large-first-row -medium-col-2-1 -medium-last -medium-first-row -small-col-1-1 -small-first -small-last\">\n<div class=\"ce_text block\">\n<p>&nbsp;<\/p>\n<\/div>\n<p><span style=\"color: #282828;\"><a style=\"color: #282828;\" href=\"https:\/\/voice-acoustic.vn\/wp-content\/uploads\/2021\/10\/voice-acoustic-la-stick-12x4-cad-001.jpg\"><img loading=\"lazy\" decoding=\"async\" class=\" wp-image-670 alignright\" src=\"https:\/\/voice-acoustic.vn\/wp-content\/uploads\/2021\/10\/voice-acoustic-la-stick-12x4-cad-001-166x300.jpg\" alt=\"\" width=\"448\" height=\"810\" srcset=\"https:\/\/voice-acoustic.vn\/wp-content\/uploads\/2021\/10\/voice-acoustic-la-stick-12x4-cad-001-166x300.jpg 166w, https:\/\/voice-acoustic.vn\/wp-content\/uploads\/2021\/10\/voice-acoustic-la-stick-12x4-cad-001-567x1024.jpg 567w, https:\/\/voice-acoustic.vn\/wp-content\/uploads\/2021\/10\/voice-acoustic-la-stick-12x4-cad-001-768x1387.jpg 768w, https:\/\/voice-acoustic.vn\/wp-content\/uploads\/2021\/10\/voice-acoustic-la-stick-12x4-cad-001-850x1536.jpg 850w, https:\/\/voice-acoustic.vn\/wp-content\/uploads\/2021\/10\/voice-acoustic-la-stick-12x4-cad-001-400x722.jpg 400w, https:\/\/voice-acoustic.vn\/wp-content\/uploads\/2021\/10\/voice-acoustic-la-stick-12x4-cad-001-600x1084.jpg 600w, https:\/\/voice-acoustic.vn\/wp-content\/uploads\/2021\/10\/voice-acoustic-la-stick-12x4-cad-001.jpg 1027w\" sizes=\"auto, (max-width: 448px) 100vw, 448px\" \/><\/a><\/span><\/p>\n<\/div>\n<\/div>\n<div id=\"scroll-down\">\n<div class=\"inside\">\n<div class=\"inside\">\n<h2>Th\u00f4ng s\u1ed1 k\u1ef9 thu\u1eadt<\/h2>\n<\/div>\n<div class=\"rs-columns ce_rs_columns_start\">\n<div class=\"rs-column -large-col-2-1 -large-first -large-first-row -medium-col-2-1 -medium-first -medium-first-row -small-col-1-1 -small-first -small-last -small-first-row\">\n<div class=\"ce_text block\">\n<p><strong>Drivers<\/strong><br \/>\nNeodym 12 x 4 &#8220;v\u1edbi cu\u1ed9n d\u00e2y \u00e2m 0.75&#8221;<\/p>\n<p><strong>D\u1ea3i t\u1ea7n<\/strong><br \/>\n140 Hz &#8211; 18 kHz (- 10 dB)<br \/>\n185 Hz &#8211; 16 kHz (+\/- 3 dB)<\/p>\n<p><strong>G\u00f3c ph\u1ee7 \u00e2m (d\u1ecdc x ngang )<\/strong><br \/>\n70\u00b0 x 14\u00b0<\/p>\n<p><strong>T\u1ed3ng tr\u1edf<\/strong><br \/>\n5.3 \u03a9<\/p>\n<p><strong>C\u00f4ng xu\u1ea5t (AES\/Program\/Peak)<\/strong><br \/>\n360W \/ 720W \/ 1440W<\/p>\n<p><strong>\u0110\u1ed9 nh\u1ea1y 1W \/ 1m<\/strong><br \/>\n101dB SPL<\/p>\n<p><strong>C\u01b0\u1eddng \u0111\u1ed9 \u00e1p su\u1ea5t \u00e2m thanh\u00a0(AES\/Program\/Peak)<\/strong><br \/>\n126dB SPL \/ 129dB SPL \/ 132dB SPL<\/p>\n<p><strong>K\u1ebft n\u1ed1i<\/strong><br \/>\n2 x NEUTRIK NL4 IN \/ OUT 1 +\/- (n\u1ed1i ti\u1ebfp 4 c\u1ef1c)<\/p>\n<p>S\u01a1n ph\u1ee7 Polyurea <strong>Oberfl\u00e4che<\/strong> m\u00e3 m\u00e0u RAL 9005. <a title=\"Th\u00f4ng tin th\u00eam v\u1ec1 m\u00e0u s\u1eafc \u0111\u1eb7c bi\u1ec7t!\" href=\"https:\/\/voice-acoustic.de\/service\/special-colours.html\" target=\"_blank\" rel=\"noopener\">M\u00e0u \u0111\u1eb7c bi\u1ec7t<\/a> c\u00f3 th\u1ec3 \u0111\u1eb7t h\u00e0ng v\u1edbi l\u1edbp s\u01a1n\u00a0 Warnex<\/p>\n<p><strong>K\u00edch th\u01b0\u1edbc \/ Tr\u1ecdng l\u01b0\u1ee3ng<\/strong><br \/>\n1.236 (H) x 119 (W) x 160 (D) mm \/ 9.2 kg<\/p>\n<\/div>\n<\/div>\n<\/div>\n<\/div>\n<\/div>\n","protected":false},"excerpt":{"rendered":"<ul class=\"ul_style_check\">\n<li><span style=\"color: #282828;\">12 x 4&#8243; Line-Array Stick<\/span><\/li>\n<li><span style=\"color: #282828;\">L\u1ee3i th\u1ebf c\u1ee7a m\u1ea3ng d\u00f2ng \u1edf d\u1ea1ng nh\u1ecf g\u1ecdn<\/span><\/li>\n<li><span style=\"color: #282828;\">R\u1ea5t nhi\u1ec1u ph\u1ee5 ki\u1ec7n \u0111\u1ec3 l\u1eafp \u0111\u1eb7t v\u00e0 s\u1eed d\u1ee5ng di \u0111\u1ed9ng<\/span><\/li>\n<li><span style=\"color: #282828;\">Loa ch\u1ed1ng n\u01b0\u1edbc<\/span><\/li>\n<\/ul>\n","protected":false},"featured_media":316,"comment_status":"closed","ping_status":"closed","template":"","meta":{"spay_email":""},"product_cat":[21],"product_tag":[],"class_list":{"0":"post-315","1":"product","2":"type-product","3":"status-publish","4":"has-post-thumbnail","6":"product_cat-la-stick-arrayable-column-speaker-series","8":"first","9":"instock","10":"shipping-taxable","11":"product-type-simple"},"yoast_head":"<!-- This site is optimized with the Yoast SEO plugin v17.6 - https:\/\/yoast.com\/wordpress\/plugins\/seo\/ -->\n<title>LA-Stick 12x4 - Voice-Acoustic<\/title>\n<meta name=\"robots\" content=\"index, follow, max-snippet:-1, max-image-preview:large, max-video-preview:-1\" \/>\n<link rel=\"canonical\" href=\"https:\/\/voice-acoustic.vn\/?product=la-stick-12x4\" \/>\n<meta property=\"og:locale\" content=\"vi_VN\" \/>\n<meta property=\"og:type\" content=\"article\" \/>\n<meta property=\"og:title\" content=\"LA-Stick 12x4 - Voice-Acoustic\" \/>\n<meta property=\"og:description\" content=\"12 x 4&quot; Line-Array Stick  L\u1ee3i th\u1ebf c\u1ee7a m\u1ea3ng d\u00f2ng \u1edf d\u1ea1ng nh\u1ecf g\u1ecdn  R\u1ea5t nhi\u1ec1u ph\u1ee5 ki\u1ec7n \u0111\u1ec3 l\u1eafp \u0111\u1eb7t v\u00e0 s\u1eed d\u1ee5ng di \u0111\u1ed9ng  Loa ch\u1ed1ng n\u01b0\u1edbc\" \/>\n<meta property=\"og:url\" content=\"https:\/\/voice-acoustic.vn\/?product=la-stick-12x4\" \/>\n<meta property=\"og:site_name\" content=\"Voice-Acoustic\" \/>\n<meta property=\"article:modified_time\" content=\"2022-01-18T03:04:05+00:00\" \/>\n<meta property=\"og:image\" content=\"https:\/\/voice-acoustic.vn\/wp-content\/uploads\/2021\/10\/voice-acoustic-la-stick-12x4-teaser.png\" \/>\n\t<meta property=\"og:image:width\" content=\"400\" \/>\n\t<meta property=\"og:image:height\" content=\"320\" \/>\n<meta name=\"twitter:card\" content=\"summary_large_image\" \/>\n<meta name=\"twitter:label1\" content=\"\u01af\u1edbc t\u00ednh th\u1eddi gian \u0111\u1ecdc\" \/>\n\t<meta name=\"twitter:data1\" content=\"3 ph\u00fat\" \/>\n<script type=\"application\/ld+json\" class=\"yoast-schema-graph\">{\"@context\":\"https:\/\/schema.org\",\"@graph\":[{\"@type\":\"WebSite\",\"@id\":\"https:\/\/voice-acoustic.vn\/#website\",\"url\":\"https:\/\/voice-acoustic.vn\/\",\"name\":\"Voice-Acoustic\",\"description\":\"\",\"potentialAction\":[{\"@type\":\"SearchAction\",\"target\":{\"@type\":\"EntryPoint\",\"urlTemplate\":\"https:\/\/voice-acoustic.vn\/?s={search_term_string}\"},\"query-input\":\"required name=search_term_string\"}],\"inLanguage\":\"vi\"},{\"@type\":\"ImageObject\",\"@id\":\"https:\/\/voice-acoustic.vn\/?product=la-stick-12x4#primaryimage\",\"inLanguage\":\"vi\",\"url\":\"https:\/\/voice-acoustic.vn\/wp-content\/uploads\/2021\/10\/voice-acoustic-la-stick-12x4-teaser.png\",\"contentUrl\":\"https:\/\/voice-acoustic.vn\/wp-content\/uploads\/2021\/10\/voice-acoustic-la-stick-12x4-teaser.png\",\"width\":400,\"height\":320},{\"@type\":\"WebPage\",\"@id\":\"https:\/\/voice-acoustic.vn\/?product=la-stick-12x4#webpage\",\"url\":\"https:\/\/voice-acoustic.vn\/?product=la-stick-12x4\",\"name\":\"LA-Stick 12x4 - Voice-Acoustic\",\"isPartOf\":{\"@id\":\"https:\/\/voice-acoustic.vn\/#website\"},\"primaryImageOfPage\":{\"@id\":\"https:\/\/voice-acoustic.vn\/?product=la-stick-12x4#primaryimage\"},\"datePublished\":\"2021-10-20T07:08:27+00:00\",\"dateModified\":\"2022-01-18T03:04:05+00:00\",\"breadcrumb\":{\"@id\":\"https:\/\/voice-acoustic.vn\/?product=la-stick-12x4#breadcrumb\"},\"inLanguage\":\"vi\",\"potentialAction\":[{\"@type\":\"ReadAction\",\"target\":[\"https:\/\/voice-acoustic.vn\/?product=la-stick-12x4\"]}]},{\"@type\":\"BreadcrumbList\",\"@id\":\"https:\/\/voice-acoustic.vn\/?product=la-stick-12x4#breadcrumb\",\"itemListElement\":[{\"@type\":\"ListItem\",\"position\":1,\"name\":\"Trang ch\\u1ee7\",\"item\":\"https:\/\/voice-acoustic.vn\/\"},{\"@type\":\"ListItem\",\"position\":2,\"name\":\"..\",\"item\":\"https:\/\/voice-acoustic.vn\/?page_id=11\"},{\"@type\":\"ListItem\",\"position\":3,\"name\":\"LA-Stick 12&#215;4\"}]}]}<\/script>\n<!-- \/ Yoast SEO plugin. -->","yoast_head_json":{"title":"LA-Stick 12x4 - Voice-Acoustic","robots":{"index":"index","follow":"follow","max-snippet":"max-snippet:-1","max-image-preview":"max-image-preview:large","max-video-preview":"max-video-preview:-1"},"canonical":"https:\/\/voice-acoustic.vn\/?product=la-stick-12x4","og_locale":"vi_VN","og_type":"article","og_title":"LA-Stick 12x4 - Voice-Acoustic","og_description":"12 x 4\" Line-Array Stick  L\u1ee3i th\u1ebf c\u1ee7a m\u1ea3ng d\u00f2ng \u1edf d\u1ea1ng nh\u1ecf g\u1ecdn  R\u1ea5t nhi\u1ec1u ph\u1ee5 ki\u1ec7n \u0111\u1ec3 l\u1eafp \u0111\u1eb7t v\u00e0 s\u1eed d\u1ee5ng di \u0111\u1ed9ng  Loa ch\u1ed1ng n\u01b0\u1edbc","og_url":"https:\/\/voice-acoustic.vn\/?product=la-stick-12x4","og_site_name":"Voice-Acoustic","article_modified_time":"2022-01-18T03:04:05+00:00","og_image":[{"width":400,"height":320,"url":"https:\/\/voice-acoustic.vn\/wp-content\/uploads\/2021\/10\/voice-acoustic-la-stick-12x4-teaser.png","type":"image\/png"}],"twitter_card":"summary_large_image","twitter_misc":{"\u01af\u1edbc t\u00ednh th\u1eddi gian \u0111\u1ecdc":"3 ph\u00fat"},"schema":{"@context":"https:\/\/schema.org","@graph":[{"@type":"WebSite","@id":"https:\/\/voice-acoustic.vn\/#website","url":"https:\/\/voice-acoustic.vn\/","name":"Voice-Acoustic","description":"","potentialAction":[{"@type":"SearchAction","target":{"@type":"EntryPoint","urlTemplate":"https:\/\/voice-acoustic.vn\/?s={search_term_string}"},"query-input":"required name=search_term_string"}],"inLanguage":"vi"},{"@type":"ImageObject","@id":"https:\/\/voice-acoustic.vn\/?product=la-stick-12x4#primaryimage","inLanguage":"vi","url":"https:\/\/voice-acoustic.vn\/wp-content\/uploads\/2021\/10\/voice-acoustic-la-stick-12x4-teaser.png","contentUrl":"https:\/\/voice-acoustic.vn\/wp-content\/uploads\/2021\/10\/voice-acoustic-la-stick-12x4-teaser.png","width":400,"height":320},{"@type":"WebPage","@id":"https:\/\/voice-acoustic.vn\/?product=la-stick-12x4#webpage","url":"https:\/\/voice-acoustic.vn\/?product=la-stick-12x4","name":"LA-Stick 12x4 - Voice-Acoustic","isPartOf":{"@id":"https:\/\/voice-acoustic.vn\/#website"},"primaryImageOfPage":{"@id":"https:\/\/voice-acoustic.vn\/?product=la-stick-12x4#primaryimage"},"datePublished":"2021-10-20T07:08:27+00:00","dateModified":"2022-01-18T03:04:05+00:00","breadcrumb":{"@id":"https:\/\/voice-acoustic.vn\/?product=la-stick-12x4#breadcrumb"},"inLanguage":"vi","potentialAction":[{"@type":"ReadAction","target":["https:\/\/voice-acoustic.vn\/?product=la-stick-12x4"]}]},{"@type":"BreadcrumbList","@id":"https:\/\/voice-acoustic.vn\/?product=la-stick-12x4#breadcrumb","itemListElement":[{"@type":"ListItem","position":1,"name":"Trang ch\u1ee7","item":"https:\/\/voice-acoustic.vn\/"},{"@type":"ListItem","position":2,"name":"..","item":"https:\/\/voice-acoustic.vn\/?page_id=11"},{"@type":"ListItem","position":3,"name":"LA-Stick 12&#215;4"}]}]}},"_links":{"self":[{"href":"https:\/\/voice-acoustic.vn\/index.php?rest_route=\/wp\/v2\/product\/315","targetHints":{"allow":["GET"]}}],"collection":[{"href":"https:\/\/voice-acoustic.vn\/index.php?rest_route=\/wp\/v2\/product"}],"about":[{"href":"https:\/\/voice-acoustic.vn\/index.php?rest_route=\/wp\/v2\/types\/product"}],"replies":[{"embeddable":true,"href":"https:\/\/voice-acoustic.vn\/index.php?rest_route=%2Fwp%2Fv2%2Fcomments&post=315"}],"wp:featuredmedia":[{"embeddable":true,"href":"https:\/\/voice-acoustic.vn\/index.php?rest_route=\/wp\/v2\/media\/316"}],"wp:attachment":[{"href":"https:\/\/voice-acoustic.vn\/index.php?rest_route=%2Fwp%2Fv2%2Fmedia&parent=315"}],"wp:term":[{"taxonomy":"product_cat","embeddable":true,"href":"https:\/\/voice-acoustic.vn\/index.php?rest_route=%2Fwp%2Fv2%2Fproduct_cat&post=315"},{"taxonomy":"product_tag","embeddable":true,"href":"https:\/\/voice-acoustic.vn\/index.php?rest_route=%2Fwp%2Fv2%2Fproduct_tag&post=315"}],"curies":[{"name":"wp","href":"https:\/\/api.w.org\/{rel}","templated":true}]}}