{"id":326,"date":"2021-10-20T07:12:05","date_gmt":"2021-10-20T07:12:05","guid":{"rendered":"https:\/\/voice-acoustic.vn\/?post_type=product&#038;p=326"},"modified":"2022-01-27T12:29:40","modified_gmt":"2022-01-27T05:29:40","slug":"cxn-16","status":"publish","type":"product","link":"https:\/\/voice-acoustic.vn\/?product=cxn-16","title":{"rendered":"CXN-16"},"content":{"rendered":"<p><a href=\"https:\/\/voice-acoustic.vn\/wp-content\/uploads\/2021\/10\/voice-acoustic-cxn-16-ueber-hdsp-6-half-power-mode.jpg\"><span style=\"color: #282828;\"><img loading=\"lazy\" decoding=\"async\" class=\"wp-image-676 alignright\" src=\"https:\/\/voice-acoustic.vn\/wp-content\/uploads\/2021\/10\/voice-acoustic-cxn-16-ueber-hdsp-6-half-power-mode-300x153.jpg\" alt=\"\" width=\"726\" height=\"370\" srcset=\"https:\/\/voice-acoustic.vn\/wp-content\/uploads\/2021\/10\/voice-acoustic-cxn-16-ueber-hdsp-6-half-power-mode-300x153.jpg 300w, https:\/\/voice-acoustic.vn\/wp-content\/uploads\/2021\/10\/voice-acoustic-cxn-16-ueber-hdsp-6-half-power-mode-768x392.jpg 768w, https:\/\/voice-acoustic.vn\/wp-content\/uploads\/2021\/10\/voice-acoustic-cxn-16-ueber-hdsp-6-half-power-mode-400x204.jpg 400w, https:\/\/voice-acoustic.vn\/wp-content\/uploads\/2021\/10\/voice-acoustic-cxn-16-ueber-hdsp-6-half-power-mode-600x306.jpg 600w, https:\/\/voice-acoustic.vn\/wp-content\/uploads\/2021\/10\/voice-acoustic-cxn-16-ueber-hdsp-6-half-power-mode.jpg 949w\" sizes=\"auto, (max-width: 726px) 100vw, 726px\" \/><\/span><\/a><\/p>\n<div class=\"ce_text block\" style=\"font-size: 14.4px;\">\n<div class=\"ce_text block\"><a href=\"https:\/\/voice-acoustic.vn\/wp-content\/uploads\/2021\/10\/voice-acoustic-cxn-16-ueber-self-powered-subwoofer-half-power-mode.jpg\"><span style=\"color: #282828;\"><img loading=\"lazy\" decoding=\"async\" class=\"wp-image-677 alignright\" style=\"font-size: 14.4px;\" src=\"https:\/\/voice-acoustic.vn\/wp-content\/uploads\/2021\/10\/voice-acoustic-cxn-16-ueber-self-powered-subwoofer-half-power-mode-300x123.jpg\" alt=\"\" width=\"725\" height=\"297\" srcset=\"https:\/\/voice-acoustic.vn\/wp-content\/uploads\/2021\/10\/voice-acoustic-cxn-16-ueber-self-powered-subwoofer-half-power-mode-300x123.jpg 300w, https:\/\/voice-acoustic.vn\/wp-content\/uploads\/2021\/10\/voice-acoustic-cxn-16-ueber-self-powered-subwoofer-half-power-mode-400x163.jpg 400w, https:\/\/voice-acoustic.vn\/wp-content\/uploads\/2021\/10\/voice-acoustic-cxn-16-ueber-self-powered-subwoofer-half-power-mode-600x245.jpg 600w, https:\/\/voice-acoustic.vn\/wp-content\/uploads\/2021\/10\/voice-acoustic-cxn-16-ueber-self-powered-subwoofer-half-power-mode.jpg 693w\" sizes=\"auto, (max-width: 725px) 100vw, 725px\" \/><\/span><\/a><\/div>\n<div>\n<div class=\"ce_text block\">\n<div class=\"ce_text block\">\n<p style=\"text-align: left;\">CXN-16 l\u00e0 loa Monitor hi\u1ec7u su\u1ea5t cao bi-amping \u0111a ch\u1ee9c n\u0103ng.<\/p>\n<p style=\"text-align: left;\">N\u00f3 c\u00f3 h\u00ecnh d\u1ea1ng tr\u00f2n h\u1ea5p d\u1eabn cho ph\u00e9p n\u00f3 t\u00edch h\u1ee3p d\u1ec5 d\u00e0ng \u1edf b\u1ea5t k\u1ef3 \u0111\u1ecba \u0111i\u1ec3m n\u00e0o m\u1ed9t c\u00e1ch thanh l\u1ecbch v\u00e0 kh\u00f4ng ph\u00f4 tr\u01b0\u01a1ng. M\u1ed9t d\u1ea5u \u1ea5n nh\u1ecf v\u00e0 hi\u1ec7u su\u1ea5t v\u01b0\u1ee3t tr\u1ed9i \u0111i \u0111\u00f4i v\u1edbi nhau v\u00e0 \u0111\u1ea3m b\u1ea3o r\u1eb1ng \u0111\u00e2y lu\u00f4n l\u00e0 s\u1ef1 l\u1ef1a ch\u1ecdn ho\u00e0n h\u1ea3o cho d\u00f9 \u0111\u00f3 l\u00e0 s\u00e2n kh\u1ea5u ch\u1eadt h\u1eb9p hay \u0111\u1ecba \u0111i\u1ec3m l\u1edbn nh\u1ea5t. CXN-16 c\u00f3 t\u1ef7 l\u1ec7 k\u00edch th\u01b0\u1edbc &#8211; tr\u1ecdng l\u01b0\u1ee3ng &#8211; c\u00f4ng su\u1ea5t t\u1ed1t nh\u1ea5t th\u1ebf gi\u1edbi: 540 x 540 x 360 mm, 26 kg, 1000W AES, \u0110\u1ed9 nh\u1ea1y 101dB.<\/p>\n<p style=\"text-align: left;\">4 x 8&#8243; b\u1eb1ng 16&#8243; v\u00e0 v\u01b0\u1ee3t qua kh\u1ea3 n\u0103ng c\u1ee7a thi\u1ebft k\u1ebf 15&#8243; ti\u00eau chu\u1ea9n.<\/p>\n<p style=\"text-align: left;\">B\u1ed1n cu\u1ed9n d\u00e2y \u00e2m tr\u1ea7m 2.5 &#8220;ri\u00eang bi\u1ec7t c\u1ed9ng v\u1edbi m\u1ed9t loa k\u00e8n 3&#8221; chuy\u00ean d\u1ee5ng cung c\u1ea5p nhi\u1ec1u kh\u00f4ng gian h\u01a1n \u0111\u1ec3 t\u1ea3n nhi\u1ec7t v\u00e0 gi\u1ea3m n\u00e9n c\u00f4ng su\u1ea5t. C\u00f4ng su\u1ea5t c\u1ee7a b\u1ed9 khu\u1ebfch \u0111\u1ea1i \u0111\u01b0\u1ee3c s\u1eed d\u1ee5ng hi\u1ec7u qu\u1ea3 h\u01a1n.<\/p>\n<p style=\"text-align: left;\">M\u1ee5c ti\u00eau c\u1ee7a ch\u00fang t\u00f4i l\u00e0 t\u1ea1o ra m\u1ed9t c\u00f4ng c\u1ee5 chuy\u00ean nghi\u1ec7p v\u00e0 gi\u00fap c\u00e1c k\u1ef9 thu\u1eadt vi\u00ean \u00e2m thanh l\u00e0m vi\u1ec7c d\u1ec5 d\u00e0ng h\u01a1n c\u0169ng nh\u01b0 mang \u0111\u1ebfn cho c\u00e1c ngh\u1ec7 s\u0129 tr\u00ean s\u00e2n kh\u1ea5u ph\u1ea3n h\u1ed3i \u0111\u00e1ng tin c\u1eady v\u00e0 s\u1ef1 rung c\u1ea3m t\u00edch c\u1ef1c \u0111\u1ed1i v\u1edbi m\u00e0n tr\u00ecnh di\u1ec5n c\u1ee7a h\u1ecd.<\/p>\n<p style=\"text-align: left;\">Vi\u1ec7c \u0111\u1eb7t \u0111\u1ed1i x\u1ee9ng c\u1ee7a c\u00e1c loa t\u1ea1o ra m\u1ed9t tr\u01b0\u1eddng \u00e2m trung t\u00e2m v\u00e0 m\u01b0\u1ee3t m\u00e0 kh\u00f4ng thay \u0111\u1ed5i khi ngh\u1ec7 s\u0129 di chuy\u1ec3n xung quanh. C\u00f2i l\u1edbn 1.4&#8243; cho ph\u00e9p t\u1ea1o ra t\u1ea7n s\u1ed1 ch\u00e9o r\u1ea5t th\u1ea5p v\u00e0 \u0111\u1ecbnh h\u01b0\u1edbng ch\u00ednh x\u00e1c, \u0111i\u1ec1u n\u00e0y r\u1ea5t quan tr\u1ecdng \u0111\u1ed1i v\u1edbi s\u1ef1 r\u00f5 r\u00e0ng v\u00e0 ph\u1ea3n h\u1ed3i chi ti\u1ebft. \u0110\u1ed1i v\u1edbi t\u1ea7n s\u1ed1 th\u1ea5p h\u01a1n, m\u1eabu \u0111\u1ecbnh h\u01b0\u1edbng ch\u00ednh x\u00e1c n\u00e0y \u0111\u01b0\u1ee3c m\u1edf r\u1ed9ng b\u1eb1ng c\u00e1ch gh\u00e9p n\u1ed1i thi\u1ebft k\u1ebf 4 x 8&#8243; c\u1ee7a ch\u00fang t\u00f4i v\u00e0 k\u1ebft qu\u1ea3 l\u00e0 ph\u1ea1m vi ti\u1ebfp c\u1eadn t\u1ed5ng th\u1ec3 r\u1ea5t xa v\u00e0 t\u1eeb ch\u1ed1i ngo\u00e0i tr\u1ee5c. B\u1ea1n c\u00f3 th\u1ec3 x\u00e1c \u0111\u1ecbnh \u00e2m thanh \u1edf n\u01a1i b\u1ea1n mu\u1ed1n.<\/p>\n<p style=\"text-align: left;\">CXN-16 v\u01b0\u1ee3t qua c\u00e1c thi\u1ebft k\u1ebf \u0111\u1ed3ng tr\u1ee5c th\u00f4ng th\u01b0\u1eddng v\u1ec1 \u0111\u1ed9 ch\u00ednh x\u00e1c c\u1ee7a \u00e2m thanh, h\u00e0nh vi \u0111\u1ecbnh h\u01b0\u1edbng v\u00e0 kh\u1ea3 n\u0103ng x\u1eed l\u00fd \u0111i\u1ec7n n\u0103ng v\u00e0 \u0111\u1eb7t ra m\u1ed9t ti\u00eau chu\u1ea9n m\u1edbi. C\u00e1c loa tr\u1ea7m 8&#8243; c\u1ee7a ch\u00fang t\u00f4i c\u00f3 tr\u1ecdng l\u01b0\u1ee3ng chuy\u1ec3n \u0111\u1ed9ng th\u1ea5p, \u0111\u1ed9 nh\u1ea1y cao v\u00e0 ph\u1ea3n \u1ee9ng nhanh h\u01a1n c\u00e1c loa l\u1edbn h\u01a1n. C\u00e1c ngh\u1ec7 s\u0129 nh\u1eadn \u0111\u01b0\u1ee3c ph\u1ea3n h\u1ed3i r\u1ea5t ch\u00ednh x\u00e1c v\u00e0 quan tr\u1ecdng h\u01a1n l\u00e0 ch\u1ea5t l\u01b0\u1ee3ng \u00e2m c\u00e2n b\u1eb1ng t\u1ed1t \u0111\u1ec3 tr\u00e1nh c\u00e1c v\u1ea5n \u0111\u1ec1 v\u1ec1 cao \u0111\u1ed9 v\u00e0 t\u0103ng \u0111\u1ed9 l\u1ee3i tr\u01b0\u1edbc khi ph\u1ea3n h\u1ed3i nhi\u1ec1u nh\u1ea5t c\u00f3 th\u1ec3 .<\/p>\n<p style=\"text-align: left;\">CXN-16 c\u00f3 c\u00f9ng chi\u1ec1u r\u1ed9ng v\u1edbi Paveosub-118 v\u00e0 ch\u00e2n c\u1ee7a n\u00f3 \u0111\u01b0\u1ee3c l\u00e0m \u0111\u1ec3 v\u1eeba v\u1edbi c\u00e1c khay x\u1ebfp c\u1ee7a loa si\u00eau tr\u1ea7m. V\u1ec1 m\u1eb7t tr\u1ef1c quan v\u00e0 c\u01a1 h\u1ecdc, ch\u00fang h\u00ecnh th\u00e0nh v\u00e0 g\u00f3i trang nh\u00e3 \u0111\u1ec3 ki\u1ec3m \u00e2m cho b\u1ed9 tr\u1ed1ng ho\u1eb7c DJ. M\u1ed9t loa si\u00eau tr\u1ea7m t\u00edch h\u1ee3p ampli c\u00f3 th\u1ec3 c\u1ea5p c\u00f4ng su\u1ea5t cho CXN-16 \u1edf ch\u1ebf \u0111\u1ed9 n\u1eeda c\u00f4ng su\u1ea5t.<\/p>\n<p style=\"text-align: left;\">Thi\u1ebft k\u1ebf m\u1eb7t l\u01b0\u1edbi ch\u1eafn \u0111\u01b0\u1ee3c l\u00e0m t\u1eeb th\u00e9p 2mm v\u00e0 c\u00f3 h\u00ecnh d\u1ea1ng cong \u0111\u01b0\u1ee3c gia c\u1ed1 b\u1eb1ng c\u00e1c thanh gi\u1eb1ng h\u00e0n \u1edf m\u1ed7i b\u00ean v\u00e0 h\u1ed7 tr\u1ee3 b\u1ed5 sung \u1edf gi\u1eefa tr\u00ean \u0111\u1ec9nh c\u00f2i. \u0110\u01b0\u01a1ng nhi\u00ean, \u0111\u00f3 l\u00e0 thi\u1ebft k\u1ebf c\u01a1 kh\u00ed.<\/p>\n<p style=\"text-align: left;\">M\u1ed9t \u0111\u01b0\u1eddng r\u00e3nh nh\u1ecf \u1edf ph\u00eda d\u01b0\u1edbi cho ph\u00e9p \u0111i d\u00e2y c\u00e1p qua b\u00ean d\u01b0\u1edbi loa Monitor. M\u1ed9t \u1ed5 c\u1eafm c\u1ed9t nghi\u00eang, c\u01a1 ch\u1ebf Easyfly ph\u1ed5 bi\u1ebfn v\u00e0 m\u1ed9t r\u00e3nh bay cho c\u00e1p an to\u00e0n l\u00e0m cho CXN-16 tr\u1edf th\u00e0nh m\u1ed9t c\u00f4ng c\u1ee5 \u0111a ch\u1ee9c n\u0103ng cho c\u00e1c chuy\u00ean gia.<\/p>\n<\/div>\n<div class=\"ce_text block\">\n<h3>\u0110i\u1ec1u khi\u1ec3n<\/h3>\n<p>CXN-16 \u0111\u01b0\u1ee3c v\u1eadn h\u00e0nh \u1edf ch\u1ebf \u0111\u1ed9 bi-amping c\u00f4ng su\u1ea5t cao tr\u00ean hai k\u00eanh (2400W + 800W \/ 4\u03a9) c\u1ee7a b\u1ed9 khu\u1ebfch \u0111\u1ea1i HDSP-6 ho\u1eb7c HDSP-4.<\/p>\n<p>\u1ede ch\u1ebf \u0111\u1ed9 n\u1eeda c\u00f4ng su\u1ea5t, n\u00f3 c\u00f3 th\u1ec3 k\u1ebft n\u1ed1i bi-amping tr\u00ean hai k\u00eanh (800W + 800W \/ 4\u03a9) c\u1ee7a HDSP-6 ho\u1eb7c HDSP-4. \u0110\u1ed1i v\u1edbi c\u00e1c k\u00eanh khu\u1ebfch \u0111\u1ea1i 2400W, v\u00ed d\u1ee5 nh\u01b0 Loa si\u00eau tr\u1ea7m c\u0169ng v\u1eady.<\/p>\n<p>M\u1ed9t bi-amping CXN-16 c\u00f3 th\u1ec3 \u0111\u01b0\u1ee3c cung c\u1ea5p n\u0103ng l\u01b0\u1ee3ng b\u1edfi m\u1ed9t loa si\u00eau tr\u1ea7m t\u1ef1 c\u1ea5p ngu\u1ed3n cho \u00e2m thanh gi\u1ecdng n\u00f3i \u1edf ch\u1ebf \u0111\u1ed9 n\u1eeda c\u00f4ng su\u1ea5t. Tr\u1edf kh\u00e1ng l\u00e0 LF 8\u03a9 v\u00e0 HF16 \u03a9.<\/p>\n<\/div>\n<\/div>\n<\/div>\n<\/div>\n<div class=\"ce_text block\"><div class=\"row\"  id=\"row-15076449\">\n\t<div id=\"col-2138658087\" class=\"col medium-1\/3 large-4\"  >\n\t\t\t\t<div class=\"col-inner\"  >\n\t\t\t\n\t\t\t\n<a href=\"https:\/\/voice-acoustic.vn\/wp-content\/uploads\/2021\/10\/voice-acoustic-cxn-16-ueber-hdsp-6-full-power-mode.jpg\"><img loading=\"lazy\" decoding=\"async\" class=\"wp-image-675 aligncenter\" src=\"https:\/\/voice-acoustic.vn\/wp-content\/uploads\/2021\/10\/voice-acoustic-cxn-16-ueber-hdsp-6-full-power-mode-300x158.jpg\" alt=\"\" width=\"534\" height=\"281\" srcset=\"https:\/\/voice-acoustic.vn\/wp-content\/uploads\/2021\/10\/voice-acoustic-cxn-16-ueber-hdsp-6-full-power-mode-300x158.jpg 300w, https:\/\/voice-acoustic.vn\/wp-content\/uploads\/2021\/10\/voice-acoustic-cxn-16-ueber-hdsp-6-full-power-mode-768x406.jpg 768w, https:\/\/voice-acoustic.vn\/wp-content\/uploads\/2021\/10\/voice-acoustic-cxn-16-ueber-hdsp-6-full-power-mode-400x211.jpg 400w, https:\/\/voice-acoustic.vn\/wp-content\/uploads\/2021\/10\/voice-acoustic-cxn-16-ueber-hdsp-6-full-power-mode-600x317.jpg 600w, https:\/\/voice-acoustic.vn\/wp-content\/uploads\/2021\/10\/voice-acoustic-cxn-16-ueber-hdsp-6-full-power-mode.jpg 892w\" sizes=\"auto, (max-width: 534px) 100vw, 534px\" \/><\/a>\t\t<\/div>\n\t\t\t\t\t<\/div>\n\n\t\n\n\t<div id=\"col-1791582379\" class=\"col medium-2\/3 large-8\"  >\n\t\t\t\t<div class=\"col-inner\"  >\n\t\t\t\n\t\t\t\n<a href=\"https:\/\/voice-acoustic.vn\/wp-content\/uploads\/2021\/10\/voice-acoustic-cxn-16-set.jpg\"><img loading=\"lazy\" decoding=\"async\" class=\"wp-image-674 aligncenter\" src=\"https:\/\/voice-acoustic.vn\/wp-content\/uploads\/2021\/10\/voice-acoustic-cxn-16-set-300x234.jpg\" alt=\"\" width=\"535\" height=\"417\" srcset=\"https:\/\/voice-acoustic.vn\/wp-content\/uploads\/2021\/10\/voice-acoustic-cxn-16-set-300x234.jpg 300w, https:\/\/voice-acoustic.vn\/wp-content\/uploads\/2021\/10\/voice-acoustic-cxn-16-set-1024x799.jpg 1024w, https:\/\/voice-acoustic.vn\/wp-content\/uploads\/2021\/10\/voice-acoustic-cxn-16-set-768x599.jpg 768w, https:\/\/voice-acoustic.vn\/wp-content\/uploads\/2021\/10\/voice-acoustic-cxn-16-set-400x312.jpg 400w, https:\/\/voice-acoustic.vn\/wp-content\/uploads\/2021\/10\/voice-acoustic-cxn-16-set-600x468.jpg 600w, https:\/\/voice-acoustic.vn\/wp-content\/uploads\/2021\/10\/voice-acoustic-cxn-16-set.jpg 1057w\" sizes=\"auto, (max-width: 535px) 100vw, 535px\" \/><\/a>I\t\t<\/div>\n\t\t\t\t\t<\/div>\n\n\t<\/div><\/div>\n<p>&nbsp;<\/p>\n<p><span style=\"color: #282828;\">\n  <div class=\"banner has-hover\" id=\"banner-1625974363\">\n          <div class=\"banner-inner fill\">\n        <div class=\"banner-bg fill\" >\n            <div class=\"bg fill bg-fill \"><\/div>\n            \t<div class=\"video-overlay no-click fill\"><\/div>\n\t<div id=\"ytplayer-671\" class=\"ux-youtube fill object-fit hide-for-medium\" data-videoid=\"1Pu2zXeIUco\" data-loop=\"1\" data-audio=\"0\"><\/div>\n                        \n                    <\/div>\n        <div class=\"banner-layers container\">\n            <a class=\"fill\" href=\"https:\/\/www.youtube.com\/watch?v=1Pu2zXeIUco\" target=\"_blank\" rel=\"noopener noreferrer\" ><div class=\"fill banner-link\"><\/div><\/a>            <\/span><\/p>\n<p><span style=\"color: #282828;\">        <\/div>\n      <\/div>\n\n            \n<style>\n#banner-1625974363 {\n  padding-top: 500px;\n}\n<\/style>\n  <\/div>\n\n<\/span><\/p>\n<p>&nbsp;<\/p>\n<p>&nbsp;<\/p>\n<p><span style=\"color: #282828;\"><a style=\"color: #282828;\" href=\"https:\/\/voice-acoustic.vn\/wp-content\/uploads\/2021\/10\/voice-acoustic-cxn-16-cad-001-scaled.jpg\"><img loading=\"lazy\" decoding=\"async\" class=\" wp-image-678 alignright\" src=\"https:\/\/voice-acoustic.vn\/wp-content\/uploads\/2021\/10\/voice-acoustic-cxn-16-cad-001-300x214.jpg\" alt=\"\" width=\"677\" height=\"483\" srcset=\"https:\/\/voice-acoustic.vn\/wp-content\/uploads\/2021\/10\/voice-acoustic-cxn-16-cad-001-300x214.jpg 300w, https:\/\/voice-acoustic.vn\/wp-content\/uploads\/2021\/10\/voice-acoustic-cxn-16-cad-001-1024x732.jpg 1024w, https:\/\/voice-acoustic.vn\/wp-content\/uploads\/2021\/10\/voice-acoustic-cxn-16-cad-001-768x549.jpg 768w, https:\/\/voice-acoustic.vn\/wp-content\/uploads\/2021\/10\/voice-acoustic-cxn-16-cad-001-1536x1098.jpg 1536w, https:\/\/voice-acoustic.vn\/wp-content\/uploads\/2021\/10\/voice-acoustic-cxn-16-cad-001-2048x1464.jpg 2048w, https:\/\/voice-acoustic.vn\/wp-content\/uploads\/2021\/10\/voice-acoustic-cxn-16-cad-001-1320x944.jpg 1320w, https:\/\/voice-acoustic.vn\/wp-content\/uploads\/2021\/10\/voice-acoustic-cxn-16-cad-001-400x286.jpg 400w, https:\/\/voice-acoustic.vn\/wp-content\/uploads\/2021\/10\/voice-acoustic-cxn-16-cad-001-600x429.jpg 600w\" sizes=\"auto, (max-width: 677px) 100vw, 677px\" \/><\/a><\/span><\/p>\n<div class=\"inside\">\n<h2><span style=\"color: #ed1c24;\">Th\u00f4ng s\u1ed1 k\u1ef9 thu\u1eadt<\/span><\/h2>\n<\/div>\n<div class=\"rs-columns ce_rs_columns_start\">\n<div class=\"rs-column -large-col-2-1 -large-first -large-first-row -medium-col-2-1 -medium-first -medium-first-row -small-col-1-1 -small-first -small-last -small-first-row\">\n<div class=\"ce_text block\">\n<p><span style=\"color: #282828;\"><strong>C\u1ee7 loa<\/strong><\/span><br \/>\n<span style=\"color: #282828;\">LF: Neodym 4 x 8&#8243; v\u1edbi cu\u1ed9n d\u00e2y \u00e2m 2.5&#8243;<\/span><br \/>\n<span style=\"color: #282828;\">HF: Neodym 1 x 1.4&#8243; v\u1edbi cu\u1ed9n d\u00e2y \u00e2m 3&#8243;<\/span><\/p>\n<p><span style=\"color: #282828;\"><strong>D\u1ea3i t\u1ea7n s\u1ed1<\/strong><\/span><br \/>\n<span style=\"color: #282828;\">63 Hz &#8211; 17,3 kHz (- 10dB)<\/span><br \/>\n<span style=\"color: #282828;\">80 Hz &#8211; 14 kHz (+\/- 3dB)<\/span><\/p>\n<p><span style=\"color: #282828;\"><strong>G\u00f3c ph\u1ee7 \u00e2m (cao x ngang )<\/strong><\/span><br \/>\n<span style=\"color: #282828;\">40\u00b0 x 60\u00b0 d\u01b0\u1edbi d\u1ea1ng Monitor<\/span><\/p>\n<p><span style=\"color: #282828;\"><strong>Tr\u1edf kh\u00e1ng<\/strong><\/span><br \/>\n<span style=\"color: #282828;\">LF: 8\u03a9<\/span><br \/>\n<span style=\"color: #282828;\">HF: 16\u03a9<\/span><\/p>\n<p><span style=\"color: #282828;\"><strong>C\u00f4ng su\u1ea5t (AES\/Program\/Peak)<\/strong><\/span><br \/>\n<span style=\"color: #282828;\">LF: 1000W \/ 2000W \/ 4000W<\/span><br \/>\n<span style=\"color: #282828;\">HF: 110W \/ 220W \/ 440W<\/span><\/p>\n<p><span style=\"color: #282828;\"><strong>\u0110\u1ed9 nh\u1ea1y 1W \/ 1m<\/strong><\/span><br \/>\n<span style=\"color: #282828;\">LF: 101dB SPL<\/span><br \/>\n<span style=\"color: #282828;\">HF: 111dB SPL<\/span><\/p>\n<p><span style=\"color: #282828;\"><strong>C\u01b0\u1eddng \u0111\u1ed9 \u00e1p xu\u1ea5t \u00e2m thanh (AES\/Program\/Peak)<\/strong><\/span><br \/>\n<span style=\"color: #282828;\">131dB SPL \/ 134dB SPL \/ 137dB SPL<\/span><\/p>\n<p><span style=\"color: #282828;\"><strong>K\u1ebft n\u1ed1i<\/strong><\/span><br \/>\n<span style=\"color: #282828;\">2 x NEUTRIK NL4 IN \/ OUT 1 +\/- (n\u1ed1i ti\u1ebfp 4 c\u1ef1c)<\/span><\/p>\n<p><span style=\"color: #282828;\"><strong>S\u01a1n ph\u1ee7<\/strong><\/span><br \/>\n<span style=\"color: #282828;\">S\u01a1n ph\u1ee7 Polyurea, m\u00e3 s\u1ed1 RAL 9005. M\u00e0u \u0111\u1eb7c bi\u1ec7t c\u00f3 th\u1ec3 \u0111\u1eb7t h\u00e0ng v\u1edbi l\u1edbp s\u01a1n\u00a0Warnex<\/span><\/p>\n<p><span style=\"color: #282828;\"><strong>K\u00edch th\u01b0\u1edbc \/ Tr\u1ecdng l\u01b0\u1ee3ng<\/strong><\/span><br \/>\n<span style=\"color: #282828;\">360 (H) x 540 (W) x 540 mm (D) \/ 25.6 kg<\/span><\/p>\n<\/div>\n<\/div>\n<\/div>\n<p>&nbsp;<\/p>\n","protected":false},"excerpt":{"rendered":"<ul>\n<li>\n<hr \/>\n<p><span style=\"color: #282828;\">Loa Monitor hi\u1ec7u su\u1ea5t cao 4 x 8&#8243; \/ 1 x 1.4&#8243;<\/span><\/li>\n<li><span style=\"color: #282828;\">V\u1ecf tr\u00f2n v\u1edbi c\u1ea5u h\u00ecnh th\u1ea5p \u0111\u1ec3 s\u1eed d\u1ee5ng thanh l\u1ecbch v\u00e0 kh\u00f4ng ph\u00f4 tr\u01b0\u01a1ng<\/span><\/li>\n<li><span style=\"color: #282828;\">B\u1ee9c x\u1ea1 \u0111\u1ecbnh h\u01b0\u1edbng th\u00f4ng qua c\u00f4ng ngh\u1ec7 b\u1ed1n t\u00e1m<\/span><\/li>\n<li><span style=\"color: #282828;\">N\u00e9n c\u00f4ng su\u1ea5t th\u1ea5p th\u00f4ng qua b\u1ec1 m\u1eb7t cu\u1ed9n d\u00e2y \u00e2m thanh t\u1ecfa nhi\u1ec7t cao 4 x 2.5&#8243; v\u00e0 1 x 3&#8243;<\/span><\/li>\n<li><span style=\"color: #282828;\">Nghi\u00eang \u1ed5 c\u1eafm c\u1ef1c +\/- 18\u00b0, nghi\u00eang cho ch\u00e2n \u0111\u1ebf ho\u1eb7c c\u1ef1c g\u1eafn<\/span><\/li>\n<li>P\u00e1t treo c\u01a1 kh\u00ed \u0111\u01a1n gi\u1ea3n, kh\u00f4ng c\u1ea7n d\u1ee5ng c\u1ee5<\/li>\n<li><span style=\"color: #282828;\">Chi\u1ec1u r\u1ed9ng h\u1ec7 th\u1ed1ng t\u01b0\u01a1ng th\u00edch v\u1edbi Paveosub-118<\/span><\/li>\n<li><span style=\"color: #282828;\">B\u1ec1 m\u1eb7t l\u01b0\u1edbi c\u1ee9ng, l\u01b0\u1edbi th\u00e9p 2mm v\u1edbi c\u00e1c thanh ch\u1ed1ng gia c\u01b0\u1eddng \u0111\u01b0\u1ee3c h\u00e0n<\/span><\/li>\n<\/ul>\n","protected":false},"featured_media":327,"comment_status":"closed","ping_status":"closed","template":"","meta":{"spay_email":""},"product_cat":[22],"product_tag":[],"class_list":{"0":"post-326","1":"product","2":"type-product","3":"status-publish","4":"has-post-thumbnail","6":"product_cat-cxn-stage-monitor","8":"first","9":"instock","10":"shipping-taxable","11":"product-type-simple"},"yoast_head":"<!-- This site is optimized with the Yoast SEO plugin v17.6 - https:\/\/yoast.com\/wordpress\/plugins\/seo\/ -->\n<title>CXN-16 - Voice-Acoustic<\/title>\n<meta name=\"robots\" content=\"index, follow, max-snippet:-1, max-image-preview:large, max-video-preview:-1\" \/>\n<link rel=\"canonical\" href=\"https:\/\/voice-acoustic.vn\/?product=cxn-16\" \/>\n<meta property=\"og:locale\" content=\"vi_VN\" \/>\n<meta property=\"og:type\" content=\"article\" \/>\n<meta property=\"og:title\" content=\"CXN-16 - Voice-Acoustic\" \/>\n<meta property=\"og:description\" content=\"Loa Monitor hi\u1ec7u su\u1ea5t cao 4 x 8&quot; \/ 1 x 1.4&quot;  V\u1ecf tr\u00f2n v\u1edbi c\u1ea5u h\u00ecnh th\u1ea5p \u0111\u1ec3 s\u1eed d\u1ee5ng thanh l\u1ecbch v\u00e0 kh\u00f4ng ph\u00f4 tr\u01b0\u01a1ng  B\u1ee9c x\u1ea1 \u0111\u1ecbnh h\u01b0\u1edbng th\u00f4ng qua c\u00f4ng ngh\u1ec7 b\u1ed1n t\u00e1m  N\u00e9n c\u00f4ng su\u1ea5t th\u1ea5p th\u00f4ng qua b\u1ec1 m\u1eb7t cu\u1ed9n d\u00e2y \u00e2m thanh t\u1ecfa nhi\u1ec7t cao 4 x 2.5&quot; v\u00e0 1 x 3&quot;  Nghi\u00eang \u1ed5 c\u1eafm c\u1ef1c +\/- 18\u00b0, nghi\u00eang cho ch\u00e2n \u0111\u1ebf ho\u1eb7c c\u1ef1c g\u1eafn  P\u00e1t treo c\u01a1 kh\u00ed \u0111\u01a1n gi\u1ea3n, kh\u00f4ng c\u1ea7n d\u1ee5ng c\u1ee5  Chi\u1ec1u r\u1ed9ng h\u1ec7 th\u1ed1ng t\u01b0\u01a1ng th\u00edch v\u1edbi Paveosub-118  B\u1ec1 m\u1eb7t l\u01b0\u1edbi c\u1ee9ng, l\u01b0\u1edbi th\u00e9p 2mm v\u1edbi c\u00e1c thanh ch\u1ed1ng gia c\u01b0\u1eddng \u0111\u01b0\u1ee3c h\u00e0n\" \/>\n<meta property=\"og:url\" content=\"https:\/\/voice-acoustic.vn\/?product=cxn-16\" \/>\n<meta property=\"og:site_name\" content=\"Voice-Acoustic\" \/>\n<meta property=\"article:modified_time\" content=\"2022-01-27T05:29:40+00:00\" \/>\n<meta property=\"og:image\" content=\"https:\/\/voice-acoustic.vn\/wp-content\/uploads\/2021\/10\/voice-acoustic-cxn-16-teaser.png\" \/>\n\t<meta property=\"og:image:width\" content=\"400\" \/>\n\t<meta property=\"og:image:height\" content=\"320\" \/>\n<meta name=\"twitter:card\" content=\"summary_large_image\" \/>\n<meta name=\"twitter:label1\" content=\"\u01af\u1edbc t\u00ednh th\u1eddi gian \u0111\u1ecdc\" \/>\n\t<meta name=\"twitter:data1\" content=\"6 ph\u00fat\" \/>\n<script type=\"application\/ld+json\" class=\"yoast-schema-graph\">{\"@context\":\"https:\/\/schema.org\",\"@graph\":[{\"@type\":\"WebSite\",\"@id\":\"https:\/\/voice-acoustic.vn\/#website\",\"url\":\"https:\/\/voice-acoustic.vn\/\",\"name\":\"Voice-Acoustic\",\"description\":\"\",\"potentialAction\":[{\"@type\":\"SearchAction\",\"target\":{\"@type\":\"EntryPoint\",\"urlTemplate\":\"https:\/\/voice-acoustic.vn\/?s={search_term_string}\"},\"query-input\":\"required name=search_term_string\"}],\"inLanguage\":\"vi\"},{\"@type\":\"ImageObject\",\"@id\":\"https:\/\/voice-acoustic.vn\/?product=cxn-16#primaryimage\",\"inLanguage\":\"vi\",\"url\":\"https:\/\/voice-acoustic.vn\/wp-content\/uploads\/2021\/10\/voice-acoustic-cxn-16-teaser.png\",\"contentUrl\":\"https:\/\/voice-acoustic.vn\/wp-content\/uploads\/2021\/10\/voice-acoustic-cxn-16-teaser.png\",\"width\":400,\"height\":320},{\"@type\":\"WebPage\",\"@id\":\"https:\/\/voice-acoustic.vn\/?product=cxn-16#webpage\",\"url\":\"https:\/\/voice-acoustic.vn\/?product=cxn-16\",\"name\":\"CXN-16 - Voice-Acoustic\",\"isPartOf\":{\"@id\":\"https:\/\/voice-acoustic.vn\/#website\"},\"primaryImageOfPage\":{\"@id\":\"https:\/\/voice-acoustic.vn\/?product=cxn-16#primaryimage\"},\"datePublished\":\"2021-10-20T07:12:05+00:00\",\"dateModified\":\"2022-01-27T05:29:40+00:00\",\"breadcrumb\":{\"@id\":\"https:\/\/voice-acoustic.vn\/?product=cxn-16#breadcrumb\"},\"inLanguage\":\"vi\",\"potentialAction\":[{\"@type\":\"ReadAction\",\"target\":[\"https:\/\/voice-acoustic.vn\/?product=cxn-16\"]}]},{\"@type\":\"BreadcrumbList\",\"@id\":\"https:\/\/voice-acoustic.vn\/?product=cxn-16#breadcrumb\",\"itemListElement\":[{\"@type\":\"ListItem\",\"position\":1,\"name\":\"Trang ch\\u1ee7\",\"item\":\"https:\/\/voice-acoustic.vn\/\"},{\"@type\":\"ListItem\",\"position\":2,\"name\":\"..\",\"item\":\"https:\/\/voice-acoustic.vn\/?page_id=11\"},{\"@type\":\"ListItem\",\"position\":3,\"name\":\"CXN-16\"}]}]}<\/script>\n<!-- \/ Yoast SEO plugin. -->","yoast_head_json":{"title":"CXN-16 - Voice-Acoustic","robots":{"index":"index","follow":"follow","max-snippet":"max-snippet:-1","max-image-preview":"max-image-preview:large","max-video-preview":"max-video-preview:-1"},"canonical":"https:\/\/voice-acoustic.vn\/?product=cxn-16","og_locale":"vi_VN","og_type":"article","og_title":"CXN-16 - Voice-Acoustic","og_description":"Loa Monitor hi\u1ec7u su\u1ea5t cao 4 x 8\" \/ 1 x 1.4\"  V\u1ecf tr\u00f2n v\u1edbi c\u1ea5u h\u00ecnh th\u1ea5p \u0111\u1ec3 s\u1eed d\u1ee5ng thanh l\u1ecbch v\u00e0 kh\u00f4ng ph\u00f4 tr\u01b0\u01a1ng  B\u1ee9c x\u1ea1 \u0111\u1ecbnh h\u01b0\u1edbng th\u00f4ng qua c\u00f4ng ngh\u1ec7 b\u1ed1n t\u00e1m  N\u00e9n c\u00f4ng su\u1ea5t th\u1ea5p th\u00f4ng qua b\u1ec1 m\u1eb7t cu\u1ed9n d\u00e2y \u00e2m thanh t\u1ecfa nhi\u1ec7t cao 4 x 2.5\" v\u00e0 1 x 3\"  Nghi\u00eang \u1ed5 c\u1eafm c\u1ef1c +\/- 18\u00b0, nghi\u00eang cho ch\u00e2n \u0111\u1ebf ho\u1eb7c c\u1ef1c g\u1eafn  P\u00e1t treo c\u01a1 kh\u00ed \u0111\u01a1n gi\u1ea3n, kh\u00f4ng c\u1ea7n d\u1ee5ng c\u1ee5  Chi\u1ec1u r\u1ed9ng h\u1ec7 th\u1ed1ng t\u01b0\u01a1ng th\u00edch v\u1edbi Paveosub-118  B\u1ec1 m\u1eb7t l\u01b0\u1edbi c\u1ee9ng, l\u01b0\u1edbi th\u00e9p 2mm v\u1edbi c\u00e1c thanh ch\u1ed1ng gia c\u01b0\u1eddng \u0111\u01b0\u1ee3c h\u00e0n","og_url":"https:\/\/voice-acoustic.vn\/?product=cxn-16","og_site_name":"Voice-Acoustic","article_modified_time":"2022-01-27T05:29:40+00:00","og_image":[{"width":400,"height":320,"url":"https:\/\/voice-acoustic.vn\/wp-content\/uploads\/2021\/10\/voice-acoustic-cxn-16-teaser.png","type":"image\/png"}],"twitter_card":"summary_large_image","twitter_misc":{"\u01af\u1edbc t\u00ednh th\u1eddi gian \u0111\u1ecdc":"6 ph\u00fat"},"schema":{"@context":"https:\/\/schema.org","@graph":[{"@type":"WebSite","@id":"https:\/\/voice-acoustic.vn\/#website","url":"https:\/\/voice-acoustic.vn\/","name":"Voice-Acoustic","description":"","potentialAction":[{"@type":"SearchAction","target":{"@type":"EntryPoint","urlTemplate":"https:\/\/voice-acoustic.vn\/?s={search_term_string}"},"query-input":"required name=search_term_string"}],"inLanguage":"vi"},{"@type":"ImageObject","@id":"https:\/\/voice-acoustic.vn\/?product=cxn-16#primaryimage","inLanguage":"vi","url":"https:\/\/voice-acoustic.vn\/wp-content\/uploads\/2021\/10\/voice-acoustic-cxn-16-teaser.png","contentUrl":"https:\/\/voice-acoustic.vn\/wp-content\/uploads\/2021\/10\/voice-acoustic-cxn-16-teaser.png","width":400,"height":320},{"@type":"WebPage","@id":"https:\/\/voice-acoustic.vn\/?product=cxn-16#webpage","url":"https:\/\/voice-acoustic.vn\/?product=cxn-16","name":"CXN-16 - Voice-Acoustic","isPartOf":{"@id":"https:\/\/voice-acoustic.vn\/#website"},"primaryImageOfPage":{"@id":"https:\/\/voice-acoustic.vn\/?product=cxn-16#primaryimage"},"datePublished":"2021-10-20T07:12:05+00:00","dateModified":"2022-01-27T05:29:40+00:00","breadcrumb":{"@id":"https:\/\/voice-acoustic.vn\/?product=cxn-16#breadcrumb"},"inLanguage":"vi","potentialAction":[{"@type":"ReadAction","target":["https:\/\/voice-acoustic.vn\/?product=cxn-16"]}]},{"@type":"BreadcrumbList","@id":"https:\/\/voice-acoustic.vn\/?product=cxn-16#breadcrumb","itemListElement":[{"@type":"ListItem","position":1,"name":"Trang ch\u1ee7","item":"https:\/\/voice-acoustic.vn\/"},{"@type":"ListItem","position":2,"name":"..","item":"https:\/\/voice-acoustic.vn\/?page_id=11"},{"@type":"ListItem","position":3,"name":"CXN-16"}]}]}},"_links":{"self":[{"href":"https:\/\/voice-acoustic.vn\/index.php?rest_route=\/wp\/v2\/product\/326","targetHints":{"allow":["GET"]}}],"collection":[{"href":"https:\/\/voice-acoustic.vn\/index.php?rest_route=\/wp\/v2\/product"}],"about":[{"href":"https:\/\/voice-acoustic.vn\/index.php?rest_route=\/wp\/v2\/types\/product"}],"replies":[{"embeddable":true,"href":"https:\/\/voice-acoustic.vn\/index.php?rest_route=%2Fwp%2Fv2%2Fcomments&post=326"}],"wp:featuredmedia":[{"embeddable":true,"href":"https:\/\/voice-acoustic.vn\/index.php?rest_route=\/wp\/v2\/media\/327"}],"wp:attachment":[{"href":"https:\/\/voice-acoustic.vn\/index.php?rest_route=%2Fwp%2Fv2%2Fmedia&parent=326"}],"wp:term":[{"taxonomy":"product_cat","embeddable":true,"href":"https:\/\/voice-acoustic.vn\/index.php?rest_route=%2Fwp%2Fv2%2Fproduct_cat&post=326"},{"taxonomy":"product_tag","embeddable":true,"href":"https:\/\/voice-acoustic.vn\/index.php?rest_route=%2Fwp%2Fv2%2Fproduct_tag&post=326"}],"curies":[{"name":"wp","href":"https:\/\/api.w.org\/{rel}","templated":true}]}}