{"id":337,"date":"2021-10-20T07:22:26","date_gmt":"2021-10-20T07:22:26","guid":{"rendered":"https:\/\/voice-acoustic.vn\/?post_type=product&#038;p=337"},"modified":"2022-01-06T11:10:18","modified_gmt":"2022-01-06T04:10:18","slug":"aleasub-10","status":"publish","type":"product","link":"https:\/\/voice-acoustic.vn\/?product=aleasub-10","title":{"rendered":"Aleasub-10"},"content":{"rendered":"<div class=\"rs-column -large-col-2-1 -large-first -large-first-row -medium-col-2-1 -medium-first -medium-first-row -small-col-1-1 -small-first -small-last -small-first-row\">\n<div class=\"ce_text block\">\n<p>Aleasub-10 l\u00e0 m\u1ed9t loa si\u00eau tr\u1ea7m \u0111\u01b0\u1ee3c thi\u1ebft k\u1ebf \u0111\u1eb7c bi\u1ec7t l\u00e0m ph\u1ea7n m\u1edf r\u1ed9ng t\u1ea7n s\u1ed1 th\u1ea5p c\u1ee7a Alea-4 th\u00e0nh c\u00f4ng c\u1ee7a ch\u00fang t\u00f4i. N\u00f3 ph\u1ee5c v\u1ee5 t\u1ea5t c\u1ea3 c\u00e1c nhu c\u1ea7u v\u1ec1 ph\u01b0\u01a1ng ti\u1ec7n v\u00e0 c\u00e0i \u0111\u1eb7t v\u1edbi thi\u1ebft k\u1ebf hi\u1ec7n \u0111\u1ea1i, k\u00edn \u0111\u00e1o nh\u01b0ng sang tr\u1ecdng v\u00e0 \u0111\u00e1p \u1ee9ng nhu c\u1ea7u v\u1ec1 ki\u1ec3u d\u00e1ng th\u1eadm ch\u00ed ng\u00e0y c\u00e0ng cao. K\u00edch th\u01b0\u1edbc nh\u1ecf \u0111i \u0111\u00f4i v\u1edbi hi\u1ec7u qu\u1ea3 cao, \u00e2m thanh tr\u1ea7m m\u1ea1nh m\u1ebd v\u00e0 kh\u1ea3 n\u0103ng t\u00e1i t\u1ea1o \u00e2m thanh r\u1ea5t ch\u00ednh x\u00e1c. K\u00edch th\u01b0\u1edbc v\u00e0 ki\u1ec3u d\u00e1ng cho ph\u00e9p Aleasub-10 h\u00e0i h\u00f2a v\u00e0o b\u1ea5t k\u1ef3 v\u1ecb tr\u00ed n\u00e0o.<\/p>\n<p>Loa tr\u1ea7m 10&#8243; v\u1edbi cu\u1ed9n d\u00e2y \u00e2m 3&#8243; th\u1ebf h\u1ec7 m\u1edbi nh\u1ea5t c\u00f3 l\u1edbp ph\u1ee7 ch\u1ed1ng \u1ea9m. K\u1ebft n\u1ed1i \u0111\u01b0\u1eddng truy\u1ec1n \u00e2m thanh b\u1edfi hai Neutrik SpeakON v\u00e0 m\u1ed9t \u0111\u1ea7u n\u1ed1i Phoenix Contact 4 c\u1ef1c.<\/p>\n<p>Do thi\u1ebft k\u1ebf \u0111\u1ed3ng nh\u1ea5t, t\u1ea5t c\u1ea3 c\u00e1c loa d\u00f2ng Alea \u0111\u1ec1u mang l\u1ea1i ti\u1ec1m n\u0103ng s\u00e1ng t\u1ea1o nh\u01b0 nhau. Gi\u1ed1ng nh\u01b0 Alea-4, Aleasub-10 c\u00f3 th\u1ec3 \u0111\u01b0\u1ee3c thi\u1ebft k\u1ebf t\u00f9y ch\u1ec9nh v\u1edbi t\u1ea5t c\u1ea3 c\u00e1c m\u00e0u RAL v\u00e0 hi\u1ec7u \u1ee9ng, c\u0169ng nh\u01b0 hai m\u00e0u ho\u1eb7c ba m\u00e0u. M\u1ed9t m\u00e0u kh\u00e1c c\u00f3 th\u1ec3 \u0111\u01b0\u1ee3c ch\u1ec9 \u0111\u1ecbnh cho th\u00f9ng loa, l\u01b0\u1edbi t\u1ea3n nhi\u1ec7t t\u1ed5 ong micromesh v\u00e0 v\u00f2ng th\u00e9p kh\u00f4ng g\u1ec9 trang tr\u00ed. L\u01b0\u1edbi t\u1ea3n nhi\u1ec7t v\u00e0 v\u00f2ng trang tr\u00ed b\u1eb1ng th\u00e9p kh\u00f4ng g\u1ec9 c\u0169ng c\u00f3 th\u1ec3 \u0111\u01b0\u1ee3c m\u1ea1 v\u00e0ng ho\u1eb7c chrome. B\u1eb1ng c\u00e1ch n\u00e0y, b\u1ea1n th\u1eadm ch\u00ed c\u00f3 th\u1ec3 ph\u1ed1i m\u00e0u Aleasub-10 theo nhu c\u1ea7u c\u1ee5 th\u1ec3 c\u1ee7a ri\u00eang b\u1ea1n.<\/p>\n<p>C\u00f3 m\u1ed9t gi\u00e1 \u0111\u1ee1 h\u1ea1ng n\u1eb7ng t\u00f9y ch\u1ecdn \u0111\u1ec3 g\u1eafn h\u1ec7 th\u1ed1ng tr\u00ean tr\u1ea7n nh\u00e0 ho\u1eb7c gi\u00e0n. Gi\u1ed1ng nh\u01b0 Alea-4, ch\u00fang t\u00f4i cung c\u1ea5p gi\u00e1 treo t\u01b0\u1eddng \u0111\u01b0\u1ee3c gi\u1ea5u k\u00edn v\u00e0 trang nh\u00e3. T\u1ea5m m\u1eb7t sau \u0111\u01b0\u1ee3c \u0111\u1eb7t ch\u00ecm v\u00e0o trong th\u00f9ng loa \u0111\u1ec3 l\u1ea1i kh\u00f4ng gian cho gi\u00e1 treo t\u01b0\u1eddng n\u00f4ng v\u00e0 c\u00e1c \u0111\u1ea7u n\u1ed1i Phoenix Contact.<\/p>\n<p>\u0110\u1ec3 s\u1eed d\u1ee5ng di \u0111\u1ed9ng, m\u1ed9t tay c\u1ea7m t\u00f9y ch\u1ecdn c\u00f3 th\u1ec3 \u0111\u01b0\u1ee3c g\u1eafn v\u00e0o t\u1ea5m sau v\u00e0 ch\u00e2n cao su (\u0111i k\u00e8m) \u0111\u01b0\u1ee3c c\u1ed1 \u0111\u1ecbnh v\u00e0o c\u00e1c v\u1ecb tr\u00ed \u0111\u01b0\u1ee3c ch\u1ec9 d\u1eabn \u1edf d\u01b0\u1edbi c\u00f9ng c\u1ee7a th\u00f9ng loa.<\/p>\n<p>T\u1ea5t c\u1ea3 c\u00e1c t\u00ednh n\u0103ng k\u1ef9 thu\u1eadt v\u00e0 h\u00ecnh \u1ea3nh n\u00e0y t\u1ea1o cho Aleasub-10 th\u00e0nh m\u1ed9t c\u00f4ng c\u1ee5 \u0111a n\u0103ng chuy\u00ean nghi\u1ec7p \u0111\u1ec3 th\u1ef1c hi\u1ec7n c\u00e1c y\u00eau c\u1ea7u c\u1ee7a b\u1ea1n. C\u00f9ng v\u1edbi loa trung-cao Alea-4, t\u1ea1o th\u00e0nh m\u1ed9t h\u1ec7 th\u1ed1ng PA mini nh\u1ecf g\u1ecdn v\u00e0 \u0111\u1eb9p m\u1eaft.<\/p>\n<\/div>\n<\/div>\n<div class=\"ce_rs_column_start rs-column -large-col-2-1 -large-last -large-first-row -medium-col-2-1 -medium-last -medium-first-row -small-col-1-1 -small-first -small-last\">\n<div class=\"ce_text block\">\n<h3>\u0110i\u1ec1u khi\u1ec3n<\/h3>\n<p>Aleasub-10 \u0111\u01b0\u1ee3c v\u1eadn h\u00e0nh tr\u00ean m\u1ed9t k\u00eanh (2400W \/ 4 \u03a9) c\u1ee7a b\u1ed9 khu\u1ebfch \u0111\u1ea1i HDSP-6, HDSP-4 ho\u1eb7c HDSP-3.<\/p>\n<p>Loa tr\u1ea7m \u0111\u01b0\u1ee3c th\u1ef1c hi\u1ec7n \u1edf 8 \u03a9, do \u0111\u00f3 d\u1eabn \u0111\u1ebfn tr\u1edf kh\u00e1ng 4 \u03a9.<\/p>\n<p>Trong c\u00e1c b\u1ed9 khu\u1ebfch \u0111\u1ea1i HDSP \u0111\u01b0\u1ee3c bao g\u1ed3m c\u00e1c c\u00e0i \u0111\u1eb7t \u0111\u1eb7t tr\u01b0\u1edbc \u0111\u1ec3 k\u1ebft h\u1ee3p v\u1edbi Voice Acoustic Alea-4.<\/p>\n<p>T\u1ea1i m\u1ed9t HDSP-6, HDSP-4 l\u00ean \u0111\u1ebfn 4 x v\u00e0 HDSP-3 l\u00ean \u0111\u1ebfn 2 x Aleasub-10 c\u00f3 th\u1ec3 \u0111\u01b0\u1ee3c k\u1ebft n\u1ed1i.<\/p>\n<\/div>\n<\/div>\n<p>&nbsp;<\/p>\n<p>&nbsp;<\/p>\n<p><a href=\"https:\/\/voice-acoustic.vn\/wp-content\/uploads\/2021\/10\/voice-acoustic-aleasub-10-ueber-hdsp-6.jpg\"><span style=\"color: #282828;\"><img loading=\"lazy\" decoding=\"async\" class=\"wp-image-668 aligncenter\" src=\"https:\/\/voice-acoustic.vn\/wp-content\/uploads\/2021\/10\/voice-acoustic-aleasub-10-ueber-hdsp-6-300x73.jpg\" alt=\"\" width=\"423\" height=\"103\" srcset=\"https:\/\/voice-acoustic.vn\/wp-content\/uploads\/2021\/10\/voice-acoustic-aleasub-10-ueber-hdsp-6-300x73.jpg 300w, https:\/\/voice-acoustic.vn\/wp-content\/uploads\/2021\/10\/voice-acoustic-aleasub-10-ueber-hdsp-6-768x188.jpg 768w, https:\/\/voice-acoustic.vn\/wp-content\/uploads\/2021\/10\/voice-acoustic-aleasub-10-ueber-hdsp-6-400x98.jpg 400w, https:\/\/voice-acoustic.vn\/wp-content\/uploads\/2021\/10\/voice-acoustic-aleasub-10-ueber-hdsp-6-600x147.jpg 600w, https:\/\/voice-acoustic.vn\/wp-content\/uploads\/2021\/10\/voice-acoustic-aleasub-10-ueber-hdsp-6.jpg 1002w\" sizes=\"auto, (max-width: 423px) 100vw, 423px\" \/><\/span><\/a><\/p>\n<div class=\"ce_image mittig block\" style=\"text-align: center;\">\n<figure class=\"image_container\"><figcaption class=\"caption\"><span style=\"color: #ed1c24;\">Aleasub-10 via HDSP-6<\/span><\/figcaption><\/figure>\n<\/div>\n<div class=\"ce_image mittig block\"><\/div>\n<div class=\"ce_image mittig block\"><\/div>\n<p><span style=\"color: #282828;\"><a style=\"color: #282828;\" href=\"https:\/\/voice-acoustic.vn\/wp-content\/uploads\/2021\/10\/voice-acoustic-aleasub-10-ueber-hdsp-3.jpg\"><img loading=\"lazy\" decoding=\"async\" class=\"wp-image-667 aligncenter\" src=\"https:\/\/voice-acoustic.vn\/wp-content\/uploads\/2021\/10\/voice-acoustic-aleasub-10-ueber-hdsp-3-300x98.jpg\" alt=\"\" width=\"456\" height=\"149\" srcset=\"https:\/\/voice-acoustic.vn\/wp-content\/uploads\/2021\/10\/voice-acoustic-aleasub-10-ueber-hdsp-3-300x98.jpg 300w, https:\/\/voice-acoustic.vn\/wp-content\/uploads\/2021\/10\/voice-acoustic-aleasub-10-ueber-hdsp-3-400x130.jpg 400w, https:\/\/voice-acoustic.vn\/wp-content\/uploads\/2021\/10\/voice-acoustic-aleasub-10-ueber-hdsp-3-600x195.jpg 600w, https:\/\/voice-acoustic.vn\/wp-content\/uploads\/2021\/10\/voice-acoustic-aleasub-10-ueber-hdsp-3.jpg 682w\" sizes=\"auto, (max-width: 456px) 100vw, 456px\" \/><\/a><\/span><\/p>\n<div class=\"rs-columns ce_rs_columns_start\">\n<div class=\"ce_rs_column_startrs-column -large-col-2-1 -large-last -large-first-row -medium-col-2-1 -medium-last -medium-first-row -small-col-1-1 -small-first -small-last\">\n<div class=\"ce_image mittig block\" style=\"text-align: center;\">\n<figure class=\"image_container\"><figcaption class=\"caption\"><span style=\"color: #ed1c24;\">Aleasub-10 via HDSP-3<\/span><\/figcaption><\/figure>\n<\/div>\n<\/div>\n<\/div>\n<div id=\"scroll-down\"><\/div>\n<p><span style=\"color: #282828;\">\u00a0\u00a0\u00a0\u00a0\u00a0\u00a0<a style=\"color: #282828;\" href=\"https:\/\/voice-acoustic.vn\/wp-content\/uploads\/2021\/10\/voice-acoustic-aleasub-10-cad-001.jpg\">\u00a0<\/a><\/span><br \/>\n<span style=\"color: #282828;\">\n  <div class=\"banner has-hover\" id=\"banner-1734031103\">\n          <div class=\"banner-inner fill\">\n        <div class=\"banner-bg fill\" >\n            <div class=\"bg fill bg-fill \"><\/div>\n            \t<div class=\"video-overlay no-click fill\"><\/div>\n\t<div id=\"ytplayer-910\" class=\"ux-youtube fill object-fit hide-for-medium\" data-videoid=\"7P7LrIafn1E\" data-loop=\"1\" data-audio=\"0\"><\/div>\n                        \n                    <\/div>\n        <div class=\"banner-layers container\">\n            <a class=\"fill\" href=\"https:\/\/www.youtube.com\/watch?v=7P7LrIafn1E\" target=\"_blank\" rel=\"noopener noreferrer\" ><div class=\"fill banner-link\"><\/div><\/a>            <\/span><\/p>\n<p><span style=\"color: #282828;\">        <\/div>\n      <\/div>\n\n            \n<style>\n#banner-1734031103 {\n  padding-top: 500px;\n}\n<\/style>\n  <\/div>\n\n<\/span><\/p>\n<p>&nbsp;<\/p>\n<p><a href=\"https:\/\/voice-acoustic.vn\/wp-content\/uploads\/2021\/10\/voice-acoustic-aleasub-10-cad-001.jpg\"><span style=\"color: #282828;\"><img loading=\"lazy\" decoding=\"async\" class=\" wp-image-666 alignright\" src=\"https:\/\/voice-acoustic.vn\/wp-content\/uploads\/2021\/10\/voice-acoustic-aleasub-10-cad-001-300x244.jpg\" alt=\"\" width=\"504\" height=\"410\" srcset=\"https:\/\/voice-acoustic.vn\/wp-content\/uploads\/2021\/10\/voice-acoustic-aleasub-10-cad-001-300x244.jpg 300w, https:\/\/voice-acoustic.vn\/wp-content\/uploads\/2021\/10\/voice-acoustic-aleasub-10-cad-001-1024x832.jpg 1024w, https:\/\/voice-acoustic.vn\/wp-content\/uploads\/2021\/10\/voice-acoustic-aleasub-10-cad-001-768x624.jpg 768w, https:\/\/voice-acoustic.vn\/wp-content\/uploads\/2021\/10\/voice-acoustic-aleasub-10-cad-001-1536x1248.jpg 1536w, https:\/\/voice-acoustic.vn\/wp-content\/uploads\/2021\/10\/voice-acoustic-aleasub-10-cad-001-1320x1073.jpg 1320w, https:\/\/voice-acoustic.vn\/wp-content\/uploads\/2021\/10\/voice-acoustic-aleasub-10-cad-001-400x325.jpg 400w, https:\/\/voice-acoustic.vn\/wp-content\/uploads\/2021\/10\/voice-acoustic-aleasub-10-cad-001-600x488.jpg 600w, https:\/\/voice-acoustic.vn\/wp-content\/uploads\/2021\/10\/voice-acoustic-aleasub-10-cad-001.jpg 1920w\" sizes=\"auto, (max-width: 504px) 100vw, 504px\" \/><\/span><\/a><\/p>\n<div class=\"inside\">\n<div class=\"inside\">\n<h2>Th\u00f4ng s\u1ed1 k\u1ef9 thu\u1eadt<\/h2>\n<\/div>\n<div class=\"rs-columns ce_rs_columns_start\">\n<div class=\"rs-column -large-col-2-1 -large-first -large-first-row -medium-col-2-1 -medium-first -medium-first-row -small-col-1-1 -small-first -small-last -small-first-row\">\n<div class=\"ce_text block\">\n<p><strong>Drivers<\/strong><br \/>\n1 x 10 &#8220;Ferrit woofer v\u1edbi 3&#8221; voice coil<\/p>\n<p><strong>T\u1ea7n s\u1ed1 cut-off<\/strong><br \/>\n39 Hz (- 10 dB)<br \/>\n49 Hz (- 3 dB)<\/p>\n<p><strong>Tr\u1edf kh\u00e1ng<\/strong><br \/>\n8 \u03a9<\/p>\n<p><strong>C\u1ed3ng su\u1ea5t (AES\/Program\/Peak)<\/strong><br \/>\n350W \/ 700W \/ 1400W<\/p>\n<p><strong>\u0110\u1ed9 nh\u1ea1y 1W \/ 1m<\/strong><br \/>\n92dB SPL (n\u1eeda kh\u00f4ng gian)<\/p>\n<p><strong>\u00c1p su\u1ea5t \u00e2m thanh \u1edf (AES\/Program\/Peak)<\/strong><br \/>\n117dB SPL \/ 120dB SPL \/ 123dB SPL<\/p>\n<p><strong>K\u1ebft n\u1ed1i<\/strong><br \/>\n2 x NEUTRIK NL4 IN \/ OUT 2 +\/- (4-pole looped-through)<br \/>\n1 x \u0111\u1ea7u n\u1ed1i ti\u1ebfp \u0111i\u1ec3m Phoenix, 4 c\u1ef1c \u0111\u01b0\u1ee3c chia th\u00e0nh 2 x IN v\u00e0 2 x OUT th\u00f4ng qua c\u00f3 d\u00e2y v\u1edbi SpeakON<\/p>\n<p><strong>Ho\u00e0n thi\u1ec7n<\/strong><br \/>\nS\u01a1n ph\u1ee7 Polyurea m\u00e3 RAL 9005. <a title=\"Th\u00f4ng tin th\u00eam v\u1ec1 m\u00e0u s\u1eafc \u0111\u1eb7c bi\u1ec7t!\" href=\"https:\/\/voice-acoustic.de\/service\/special-colours.html\" target=\"_blank\" rel=\"noopener\">M\u00e0u \u0111\u1eb7c bi\u1ec7t<\/a> c\u00f3 th\u1ec3 \u0111\u1eb7t h\u00e0ng v\u1edbi l\u1edbp s\u01a1n Warnex.<\/p>\n<p><strong>K\u00edch th\u01b0\u1edbc \/ Tr\u1ecdng l\u01b0\u1ee3ng<\/strong><br \/>\n363 (H) x 306 (W) x 430 mm (D) \/ 14,7 kg<\/p>\n<\/div>\n<\/div>\n<\/div>\n<\/div>\n","protected":false},"excerpt":{"rendered":"<ul class=\"ul_style_check\">\n<li><span style=\"color: #282828;\">Loa si\u00eau tr\u1ea7m nh\u1ecf g\u1ecdn 1 x 10 &#8220;<\/span><\/li>\n<li><span style=\"color: #282828;\">Nhi\u1ec1u m\u00e0u c\u00f3 th\u1ec3 c\u00f3 hai m\u00e0u ho\u1eb7c ba m\u00e0u<\/span><\/li>\n<li><span style=\"color: #282828;\">Khung ch\u1eef U \u0111\u1ec3 l\u1eafp \u0111\u1eb7t tr\u1ea7n, s\u00e0n ho\u1eb7c gi\u00e0n<\/span><\/li>\n<li><span style=\"color: #282828;\">M\u1eb7t l\u1ed7 M20 \u0111\u1ec3 l\u1eafp thanh loa<\/span><\/li>\n<li><span style=\"color: #282828;\">Tay c\u1ea7m c\u00f3 th\u1ec3 \u0111\u01b0\u1ee3c g\u1eafn v\u00e0o t\u1ea5m sau (t\u00f9y ch\u1ecdn)<\/span><\/li>\n<li><span style=\"color: #282828;\">Khung treo t\u01b0\u1eddng\u00a0 (t\u00f9y ch\u1ecdn)<\/span><\/li>\n<li><span style=\"color: #282828;\">\u0110\u1ea7u n\u1ed1i ti\u1ebfp x\u00fac Neutrik v\u00e0 Phoenix<\/span><\/li>\n<li><span style=\"color: #282828;\">Thi\u1ebft k\u1ebf c\u00f3 th\u1ec3 ch\u1ecbu \u0111\u01b0\u1ee3c th\u1eddi ti\u1ebft ngo\u00e0i tr\u1eddi<\/span><\/li>\n<\/ul>\n","protected":false},"featured_media":338,"comment_status":"closed","ping_status":"closed","template":"","meta":{"spay_email":""},"product_cat":[25],"product_tag":[],"class_list":{"0":"post-337","1":"product","2":"type-product","3":"status-publish","4":"has-post-thumbnail","6":"product_cat-alea-series-compact-design-speakers","8":"first","9":"instock","10":"shipping-taxable","11":"product-type-simple"},"yoast_head":"<!-- This site is optimized with the Yoast SEO plugin v17.6 - https:\/\/yoast.com\/wordpress\/plugins\/seo\/ -->\n<title>Aleasub-10 - Voice-Acoustic<\/title>\n<meta name=\"robots\" content=\"index, follow, max-snippet:-1, max-image-preview:large, max-video-preview:-1\" \/>\n<link rel=\"canonical\" href=\"https:\/\/voice-acoustic.vn\/?product=aleasub-10\" \/>\n<meta property=\"og:locale\" content=\"vi_VN\" \/>\n<meta property=\"og:type\" content=\"article\" \/>\n<meta property=\"og:title\" content=\"Aleasub-10 - Voice-Acoustic\" \/>\n<meta property=\"og:description\" content=\"Loa si\u00eau tr\u1ea7m nh\u1ecf g\u1ecdn 1 x 10 &quot;  Nhi\u1ec1u m\u00e0u c\u00f3 th\u1ec3 c\u00f3 hai m\u00e0u ho\u1eb7c ba m\u00e0u  Khung ch\u1eef U \u0111\u1ec3 l\u1eafp \u0111\u1eb7t tr\u1ea7n, s\u00e0n ho\u1eb7c gi\u00e0n  M\u1eb7t l\u1ed7 M20 \u0111\u1ec3 l\u1eafp thanh loa  Tay c\u1ea7m c\u00f3 th\u1ec3 \u0111\u01b0\u1ee3c g\u1eafn v\u00e0o t\u1ea5m sau (t\u00f9y ch\u1ecdn)  Khung treo t\u01b0\u1eddng\u00a0 (t\u00f9y ch\u1ecdn)  \u0110\u1ea7u n\u1ed1i ti\u1ebfp x\u00fac Neutrik v\u00e0 Phoenix  Thi\u1ebft k\u1ebf c\u00f3 th\u1ec3 ch\u1ecbu \u0111\u01b0\u1ee3c th\u1eddi ti\u1ebft ngo\u00e0i tr\u1eddi\" \/>\n<meta property=\"og:url\" content=\"https:\/\/voice-acoustic.vn\/?product=aleasub-10\" \/>\n<meta property=\"og:site_name\" content=\"Voice-Acoustic\" \/>\n<meta property=\"article:modified_time\" content=\"2022-01-06T04:10:18+00:00\" \/>\n<meta property=\"og:image\" content=\"https:\/\/voice-acoustic.vn\/wp-content\/uploads\/2021\/10\/voice-acoustic-aleasub-10-teaser.png\" \/>\n\t<meta property=\"og:image:width\" content=\"400\" \/>\n\t<meta property=\"og:image:height\" content=\"320\" \/>\n<meta name=\"twitter:card\" content=\"summary_large_image\" \/>\n<meta name=\"twitter:label1\" content=\"\u01af\u1edbc t\u00ednh th\u1eddi gian \u0111\u1ecdc\" \/>\n\t<meta name=\"twitter:data1\" content=\"4 ph\u00fat\" \/>\n<script type=\"application\/ld+json\" class=\"yoast-schema-graph\">{\"@context\":\"https:\/\/schema.org\",\"@graph\":[{\"@type\":\"WebSite\",\"@id\":\"https:\/\/voice-acoustic.vn\/#website\",\"url\":\"https:\/\/voice-acoustic.vn\/\",\"name\":\"Voice-Acoustic\",\"description\":\"\",\"potentialAction\":[{\"@type\":\"SearchAction\",\"target\":{\"@type\":\"EntryPoint\",\"urlTemplate\":\"https:\/\/voice-acoustic.vn\/?s={search_term_string}\"},\"query-input\":\"required name=search_term_string\"}],\"inLanguage\":\"vi\"},{\"@type\":\"ImageObject\",\"@id\":\"https:\/\/voice-acoustic.vn\/?product=aleasub-10#primaryimage\",\"inLanguage\":\"vi\",\"url\":\"https:\/\/voice-acoustic.vn\/wp-content\/uploads\/2021\/10\/voice-acoustic-aleasub-10-teaser.png\",\"contentUrl\":\"https:\/\/voice-acoustic.vn\/wp-content\/uploads\/2021\/10\/voice-acoustic-aleasub-10-teaser.png\",\"width\":400,\"height\":320},{\"@type\":\"WebPage\",\"@id\":\"https:\/\/voice-acoustic.vn\/?product=aleasub-10#webpage\",\"url\":\"https:\/\/voice-acoustic.vn\/?product=aleasub-10\",\"name\":\"Aleasub-10 - Voice-Acoustic\",\"isPartOf\":{\"@id\":\"https:\/\/voice-acoustic.vn\/#website\"},\"primaryImageOfPage\":{\"@id\":\"https:\/\/voice-acoustic.vn\/?product=aleasub-10#primaryimage\"},\"datePublished\":\"2021-10-20T07:22:26+00:00\",\"dateModified\":\"2022-01-06T04:10:18+00:00\",\"breadcrumb\":{\"@id\":\"https:\/\/voice-acoustic.vn\/?product=aleasub-10#breadcrumb\"},\"inLanguage\":\"vi\",\"potentialAction\":[{\"@type\":\"ReadAction\",\"target\":[\"https:\/\/voice-acoustic.vn\/?product=aleasub-10\"]}]},{\"@type\":\"BreadcrumbList\",\"@id\":\"https:\/\/voice-acoustic.vn\/?product=aleasub-10#breadcrumb\",\"itemListElement\":[{\"@type\":\"ListItem\",\"position\":1,\"name\":\"Trang ch\\u1ee7\",\"item\":\"https:\/\/voice-acoustic.vn\/\"},{\"@type\":\"ListItem\",\"position\":2,\"name\":\"..\",\"item\":\"https:\/\/voice-acoustic.vn\/?page_id=11\"},{\"@type\":\"ListItem\",\"position\":3,\"name\":\"Aleasub-10\"}]}]}<\/script>\n<!-- \/ Yoast SEO plugin. -->","yoast_head_json":{"title":"Aleasub-10 - Voice-Acoustic","robots":{"index":"index","follow":"follow","max-snippet":"max-snippet:-1","max-image-preview":"max-image-preview:large","max-video-preview":"max-video-preview:-1"},"canonical":"https:\/\/voice-acoustic.vn\/?product=aleasub-10","og_locale":"vi_VN","og_type":"article","og_title":"Aleasub-10 - Voice-Acoustic","og_description":"Loa si\u00eau tr\u1ea7m nh\u1ecf g\u1ecdn 1 x 10 \"  Nhi\u1ec1u m\u00e0u c\u00f3 th\u1ec3 c\u00f3 hai m\u00e0u ho\u1eb7c ba m\u00e0u  Khung ch\u1eef U \u0111\u1ec3 l\u1eafp \u0111\u1eb7t tr\u1ea7n, s\u00e0n ho\u1eb7c gi\u00e0n  M\u1eb7t l\u1ed7 M20 \u0111\u1ec3 l\u1eafp thanh loa  Tay c\u1ea7m c\u00f3 th\u1ec3 \u0111\u01b0\u1ee3c g\u1eafn v\u00e0o t\u1ea5m sau (t\u00f9y ch\u1ecdn)  Khung treo t\u01b0\u1eddng\u00a0 (t\u00f9y ch\u1ecdn)  \u0110\u1ea7u n\u1ed1i ti\u1ebfp x\u00fac Neutrik v\u00e0 Phoenix  Thi\u1ebft k\u1ebf c\u00f3 th\u1ec3 ch\u1ecbu \u0111\u01b0\u1ee3c th\u1eddi ti\u1ebft ngo\u00e0i tr\u1eddi","og_url":"https:\/\/voice-acoustic.vn\/?product=aleasub-10","og_site_name":"Voice-Acoustic","article_modified_time":"2022-01-06T04:10:18+00:00","og_image":[{"width":400,"height":320,"url":"https:\/\/voice-acoustic.vn\/wp-content\/uploads\/2021\/10\/voice-acoustic-aleasub-10-teaser.png","type":"image\/png"}],"twitter_card":"summary_large_image","twitter_misc":{"\u01af\u1edbc t\u00ednh th\u1eddi gian \u0111\u1ecdc":"4 ph\u00fat"},"schema":{"@context":"https:\/\/schema.org","@graph":[{"@type":"WebSite","@id":"https:\/\/voice-acoustic.vn\/#website","url":"https:\/\/voice-acoustic.vn\/","name":"Voice-Acoustic","description":"","potentialAction":[{"@type":"SearchAction","target":{"@type":"EntryPoint","urlTemplate":"https:\/\/voice-acoustic.vn\/?s={search_term_string}"},"query-input":"required name=search_term_string"}],"inLanguage":"vi"},{"@type":"ImageObject","@id":"https:\/\/voice-acoustic.vn\/?product=aleasub-10#primaryimage","inLanguage":"vi","url":"https:\/\/voice-acoustic.vn\/wp-content\/uploads\/2021\/10\/voice-acoustic-aleasub-10-teaser.png","contentUrl":"https:\/\/voice-acoustic.vn\/wp-content\/uploads\/2021\/10\/voice-acoustic-aleasub-10-teaser.png","width":400,"height":320},{"@type":"WebPage","@id":"https:\/\/voice-acoustic.vn\/?product=aleasub-10#webpage","url":"https:\/\/voice-acoustic.vn\/?product=aleasub-10","name":"Aleasub-10 - Voice-Acoustic","isPartOf":{"@id":"https:\/\/voice-acoustic.vn\/#website"},"primaryImageOfPage":{"@id":"https:\/\/voice-acoustic.vn\/?product=aleasub-10#primaryimage"},"datePublished":"2021-10-20T07:22:26+00:00","dateModified":"2022-01-06T04:10:18+00:00","breadcrumb":{"@id":"https:\/\/voice-acoustic.vn\/?product=aleasub-10#breadcrumb"},"inLanguage":"vi","potentialAction":[{"@type":"ReadAction","target":["https:\/\/voice-acoustic.vn\/?product=aleasub-10"]}]},{"@type":"BreadcrumbList","@id":"https:\/\/voice-acoustic.vn\/?product=aleasub-10#breadcrumb","itemListElement":[{"@type":"ListItem","position":1,"name":"Trang ch\u1ee7","item":"https:\/\/voice-acoustic.vn\/"},{"@type":"ListItem","position":2,"name":"..","item":"https:\/\/voice-acoustic.vn\/?page_id=11"},{"@type":"ListItem","position":3,"name":"Aleasub-10"}]}]}},"_links":{"self":[{"href":"https:\/\/voice-acoustic.vn\/index.php?rest_route=\/wp\/v2\/product\/337","targetHints":{"allow":["GET"]}}],"collection":[{"href":"https:\/\/voice-acoustic.vn\/index.php?rest_route=\/wp\/v2\/product"}],"about":[{"href":"https:\/\/voice-acoustic.vn\/index.php?rest_route=\/wp\/v2\/types\/product"}],"replies":[{"embeddable":true,"href":"https:\/\/voice-acoustic.vn\/index.php?rest_route=%2Fwp%2Fv2%2Fcomments&post=337"}],"wp:featuredmedia":[{"embeddable":true,"href":"https:\/\/voice-acoustic.vn\/index.php?rest_route=\/wp\/v2\/media\/338"}],"wp:attachment":[{"href":"https:\/\/voice-acoustic.vn\/index.php?rest_route=%2Fwp%2Fv2%2Fmedia&parent=337"}],"wp:term":[{"taxonomy":"product_cat","embeddable":true,"href":"https:\/\/voice-acoustic.vn\/index.php?rest_route=%2Fwp%2Fv2%2Fproduct_cat&post=337"},{"taxonomy":"product_tag","embeddable":true,"href":"https:\/\/voice-acoustic.vn\/index.php?rest_route=%2Fwp%2Fv2%2Fproduct_tag&post=337"}],"curies":[{"name":"wp","href":"https:\/\/api.w.org\/{rel}","templated":true}]}}