{"id":449,"date":"2021-10-26T02:30:55","date_gmt":"2021-10-26T02:30:55","guid":{"rendered":"https:\/\/voice-acoustic.vn\/?post_type=product&#038;p=449"},"modified":"2022-01-27T15:39:00","modified_gmt":"2022-01-27T08:39:00","slug":"ikarray-8","status":"publish","type":"product","link":"https:\/\/voice-acoustic.vn\/?product=ikarray-8","title":{"rendered":"Ikarray-8"},"content":{"rendered":"<p>C\u00e1c c\u00e0i \u0111\u1eb7t m\u1eb7c \u0111\u1ecbnh cho t\u1ea5t c\u1ea3 c\u00e1c c\u1ea5u h\u00ecnh 5\u00b0 v\u00e0 15\u00b0 \u0111\u01b0\u1ee3c l\u01b0u tr\u1eef trong b\u1ed9 khu\u1ebfch \u0111\u1ea1i HDSP Voice-Acoustic v\u00e0 c\u00e1c loa si\u00eau tr\u1ea7m t\u1ef1 c\u1ea5p ngu\u1ed3n v\u00e0 \u0111\u1ea3m b\u1ea3o cho ng\u01b0\u1eddi d\u00f9ng m\u1ed9t k\u1ebft qu\u1ea3 t\u1ed1i \u01b0u. Ikarray-8 \u0111\u01b0\u1ee3c t\u1ea3i b\u1edfi m\u1ed9t k\u00eanh khu\u1ebfch \u0111\u1ea1i c\u00f4ng su\u1ea5t 800W. M\u1ed9t loa si\u00eau tr\u1ea7m th\u1ee9 hai v\u00e0 hai m\u1ea3ng I th\u1ee5 \u0111\u1ed9ng c\u00f3 th\u1ec3 ho\u1ea1t \u0111\u1ed9ng trong h\u1ec7 th\u1ed1ng \u00e2m thanh n\u1ed5i tr\u00ean m\u1ed9t loa si\u00eau tr\u1ea7m t\u00edch h\u1ee3p b\u1ed9 khu\u1ebfch \u0111\u1ea1i. 4 x loa si\u00eau tr\u1ea7m v\u00e0 4 x Ikarray-8 c\u00f3 th\u1ec3 \u0111\u01b0\u1ee3c k\u1ebft n\u1ed1i v\u1edbi HDSP-6 v\u00e0 l\u00e0 m\u1ed9t trong nh\u1eefng h\u1ec7 th\u1ed1ng line array ti\u1ebft ki\u1ec7m nh\u1ea5t tr\u00ean th\u1ecb tr\u01b0\u1eddng.<\/p>\n<p>&nbsp;<\/p>\n<p>&nbsp;<\/p>\n<p><a href=\"https:\/\/voice-acoustic.vn\/wp-content\/uploads\/2021\/10\/ikarray-8-konfigurationen.png\"><img loading=\"lazy\" decoding=\"async\" class=\"aligncenter wp-image-864 size-medium\" src=\"https:\/\/voice-acoustic.vn\/wp-content\/uploads\/2021\/10\/ikarray-8-konfigurationen-285x300.png\" alt=\"\" width=\"285\" height=\"300\" srcset=\"https:\/\/voice-acoustic.vn\/wp-content\/uploads\/2021\/10\/ikarray-8-konfigurationen-285x300.png 285w, https:\/\/voice-acoustic.vn\/wp-content\/uploads\/2021\/10\/ikarray-8-konfigurationen-972x1024.png 972w, https:\/\/voice-acoustic.vn\/wp-content\/uploads\/2021\/10\/ikarray-8-konfigurationen-768x809.png 768w, https:\/\/voice-acoustic.vn\/wp-content\/uploads\/2021\/10\/ikarray-8-konfigurationen-1458x1536.png 1458w, https:\/\/voice-acoustic.vn\/wp-content\/uploads\/2021\/10\/ikarray-8-konfigurationen-1943x2048.png 1943w, https:\/\/voice-acoustic.vn\/wp-content\/uploads\/2021\/10\/ikarray-8-konfigurationen-1320x1391.png 1320w, https:\/\/voice-acoustic.vn\/wp-content\/uploads\/2021\/10\/ikarray-8-konfigurationen-400x422.png 400w, https:\/\/voice-acoustic.vn\/wp-content\/uploads\/2021\/10\/ikarray-8-konfigurationen-600x632.png 600w, https:\/\/voice-acoustic.vn\/wp-content\/uploads\/2021\/10\/ikarray-8-konfigurationen.png 1987w\" sizes=\"auto, (max-width: 285px) 100vw, 285px\" \/><\/a><\/p>\n<p style=\"text-align: center;\"><span style=\"font-size: 75%;\">C\u1ea5u h\u00ecnh Ikarray-8<\/span><\/p>\n<div id=\"scroll-down\"><\/div>\n<p>&nbsp;<\/p>\n<p>&nbsp;<\/p>\n<p><a href=\"https:\/\/voice-acoustic.vn\/wp-content\/uploads\/2021\/10\/voice-acoustic-ikarray-8-cad-001.jpg\"><img loading=\"lazy\" decoding=\"async\" class=\"wp-image-865 alignright\" src=\"https:\/\/voice-acoustic.vn\/wp-content\/uploads\/2021\/10\/voice-acoustic-ikarray-8-cad-001-300x245.jpg\" alt=\"\" width=\"569\" height=\"465\" srcset=\"https:\/\/voice-acoustic.vn\/wp-content\/uploads\/2021\/10\/voice-acoustic-ikarray-8-cad-001-300x245.jpg 300w, https:\/\/voice-acoustic.vn\/wp-content\/uploads\/2021\/10\/voice-acoustic-ikarray-8-cad-001-1024x837.jpg 1024w, https:\/\/voice-acoustic.vn\/wp-content\/uploads\/2021\/10\/voice-acoustic-ikarray-8-cad-001-768x628.jpg 768w, https:\/\/voice-acoustic.vn\/wp-content\/uploads\/2021\/10\/voice-acoustic-ikarray-8-cad-001-1536x1255.jpg 1536w, https:\/\/voice-acoustic.vn\/wp-content\/uploads\/2021\/10\/voice-acoustic-ikarray-8-cad-001-1320x1079.jpg 1320w, https:\/\/voice-acoustic.vn\/wp-content\/uploads\/2021\/10\/voice-acoustic-ikarray-8-cad-001-400x327.jpg 400w, https:\/\/voice-acoustic.vn\/wp-content\/uploads\/2021\/10\/voice-acoustic-ikarray-8-cad-001-600x490.jpg 600w, https:\/\/voice-acoustic.vn\/wp-content\/uploads\/2021\/10\/voice-acoustic-ikarray-8-cad-001.jpg 2002w\" sizes=\"auto, (max-width: 569px) 100vw, 569px\" \/><\/a><\/p>\n<div class=\"inside\">\n<h2>Th\u00f4ng s\u1ed1 k\u1ef9 thu\u00e2\u0323t<\/h2>\n<\/div>\n<div class=\"rs-columns ce_rs_columns_start\">\n<div class=\"rs-column -large-col-2-1 -large-first -large-first-row -medium-col-2-1 -medium-first -medium-first-row -small-col-1-1 -small-first -small-last -small-first-row\">\n<div class=\"ce_text block\">\n<p><strong>Drivers<\/strong><\/p>\n<p>LF: 2 x 8&#8243; neo cu\u1ed9n d\u00e2y \u00e2m 65mm (2.5&#8243;)<br \/>\nHF: neo, 4 x 1&#8243; cu\u1ed9n d\u00e2y \u00e2m 44mm (1.75&#8243;)<\/p>\n<p><strong>D\u1ea3i t\u1ea5n s\u1ed1 15\u00b0<\/strong><br \/>\n80Hz &#8211; 19kHz (- 10dB)<br \/>\n117Hz &#8211; 16kHz (+\/- 3dB)<\/p>\n<p><strong>D\u1ea3i t\u1ea7n s\u1ed1 5\u00b0<\/strong><br \/>\n80Hz &#8211; 19kHz (- 10dB)<br \/>\n117Hz &#8211; 16kHz (+\/- 3dB)<\/p>\n<p><strong>G\u00f3c ph\u1ee7 \u00e2m (hxv)<\/strong><br \/>\n100\u00b0 x 15\u00b0 ho\u1eb7c 100\u00b0 x 5\u00b0 t\u00f9y thu\u1ed9c v\u00e0o phi\u00ean b\u1ea3n<\/p>\n<p><strong>Tr\u1edf kh\u00e1ng<\/strong><br \/>\n4\u03a9<\/p>\n<p><strong>C\u00f4ng su\u1ea5t\u00a0<\/strong><strong>(AES\/Program\/Peak)<\/strong><\/p>\n<p>500W \/ 1000W \/ 2000W<\/p>\n<p><strong>\u0110\u1ed9 nh\u1ea1y 1W \/ 1m<\/strong><br \/>\n15\u00b0: 104dB SPL<br \/>\n5\u00b0: 106dB SPL<\/p>\n<p><strong>C\u01b0\u1eddng \u0111\u1ed9 \u00e1p su\u1ea5t \u00e2m thanh (AES\/Program\/Peak)<\/strong><br \/>\n15\u00b0: 131dB SPL \/ 134dB SPL \/ 137dB SPL<br \/>\n5\u00b0: 133dB SPL \/ 136dB SPL \/ 139dB SPL<\/p>\n<p><strong>K\u1ebft n\u1ed1i<\/strong><br \/>\n2 x NEUTRIK NL4 IN \/ OUT 1 +\/-<\/p>\n<p><strong>S\u01a1n ph\u1ee7<\/strong><br \/>\nS\u01a1n ph\u1ee7 polyurea m\u00e3 s\u1ed1 RAL 9005<\/p>\n<p><strong>K\u00edch th\u01b0\u1edbc \/ Tr\u1ecdng l\u01b0\u1ee3ng<\/strong><br \/>\n465 (H) x 513 (W) x 291 mm (D) \/ 26.2 kg<\/p>\n<\/div>\n<\/div>\n<\/div>\n","protected":false},"excerpt":{"rendered":"<ul class=\"ul_style_check\">\n<li>2 x 8&#8243; \/4 x 1&#8243; plug&amp;play Line-Array with passive crossover<\/li>\n<li>Kh\u1ea3 n\u0103ng m\u1edf r\u1ed9ng r\u1ed9ng r\u00e3i 15\u00b0 x 100\u00b0 v\u00e0 5\u00b0 x 100\u00b0<\/li>\n<li>P\u00e1t treo c\u01a1 khi \u0111\u01a1n gi\u1ea3n v\u1edbi t\u00f9y ch\u1ecdn gi\u00e1 ba ch\u00e2n<\/li>\n<li>\u0110\u1ed9 m\u00e9o ti\u1ebfng th\u1ea5p &amp; \u0111\u1ed9 m\u00e9o h\u00e0i th\u1ea5p do b\u1ed9 loa tweeter qu\u00e1 kh\u1ed5 v\u1edbi loa k\u00e8n l\u1edbn<\/li>\n<li>\u0110\u1ed9 l\u1ec7ch th\u1eddi gian ch\u1ea1y \u0111\u01b0\u1ee3c t\u1ed1i \u01b0u h\u00f3a v\u1ec1 m\u1eb7t c\u01a1 h\u1ecdc<\/li>\n<li>Ho\u1ea1t \u0111\u1ed9ng ti\u1ebft ki\u1ec7m tr\u00ean b\u1ed9 khu\u1ebfch \u0111\u1ea1i HDSP v\u00e0 loa si\u00eau tr\u1ea7m t\u1ef1 c\u1ea5p ngu\u1ed3n<\/li>\n<\/ul>\n","protected":false},"featured_media":450,"comment_status":"closed","ping_status":"closed","template":"","meta":{"spay_email":""},"product_cat":[19],"product_tag":[],"class_list":{"0":"post-449","1":"product","2":"type-product","3":"status-publish","4":"has-post-thumbnail","6":"product_cat-ikarray-line-array-systeme","8":"first","9":"instock","10":"shipping-taxable","11":"product-type-simple"},"yoast_head":"<!-- This site is optimized with the Yoast SEO plugin v17.6 - https:\/\/yoast.com\/wordpress\/plugins\/seo\/ -->\n<title>Ikarray-8 - Voice-Acoustic<\/title>\n<meta name=\"robots\" content=\"index, follow, max-snippet:-1, max-image-preview:large, max-video-preview:-1\" \/>\n<link rel=\"canonical\" href=\"https:\/\/voice-acoustic.vn\/?product=ikarray-8\" \/>\n<meta property=\"og:locale\" content=\"vi_VN\" \/>\n<meta property=\"og:type\" content=\"article\" \/>\n<meta property=\"og:title\" content=\"Ikarray-8 - Voice-Acoustic\" \/>\n<meta property=\"og:description\" content=\"2 x 8&quot; \/4 x 1&quot; plug&amp;play Line-Array with passive crossover  Kh\u1ea3 n\u0103ng m\u1edf r\u1ed9ng r\u1ed9ng r\u00e3i 15\u00b0 x 100\u00b0 v\u00e0 5\u00b0 x 100\u00b0  P\u00e1t treo c\u01a1 khi \u0111\u01a1n gi\u1ea3n v\u1edbi t\u00f9y ch\u1ecdn gi\u00e1 ba ch\u00e2n  \u0110\u1ed9 m\u00e9o ti\u1ebfng th\u1ea5p &amp; \u0111\u1ed9 m\u00e9o h\u00e0i th\u1ea5p do b\u1ed9 loa tweeter qu\u00e1 kh\u1ed5 v\u1edbi loa k\u00e8n l\u1edbn  \u0110\u1ed9 l\u1ec7ch th\u1eddi gian ch\u1ea1y \u0111\u01b0\u1ee3c t\u1ed1i \u01b0u h\u00f3a v\u1ec1 m\u1eb7t c\u01a1 h\u1ecdc  Ho\u1ea1t \u0111\u1ed9ng ti\u1ebft ki\u1ec7m tr\u00ean b\u1ed9 khu\u1ebfch \u0111\u1ea1i HDSP v\u00e0 loa si\u00eau tr\u1ea7m t\u1ef1 c\u1ea5p ngu\u1ed3n\" \/>\n<meta property=\"og:url\" content=\"https:\/\/voice-acoustic.vn\/?product=ikarray-8\" \/>\n<meta property=\"og:site_name\" content=\"Voice-Acoustic\" \/>\n<meta property=\"article:modified_time\" content=\"2022-01-27T08:39:00+00:00\" \/>\n<meta property=\"og:image\" content=\"https:\/\/voice-acoustic.vn\/wp-content\/uploads\/2021\/10\/voice-acoustic-ikarray-8-teaser.png\" \/>\n\t<meta property=\"og:image:width\" content=\"400\" \/>\n\t<meta property=\"og:image:height\" content=\"320\" \/>\n<meta name=\"twitter:card\" content=\"summary_large_image\" \/>\n<meta name=\"twitter:label1\" content=\"\u01af\u1edbc t\u00ednh th\u1eddi gian \u0111\u1ecdc\" \/>\n\t<meta name=\"twitter:data1\" content=\"2 ph\u00fat\" \/>\n<script type=\"application\/ld+json\" class=\"yoast-schema-graph\">{\"@context\":\"https:\/\/schema.org\",\"@graph\":[{\"@type\":\"WebSite\",\"@id\":\"https:\/\/voice-acoustic.vn\/#website\",\"url\":\"https:\/\/voice-acoustic.vn\/\",\"name\":\"Voice-Acoustic\",\"description\":\"\",\"potentialAction\":[{\"@type\":\"SearchAction\",\"target\":{\"@type\":\"EntryPoint\",\"urlTemplate\":\"https:\/\/voice-acoustic.vn\/?s={search_term_string}\"},\"query-input\":\"required name=search_term_string\"}],\"inLanguage\":\"vi\"},{\"@type\":\"ImageObject\",\"@id\":\"https:\/\/voice-acoustic.vn\/?product=ikarray-8#primaryimage\",\"inLanguage\":\"vi\",\"url\":\"https:\/\/voice-acoustic.vn\/wp-content\/uploads\/2021\/10\/voice-acoustic-ikarray-8-teaser.png\",\"contentUrl\":\"https:\/\/voice-acoustic.vn\/wp-content\/uploads\/2021\/10\/voice-acoustic-ikarray-8-teaser.png\",\"width\":400,\"height\":320},{\"@type\":\"WebPage\",\"@id\":\"https:\/\/voice-acoustic.vn\/?product=ikarray-8#webpage\",\"url\":\"https:\/\/voice-acoustic.vn\/?product=ikarray-8\",\"name\":\"Ikarray-8 - Voice-Acoustic\",\"isPartOf\":{\"@id\":\"https:\/\/voice-acoustic.vn\/#website\"},\"primaryImageOfPage\":{\"@id\":\"https:\/\/voice-acoustic.vn\/?product=ikarray-8#primaryimage\"},\"datePublished\":\"2021-10-26T02:30:55+00:00\",\"dateModified\":\"2022-01-27T08:39:00+00:00\",\"breadcrumb\":{\"@id\":\"https:\/\/voice-acoustic.vn\/?product=ikarray-8#breadcrumb\"},\"inLanguage\":\"vi\",\"potentialAction\":[{\"@type\":\"ReadAction\",\"target\":[\"https:\/\/voice-acoustic.vn\/?product=ikarray-8\"]}]},{\"@type\":\"BreadcrumbList\",\"@id\":\"https:\/\/voice-acoustic.vn\/?product=ikarray-8#breadcrumb\",\"itemListElement\":[{\"@type\":\"ListItem\",\"position\":1,\"name\":\"Trang ch\\u1ee7\",\"item\":\"https:\/\/voice-acoustic.vn\/\"},{\"@type\":\"ListItem\",\"position\":2,\"name\":\"..\",\"item\":\"https:\/\/voice-acoustic.vn\/?page_id=11\"},{\"@type\":\"ListItem\",\"position\":3,\"name\":\"Ikarray-8\"}]}]}<\/script>\n<!-- \/ Yoast SEO plugin. -->","yoast_head_json":{"title":"Ikarray-8 - Voice-Acoustic","robots":{"index":"index","follow":"follow","max-snippet":"max-snippet:-1","max-image-preview":"max-image-preview:large","max-video-preview":"max-video-preview:-1"},"canonical":"https:\/\/voice-acoustic.vn\/?product=ikarray-8","og_locale":"vi_VN","og_type":"article","og_title":"Ikarray-8 - Voice-Acoustic","og_description":"2 x 8\" \/4 x 1\" plug&amp;play Line-Array with passive crossover  Kh\u1ea3 n\u0103ng m\u1edf r\u1ed9ng r\u1ed9ng r\u00e3i 15\u00b0 x 100\u00b0 v\u00e0 5\u00b0 x 100\u00b0  P\u00e1t treo c\u01a1 khi \u0111\u01a1n gi\u1ea3n v\u1edbi t\u00f9y ch\u1ecdn gi\u00e1 ba ch\u00e2n  \u0110\u1ed9 m\u00e9o ti\u1ebfng th\u1ea5p &amp; \u0111\u1ed9 m\u00e9o h\u00e0i th\u1ea5p do b\u1ed9 loa tweeter qu\u00e1 kh\u1ed5 v\u1edbi loa k\u00e8n l\u1edbn  \u0110\u1ed9 l\u1ec7ch th\u1eddi gian ch\u1ea1y \u0111\u01b0\u1ee3c t\u1ed1i \u01b0u h\u00f3a v\u1ec1 m\u1eb7t c\u01a1 h\u1ecdc  Ho\u1ea1t \u0111\u1ed9ng ti\u1ebft ki\u1ec7m tr\u00ean b\u1ed9 khu\u1ebfch \u0111\u1ea1i HDSP v\u00e0 loa si\u00eau tr\u1ea7m t\u1ef1 c\u1ea5p ngu\u1ed3n","og_url":"https:\/\/voice-acoustic.vn\/?product=ikarray-8","og_site_name":"Voice-Acoustic","article_modified_time":"2022-01-27T08:39:00+00:00","og_image":[{"width":400,"height":320,"url":"https:\/\/voice-acoustic.vn\/wp-content\/uploads\/2021\/10\/voice-acoustic-ikarray-8-teaser.png","type":"image\/png"}],"twitter_card":"summary_large_image","twitter_misc":{"\u01af\u1edbc t\u00ednh th\u1eddi gian \u0111\u1ecdc":"2 ph\u00fat"},"schema":{"@context":"https:\/\/schema.org","@graph":[{"@type":"WebSite","@id":"https:\/\/voice-acoustic.vn\/#website","url":"https:\/\/voice-acoustic.vn\/","name":"Voice-Acoustic","description":"","potentialAction":[{"@type":"SearchAction","target":{"@type":"EntryPoint","urlTemplate":"https:\/\/voice-acoustic.vn\/?s={search_term_string}"},"query-input":"required name=search_term_string"}],"inLanguage":"vi"},{"@type":"ImageObject","@id":"https:\/\/voice-acoustic.vn\/?product=ikarray-8#primaryimage","inLanguage":"vi","url":"https:\/\/voice-acoustic.vn\/wp-content\/uploads\/2021\/10\/voice-acoustic-ikarray-8-teaser.png","contentUrl":"https:\/\/voice-acoustic.vn\/wp-content\/uploads\/2021\/10\/voice-acoustic-ikarray-8-teaser.png","width":400,"height":320},{"@type":"WebPage","@id":"https:\/\/voice-acoustic.vn\/?product=ikarray-8#webpage","url":"https:\/\/voice-acoustic.vn\/?product=ikarray-8","name":"Ikarray-8 - Voice-Acoustic","isPartOf":{"@id":"https:\/\/voice-acoustic.vn\/#website"},"primaryImageOfPage":{"@id":"https:\/\/voice-acoustic.vn\/?product=ikarray-8#primaryimage"},"datePublished":"2021-10-26T02:30:55+00:00","dateModified":"2022-01-27T08:39:00+00:00","breadcrumb":{"@id":"https:\/\/voice-acoustic.vn\/?product=ikarray-8#breadcrumb"},"inLanguage":"vi","potentialAction":[{"@type":"ReadAction","target":["https:\/\/voice-acoustic.vn\/?product=ikarray-8"]}]},{"@type":"BreadcrumbList","@id":"https:\/\/voice-acoustic.vn\/?product=ikarray-8#breadcrumb","itemListElement":[{"@type":"ListItem","position":1,"name":"Trang ch\u1ee7","item":"https:\/\/voice-acoustic.vn\/"},{"@type":"ListItem","position":2,"name":"..","item":"https:\/\/voice-acoustic.vn\/?page_id=11"},{"@type":"ListItem","position":3,"name":"Ikarray-8"}]}]}},"_links":{"self":[{"href":"https:\/\/voice-acoustic.vn\/index.php?rest_route=\/wp\/v2\/product\/449","targetHints":{"allow":["GET"]}}],"collection":[{"href":"https:\/\/voice-acoustic.vn\/index.php?rest_route=\/wp\/v2\/product"}],"about":[{"href":"https:\/\/voice-acoustic.vn\/index.php?rest_route=\/wp\/v2\/types\/product"}],"replies":[{"embeddable":true,"href":"https:\/\/voice-acoustic.vn\/index.php?rest_route=%2Fwp%2Fv2%2Fcomments&post=449"}],"wp:featuredmedia":[{"embeddable":true,"href":"https:\/\/voice-acoustic.vn\/index.php?rest_route=\/wp\/v2\/media\/450"}],"wp:attachment":[{"href":"https:\/\/voice-acoustic.vn\/index.php?rest_route=%2Fwp%2Fv2%2Fmedia&parent=449"}],"wp:term":[{"taxonomy":"product_cat","embeddable":true,"href":"https:\/\/voice-acoustic.vn\/index.php?rest_route=%2Fwp%2Fv2%2Fproduct_cat&post=449"},{"taxonomy":"product_tag","embeddable":true,"href":"https:\/\/voice-acoustic.vn\/index.php?rest_route=%2Fwp%2Fv2%2Fproduct_tag&post=449"}],"curies":[{"name":"wp","href":"https:\/\/api.w.org\/{rel}","templated":true}]}}