{"id":482,"date":"2021-10-26T02:36:49","date_gmt":"2021-10-26T02:36:49","guid":{"rendered":"https:\/\/voice-acoustic.vn\/?post_type=product&#038;p=482"},"modified":"2022-01-27T15:27:37","modified_gmt":"2022-01-27T08:27:37","slug":"ikarray-12sp","status":"publish","type":"product","link":"https:\/\/voice-acoustic.vn\/?product=ikarray-12sp","title":{"rendered":"Ikarray-12sp"},"content":{"rendered":"<p>Ikarray-12sp l\u00e0 m\u1ed9t h\u1ec7 th\u1ed1ng loa line array s\u00e1ng t\u1ea1o v\u1edbi b\u1ed9 khu\u1ebfch \u0111\u1ea1i bi-amping t\u1ef1 c\u1ea5p ngu\u1ed3n, to\u00e0n d\u1ea3i v\u1edbi loa neodym 12&#8243; + 1.4&#8243;, m\u1ed9t m\u00f4-\u0111un khu\u1ebfch \u0111\u1ea1i c\u00f4ng su\u1ea5t 3.2kW b\u00ean trong v\u00e0 h\u1ec7 th\u1ed1ng qu\u1ea3n l\u00fd loa DSP v\u1edbi c\u00e1c t\u00ednh n\u0103ng m\u1edf r\u1ed9ng. DSP c\u00f3 kh\u1ea3 n\u0103ng t\u00ednh to\u00e1n cao v\u00e0 t\u1ea5t c\u1ea3 c\u00e1c ch\u1ee9c n\u0103ng c\u1ee7a b\u1ed9 \u0111i\u1ec1u khi\u1ec3n ti\u00eau chu\u1ea9n.<\/p>\n<p>B\u1ed9 khu\u1ebfch \u0111\u1ea1i t\u00edch h\u1ee3p v\u00e0 kh\u1ed1i DSP \u0111\u01b0\u1ee3c s\u1eed d\u1ee5ng gi\u1ed1ng h\u1ec7t v\u1edbi b\u1ed9 khu\u1ebfch \u0111\u1ea1i HDSP v\u00e0 ph\u1ea7n m\u1ec1m t\u1eeb xa VA-WLAN.\u00a0Ikarray-12sp v\u00e0 Ikarray-12 t\u01b0\u01a1ng th\u00edch v\u00e0 c\u00f3 th\u1ec3 ho\u1ea1t \u0111\u1ed9ng c\u00f9ng nhau.\u00a0Ch\u00fang cung c\u1ea5p c\u00f9ng hi\u1ec7u su\u1ea5t 100%, c\u00f9ng m\u1ed9t ph\u1ea7n m\u1ec1m \u0111i\u1ec1u khi\u1ec3n v\u00e0 gi\u00e1m s\u00e1t trong m\u1ed9t m\u1ea1ng ph\u1ea7n m\u1ec1m k\u1ebft h\u1ee3p.<\/p>\n<p>T\u1ea5t c\u1ea3 c\u00e1c c\u00e0i \u0111\u1eb7t c\u1ea7n thi\u1ebft cho c\u00e1c c\u1ea5u h\u00ecnh kh\u00e1c nhau \u0111\u01b0\u1ee3c l\u01b0u tr\u1eef d\u01b0\u1edbi d\u1ea1ng c\u00e0i \u0111\u1eb7t m\u1eb7c \u0111\u1ecbnh c\u1ee7a nh\u00e0 s\u1ea3n xu\u1ea5t trong b\u1ed9 nh\u1edb trong. \u0110\u1ec3 c\u00f3 hi\u1ec7u su\u1ea5t v\u00e0 \u0111\u1ed9 tin c\u1eady t\u1ed1t nh\u1ea5t, ch\u1ec9 c\u1ea7n ch\u1ecdn c\u00e0i \u0111\u1eb7t m\u1eb7c \u0111\u1ecbnh t\u01b0\u01a1ng \u1ee9ng tr\u00ean M\u00e0n h\u00ecnh \u0111\u1ec3 s\u1eed d\u1ee5ng l\u00e0m loa to\u00e0n d\u1ea3i \u0111\u1ed9c l\u1eadp, ho\u1eb7c loa to\u00e0n d\u1ea3i \u0111\u1eb7t tr\u00ean loa \u00e2m tr\u1ea7m, ho\u1eb7c loa ki\u1ec3m \u00e2m tr\u00ean s\u00e2n kh\u1ea5u ho\u1eb7c v\u1edbi nhi\u1ec1u thi\u1ebft b\u1ecb trong m\u1ed9t h\u1ec7 th\u1ed1ng. V\u1eabn c\u00f2n nhi\u1ec1u t\u00ednh n\u0103ng, t\u00f9y ch\u1ecdn v\u00e0 c\u00e0i \u0111\u1eb7t truy c\u1eadp kh\u00e1c d\u00e0nh cho k\u1ef9 thu\u1eadt vi\u00ean c\u00f3 kinh nghi\u1ec7m v\u00e0 ng\u01b0\u1eddi d\u00f9ng \u00e2m thanh chuy\u00ean nghi\u1ec7p.<\/p>\n<p>M\u1eb7t sau \u0111\u01b0\u1ee3c t\u00edch h\u1ee3p n\u00fat Display v\u00e0 n\u00fat xoay \u0111i\u1ec1u khi\u1ec3n Encoder \u0111\u1eb7c bi\u1ec7t. C\u00f3 th\u1ec3 truy c\u1eadp h\u1ea7u h\u1ebft t\u1ea5t c\u1ea3 c\u00e1c th\u00f4ng s\u1ed1 m\u00e0 kh\u00f4ng c\u1ea7n PC \u0111i\u1ec1u khi\u1ec3n v\u00e0 c\u00e1c ch\u1ee9c n\u0103ng c\u00f3 th\u1ec3 b\u1ecb kh\u00f3a v\u00e0 b\u1ea3o v\u1ec7 b\u1eb1ng m\u1eadt kh\u1ea9u. M\u00e0n h\u00ecnh c\u00f3 b\u1ed9 \u0111i\u1ec1u ch\u1ec9nh \u0111\u1ed9 s\u00e1ng 2 giai \u0111o\u1ea1n v\u00e0 c\u0169ng c\u00f3 th\u1ec3 \u0111\u01b0\u1ee3c t\u1eaft ho\u00e0n to\u00e0n \u0111\u1ec3 ng\u0103n ch\u1eb7n \u00e1nh s\u00e1ng kh\u00f4ng mong mu\u1ed1n b\u1eadt ho\u1eb7c b\u00ean c\u1ea1nh c\u00e1c giai \u0111o\u1ea1n. B\u1eb1ng c\u00e1ch nh\u1ea5n m\u1ed9t ph\u00edm ho\u1eb7c b\u1ed9 m\u00e3 h\u00f3a, M\u00e0n h\u00ecnh s\u1ebd k\u00edch ho\u1ea1t tr\u1edf l\u1ea1i.<\/p>\n<h3>\u0110i\u1ec1u khi\u1ec3n<\/h3>\n<p>T\u1eeb m\u1ed9t loa Ikarray-12sp, c\u00f3 th\u1ec3 cung c\u1ea5p th\u00eam ba loa b\u1ed5 sung cho b\u1ed9 khu\u1ebfch \u0111\u1ea1i bi-amping, c\u1ef1c k\u1ef3 ti\u1ebft ki\u1ec7m. Loa tr\u1ea7m v\u00e0 loa tweeter c\u00f3 \u0111i\u1ec7n tr\u1edf 16\u03a9.<\/p>\n<p>&nbsp;<\/p>\n<p><a href=\"https:\/\/voice-acoustic.vn\/wp-content\/uploads\/2021\/10\/voice-acoustic-ikarray-12-bi-amping-ueber-ikarray-12sp.jpg\"><img loading=\"lazy\" decoding=\"async\" class=\"aligncenter wp-image-872 size-full\" src=\"https:\/\/voice-acoustic.vn\/wp-content\/uploads\/2021\/10\/voice-acoustic-ikarray-12-bi-amping-ueber-ikarray-12sp.jpg\" alt=\"\" width=\"221\" height=\"518\" srcset=\"https:\/\/voice-acoustic.vn\/wp-content\/uploads\/2021\/10\/voice-acoustic-ikarray-12-bi-amping-ueber-ikarray-12sp.jpg 221w, https:\/\/voice-acoustic.vn\/wp-content\/uploads\/2021\/10\/voice-acoustic-ikarray-12-bi-amping-ueber-ikarray-12sp-128x300.jpg 128w\" sizes=\"auto, (max-width: 221px) 100vw, 221px\" \/><\/a><\/p>\n<div class=\"rs-columns ce_rs_columns_start\">\n<div class=\"ce_rs_column_start rs-column -large-col-2-1 -large-last -large-first-row -medium-col-2-1 -medium-last -medium-first-row -small-col-1-1 -small-first -small-last\">\n<div class=\"ce_image mittig block\" style=\"text-align: center;\">\n<figure class=\"image_container\"><figcaption class=\"caption\"><span style=\"color: #ed1c24; font-size: 80%;\">3 x Ikarray-12 bi-amping qua Ikarray-12sp\u00a0<\/span><\/figcaption><\/figure>\n<\/div>\n<\/div>\n<\/div>\n<div id=\"scroll-down\"><\/div>\n<div>\n<p>&nbsp;<\/p>\n<p>&nbsp;<\/p>\n<div class=\"row\"  id=\"row-337755635\">\n\t<div id=\"col-438984262\" class=\"col medium-2\/4 large-6\"  >\n\t\t\t\t<div class=\"col-inner\"  >\n\t\t\t\n\t\t\t\n<h2>Th\u00f4ng s\u1ed1 k\u1ef9 thu\u1eadt<\/h2>\n<div class=\"is-divider divider clearfix\" ><\/div>\n<p><strong>C\u1ee7 loa<\/strong><br \/>\nLF: Neo, 1 x 12&#8243; v\u1edbi cu\u1ed9n d\u00e2y \u00e2m 3&#8243;<br \/>\nHF:Neo, 1 x 1.4&#8243; v\u1edbi cu\u1ed9n d\u00e2y \u00e2m 3&#8243; tr\u00ean b\u1ed9 t\u1ea1o s\u00f3ng k\u00e9p \u0111\u00f4i<\/p>\n<p><strong>D\u1ea3i t\u1ea7n<\/strong><br \/>\n49 Hz &#8211; 18.5 kHz (- 10dB)<br \/>\n62 Hz &#8211; 17 kHz (+\/- 3dB)<\/p>\n<p><strong>G\u00f3c ph\u1ee7 \u00e2m (hxv)<\/strong><br \/>\n100\u00b0 x 6\u00b0<\/p>\n<p><strong>Tr\u1edf kh\u00e1ng<\/strong><br \/>\n16\u03a9<\/p>\n<p><strong>C\u00f4ng su\u1ea5t (AES\/Program\/Peak)<\/strong><br \/>\nLF: 400W \/ 800W \/ 1600W<br \/>\nHF: 110W \/ 220W \/ 440W<\/p>\n<p><strong>\u0110\u1ed9 nh\u1ea1y 1W \/ 1m<\/strong><br \/>\nLF: 98dB SPL<br \/>\nHF: 111dB SPL<\/p>\n<p><strong>C\u01b0\u1eddng \u0111\u1ed9 \u00e1p su\u1ea5t \u00e2m thanh \u1edf (AES\/Program\/Peak)<\/strong><br \/>\n130dB SPL \/ 133dB SPL \/ 136dB SPL<\/p>\n<p><strong>K\u1ebft n\u1ed1i<\/strong><br \/>\n2 x NEUTRIK NL4 IN \/ OUT 1 +\/- (4-pole looped-through)<\/p>\n<p><b>S\u01a1n ph\u1ee7<\/b><br \/>\nS\u01a1n ph\u1ee7 Polyurea m\u00e3 s\u1ed1 RAL 9005<\/p>\n<p><strong>K\u00edch th\u01b0\u1edbc \/ Tr\u1ecdng l\u01b0\u1ee3ng<\/strong><br \/>\n325 (H) x 605 (W) x 520 mm (D) \/ 31.9 kg<\/p>\n\t\t<\/div>\n\t\t\t\t\t<\/div>\n\n\t\n\n\t<div id=\"col-905392148\" class=\"col medium-1\/4 large-3\"  >\n\t\t\t\t<div class=\"col-inner\"  >\n\t\t\t\n\t\t\t\n<h3>T\u00edch h\u1ee3p m\u00f4 \u0111un khu\u1ebfch \u0111\u1ea1i 2-CH<\/h3>\n<div class=\"is-divider divider clearfix\" ><\/div>\n<p><strong>B\u1ed9 khu\u1ebfch \u0111\u1ea1i<br \/>\n<\/strong>Th\u1ebf h\u1ec7 th\u1ee9 3 Class D<\/p>\n<p><strong>C\u00f4ng su\u1ea5t \u0111\u1ea7u ra CH1<br \/>\n<\/strong>2400W \/ 4\u03a9, 1580W \/ 8\u03a9, 800W \/ 16\u03a9<\/p>\n<p><strong>C\u00f4ng su\u1ea5t \u0111\u1ea7u ra CH2<br \/>\n<\/strong>800W \/ 4\u03a9, 450W \/ 8\u03a9, 200W \/ 16\u03a9<\/p>\n<p><strong>Ampli gain<br \/>\n<\/strong>LF: 32dB, HF: 26dB<\/p>\n<p><strong>H\u1ec7 s\u1ed1 Signal-to-noise<br \/>\n<\/strong>&gt; 120dB (x\u1ebfp h\u1ea1ng A, 20 &#8211; 20.000 Hz, 8\u03a9)<\/p>\n<p><strong>H\u1ec7 s\u1ed1 Damping<br \/>\n<\/strong>&gt; 1000 (8\u03a9, 1 kHz)<\/p>\n<p><strong>H\u1ec7 s\u1ed1 Distorsion<br \/>\n<\/strong>THD + N &lt;0,05% (20 &#8211; 20.000 Hz, 8\u03a9)<\/p>\n<p style=\"text-align: left;\"><strong>T\u00ednh n\u0103ng b\u1ea3o v\u1ec7<br \/>\n<\/strong>Gi\u1edbi h\u1ea1n d\u00f2ng \u0111i\u1ec7n kh\u1edfi \u0111\u1ed9ng<br \/>\nB\u1ea3o v\u1ec7 m\u1ea1ch \u0111i\u1ec7n t\u1eaft v\u00e0 m\u1edf chuy\u1ec3n ti\u1ebfp<br \/>\nB\u1ea3o v\u1ec7 \u0111i\u1ec7p \u00e1p cao h\u01a1n v\u00e0 th\u1ea5p h\u01a1n<br \/>\nB\u1ea3o v\u1ec7 d\u00f2ng \u0111i\u1ec7n DC c\u1ed5ng ra<br \/>\nGi\u1edbi h\u1ea1n t\u00edn hi\u1ec7u \u0111\u1ea7u v\u00e0o, t\u00edn hi\u1ec7u \u0111\u1ec9nh<br \/>\nKi\u1ec3m so\u00e1t b\u1ed9 t\u1ea3n nhi\u1ec7u v\u00e0 t\u1ee5 b\u00e1n d\u1eabn<\/p>\n<p style=\"text-align: left;\"><strong>\u0110i\u1ec7n \u00e1p<\/strong><br \/>\nNgu\u1ed3n \u0111i\u1ec7n chuy\u1ec3n m\u1ea1ch th\u00f4ng minh, \u0111\u01b0\u1ee3c \u0111i\u1ec1u ch\u1ec9nh v\u1edbi t\u00ednh n\u0103ng ph\u00e1t hi\u1ec7n \u0111i\u1ec7n \u00e1p t\u1ef1 \u0111\u1ed9ng<br \/>\nChuy\u1ec3n \u0111\u1ed5i gi\u1eefa 120\/230V 50\/60 Hz, s\u1eed d\u1ee5ng to\u00e0n c\u1ea7u<br \/>\nBi\u00ean \u0111\u1ed9 \u0111i\u1ec7n \u00e1p: 85 &#8211; 268V<\/p>\n\t\t<\/div>\n\t\t\t\t\t<\/div>\n\n\t\n\n\t<div id=\"col-698373516\" class=\"col medium-1\/4 large-3\"  >\n\t\t\t\t<div class=\"col-inner\"  >\n\t\t\t\n\t\t\t\n<h3>H\u1ec7 th\u1ed1ng qu\u1ea3n l\u00fd loa DSP t\u00edch h\u1ee3p<\/h3>\n<div class=\"is-divider divider clearfix\" ><\/div>\n<p><strong>B\u1ed9 x\u1eed l\u00fd<br \/>\n<\/strong>T\u1ed1c \u0111\u1ed9 x\u1eed l\u00fd 64 bit, 96 kHz<\/p>\n<p><strong>Ph\u1ea7n m\u1ec1m v\u1eadn h\u00e0nh<br \/>\n<\/strong>L\u00ean t\u1edbi 128 loa t\u00edch h\u1ee3p c\u00f4ng su\u1ea5t v\u00e0 ampli HDSP trong c\u00f9ng m\u1ed9t m\u1ea1ng \u0111i\u1ec1u h\u00e0nh<\/p>\n<p><strong>C\u1ed5ng v\u00e0o Dynamic range<br \/>\n<\/strong>120dB<\/p>\n<p><strong>M\u1ee9c \u0111\u1ea7u v\u00e0o Nominal \/ Maximal<br \/>\n<\/strong>+ 6dBu \/ + 23dB<\/p>\n<p><strong>\u0110\u1ed9 tr\u1ec5<br \/>\n<\/strong>0 &#8211; t\u1ed1i \u0111a 0.5ms<\/p>\n<p><strong>K\u1ebft n\u1ed1i Rounting<br \/>\n<\/strong>Cho ph\u00e9p 2 t\u00edn hi\u1ec7u c\u1ed5ng v\u00e0o (input) mixers k\u1ebft n\u1ed1i v\u00e0o m\u1ed7i c\u1ed5ng ra (output)<\/p>\n<p><strong>B\u1ed9 l\u1ecdc EQ<br \/>\n<\/strong>20 parametric EQ filters m\u1ed7i k\u00eanh<br \/>\nM\u1ed7i b\u1ed9 l\u1ecdc c\u00f3 th\u1ec3 c\u00e0i \u0111\u1eb7t Bell, Shelving, Notch, ho\u1eb7c Allpass<\/p>\n<p><strong>Ph\u00e2n t\u1ea7n X-Over<br \/>\n<\/strong>Butterworth, Bessel, Linkwitz-Riley<\/p>\n<p><strong>B\u1ed9 gi\u1edbi h\u1ea1n Limiter<br \/>\n<\/strong>M\u1ed7i c\u1ed5ng v\u00e0o v\u00e0 c\u1ed5ng ra<\/p>\n<p><strong>B\u1ed9 Delay<br \/>\n<\/strong>0 cho t\u1edbi 800ms (t\u1ed1i \u0111a 275m delay) t\u1ea1i m\u1ed7i k\u00eanh c\u1ed5ng v\u00e0o<br \/>\n0 cho t\u1edbi 17ms (t\u1ed1i \u0111a 6m delay) t\u1ea1i m\u1ed7i k\u00eanh c\u1ed5ng ra \u0111\u1ec3 c\u00e2n b\u1eb1ng th\u1eddi gian<\/p>\n<p><strong>Pha<br \/>\n<\/strong>\u0110i\u1ec1u ch\u1ec9nh t\u1eeb 0\u00b0 &#8211; 180\u00b0<\/p>\n<p><strong>Ng\u00f4n ng\u1eef<br \/>\n<\/strong>Anh, \u0110\u1ee9c, Ph\u00e1p, T\u00e2y Ban Nha<\/p>\n<p><strong>Giao di\u1ec7n ph\u1ea7n m\u1ec1m<br \/>\n<\/strong>C\u1eadp nh\u1eadt ph\u1ea7n m\u1ec1m qua Ethernet<\/p>\n\t\t<\/div>\n\t\t\t\t\t<\/div>\n\n\t\n<\/div>\n<\/div>\n","protected":false},"excerpt":{"rendered":"<ul class=\"ul_style_check\">\n<li>M\u1ea3ng d\u00f2ng c\u00f3 th\u1ec3 m\u1edf r\u1ed9ng 12 &#8220;\/ 1,4&#8221;, bi-amping t\u1ef1 c\u1ea5p ngu\u1ed3n<\/li>\n<li>B\u1ed9 khu\u1ebfch \u0111\u1ea1i 2 k\u00eanh 3,2 kW: 1 x 2,400 W + 1 x 800 W \u1edf 4 \u03a9<\/li>\n<li>M\u1ed9t Ikarray-12sp t\u1ef1 c\u1ea5p ngu\u1ed3n c\u00f3 th\u1ec3 c\u1ea5p ngu\u1ed3n cho ba Ikarray-12 bi-amping<\/li>\n<li>\u0110i\u1ec1u khi\u1ec3n DSP th\u1ee7 c\u00f4ng th\u00f4ng qua m\u00e0n h\u00ecnh, n\u00fat v\u00e0 b\u1ed9 m\u00e3 h\u00f3a<\/li>\n<li>\u0110i\u1ec1u khi\u1ec3n ph\u1ea7n m\u1ec1m qua giao di\u1ec7n USB ho\u1eb7c Ethernet<\/li>\n<li>80 c\u00e0i \u0111\u1eb7t s\u1eb5n b\u00ean trong<\/li>\n<li>EASE Focus 3 \u0111\u01b0\u1ee3c c\u1ea5p ph\u00e9p<\/li>\n<li>1 x 6 m Schuko \/ c\u00e1p powerCON TRUE1-TOP<\/li>\n<\/ul>\n","protected":false},"featured_media":483,"comment_status":"closed","ping_status":"closed","template":"","meta":{"spay_email":""},"product_cat":[19],"product_tag":[],"class_list":{"0":"post-482","1":"product","2":"type-product","3":"status-publish","4":"has-post-thumbnail","6":"product_cat-ikarray-line-array-systeme","8":"first","9":"instock","10":"shipping-taxable","11":"product-type-simple"},"yoast_head":"<!-- This site is optimized with the Yoast SEO plugin v17.6 - https:\/\/yoast.com\/wordpress\/plugins\/seo\/ -->\n<title>Ikarray-12sp - Voice-Acoustic<\/title>\n<meta name=\"robots\" content=\"index, follow, max-snippet:-1, max-image-preview:large, max-video-preview:-1\" \/>\n<link rel=\"canonical\" href=\"https:\/\/voice-acoustic.vn\/?product=ikarray-12sp\" \/>\n<meta property=\"og:locale\" content=\"vi_VN\" \/>\n<meta property=\"og:type\" content=\"article\" \/>\n<meta property=\"og:title\" content=\"Ikarray-12sp - Voice-Acoustic\" \/>\n<meta property=\"og:description\" content=\"M\u1ea3ng d\u00f2ng c\u00f3 th\u1ec3 m\u1edf r\u1ed9ng 12 &quot;\/ 1,4&quot;, bi-amping t\u1ef1 c\u1ea5p ngu\u1ed3n  B\u1ed9 khu\u1ebfch \u0111\u1ea1i 2 k\u00eanh 3,2 kW: 1 x 2,400 W + 1 x 800 W \u1edf 4 \u03a9  M\u1ed9t Ikarray-12sp t\u1ef1 c\u1ea5p ngu\u1ed3n c\u00f3 th\u1ec3 c\u1ea5p ngu\u1ed3n cho ba Ikarray-12 bi-amping  \u0110i\u1ec1u khi\u1ec3n DSP th\u1ee7 c\u00f4ng th\u00f4ng qua m\u00e0n h\u00ecnh, n\u00fat v\u00e0 b\u1ed9 m\u00e3 h\u00f3a  \u0110i\u1ec1u khi\u1ec3n ph\u1ea7n m\u1ec1m qua giao di\u1ec7n USB ho\u1eb7c Ethernet  80 c\u00e0i \u0111\u1eb7t s\u1eb5n b\u00ean trong  EASE Focus 3 \u0111\u01b0\u1ee3c c\u1ea5p ph\u00e9p  1 x 6 m Schuko \/ c\u00e1p powerCON TRUE1-TOP\" \/>\n<meta property=\"og:url\" content=\"https:\/\/voice-acoustic.vn\/?product=ikarray-12sp\" \/>\n<meta property=\"og:site_name\" content=\"Voice-Acoustic\" \/>\n<meta property=\"article:modified_time\" content=\"2022-01-27T08:27:37+00:00\" \/>\n<meta property=\"og:image\" content=\"https:\/\/voice-acoustic.vn\/wp-content\/uploads\/2021\/10\/voice-acoustic-ikarray-12sp-teaser.png\" \/>\n\t<meta property=\"og:image:width\" content=\"400\" \/>\n\t<meta property=\"og:image:height\" content=\"320\" \/>\n<meta name=\"twitter:card\" content=\"summary_large_image\" \/>\n<meta name=\"twitter:label1\" content=\"\u01af\u1edbc t\u00ednh th\u1eddi gian \u0111\u1ecdc\" \/>\n\t<meta name=\"twitter:data1\" content=\"5 ph\u00fat\" \/>\n<script type=\"application\/ld+json\" class=\"yoast-schema-graph\">{\"@context\":\"https:\/\/schema.org\",\"@graph\":[{\"@type\":\"WebSite\",\"@id\":\"https:\/\/voice-acoustic.vn\/#website\",\"url\":\"https:\/\/voice-acoustic.vn\/\",\"name\":\"Voice-Acoustic\",\"description\":\"\",\"potentialAction\":[{\"@type\":\"SearchAction\",\"target\":{\"@type\":\"EntryPoint\",\"urlTemplate\":\"https:\/\/voice-acoustic.vn\/?s={search_term_string}\"},\"query-input\":\"required name=search_term_string\"}],\"inLanguage\":\"vi\"},{\"@type\":\"ImageObject\",\"@id\":\"https:\/\/voice-acoustic.vn\/?product=ikarray-12sp#primaryimage\",\"inLanguage\":\"vi\",\"url\":\"https:\/\/voice-acoustic.vn\/wp-content\/uploads\/2021\/10\/voice-acoustic-ikarray-12sp-teaser.png\",\"contentUrl\":\"https:\/\/voice-acoustic.vn\/wp-content\/uploads\/2021\/10\/voice-acoustic-ikarray-12sp-teaser.png\",\"width\":400,\"height\":320},{\"@type\":\"WebPage\",\"@id\":\"https:\/\/voice-acoustic.vn\/?product=ikarray-12sp#webpage\",\"url\":\"https:\/\/voice-acoustic.vn\/?product=ikarray-12sp\",\"name\":\"Ikarray-12sp - Voice-Acoustic\",\"isPartOf\":{\"@id\":\"https:\/\/voice-acoustic.vn\/#website\"},\"primaryImageOfPage\":{\"@id\":\"https:\/\/voice-acoustic.vn\/?product=ikarray-12sp#primaryimage\"},\"datePublished\":\"2021-10-26T02:36:49+00:00\",\"dateModified\":\"2022-01-27T08:27:37+00:00\",\"breadcrumb\":{\"@id\":\"https:\/\/voice-acoustic.vn\/?product=ikarray-12sp#breadcrumb\"},\"inLanguage\":\"vi\",\"potentialAction\":[{\"@type\":\"ReadAction\",\"target\":[\"https:\/\/voice-acoustic.vn\/?product=ikarray-12sp\"]}]},{\"@type\":\"BreadcrumbList\",\"@id\":\"https:\/\/voice-acoustic.vn\/?product=ikarray-12sp#breadcrumb\",\"itemListElement\":[{\"@type\":\"ListItem\",\"position\":1,\"name\":\"Trang ch\\u1ee7\",\"item\":\"https:\/\/voice-acoustic.vn\/\"},{\"@type\":\"ListItem\",\"position\":2,\"name\":\"..\",\"item\":\"https:\/\/voice-acoustic.vn\/?page_id=11\"},{\"@type\":\"ListItem\",\"position\":3,\"name\":\"Ikarray-12sp\"}]}]}<\/script>\n<!-- \/ Yoast SEO plugin. -->","yoast_head_json":{"title":"Ikarray-12sp - Voice-Acoustic","robots":{"index":"index","follow":"follow","max-snippet":"max-snippet:-1","max-image-preview":"max-image-preview:large","max-video-preview":"max-video-preview:-1"},"canonical":"https:\/\/voice-acoustic.vn\/?product=ikarray-12sp","og_locale":"vi_VN","og_type":"article","og_title":"Ikarray-12sp - Voice-Acoustic","og_description":"M\u1ea3ng d\u00f2ng c\u00f3 th\u1ec3 m\u1edf r\u1ed9ng 12 \"\/ 1,4\", bi-amping t\u1ef1 c\u1ea5p ngu\u1ed3n  B\u1ed9 khu\u1ebfch \u0111\u1ea1i 2 k\u00eanh 3,2 kW: 1 x 2,400 W + 1 x 800 W \u1edf 4 \u03a9  M\u1ed9t Ikarray-12sp t\u1ef1 c\u1ea5p ngu\u1ed3n c\u00f3 th\u1ec3 c\u1ea5p ngu\u1ed3n cho ba Ikarray-12 bi-amping  \u0110i\u1ec1u khi\u1ec3n DSP th\u1ee7 c\u00f4ng th\u00f4ng qua m\u00e0n h\u00ecnh, n\u00fat v\u00e0 b\u1ed9 m\u00e3 h\u00f3a  \u0110i\u1ec1u khi\u1ec3n ph\u1ea7n m\u1ec1m qua giao di\u1ec7n USB ho\u1eb7c Ethernet  80 c\u00e0i \u0111\u1eb7t s\u1eb5n b\u00ean trong  EASE Focus 3 \u0111\u01b0\u1ee3c c\u1ea5p ph\u00e9p  1 x 6 m Schuko \/ c\u00e1p powerCON TRUE1-TOP","og_url":"https:\/\/voice-acoustic.vn\/?product=ikarray-12sp","og_site_name":"Voice-Acoustic","article_modified_time":"2022-01-27T08:27:37+00:00","og_image":[{"width":400,"height":320,"url":"https:\/\/voice-acoustic.vn\/wp-content\/uploads\/2021\/10\/voice-acoustic-ikarray-12sp-teaser.png","type":"image\/png"}],"twitter_card":"summary_large_image","twitter_misc":{"\u01af\u1edbc t\u00ednh th\u1eddi gian \u0111\u1ecdc":"5 ph\u00fat"},"schema":{"@context":"https:\/\/schema.org","@graph":[{"@type":"WebSite","@id":"https:\/\/voice-acoustic.vn\/#website","url":"https:\/\/voice-acoustic.vn\/","name":"Voice-Acoustic","description":"","potentialAction":[{"@type":"SearchAction","target":{"@type":"EntryPoint","urlTemplate":"https:\/\/voice-acoustic.vn\/?s={search_term_string}"},"query-input":"required name=search_term_string"}],"inLanguage":"vi"},{"@type":"ImageObject","@id":"https:\/\/voice-acoustic.vn\/?product=ikarray-12sp#primaryimage","inLanguage":"vi","url":"https:\/\/voice-acoustic.vn\/wp-content\/uploads\/2021\/10\/voice-acoustic-ikarray-12sp-teaser.png","contentUrl":"https:\/\/voice-acoustic.vn\/wp-content\/uploads\/2021\/10\/voice-acoustic-ikarray-12sp-teaser.png","width":400,"height":320},{"@type":"WebPage","@id":"https:\/\/voice-acoustic.vn\/?product=ikarray-12sp#webpage","url":"https:\/\/voice-acoustic.vn\/?product=ikarray-12sp","name":"Ikarray-12sp - Voice-Acoustic","isPartOf":{"@id":"https:\/\/voice-acoustic.vn\/#website"},"primaryImageOfPage":{"@id":"https:\/\/voice-acoustic.vn\/?product=ikarray-12sp#primaryimage"},"datePublished":"2021-10-26T02:36:49+00:00","dateModified":"2022-01-27T08:27:37+00:00","breadcrumb":{"@id":"https:\/\/voice-acoustic.vn\/?product=ikarray-12sp#breadcrumb"},"inLanguage":"vi","potentialAction":[{"@type":"ReadAction","target":["https:\/\/voice-acoustic.vn\/?product=ikarray-12sp"]}]},{"@type":"BreadcrumbList","@id":"https:\/\/voice-acoustic.vn\/?product=ikarray-12sp#breadcrumb","itemListElement":[{"@type":"ListItem","position":1,"name":"Trang ch\u1ee7","item":"https:\/\/voice-acoustic.vn\/"},{"@type":"ListItem","position":2,"name":"..","item":"https:\/\/voice-acoustic.vn\/?page_id=11"},{"@type":"ListItem","position":3,"name":"Ikarray-12sp"}]}]}},"_links":{"self":[{"href":"https:\/\/voice-acoustic.vn\/index.php?rest_route=\/wp\/v2\/product\/482","targetHints":{"allow":["GET"]}}],"collection":[{"href":"https:\/\/voice-acoustic.vn\/index.php?rest_route=\/wp\/v2\/product"}],"about":[{"href":"https:\/\/voice-acoustic.vn\/index.php?rest_route=\/wp\/v2\/types\/product"}],"replies":[{"embeddable":true,"href":"https:\/\/voice-acoustic.vn\/index.php?rest_route=%2Fwp%2Fv2%2Fcomments&post=482"}],"wp:featuredmedia":[{"embeddable":true,"href":"https:\/\/voice-acoustic.vn\/index.php?rest_route=\/wp\/v2\/media\/483"}],"wp:attachment":[{"href":"https:\/\/voice-acoustic.vn\/index.php?rest_route=%2Fwp%2Fv2%2Fmedia&parent=482"}],"wp:term":[{"taxonomy":"product_cat","embeddable":true,"href":"https:\/\/voice-acoustic.vn\/index.php?rest_route=%2Fwp%2Fv2%2Fproduct_cat&post=482"},{"taxonomy":"product_tag","embeddable":true,"href":"https:\/\/voice-acoustic.vn\/index.php?rest_route=%2Fwp%2Fv2%2Fproduct_tag&post=482"}],"curies":[{"name":"wp","href":"https:\/\/api.w.org\/{rel}","templated":true}]}}