{"id":508,"date":"2021-10-26T03:10:20","date_gmt":"2021-10-26T03:10:20","guid":{"rendered":"https:\/\/voice-acoustic.vn\/?post_type=product&#038;p=508"},"modified":"2022-01-27T11:05:57","modified_gmt":"2022-01-27T04:05:57","slug":"paveosub-118sp-dda","status":"publish","type":"product","link":"https:\/\/voice-acoustic.vn\/?product=paveosub-118sp-dda","title":{"rendered":"Paveosub-118sp DDA"},"content":{"rendered":"<p>Paveosub-118sp DDA \u0111\u01b0\u1ee3c t\u00edch h\u1ee3p b\u1ed9 khu\u1ebfch \u0111\u1ea1i c\u00f4ng su\u1ea5t. T\u1ea5t c\u1ea3 c\u00e1c c\u00e0i \u0111\u1eb7t c\u1ea7n thi\u1ebft cho c\u00e1c c\u1ea5u h\u00ecnh kh\u00e1c nhau \u0111\u01b0\u1ee3c l\u01b0u tr\u1eef d\u01b0\u1edbi d\u1ea1ng c\u00e0i \u0111\u1eb7t tr\u01b0\u1edbc c\u1ee7a nh\u00e0 s\u1ea3n xu\u1ea5t trong b\u1ed9 nh\u1edb trong. \u0110\u1ec3 c\u00f3 hi\u1ec7u su\u1ea5t v\u00e0 \u0111\u1ed9 tin c\u1eady t\u1ed1t nh\u1ea5t, ch\u1ec9 c\u1ea7n ch\u1ecdn c\u00e0i \u0111\u1eb7t tr\u01b0\u1edbc t\u01b0\u01a1ng \u1ee9ng tr\u00ean M\u00e0n h\u00ecnh \u0111\u1ec3 s\u1eed d\u1ee5ng, m\u1ed9t \u00e2m tr\u1ea7m duy nh\u1ea5t trong ng\u0103n x\u1ebfp v\u1edbi m\u1ed9t s\u1ed1 \u00e2m tr\u1ea7m ho\u1eb7c d\u01b0\u1edbi d\u1ea1ng m\u1ea3ng \u00e2m tr\u1ea7m Cardioid v\u00e0 End-fire, ho\u1eb7c l\u00e0m trung t\u00e2m c\u1ee7a h\u1ec7 th\u1ed1ng v\u1ec7 tinh k\u1ebft h\u1ee3p v\u1edbi c\u00e1c d\u00f2ng loa kh\u00e1c nhau.<\/p>\n<p>DDA l\u00e0 vi\u1ebft t\u1eaft c\u1ee7a m\u1ed9t th\u1ebf h\u1ec7 m\u1edbi c\u1ee7a DSP v\u00e0 bo m\u1ea1ch \u0111\u1ea7u v\u00e0o c\u00f3 th\u1ec3 x\u1eed l\u00fd nhi\u1ec1u lo\u1ea1i t\u00edn hi\u1ec7u: DANTE, Digital AES \/ EBU, AES67 v\u00e0 \u0111\u1ea7u v\u00e0o t\u01b0\u01a1ng t\u1ef1. C\u00e1c t\u00edn hi\u1ec7u c\u00f3 th\u1ec3 \u0111\u01b0\u1ee3c l\u1eb7p l\u1ea1i xa h\u01a1n. Loa si\u00eau tr\u1ea7m t\u1ef1 c\u1ea5p ngu\u1ed3n n\u00e0y \u0111\u01b0\u1ee3c trang b\u1ecb m\u00f4-\u0111un khu\u1ebfch \u0111\u1ea1i c\u00f4ng su\u1ea5t 3 k\u00eanh 4kW r\u1ea5t m\u1ea1nh v\u00e0 h\u1ec7 th\u1ed1ng qu\u1ea3n l\u00fd loa DSP.<\/p>\n<div class=\"rs-column -large-col-2-1 -large-first -large-first-row -medium-col-2-1 -medium-first -medium-first-row -small-col-1-1 -small-first -small-last -small-first-row\">\n<div class=\"ce_text block\">\n<p>Thi\u1ebft b\u1ecb \u0111i\u1ec1u khi\u1ec3n, thi\u1ebft b\u1ecb DSP, c\u00e1c k\u1ebft n\u1ed1i t\u00edn hi\u1ec7u v\u00e0 thi\u1ebft b\u1ecb \u0111\u1ea7u cu\u1ed1i Speakon OUT \u0111\u01b0\u1ee3c b\u1ea3o v\u1ec7 ch\u1ed1ng \u1ea9m b\u1eb1ng v\u1ecf trong su\u1ed1t, ch\u1ecbu \u0111\u01b0\u1ee3c th\u1eddi ti\u1ebft.\u00a0H\u1ec7 th\u1ed1ng l\u00e0m m\u00e1t kh\u00f4ng th\u1ea5m n\u01b0\u1edbc v\u00e0 c\u00e1c \u0111\u1ea7u n\u1ed1i powerCON TRUE1 \u0111\u01b0\u1ee3c trang b\u1ecb n\u1eafp b\u1ecbt k\u00edn b\u1eb1ng cao su.<\/p>\n<\/div>\n<\/div>\n<div class=\"ce_rs_column_start rs-column -large-col-2-1 -large-last -large-first-row -medium-col-2-1 -medium-last -medium-first-row -small-col-1-1 -small-first -small-last\">\n<div class=\"ce_text block\">\n<h3>\u0110i\u1ec1u khi\u1ec3n<\/h3>\n<p>Loa tr\u1ea7m tr\u1edf kh\u00e1ng 8 \u03a9 Paveosub-118sp DDA \u0111\u01b0\u1ee3c c\u1ea5p ngu\u1ed3n b\u1edfi m\u1ed9t k\u00eanh (1580W \/ 8\u03a9) c\u1ee7a module khu\u1ebfch \u0111\u1ea1i c\u00f4ng su\u1ea5t b\u00ean trong. 2 x 800W \/ 4\u03a9 c\u00f3 s\u1eb5n cho loa v\u1ec7 tinh ho\u1eb7c monitor.<\/p>\n<p>Paveosub-118sp DDA c\u00f3 th\u1ec3 c\u1ea5p ngu\u1ed3n cho Paveosub-118 th\u1ee9 hai v\u00e0 c\u1ea5p ngu\u1ed3n cho 4 loa b\u1ed5 sung.<\/p>\n<p><a href=\"https:\/\/voice-acoustic.vn\/wp-content\/uploads\/2021\/10\/voice-acoustic-paveosub-118-ansteuerung-ueber-paveosub-118sp.jpg\"><img loading=\"lazy\" decoding=\"async\" class=\"size-medium wp-image-748 aligncenter\" src=\"https:\/\/voice-acoustic.vn\/wp-content\/uploads\/2021\/10\/voice-acoustic-paveosub-118-ansteuerung-ueber-paveosub-118sp-300x177.jpg\" alt=\"\" width=\"300\" height=\"177\" srcset=\"https:\/\/voice-acoustic.vn\/wp-content\/uploads\/2021\/10\/voice-acoustic-paveosub-118-ansteuerung-ueber-paveosub-118sp-300x177.jpg 300w, https:\/\/voice-acoustic.vn\/wp-content\/uploads\/2021\/10\/voice-acoustic-paveosub-118-ansteuerung-ueber-paveosub-118sp-400x237.jpg 400w, https:\/\/voice-acoustic.vn\/wp-content\/uploads\/2021\/10\/voice-acoustic-paveosub-118-ansteuerung-ueber-paveosub-118sp.jpg 482w\" sizes=\"auto, (max-width: 300px) 100vw, 300px\" \/><\/a><\/p>\n<div class=\"rs-columns ce_rs_columns_start\">\n<div class=\"ce_rs_column_start rs-column -large-col-2-1 -large-last -large-first-row -medium-col-2-1 -medium-last -medium-first-row -small-col-1-1 -small-first -small-last\">\n<div class=\"ce_image mittig block\" style=\"text-align: center;\">\n<figure class=\"image_container\"><figcaption class=\"caption\">Paveosub-118 qua Paveosub-118sp DDA\u00a0<\/figcaption><\/figure>\n<\/div>\n<\/div>\n<\/div>\n<div id=\"scroll-down\">\n\n  <div class=\"banner has-hover\" id=\"banner-957407177\">\n          <div class=\"banner-inner fill\">\n        <div class=\"banner-bg fill\" >\n            <div class=\"bg fill bg-fill \"><\/div>\n            \t<div class=\"video-overlay no-click fill\"><\/div>\n\t<div id=\"ytplayer-566\" class=\"ux-youtube fill object-fit hide-for-medium\" data-videoid=\"x5_4PEOo8kY\" data-loop=\"1\" data-audio=\"0\"><\/div>\n                        \n                    <\/div>\n        <div class=\"banner-layers container\">\n            <a class=\"fill\" href=\"https:\/\/www.youtube.com\/watch?v=x5_4PEOo8kY\" target=\"_blank\" rel=\"noopener noreferrer\" ><div class=\"fill banner-link\"><\/div><\/a>            \n        <\/div>\n      <\/div>\n\n            \n<style>\n#banner-957407177 {\n  padding-top: 500px;\n}\n<\/style>\n  <\/div>\n\n\n<\/div>\n<\/div>\n<p>&nbsp;<\/p>\n<div class=\"ce_text block\">\n<p>&nbsp;<\/p>\n<div class=\"row\"  id=\"row-1091724034\">\n\n\t<div id=\"col-1077209845\" class=\"col medium-2\/4 large-6\"  >\n\t\t\t\t<div class=\"col-inner\"  >\n\t\t\t\n\t\t\t\n<div class=\"inside\">\n<h2>Th\u00f4ng s\u1ed1 k\u1ef9 thu\u1eadt<\/h2>\n<\/div>\n<div class=\"is-divider divider clearfix\" ><\/div>\n<p><strong>C\u1ee7 loa bass<\/strong><br \/>\n1 x 18&#8243; Neodym cu\u1ed9n d\u00e2y \u00e2m 4&#8243;<\/p>\n<p><strong>D\u1ea3i t\u1ea7n<\/strong><br \/>\n33 Hz (- 10 dB)<br \/>\n39 Hz (- 3 dB)<\/p>\n<p><strong>T\u1ed5ng tr\u1edf<\/strong><br \/>\n8\u2126 active separated<\/p>\n<p><strong>C\u00f4ng su\u1ea5t (AES \/ Program \/ Peak)<\/strong><br \/>\n1200W \/ 2400W \/ 4800W<\/p>\n<p><strong>\u0110\u1ed9 nh\u1ea1y 1W \/ 1m<\/strong><br \/>\n100dB SPL (half space)<\/p>\n<p><strong>C\u01b0\u1eddng \u0111\u1ed9 \u00e1p su\u1ea5t \u00e2m thanh (AES \/ Program \/ Peak)<\/strong><br \/>\n131dB SPL \/ 134dB SPL \/ 137dB SPL<\/p>\n<p><strong>K\u1ebft n\u1ed1i<\/strong><br \/>\n2 x NEUTRIK NL4 IN\/OUT 2+\/-<\/p>\n<p><strong>S\u01a1n ph\u1ee7<\/strong><br \/>\nS\u01a1n ph\u1ee7 Polyurea m\u00e3 s\u1ed1 RAL 9005. <a title=\"More information about special colors!\" href=\"https:\/\/voice-acoustic.de\/service\/special-colours.html\" target=\"_blank\" rel=\"noopener\">M\u00e0u \u0111\u1eb7c bi\u1ec7t<\/a> c\u00f3 th\u1ec3 \u0111\u1eb7t h\u00e0ng v\u1edbi l\u1edbp s\u01a1n Warnex<\/p>\n<p><strong>K\u00edch th\u01b0\u1edbc \/ tr\u1ecdng l\u01b0\u1ee3ng<\/strong><br \/>\n540 (H) x 540 (W) x 740 mm (D) \/ 45.8 kg<\/p>\n\t\t<\/div>\n\t\t\t\t\t<\/div>\n\n\t\n\n\t<div id=\"col-1379122246\" class=\"col medium-1\/4 large-3\"  >\n\t\t\t\t<div class=\"col-inner\"  >\n\t\t\t\n\t\t\t\n<h3>T\u00edch h\u1ee3p Modul khu\u1ebfch \u0111\u1ea1i 3-CH<\/h3>\n<div class=\"is-divider divider clearfix\" ><\/div>\n<p><strong>Ampli<br \/>\n<\/strong>Th\u1ebf h\u1ec7 3 Class D<\/p>\n<p><strong>C\u00f4ng su\u1ea5t CH1<br \/>\n<\/strong>2400W \/ 4\u2126, 1580W \/ 8\u2126<\/p>\n<p><strong>C\u00f4ng su\u1ea5t CH2 &amp; CH3<br \/>\n<\/strong>800W \/ 4\u2126, 450W \/ 8\u2126, 200W \/ 16\u2126<\/p>\n<p><strong>Ampli gain<br \/>\n<\/strong>LF: 32dB, HF: 26dB<\/p>\n<p><strong>H\u1ec7 s\u1ed1 Signal-to-noise<br \/>\n<\/strong>&gt;120dB (20 &#8211; 20.000Hz, 8\u2126)<\/p>\n<p><strong>H\u1ec7 s\u1ed1 Damping<br \/>\n<\/strong>&gt;1000 (8\u2126, 1kHz)<\/p>\n<p><strong>H\u1ec7 s\u1ed1 istortion<br \/>\n<\/strong>THD+N &lt; 0,05 % (20 &#8211; 20.000Hz, 8\u2126)<\/p>\n<p><strong>T\u00ednh n\u0103ng b\u1ea3o v\u1ec7<br \/>\n<\/strong>Gi\u1edbi h\u1ea1n d\u00f2ng \u0111i\u1ec7n kh\u1edfi \u0111\u1ed9ng<br \/>\nB\u1ea3o v\u1ec7 m\u1ea1ch \u0111i\u1ec7n t\u1eaft v\u00e0 m\u1edf chuy\u1ec3n ti\u1ebfp<br \/>\nB\u1ea3o v\u1ec7 \u0111i\u1ec7p \u00e1p cao h\u01a1n v\u00e0 th\u1ea5p h\u01a1n<br \/>\nB\u1ea3o v\u1ec7 d\u00f2ng \u0111i\u1ec7n DC c\u1ed5ng ra<br \/>\nGi\u1edbi h\u1ea1n t\u00edn hi\u1ec7u \u0111\u1ea7u v\u00e0o, t\u00edn hi\u1ec7u \u0111\u1ec9nh<br \/>\nKi\u1ec3m so\u00e1t b\u1ed9 t\u1ea3n nhi\u1ec7u v\u00e0 t\u1ee5 b\u00e1n d\u1eabn<\/p>\n<p><strong>\u0110i\u1ec7n \u00e1p<\/strong><br \/>\nNgu\u1ed3n \u0111i\u1ec7n chuy\u1ec3n m\u1ea1ch th\u00f4ng minh, \u0111\u01b0\u1ee3c \u0111i\u1ec1u ch\u1ec9nh v\u1edbi t\u00ednh n\u0103ng ph\u00e1t hi\u1ec7n \u0111i\u1ec7n \u00e1p t\u1ef1 \u0111\u1ed9ng<br \/>\nChuy\u1ec3n \u0111\u1ed5i gi\u1eefa 120\/230V 50\/60 Hz, s\u1eed d\u1ee5ng to\u00e0n c\u1ea7u<br \/>\nBi\u00ean \u0111\u1ed9 \u0111i\u1ec7n \u00e1p: 85 &#8211; 268V<\/p>\n\t\t<\/div>\n\t\t\t\t\t<\/div>\n\n\t\n\n\t<div id=\"col-1843597158\" class=\"col medium-1\/4 large-3\"  >\n\t\t\t\t<div class=\"col-inner\"  >\n\t\t\t\n\t\t\t\n<h3>\u00a0H\u1ec7 th\u1ed1ng qu\u1ea3n l\u00fd loa DSP t\u00edch h\u1ee3p<\/h3>\n<div class=\"is-divider divider clearfix\" ><\/div>\n<p><strong>B\u1ed9 x\u1eed l\u00fd<br \/>\n<\/strong>T\u1ed1c \u0111\u1ed9 x\u1eed l\u00fd 64 bit, 96 kHz<\/p>\n<p><strong>Ph\u1ea7n m\u1ec1m v\u1eadn h\u00e0nh<br \/>\n<\/strong>L\u00ean t\u1edbi 128 loa t\u00edch h\u1ee3p c\u00f4ng su\u1ea5t v\u00e0 ampli HDSP trong c\u00f9ng m\u1ed9t m\u1ea1ng \u0111i\u1ec1u h\u00e0nh<\/p>\n<p><strong>C\u1ed5ng v\u00e0o Dynamic range<br \/>\n<\/strong>120dB<\/p>\n<p><strong>M\u1ee9c \u0111\u1ed9 c\u1ed5ng v\u00e0o Nominal \/ Maximal<br \/>\n<\/strong>+ 6dBu \/ + 23db<\/p>\n<p><strong>\u0110\u1ed9 tr\u1ec5<br \/>\n<\/strong>0 &#8211; max. 0.5ms<\/p>\n<p><strong>K\u1ebft n\u1ed1i Routing<br \/>\n<\/strong>Cho ph\u00e9p 2 t\u00edn hi\u1ec7u c\u1ed5ng v\u00e0o (input) mixers k\u1ebft n\u1ed1i v\u00e0o m\u1ed7i c\u1ed5ng ra (output)<\/p>\n<p><strong>B\u1ed9 l\u1ecdc EQ Filter<br \/>\n<\/strong>20 parametric EQ filters m\u1ed7i k\u00eanh<br \/>\nM\u1ed7i b\u1ed9 l\u1ecdc c\u00f3 th\u1ec3 c\u00e0i \u0111\u1eb7t Bell, Shelving, Notch, ho\u1eb7c Allpass<\/p>\n<p><strong>Ph\u00e2n t\u1ea7n X-Over<br \/>\n<\/strong>Butterworth, Bessel, Linkwitz-Riley<\/p>\n<p><strong>B\u1ed9 gi\u1edbi h\u1ea1n Limiter<br \/>\n<\/strong>M\u1ed7i c\u1ed5ng v\u00e0o v\u00e0 c\u1ed5ng ra<\/p>\n<p><strong>B\u1ed9 Delay<br \/>\n<\/strong>0 cho t\u1edbi 800ms (t\u1ed1i \u0111a 275m delay) t\u1ea1i m\u1ed7i k\u00eanh c\u1ed5ng v\u00e0o<br \/>\n0 cho t\u1edbi 17ms (t\u1ed1i \u0111a 6m delay) t\u1ea1i m\u1ed7i k\u00eanh c\u1ed5ng ra \u0111\u1ec3 c\u00e2n b\u1eb1ng th\u1eddi gian<\/p>\n<p><strong>Pha<br \/>\n<\/strong>\u0110i\u1ec1u ch\u1ec9nh t\u1eeb 0\u00b0 &#8211; 180\u00b0<\/p>\n<p><strong>Ng\u00f4n ng\u1eef<br \/>\n<\/strong>Anh, \u0110\u1ee9c, Ph\u00e1p, T\u00e2y Ban Nha<\/p>\n<p><strong>Giao di\u1ec7n ph\u1ea7n m\u1ec1m<br \/>\n<\/strong>C\u1eadp nh\u1eadt ph\u1ea7n m\u1ec1m qua Ethernet<\/p>\n\t\t<\/div>\n\t\t\t\t\t<\/div>\n\n\t\n<\/div>\n<\/div>\n<\/div>\n<p>&nbsp;<\/p>\n","protected":false},"excerpt":{"rendered":"<ul class=\"ul_style_check\">\n<li>1 x 18 &#8221; t\u00edch h\u1ee3p b\u1ed9 khu\u1ebfch \u0111\u1ea1i, loa si\u00eau tr\u1ea7m nh\u1ecf g\u1ecdn<\/li>\n<li>B\u1ed9 khu\u1ebfch \u0111\u1ea1i 3 k\u00eanh 4 kW: 1 x 2.400 Watt + 2 x 800 Watt \u1edf 4 \u03a9<\/li>\n<li>Ch\u1ee9c n\u0103ng Bi-amping<\/li>\n<li>\u0110i\u1ec1u khi\u1ec3n b\u1eb1ng tay th\u00f4ng qua m\u00e0n h\u00ecnh, n\u00fat nh\u1ea5n v\u00e0 b\u1ed9 m\u00e3 h\u00f3a<\/li>\n<li>\u0110i\u1ec1u khi\u1ec3n ph\u1ea7n m\u1ec1m qua Dante (M\u1ea1ng \u00e2m thanh k\u1ef9 thu\u1eadt s\u1ed1 qua Ethernet)<\/li>\n<li>C\u00f3 s\u1eb5n 120 c\u00e0i \u0111\u1eb7t b\u00ean trong<\/li>\n<li>1 x 6 m Schuko \/ c\u00e1p powerCON TRUE1-TOP<\/li>\n<\/ul>\n","protected":false},"featured_media":509,"comment_status":"closed","ping_status":"closed","template":"","meta":{"spay_email":""},"product_cat":[18],"product_tag":[],"class_list":{"0":"post-508","1":"product","2":"type-product","3":"status-publish","4":"has-post-thumbnail","6":"product_cat-dong-loa-sieu-tram-paveosub","8":"first","9":"instock","10":"shipping-taxable","11":"product-type-simple"},"yoast_head":"<!-- This site is optimized with the Yoast SEO plugin v17.6 - https:\/\/yoast.com\/wordpress\/plugins\/seo\/ -->\n<title>Paveosub-118sp DDA - Voice-Acoustic<\/title>\n<meta name=\"robots\" content=\"index, follow, max-snippet:-1, max-image-preview:large, max-video-preview:-1\" \/>\n<link rel=\"canonical\" href=\"https:\/\/voice-acoustic.vn\/?product=paveosub-118sp-dda\" \/>\n<meta property=\"og:locale\" content=\"vi_VN\" \/>\n<meta property=\"og:type\" content=\"article\" \/>\n<meta property=\"og:title\" content=\"Paveosub-118sp DDA - Voice-Acoustic\" \/>\n<meta property=\"og:description\" content=\"1 x 18 &quot; t\u00edch h\u1ee3p b\u1ed9 khu\u1ebfch \u0111\u1ea1i, loa si\u00eau tr\u1ea7m nh\u1ecf g\u1ecdn  B\u1ed9 khu\u1ebfch \u0111\u1ea1i 3 k\u00eanh 4 kW: 1 x 2.400 Watt + 2 x 800 Watt \u1edf 4 \u03a9  Ch\u1ee9c n\u0103ng Bi-amping  \u0110i\u1ec1u khi\u1ec3n b\u1eb1ng tay th\u00f4ng qua m\u00e0n h\u00ecnh, n\u00fat nh\u1ea5n v\u00e0 b\u1ed9 m\u00e3 h\u00f3a  \u0110i\u1ec1u khi\u1ec3n ph\u1ea7n m\u1ec1m qua Dante (M\u1ea1ng \u00e2m thanh k\u1ef9 thu\u1eadt s\u1ed1 qua Ethernet)  C\u00f3 s\u1eb5n 120 c\u00e0i \u0111\u1eb7t b\u00ean trong  1 x 6 m Schuko \/ c\u00e1p powerCON TRUE1-TOP\" \/>\n<meta property=\"og:url\" content=\"https:\/\/voice-acoustic.vn\/?product=paveosub-118sp-dda\" \/>\n<meta property=\"og:site_name\" content=\"Voice-Acoustic\" \/>\n<meta property=\"article:modified_time\" content=\"2022-01-27T04:05:57+00:00\" \/>\n<meta property=\"og:image\" content=\"https:\/\/voice-acoustic.vn\/wp-content\/uploads\/2021\/10\/voice-acoustic-paveosub-118sp-dda-teaser.png\" \/>\n\t<meta property=\"og:image:width\" content=\"400\" \/>\n\t<meta property=\"og:image:height\" content=\"320\" \/>\n<meta name=\"twitter:card\" content=\"summary_large_image\" \/>\n<meta name=\"twitter:label1\" content=\"\u01af\u1edbc t\u00ednh th\u1eddi gian \u0111\u1ecdc\" \/>\n\t<meta name=\"twitter:data1\" content=\"5 ph\u00fat\" \/>\n<script type=\"application\/ld+json\" class=\"yoast-schema-graph\">{\"@context\":\"https:\/\/schema.org\",\"@graph\":[{\"@type\":\"WebSite\",\"@id\":\"https:\/\/voice-acoustic.vn\/#website\",\"url\":\"https:\/\/voice-acoustic.vn\/\",\"name\":\"Voice-Acoustic\",\"description\":\"\",\"potentialAction\":[{\"@type\":\"SearchAction\",\"target\":{\"@type\":\"EntryPoint\",\"urlTemplate\":\"https:\/\/voice-acoustic.vn\/?s={search_term_string}\"},\"query-input\":\"required name=search_term_string\"}],\"inLanguage\":\"vi\"},{\"@type\":\"ImageObject\",\"@id\":\"https:\/\/voice-acoustic.vn\/?product=paveosub-118sp-dda#primaryimage\",\"inLanguage\":\"vi\",\"url\":\"https:\/\/voice-acoustic.vn\/wp-content\/uploads\/2021\/10\/voice-acoustic-paveosub-118sp-dda-teaser.png\",\"contentUrl\":\"https:\/\/voice-acoustic.vn\/wp-content\/uploads\/2021\/10\/voice-acoustic-paveosub-118sp-dda-teaser.png\",\"width\":400,\"height\":320},{\"@type\":\"WebPage\",\"@id\":\"https:\/\/voice-acoustic.vn\/?product=paveosub-118sp-dda#webpage\",\"url\":\"https:\/\/voice-acoustic.vn\/?product=paveosub-118sp-dda\",\"name\":\"Paveosub-118sp DDA - Voice-Acoustic\",\"isPartOf\":{\"@id\":\"https:\/\/voice-acoustic.vn\/#website\"},\"primaryImageOfPage\":{\"@id\":\"https:\/\/voice-acoustic.vn\/?product=paveosub-118sp-dda#primaryimage\"},\"datePublished\":\"2021-10-26T03:10:20+00:00\",\"dateModified\":\"2022-01-27T04:05:57+00:00\",\"breadcrumb\":{\"@id\":\"https:\/\/voice-acoustic.vn\/?product=paveosub-118sp-dda#breadcrumb\"},\"inLanguage\":\"vi\",\"potentialAction\":[{\"@type\":\"ReadAction\",\"target\":[\"https:\/\/voice-acoustic.vn\/?product=paveosub-118sp-dda\"]}]},{\"@type\":\"BreadcrumbList\",\"@id\":\"https:\/\/voice-acoustic.vn\/?product=paveosub-118sp-dda#breadcrumb\",\"itemListElement\":[{\"@type\":\"ListItem\",\"position\":1,\"name\":\"Trang ch\\u1ee7\",\"item\":\"https:\/\/voice-acoustic.vn\/\"},{\"@type\":\"ListItem\",\"position\":2,\"name\":\"..\",\"item\":\"https:\/\/voice-acoustic.vn\/?page_id=11\"},{\"@type\":\"ListItem\",\"position\":3,\"name\":\"Paveosub-118sp DDA\"}]}]}<\/script>\n<!-- \/ Yoast SEO plugin. -->","yoast_head_json":{"title":"Paveosub-118sp DDA - Voice-Acoustic","robots":{"index":"index","follow":"follow","max-snippet":"max-snippet:-1","max-image-preview":"max-image-preview:large","max-video-preview":"max-video-preview:-1"},"canonical":"https:\/\/voice-acoustic.vn\/?product=paveosub-118sp-dda","og_locale":"vi_VN","og_type":"article","og_title":"Paveosub-118sp DDA - Voice-Acoustic","og_description":"1 x 18 \" t\u00edch h\u1ee3p b\u1ed9 khu\u1ebfch \u0111\u1ea1i, loa si\u00eau tr\u1ea7m nh\u1ecf g\u1ecdn  B\u1ed9 khu\u1ebfch \u0111\u1ea1i 3 k\u00eanh 4 kW: 1 x 2.400 Watt + 2 x 800 Watt \u1edf 4 \u03a9  Ch\u1ee9c n\u0103ng Bi-amping  \u0110i\u1ec1u khi\u1ec3n b\u1eb1ng tay th\u00f4ng qua m\u00e0n h\u00ecnh, n\u00fat nh\u1ea5n v\u00e0 b\u1ed9 m\u00e3 h\u00f3a  \u0110i\u1ec1u khi\u1ec3n ph\u1ea7n m\u1ec1m qua Dante (M\u1ea1ng \u00e2m thanh k\u1ef9 thu\u1eadt s\u1ed1 qua Ethernet)  C\u00f3 s\u1eb5n 120 c\u00e0i \u0111\u1eb7t b\u00ean trong  1 x 6 m Schuko \/ c\u00e1p powerCON TRUE1-TOP","og_url":"https:\/\/voice-acoustic.vn\/?product=paveosub-118sp-dda","og_site_name":"Voice-Acoustic","article_modified_time":"2022-01-27T04:05:57+00:00","og_image":[{"width":400,"height":320,"url":"https:\/\/voice-acoustic.vn\/wp-content\/uploads\/2021\/10\/voice-acoustic-paveosub-118sp-dda-teaser.png","type":"image\/png"}],"twitter_card":"summary_large_image","twitter_misc":{"\u01af\u1edbc t\u00ednh th\u1eddi gian \u0111\u1ecdc":"5 ph\u00fat"},"schema":{"@context":"https:\/\/schema.org","@graph":[{"@type":"WebSite","@id":"https:\/\/voice-acoustic.vn\/#website","url":"https:\/\/voice-acoustic.vn\/","name":"Voice-Acoustic","description":"","potentialAction":[{"@type":"SearchAction","target":{"@type":"EntryPoint","urlTemplate":"https:\/\/voice-acoustic.vn\/?s={search_term_string}"},"query-input":"required name=search_term_string"}],"inLanguage":"vi"},{"@type":"ImageObject","@id":"https:\/\/voice-acoustic.vn\/?product=paveosub-118sp-dda#primaryimage","inLanguage":"vi","url":"https:\/\/voice-acoustic.vn\/wp-content\/uploads\/2021\/10\/voice-acoustic-paveosub-118sp-dda-teaser.png","contentUrl":"https:\/\/voice-acoustic.vn\/wp-content\/uploads\/2021\/10\/voice-acoustic-paveosub-118sp-dda-teaser.png","width":400,"height":320},{"@type":"WebPage","@id":"https:\/\/voice-acoustic.vn\/?product=paveosub-118sp-dda#webpage","url":"https:\/\/voice-acoustic.vn\/?product=paveosub-118sp-dda","name":"Paveosub-118sp DDA - Voice-Acoustic","isPartOf":{"@id":"https:\/\/voice-acoustic.vn\/#website"},"primaryImageOfPage":{"@id":"https:\/\/voice-acoustic.vn\/?product=paveosub-118sp-dda#primaryimage"},"datePublished":"2021-10-26T03:10:20+00:00","dateModified":"2022-01-27T04:05:57+00:00","breadcrumb":{"@id":"https:\/\/voice-acoustic.vn\/?product=paveosub-118sp-dda#breadcrumb"},"inLanguage":"vi","potentialAction":[{"@type":"ReadAction","target":["https:\/\/voice-acoustic.vn\/?product=paveosub-118sp-dda"]}]},{"@type":"BreadcrumbList","@id":"https:\/\/voice-acoustic.vn\/?product=paveosub-118sp-dda#breadcrumb","itemListElement":[{"@type":"ListItem","position":1,"name":"Trang ch\u1ee7","item":"https:\/\/voice-acoustic.vn\/"},{"@type":"ListItem","position":2,"name":"..","item":"https:\/\/voice-acoustic.vn\/?page_id=11"},{"@type":"ListItem","position":3,"name":"Paveosub-118sp DDA"}]}]}},"_links":{"self":[{"href":"https:\/\/voice-acoustic.vn\/index.php?rest_route=\/wp\/v2\/product\/508","targetHints":{"allow":["GET"]}}],"collection":[{"href":"https:\/\/voice-acoustic.vn\/index.php?rest_route=\/wp\/v2\/product"}],"about":[{"href":"https:\/\/voice-acoustic.vn\/index.php?rest_route=\/wp\/v2\/types\/product"}],"replies":[{"embeddable":true,"href":"https:\/\/voice-acoustic.vn\/index.php?rest_route=%2Fwp%2Fv2%2Fcomments&post=508"}],"wp:featuredmedia":[{"embeddable":true,"href":"https:\/\/voice-acoustic.vn\/index.php?rest_route=\/wp\/v2\/media\/509"}],"wp:attachment":[{"href":"https:\/\/voice-acoustic.vn\/index.php?rest_route=%2Fwp%2Fv2%2Fmedia&parent=508"}],"wp:term":[{"taxonomy":"product_cat","embeddable":true,"href":"https:\/\/voice-acoustic.vn\/index.php?rest_route=%2Fwp%2Fv2%2Fproduct_cat&post=508"},{"taxonomy":"product_tag","embeddable":true,"href":"https:\/\/voice-acoustic.vn\/index.php?rest_route=%2Fwp%2Fv2%2Fproduct_tag&post=508"}],"curies":[{"name":"wp","href":"https:\/\/api.w.org\/{rel}","templated":true}]}}