{"id":759,"date":"2021-11-16T09:10:10","date_gmt":"2021-11-16T09:10:10","guid":{"rendered":"https:\/\/voice-acoustic.vn\/?post_type=product&#038;p=759"},"modified":"2022-01-27T15:10:02","modified_gmt":"2022-01-27T08:10:02","slug":"venia-8","status":"publish","type":"product","link":"https:\/\/voice-acoustic.vn\/?product=venia-8","title":{"rendered":"VENIA-8"},"content":{"rendered":"<div class=\"ce_text block\">\n<p>Voice-Acoustic VENIA-8 l\u00e0 loa m\u1ea3ng c\u1ed9t khu\u1ebfch \u0111\u1ea1i hai chi\u1ec1u, \u0111\u01b0\u1ee3c trang b\u1ecb LF 4 x 8&#8243; v\u00e0 HF 4 x 1&#8243;. C\u00e1c drivers t\u1ea7n s\u1ed1 cao \u0111\u01b0\u1ee3c k\u1ebft h\u1ee3p v\u1edbi m\u1ed9t \u1ed1ng d\u1eabn s\u00f3ng m\u1ea3ng d\u00f2ng v\u00e0 t\u1ea1o ra g\u00f3c ph\u00e2n t\u00e1n 100\u00b0 theo chi\u1ec1u ngang v\u00e0 0\u00b0 \/ -20\u00b0 theo chi\u1ec1u d\u1ecdc th\u00f4ng qua m\u1ed9t h\u1ecdng c\u00f2i l\u1edbn.<\/p>\n<p>Do t\u1ea7n s\u1ed1 ph\u00e2n t\u1ea7n th\u1ea5p, VENIA-8 c\u00f3 th\u1ec3 \u0111\u01b0\u1ee3c k\u1ebft h\u1ee3p v\u1edbi b\u1ea5t k\u1ef3 loa si\u00eau tr\u1ea7m n\u00e0o. V\u1edbi hi\u1ec7u su\u1ea5t tr\u00ean m\u1ee9c trung b\u00ecnh g\u1ea7n 140dB v\u1edbi tr\u1ecdng l\u01b0\u1ee3ng ch\u1ec9 35 kg, n\u00f3 c\u0169ng l\u00e0 m\u1ed9t Main-PA m\u1ea1nh m\u1ebd khi k\u1ebft h\u1ee3p v\u1edbi m\u1ed9t s\u1ed1 loa si\u00eau tr\u1ea7m. M\u1ed9t c\u1eb7p VENIA-8 \u00e2m thanh n\u1ed5i c\u00f3 th\u1ec3 \u0111\u01b0\u1ee3c k\u1ebft h\u1ee3p v\u1edbi t\u1ed1i \u0111a t\u00e1m Paveosub-118. Nh\u1edd b\u1ed9 ph\u1eadn \u0111i\u1ec1u khi\u1ec3n t\u1ea7n s\u1ed1 cao m\u1ea1nh m\u1ebd, VENIA-8 lu\u00f4n ch\u01a1i m\u1ed9t c\u00e1ch tho\u1ea3i m\u00e1i v\u00e0 d\u1ec5 ch\u1ecbu, ngay c\u1ea3 \u1edf \u00e2m l\u01b0\u1ee3ng l\u1edbn v\u00e0 \u0111\u00e1p \u1ee9ng ngay c\u1ea3 nh\u1eefng nhu c\u1ea7u \u00e2m thanh cao nh\u1ea5t.<\/p>\n<p><a href=\"https:\/\/voice-acoustic.vn\/wp-content\/uploads\/2021\/11\/voice-acoustic-energieverhalten-der-abstrahlung-venia-serie.jpg\"><img loading=\"lazy\" decoding=\"async\" class=\"aligncenter wp-image-770 size-large\" style=\"font-size: 14.4px;\" src=\"https:\/\/voice-acoustic.vn\/wp-content\/uploads\/2021\/11\/voice-acoustic-energieverhalten-der-abstrahlung-venia-serie-1024x201.jpg\" alt=\"\" width=\"1020\" height=\"200\" srcset=\"https:\/\/voice-acoustic.vn\/wp-content\/uploads\/2021\/11\/voice-acoustic-energieverhalten-der-abstrahlung-venia-serie-1024x201.jpg 1024w, https:\/\/voice-acoustic.vn\/wp-content\/uploads\/2021\/11\/voice-acoustic-energieverhalten-der-abstrahlung-venia-serie-300x59.jpg 300w, https:\/\/voice-acoustic.vn\/wp-content\/uploads\/2021\/11\/voice-acoustic-energieverhalten-der-abstrahlung-venia-serie-768x150.jpg 768w, https:\/\/voice-acoustic.vn\/wp-content\/uploads\/2021\/11\/voice-acoustic-energieverhalten-der-abstrahlung-venia-serie-1536x301.jpg 1536w, https:\/\/voice-acoustic.vn\/wp-content\/uploads\/2021\/11\/voice-acoustic-energieverhalten-der-abstrahlung-venia-serie-1320x259.jpg 1320w, https:\/\/voice-acoustic.vn\/wp-content\/uploads\/2021\/11\/voice-acoustic-energieverhalten-der-abstrahlung-venia-serie-400x78.jpg 400w, https:\/\/voice-acoustic.vn\/wp-content\/uploads\/2021\/11\/voice-acoustic-energieverhalten-der-abstrahlung-venia-serie-600x118.jpg 600w, https:\/\/voice-acoustic.vn\/wp-content\/uploads\/2021\/11\/voice-acoustic-energieverhalten-der-abstrahlung-venia-serie.jpg 1920w\" sizes=\"auto, (max-width: 1020px) 100vw, 1020px\" \/><\/a><\/p>\n<div class=\"ce_image mittig block\" style=\"text-align: center;\">\n<p class=\"image_container\"><span style=\"color: #282828; font-size: 75%;\">V\u00f9ng ph\u1ee7 n\u0103ng l\u01b0\u1ee3ng D\u00f2ng VENIA: V\u00f9ng ph\u1ee7 \u00e2m l\u01b0\u1ee3ng r\u1ea5t \u0111\u1ec1u t\u1eeb tr\u01b0\u1edbc ra sau<\/span><\/p>\n<\/div>\n<\/div>\n<div class=\"ce_image mittig block\"><\/div>\n<div class=\"ce_text block\">\n<p><a href=\"https:\/\/voice-acoustic.vn\/wp-content\/uploads\/2021\/11\/voice-acoustic-energieverhalten-der-abstrahlung-konventioneller-lautsprecher.jpg\"><img loading=\"lazy\" decoding=\"async\" class=\"aligncenter wp-image-769 size-large\" src=\"https:\/\/voice-acoustic.vn\/wp-content\/uploads\/2021\/11\/voice-acoustic-energieverhalten-der-abstrahlung-konventioneller-lautsprecher-1024x190.jpg\" alt=\"\" width=\"1020\" height=\"189\" srcset=\"https:\/\/voice-acoustic.vn\/wp-content\/uploads\/2021\/11\/voice-acoustic-energieverhalten-der-abstrahlung-konventioneller-lautsprecher-1024x190.jpg 1024w, https:\/\/voice-acoustic.vn\/wp-content\/uploads\/2021\/11\/voice-acoustic-energieverhalten-der-abstrahlung-konventioneller-lautsprecher-300x56.jpg 300w, https:\/\/voice-acoustic.vn\/wp-content\/uploads\/2021\/11\/voice-acoustic-energieverhalten-der-abstrahlung-konventioneller-lautsprecher-768x143.jpg 768w, https:\/\/voice-acoustic.vn\/wp-content\/uploads\/2021\/11\/voice-acoustic-energieverhalten-der-abstrahlung-konventioneller-lautsprecher-1536x286.jpg 1536w, https:\/\/voice-acoustic.vn\/wp-content\/uploads\/2021\/11\/voice-acoustic-energieverhalten-der-abstrahlung-konventioneller-lautsprecher-1320x245.jpg 1320w, https:\/\/voice-acoustic.vn\/wp-content\/uploads\/2021\/11\/voice-acoustic-energieverhalten-der-abstrahlung-konventioneller-lautsprecher-400x74.jpg 400w, https:\/\/voice-acoustic.vn\/wp-content\/uploads\/2021\/11\/voice-acoustic-energieverhalten-der-abstrahlung-konventioneller-lautsprecher-600x112.jpg 600w, https:\/\/voice-acoustic.vn\/wp-content\/uploads\/2021\/11\/voice-acoustic-energieverhalten-der-abstrahlung-konventioneller-lautsprecher.jpg 1920w\" sizes=\"auto, (max-width: 1020px) 100vw, 1020px\" \/><\/a><\/p>\n<div class=\"ce_image mittig block\">\n<p class=\"image_container\" style=\"text-align: center;\"><span style=\"color: #282828; font-size: 75%;\">Loa th\u00f4ng th\u01b0\u1eddng bao ph\u1ee7 n\u0103ng l\u01b0\u1ee3ng: To \u1edf ph\u00eda tr\u01b0\u1edbc v\u00e0 y\u00ean t\u0129nh \u1edf ph\u00eda sau<\/span><\/p>\n<\/div>\n<div class=\"ce_text block\"><\/div>\n<p>Gi\u1ed1ng nh\u01b0 c\u00e1c loa Voice-Acoustic kh\u00e1c, v\u1ecf \u0111\u01b0\u1ee3c l\u00e0m b\u1eb1ng v\u00e1n \u00e9p b\u1ea1ch d\u01b0\u01a1ng ch\u1eafc ch\u1eafn v\u1edbi ch\u1ea5t l\u01b0\u1ee3ng cao nh\u1ea5t: \u0111\u01b0\u1ee3c phay CNC, c\u00f3 r\u00e3nh, b\u1eaft v\u00edt v\u00e0 d\u00e1n keo ch\u1ed1ng th\u1ea5m.\u00a0B\u1ec1 m\u1eb7t \u0111\u01b0\u1ee3c b\u1ea3o v\u1ec7 b\u1edfi l\u1edbp s\u01a1n polyurea ch\u1ed1ng \u1ea9m v\u00e0 \u1ed5n \u0111\u1ecbnh m\u00e0u \u0111en.\u00a0Loa m\u00e0u tr\u1eafng v\u00e0 c\u00e1c m\u00e0u \u0111\u1eb7c bi\u1ec7t s\u01a1n 2K c\u00f3 s\u1eb5n t\u00f9y ch\u1ecdn.\u00a0D\u00f2ng Voice-Acoustic VENIA thi\u1ebft l\u1eadp m\u1ed9t ti\u00eau chu\u1ea9n m\u1edbi v\u1ec1 hi\u1ec7u su\u1ea5t v\u00e0 thi\u1ebft k\u1ebf cho c\u00e1c loa d\u00e0n d\u00f2ng c\u1ed9t hi\u1ec7u su\u1ea5t cao.<\/p>\n<h3>\u0110i\u1ec1u khi\u1ec3n<\/h3>\n<div class=\"ce_text block\">\n<p>VENIA-8 \u0111\u01b0\u1ee3c ho\u1ea1t \u0111\u1ed9ng tr\u00ean hai k\u00eanh (1580W \/ 8\u03a9 + 450W \/ 8\u03a9) c\u1ee7a b\u1ed9 khu\u1ebfch \u0111\u1ea1i HDSP-6. B\u1eb1ng c\u00e1ch n\u00e0y, c\u1ea3 hai k\u00eanh c\u00f3 th\u1ec3 \u0111\u01b0\u1ee3c gi\u1edbi h\u1ea1n, l\u1ecdc, t\u00e1ch kh\u1ecfi nhau v\u00e0 b\u00f9 cho s\u1ef1 ch\u00eanh l\u1ec7ch v\u1ec1 th\u1eddi gian.<\/p>\n<p>Hai VENIA-8 bi-amping c\u00f3 th\u1ec3 \u0111\u01b0\u1ee3c k\u1ebft n\u1ed1i v\u1edbi m\u1ed9t HDSP-6.<\/p>\n<p><a href=\"https:\/\/voice-acoustic.vn\/wp-content\/uploads\/2021\/11\/voice-acoustic-venia-8-set-basic.jpg\"><img loading=\"lazy\" decoding=\"async\" class=\" wp-image-772 aligncenter\" src=\"https:\/\/voice-acoustic.vn\/wp-content\/uploads\/2021\/11\/voice-acoustic-venia-8-set-basic-295x300.jpg\" alt=\"\" width=\"378\" height=\"384\" srcset=\"https:\/\/voice-acoustic.vn\/wp-content\/uploads\/2021\/11\/voice-acoustic-venia-8-set-basic-295x300.jpg 295w, https:\/\/voice-acoustic.vn\/wp-content\/uploads\/2021\/11\/voice-acoustic-venia-8-set-basic-768x781.jpg 768w, https:\/\/voice-acoustic.vn\/wp-content\/uploads\/2021\/11\/voice-acoustic-venia-8-set-basic-400x407.jpg 400w, https:\/\/voice-acoustic.vn\/wp-content\/uploads\/2021\/11\/voice-acoustic-venia-8-set-basic-600x610.jpg 600w, https:\/\/voice-acoustic.vn\/wp-content\/uploads\/2021\/11\/voice-acoustic-venia-8-set-basic.jpg 924w\" sizes=\"auto, (max-width: 378px) 100vw, 378px\" \/><\/a><\/p>\n<div class=\"rs-columns ce_rs_columns_start\">\n<div class=\"ce_rs_column_start rs-column -large-col-2-1 -large-last -large-first-row -medium-col-2-1 -medium-last -medium-first-row -small-col-1-1 -small-first -small-last\">\n<div class=\"ce_image mittig block\" style=\"text-align: center;\">\n<figure class=\"image_container\"><figcaption class=\"caption\"><span style=\"font-size: 75%; color: #333333;\"><span style=\"font-size: 75%; color: #333333;\">VENIA-8 v\u1edbi HDSP-6<\/span><\/span>\u00a0<\/figcaption><\/figure>\n<\/div>\n<\/div>\n<\/div>\n<\/div>\n<div>\n<p><a href=\"https:\/\/voice-acoustic.vn\/wp-content\/uploads\/2021\/11\/voice-acoustic-venia-8-cad-001.jpg\"><img loading=\"lazy\" decoding=\"async\" class=\" wp-image-771 alignright\" src=\"https:\/\/voice-acoustic.vn\/wp-content\/uploads\/2021\/11\/voice-acoustic-venia-8-cad-001-263x300.jpg\" alt=\"\" width=\"530\" height=\"605\" srcset=\"https:\/\/voice-acoustic.vn\/wp-content\/uploads\/2021\/11\/voice-acoustic-venia-8-cad-001-263x300.jpg 263w, https:\/\/voice-acoustic.vn\/wp-content\/uploads\/2021\/11\/voice-acoustic-venia-8-cad-001-899x1024.jpg 899w, https:\/\/voice-acoustic.vn\/wp-content\/uploads\/2021\/11\/voice-acoustic-venia-8-cad-001-768x875.jpg 768w, https:\/\/voice-acoustic.vn\/wp-content\/uploads\/2021\/11\/voice-acoustic-venia-8-cad-001-1348x1536.jpg 1348w, https:\/\/voice-acoustic.vn\/wp-content\/uploads\/2021\/11\/voice-acoustic-venia-8-cad-001-1320x1504.jpg 1320w, https:\/\/voice-acoustic.vn\/wp-content\/uploads\/2021\/11\/voice-acoustic-venia-8-cad-001-400x456.jpg 400w, https:\/\/voice-acoustic.vn\/wp-content\/uploads\/2021\/11\/voice-acoustic-venia-8-cad-001-600x684.jpg 600w, https:\/\/voice-acoustic.vn\/wp-content\/uploads\/2021\/11\/voice-acoustic-venia-8-cad-001.jpg 1720w\" sizes=\"auto, (max-width: 530px) 100vw, 530px\" \/><\/a><\/p>\n<div class=\"inside\">\n<h2>Th\u00f4ng s\u1ed1 k\u1ef9 thu\u1eadt<\/h2>\n<\/div>\n<div class=\"rs-columns ce_rs_columns_start\">\n<div class=\"rs-column -large-col-2-1 -large-first -large-first-row -medium-col-2-1 -medium-first -medium-first-row -small-col-1-1 -small-first -small-last -small-first-row\">\n<div class=\"ce_text block\">\n<p><strong>Drivers<\/strong><br \/>\nLF: 4 x 8&#8243; Neo, cu\u1ed9n d\u00e2y \u00e2m 2.5&#8243;<br \/>\nHF: 4 x 1&#8243; Neo,cu\u1ed9n d\u00e2y \u00e2m 1.75&#8243;<\/p>\n<p><strong>D\u1ea3i t\u1ea7n<\/strong><br \/>\n56 Hz &#8211; 19 kHz (- 10dB)<br \/>\n72 Hz &#8211; 16 kHz (+\/- 3dB)<\/p>\n<p><strong>G\u00f3c ph\u1ee7 \u00e2m (h x v)<\/strong><br \/>\n100\u00b0 x 0\u00b0\/ -20\u00b0<\/p>\n<p><strong>T\u00f4ng tr\u1edf<\/strong><br \/>\nLF: 8\u2126<br \/>\nHF: 8\u2126<\/p>\n<p><strong>C\u00f4ng su\u1ea5t (AES \/ Program \/ Peak)<\/strong><br \/>\nLF: 1000W \/ 2000W \/ 4000W<br \/>\nHF: 160W \/ 320W \/ 640W<\/p>\n<p><strong>\u0110\u1ed9 nh\u1ea1y 1W \/ 1m<\/strong><br \/>\nLF: 103dB SPL<br \/>\nHF: 109dB SPL<\/p>\n<p><strong>C\u01b0\u1eddng \u0111\u1ed9 \u00e1p su\u1ea5t \u00e2m thanh (AES \/ Program \/ Peak)<\/strong><br \/>\n130dB SPL \/ 136dB SPL \/ 139dB SPL<\/p>\n<p><strong>K\u1ebft n\u1ed1i<\/strong><br \/>\n2 x NEUTRIK NL4 IN\/OUT 1+\/1- (4-pole looped-through)<\/p>\n<p><strong>S\u01a1n ph\u1ee7<\/strong><br \/>\nS\u01a1n ph\u1ee7 Polyurea m\u00e3 s\u1ed1 RAL 9005<\/p>\n<p><strong>K\u00edch th\u01b0\u1edbc \/ tr\u1ecdng l\u01b0\u1ee3ng<\/strong><br \/>\n1.336 (H) x 245 (W) x 336 mm (D) \/ 35.0 kg<\/p>\n<\/div>\n<\/div>\n<\/div>\n<\/div>\n<\/div>\n","protected":false},"excerpt":{"rendered":"<ul>\n<li>4 x 8&#8243; \/ 4 x 1&#8243;, d\u00f2ng c\u1ed9t<\/li>\n<li>Hi\u1ec7u su\u1ea5t r\u1ea5t cao, g\u1ea7n 140dB v\u1edbi tr\u1ecdng l\u01b0\u1ee3ng ch\u1ec9 35kg<\/li>\n<li>P\u00e1t treo c\u01a1 khi \u0111\u01a1n gi\u1ea3n, kh\u00f4ng c\u1ea7n d\u1ee5ng c\u1ee5<\/li>\n<li>M\u1eb7t b\u00edch \u0111\u1ee9ng nghi\u00eang cao k\u00e9p 0\u00b0 v\u00e0 5\u00b0<\/li>\n<li>\u0110\u01a1n v\u1ecb HF qu\u00e1 kh\u1ed5 cho \u0111\u1ed9 m\u00e9o ti\u1ebfng r\u1ea5t th\u1ea5p, \u00e2m cao m\u01b0\u1ee3t m\u00e0 v\u00e0 r\u00f5 r\u00e0ng<\/li>\n<li>Ph\u00e2n b\u1ed1 n\u0103ng l\u01b0\u1ee3ng kh\u00f4ng \u0111\u1ed1i x\u1ee9ng v\u1edbi s\u1ef1 t\u1eadp trung n\u0103ng l\u01b0\u1ee3ng \u1edf kho\u1ea3ng c\u00e1ch xa<\/li>\n<li>\u00c2m l\u01b0\u1ee3ng \u0111\u1ed3ng \u0111\u1ec1u t\u1eeb tr\u01b0\u1edbc ra sau<\/li>\n<\/ul>\n","protected":false},"featured_media":760,"comment_status":"closed","ping_status":"closed","template":"","meta":{"spay_email":""},"product_cat":[33],"product_tag":[],"class_list":{"0":"post-759","1":"product","2":"type-product","3":"status-publish","4":"has-post-thumbnail","6":"product_cat-venia-series-high-power-column-line-array-loudspeakers","8":"first","9":"instock","10":"shipping-taxable","11":"product-type-simple"},"yoast_head":"<!-- This site is optimized with the Yoast SEO plugin v17.6 - https:\/\/yoast.com\/wordpress\/plugins\/seo\/ -->\n<title>VENIA-8 - Voice-Acoustic<\/title>\n<meta name=\"robots\" content=\"index, follow, max-snippet:-1, max-image-preview:large, max-video-preview:-1\" \/>\n<link rel=\"canonical\" href=\"https:\/\/voice-acoustic.vn\/?product=venia-8\" \/>\n<meta property=\"og:locale\" content=\"vi_VN\" \/>\n<meta property=\"og:type\" content=\"article\" \/>\n<meta property=\"og:title\" content=\"VENIA-8 - Voice-Acoustic\" \/>\n<meta property=\"og:description\" content=\"4 x 8&quot; \/ 4 x 1&quot;, d\u00f2ng c\u1ed9t  Hi\u1ec7u su\u1ea5t r\u1ea5t cao, g\u1ea7n 140dB v\u1edbi tr\u1ecdng l\u01b0\u1ee3ng ch\u1ec9 35kg  P\u00e1t treo c\u01a1 khi \u0111\u01a1n gi\u1ea3n, kh\u00f4ng c\u1ea7n d\u1ee5ng c\u1ee5  M\u1eb7t b\u00edch \u0111\u1ee9ng nghi\u00eang cao k\u00e9p 0\u00b0 v\u00e0 5\u00b0  \u0110\u01a1n v\u1ecb HF qu\u00e1 kh\u1ed5 cho \u0111\u1ed9 m\u00e9o ti\u1ebfng r\u1ea5t th\u1ea5p, \u00e2m cao m\u01b0\u1ee3t m\u00e0 v\u00e0 r\u00f5 r\u00e0ng  Ph\u00e2n b\u1ed1 n\u0103ng l\u01b0\u1ee3ng kh\u00f4ng \u0111\u1ed1i x\u1ee9ng v\u1edbi s\u1ef1 t\u1eadp trung n\u0103ng l\u01b0\u1ee3ng \u1edf kho\u1ea3ng c\u00e1ch xa  \u00c2m l\u01b0\u1ee3ng \u0111\u1ed3ng \u0111\u1ec1u t\u1eeb tr\u01b0\u1edbc ra sau\" \/>\n<meta property=\"og:url\" content=\"https:\/\/voice-acoustic.vn\/?product=venia-8\" \/>\n<meta property=\"og:site_name\" content=\"Voice-Acoustic\" \/>\n<meta property=\"article:modified_time\" content=\"2022-01-27T08:10:02+00:00\" \/>\n<meta property=\"og:image\" content=\"https:\/\/voice-acoustic.vn\/wp-content\/uploads\/2021\/11\/voice-acoustic-venia-8-001.jpg\" \/>\n\t<meta property=\"og:image:width\" content=\"1920\" \/>\n\t<meta property=\"og:image:height\" content=\"1536\" \/>\n<meta name=\"twitter:card\" content=\"summary_large_image\" \/>\n<meta name=\"twitter:label1\" content=\"\u01af\u1edbc t\u00ednh th\u1eddi gian \u0111\u1ecdc\" \/>\n\t<meta name=\"twitter:data1\" content=\"3 ph\u00fat\" \/>\n<script type=\"application\/ld+json\" class=\"yoast-schema-graph\">{\"@context\":\"https:\/\/schema.org\",\"@graph\":[{\"@type\":\"WebSite\",\"@id\":\"https:\/\/voice-acoustic.vn\/#website\",\"url\":\"https:\/\/voice-acoustic.vn\/\",\"name\":\"Voice-Acoustic\",\"description\":\"\",\"potentialAction\":[{\"@type\":\"SearchAction\",\"target\":{\"@type\":\"EntryPoint\",\"urlTemplate\":\"https:\/\/voice-acoustic.vn\/?s={search_term_string}\"},\"query-input\":\"required name=search_term_string\"}],\"inLanguage\":\"vi\"},{\"@type\":\"ImageObject\",\"@id\":\"https:\/\/voice-acoustic.vn\/?product=venia-8#primaryimage\",\"inLanguage\":\"vi\",\"url\":\"https:\/\/voice-acoustic.vn\/wp-content\/uploads\/2021\/11\/voice-acoustic-venia-8-001.jpg\",\"contentUrl\":\"https:\/\/voice-acoustic.vn\/wp-content\/uploads\/2021\/11\/voice-acoustic-venia-8-001.jpg\",\"width\":1920,\"height\":1536},{\"@type\":\"WebPage\",\"@id\":\"https:\/\/voice-acoustic.vn\/?product=venia-8#webpage\",\"url\":\"https:\/\/voice-acoustic.vn\/?product=venia-8\",\"name\":\"VENIA-8 - Voice-Acoustic\",\"isPartOf\":{\"@id\":\"https:\/\/voice-acoustic.vn\/#website\"},\"primaryImageOfPage\":{\"@id\":\"https:\/\/voice-acoustic.vn\/?product=venia-8#primaryimage\"},\"datePublished\":\"2021-11-16T09:10:10+00:00\",\"dateModified\":\"2022-01-27T08:10:02+00:00\",\"breadcrumb\":{\"@id\":\"https:\/\/voice-acoustic.vn\/?product=venia-8#breadcrumb\"},\"inLanguage\":\"vi\",\"potentialAction\":[{\"@type\":\"ReadAction\",\"target\":[\"https:\/\/voice-acoustic.vn\/?product=venia-8\"]}]},{\"@type\":\"BreadcrumbList\",\"@id\":\"https:\/\/voice-acoustic.vn\/?product=venia-8#breadcrumb\",\"itemListElement\":[{\"@type\":\"ListItem\",\"position\":1,\"name\":\"Trang ch\\u1ee7\",\"item\":\"https:\/\/voice-acoustic.vn\/\"},{\"@type\":\"ListItem\",\"position\":2,\"name\":\"..\",\"item\":\"https:\/\/voice-acoustic.vn\/?page_id=11\"},{\"@type\":\"ListItem\",\"position\":3,\"name\":\"VENIA-8\"}]}]}<\/script>\n<!-- \/ Yoast SEO plugin. -->","yoast_head_json":{"title":"VENIA-8 - Voice-Acoustic","robots":{"index":"index","follow":"follow","max-snippet":"max-snippet:-1","max-image-preview":"max-image-preview:large","max-video-preview":"max-video-preview:-1"},"canonical":"https:\/\/voice-acoustic.vn\/?product=venia-8","og_locale":"vi_VN","og_type":"article","og_title":"VENIA-8 - Voice-Acoustic","og_description":"4 x 8\" \/ 4 x 1\", d\u00f2ng c\u1ed9t  Hi\u1ec7u su\u1ea5t r\u1ea5t cao, g\u1ea7n 140dB v\u1edbi tr\u1ecdng l\u01b0\u1ee3ng ch\u1ec9 35kg  P\u00e1t treo c\u01a1 khi \u0111\u01a1n gi\u1ea3n, kh\u00f4ng c\u1ea7n d\u1ee5ng c\u1ee5  M\u1eb7t b\u00edch \u0111\u1ee9ng nghi\u00eang cao k\u00e9p 0\u00b0 v\u00e0 5\u00b0  \u0110\u01a1n v\u1ecb HF qu\u00e1 kh\u1ed5 cho \u0111\u1ed9 m\u00e9o ti\u1ebfng r\u1ea5t th\u1ea5p, \u00e2m cao m\u01b0\u1ee3t m\u00e0 v\u00e0 r\u00f5 r\u00e0ng  Ph\u00e2n b\u1ed1 n\u0103ng l\u01b0\u1ee3ng kh\u00f4ng \u0111\u1ed1i x\u1ee9ng v\u1edbi s\u1ef1 t\u1eadp trung n\u0103ng l\u01b0\u1ee3ng \u1edf kho\u1ea3ng c\u00e1ch xa  \u00c2m l\u01b0\u1ee3ng \u0111\u1ed3ng \u0111\u1ec1u t\u1eeb tr\u01b0\u1edbc ra sau","og_url":"https:\/\/voice-acoustic.vn\/?product=venia-8","og_site_name":"Voice-Acoustic","article_modified_time":"2022-01-27T08:10:02+00:00","og_image":[{"width":1920,"height":1536,"url":"https:\/\/voice-acoustic.vn\/wp-content\/uploads\/2021\/11\/voice-acoustic-venia-8-001.jpg","type":"image\/jpeg"}],"twitter_card":"summary_large_image","twitter_misc":{"\u01af\u1edbc t\u00ednh th\u1eddi gian \u0111\u1ecdc":"3 ph\u00fat"},"schema":{"@context":"https:\/\/schema.org","@graph":[{"@type":"WebSite","@id":"https:\/\/voice-acoustic.vn\/#website","url":"https:\/\/voice-acoustic.vn\/","name":"Voice-Acoustic","description":"","potentialAction":[{"@type":"SearchAction","target":{"@type":"EntryPoint","urlTemplate":"https:\/\/voice-acoustic.vn\/?s={search_term_string}"},"query-input":"required name=search_term_string"}],"inLanguage":"vi"},{"@type":"ImageObject","@id":"https:\/\/voice-acoustic.vn\/?product=venia-8#primaryimage","inLanguage":"vi","url":"https:\/\/voice-acoustic.vn\/wp-content\/uploads\/2021\/11\/voice-acoustic-venia-8-001.jpg","contentUrl":"https:\/\/voice-acoustic.vn\/wp-content\/uploads\/2021\/11\/voice-acoustic-venia-8-001.jpg","width":1920,"height":1536},{"@type":"WebPage","@id":"https:\/\/voice-acoustic.vn\/?product=venia-8#webpage","url":"https:\/\/voice-acoustic.vn\/?product=venia-8","name":"VENIA-8 - Voice-Acoustic","isPartOf":{"@id":"https:\/\/voice-acoustic.vn\/#website"},"primaryImageOfPage":{"@id":"https:\/\/voice-acoustic.vn\/?product=venia-8#primaryimage"},"datePublished":"2021-11-16T09:10:10+00:00","dateModified":"2022-01-27T08:10:02+00:00","breadcrumb":{"@id":"https:\/\/voice-acoustic.vn\/?product=venia-8#breadcrumb"},"inLanguage":"vi","potentialAction":[{"@type":"ReadAction","target":["https:\/\/voice-acoustic.vn\/?product=venia-8"]}]},{"@type":"BreadcrumbList","@id":"https:\/\/voice-acoustic.vn\/?product=venia-8#breadcrumb","itemListElement":[{"@type":"ListItem","position":1,"name":"Trang ch\u1ee7","item":"https:\/\/voice-acoustic.vn\/"},{"@type":"ListItem","position":2,"name":"..","item":"https:\/\/voice-acoustic.vn\/?page_id=11"},{"@type":"ListItem","position":3,"name":"VENIA-8"}]}]}},"_links":{"self":[{"href":"https:\/\/voice-acoustic.vn\/index.php?rest_route=\/wp\/v2\/product\/759","targetHints":{"allow":["GET"]}}],"collection":[{"href":"https:\/\/voice-acoustic.vn\/index.php?rest_route=\/wp\/v2\/product"}],"about":[{"href":"https:\/\/voice-acoustic.vn\/index.php?rest_route=\/wp\/v2\/types\/product"}],"replies":[{"embeddable":true,"href":"https:\/\/voice-acoustic.vn\/index.php?rest_route=%2Fwp%2Fv2%2Fcomments&post=759"}],"wp:featuredmedia":[{"embeddable":true,"href":"https:\/\/voice-acoustic.vn\/index.php?rest_route=\/wp\/v2\/media\/760"}],"wp:attachment":[{"href":"https:\/\/voice-acoustic.vn\/index.php?rest_route=%2Fwp%2Fv2%2Fmedia&parent=759"}],"wp:term":[{"taxonomy":"product_cat","embeddable":true,"href":"https:\/\/voice-acoustic.vn\/index.php?rest_route=%2Fwp%2Fv2%2Fproduct_cat&post=759"},{"taxonomy":"product_tag","embeddable":true,"href":"https:\/\/voice-acoustic.vn\/index.php?rest_route=%2Fwp%2Fv2%2Fproduct_tag&post=759"}],"curies":[{"name":"wp","href":"https:\/\/api.w.org\/{rel}","templated":true}]}}