{"id":776,"date":"2021-11-16T11:24:08","date_gmt":"2021-11-16T11:24:08","guid":{"rendered":"https:\/\/voice-acoustic.vn\/?post_type=product&#038;p=776"},"modified":"2022-01-27T15:05:39","modified_gmt":"2022-01-27T08:05:39","slug":"venia-8sp-dda","status":"publish","type":"product","link":"https:\/\/voice-acoustic.vn\/?product=venia-8sp-dda","title":{"rendered":"VENIA-8sp DDA"},"content":{"rendered":"<div class=\"ce_text block\">\n<p>Voice-Acoustic VENIA-8sp DDA l\u00e0 loa m\u1ea3ng c\u1ed9t t\u1ef1 khu\u1ebfch \u0111\u1ea1i hai chi\u1ec1u, \u0111\u01b0\u1ee3c trang b\u1ecb LF 4 x 8&#8243; v\u00e0 HF 4 x 1&#8243; v\u00e0 m\u00f4-\u0111un khu\u1ebfch \u0111\u1ea1i c\u00f4ng su\u1ea5t 3.2kW b\u00ean trong v\u00e0 h\u1ec7 th\u1ed1ng qu\u1ea3n l\u00fd loa DSP v\u1edbi c\u00e1c t\u00ednh n\u0103ng m\u1edf r\u1ed9ng. DSP c\u00f3 kh\u1ea3 n\u0103ng t\u00ednh to\u00e1n cao v\u00e0 t\u1ea5t c\u1ea3 c\u00e1c ch\u1ee9c n\u0103ng c\u1ee7a b\u1ed9 \u0111i\u1ec1u khi\u1ec3n ti\u00eau chu\u1ea9n.<\/p>\n<p>DDA l\u00e0 vi\u1ebft t\u1eaft c\u1ee7a m\u1ed9t th\u1ebf h\u1ec7 m\u1edbi c\u1ee7a DSP v\u00e0 bo m\u1ea1ch \u0111\u1ea7u v\u00e0o c\u00f3 th\u1ec3 x\u1eed l\u00fd nhi\u1ec1u lo\u1ea1i t\u00edn hi\u1ec7u: DANTE, Digital AES \/ EBU, AES67 v\u00e0 \u0111\u1ea7u v\u00e0o t\u01b0\u01a1ng t\u1ef1.\u00a0C\u00e1c t\u00edn hi\u1ec7u c\u00f3 th\u1ec3 \u0111\u01b0\u1ee3c l\u1eb7p l\u1ea1i xa h\u01a1n.<\/p>\n<p>Gi\u1ed1ng nh\u01b0 c\u00e1c loa Voice-Acoustic kh\u00e1c, v\u1ecf \u0111\u01b0\u1ee3c l\u00e0m b\u1eb1ng v\u00e1n \u00e9p b\u1ea1ch d\u01b0\u01a1ng ch\u1eafc ch\u1eafn v\u1edbi ch\u1ea5t l\u01b0\u1ee3ng cao nh\u1ea5t: \u0111\u01b0\u1ee3c phay CNC, c\u00f3 r\u00e3nh, b\u1eaft v\u00edt v\u00e0 d\u00e1n keo ch\u1ed1ng th\u1ea5m.\u00a0B\u1ec1 m\u1eb7t \u0111\u01b0\u1ee3c b\u1ea3o v\u1ec7 b\u1edfi l\u1edbp s\u01a1n polyurea ch\u1ed1ng \u1ea9m v\u00e0 \u1ed5n \u0111\u1ecbnh m\u00e0u \u0111en.\u00a0Loa m\u00e0u tr\u1eafng v\u00e0 c\u00e1c m\u00e0u \u0111\u1eb7c bi\u1ec7t s\u01a1n 2K c\u00f3 s\u1eb5n t\u00f9y ch\u1ecdn.\u00a0D\u00f2ng Voice-Acoustic VENIA thi\u1ebft l\u1eadp m\u1ed9t ti\u00eau chu\u1ea9n m\u1edbi v\u1ec1 hi\u1ec7u su\u1ea5t v\u00e0 thi\u1ebft k\u1ebf cho c\u00e1c loa d\u00e0n d\u00f2ng c\u1ed9t hi\u1ec7u su\u1ea5t cao.<\/p>\n<\/div>\n<h3>\u0110i\u1ec1u khi\u1ec3n<\/h3>\n<div class=\"ce_text block\">\n<p>DDA VENIA-8sp c\u00f3 th\u1ec3 c\u1ea5p ngu\u1ed3n cho b\u1ed9 khu\u1ebfch \u0111\u1ea1i VENIA-8 th\u00f4ng qua c\u00e1p 4 pin.<\/p>\n<p>&nbsp;<\/p>\n<\/div>\n<div class=\"ce_image mittig block\"><a href=\"https:\/\/voice-acoustic.vn\/wp-content\/uploads\/2021\/11\/voice-acoustic-connection-venia-8sp-dda-001.jpg\"><img loading=\"lazy\" decoding=\"async\" class=\"alignnone size-medium wp-image-777 aligncenter\" src=\"https:\/\/voice-acoustic.vn\/wp-content\/uploads\/2021\/11\/voice-acoustic-connection-venia-8sp-dda-001-217x300.jpg\" alt=\"\" width=\"217\" height=\"300\" srcset=\"https:\/\/voice-acoustic.vn\/wp-content\/uploads\/2021\/11\/voice-acoustic-connection-venia-8sp-dda-001-217x300.jpg 217w, https:\/\/voice-acoustic.vn\/wp-content\/uploads\/2021\/11\/voice-acoustic-connection-venia-8sp-dda-001.jpg 398w\" sizes=\"auto, (max-width: 217px) 100vw, 217px\" \/><\/a><\/div>\n<div>\n<div class=\"ce_image mittig block\" style=\"text-align: center;\">\n<figure class=\"image_container\"><figcaption class=\"caption\"><span style=\"color: #333333; font-size: 75%;\">VENIA-8 bi-amping qua VENIA-8sp DDA<\/span><\/figcaption><\/figure>\n<\/div>\n<div class=\"ce_image mittig block\" style=\"text-align: center;\"><\/div>\n<\/div>\n<div class=\"ce_image mittig block\"><a href=\"https:\/\/voice-acoustic.vn\/wp-content\/uploads\/2021\/11\/voice-acoustic-venia-8sp-set.jpg\"> <img loading=\"lazy\" decoding=\"async\" class=\"size-medium wp-image-778 aligncenter\" src=\"https:\/\/voice-acoustic.vn\/wp-content\/uploads\/2021\/11\/voice-acoustic-venia-8sp-set-296x300.jpg\" alt=\"\" width=\"296\" height=\"300\" srcset=\"https:\/\/voice-acoustic.vn\/wp-content\/uploads\/2021\/11\/voice-acoustic-venia-8sp-set-296x300.jpg 296w, https:\/\/voice-acoustic.vn\/wp-content\/uploads\/2021\/11\/voice-acoustic-venia-8sp-set-1011x1024.jpg 1011w, https:\/\/voice-acoustic.vn\/wp-content\/uploads\/2021\/11\/voice-acoustic-venia-8sp-set-768x778.jpg 768w, https:\/\/voice-acoustic.vn\/wp-content\/uploads\/2021\/11\/voice-acoustic-venia-8sp-set-400x405.jpg 400w, https:\/\/voice-acoustic.vn\/wp-content\/uploads\/2021\/11\/voice-acoustic-venia-8sp-set-600x608.jpg 600w, https:\/\/voice-acoustic.vn\/wp-content\/uploads\/2021\/11\/voice-acoustic-venia-8sp-set-100x100.jpg 100w, https:\/\/voice-acoustic.vn\/wp-content\/uploads\/2021\/11\/voice-acoustic-venia-8sp-set.jpg 1017w\" sizes=\"auto, (max-width: 296px) 100vw, 296px\" \/><\/a><\/div>\n<div>\n<div class=\"rs-columns ce_rs_columns_start\">\n<div class=\"ce_rs_column_start rs-column -large-col-2-1 -large-last -large-first-row -medium-col-2-1 -medium-last -medium-first-row -small-col-1-1 -small-first -small-last\">\n<div class=\"ce_image mittig block\" style=\"text-align: center;\">\n<figure class=\"image_container\"><figcaption class=\"caption\"><span style=\"font-size: 75%; color: #333333;\">B\u1ed9 VENIA-8sp<\/span><\/figcaption><\/figure>\n<\/div>\n<\/div>\n<\/div>\n<\/div>\n<div>\n<div class=\"row\"  id=\"row-1574698625\">\n\t<div id=\"col-1944233595\" class=\"col medium-2\/4 large-6\"  >\n\t\t\t\t<div class=\"col-inner\"  >\n\t\t\t\n\t\t\t\n<div class=\"inside\">\n<h2><\/h2>\n<h2>Th\u00f4ng s\u1ed1 k\u1ef9 thu\u1eadt<\/h2>\n<\/div>\n<div class=\"is-divider divider clearfix\" ><\/div>\n<p><strong>Drivers<\/strong><br \/>\nLF: 4 x 8&#8243; Neodym cu\u1ed9n d\u00e2y \u00e2m 2.5&#8243;<br \/>\nHF: 4 x 1&#8243; Neodym cu\u1ed9n d\u00e2y \u00e2m 1.75&#8243;<\/p>\n<p><strong>D\u1ea3i t\u1ea7n<\/strong><br \/>\n56 Hz &#8211; 19 kHz (- 10 dB)<br \/>\n72 Hz &#8211; 16 kHz (+\/- 3 dB)<\/p>\n<p><strong>G\u00f3c ph\u1ee7 \u00e2m (d\u1ecdc x ngang)<\/strong><br \/>\n100\u00b0 x 0\u00b0\/ -20\u00b0<\/p>\n<p><strong>T\u1ed5ng tr\u1edf<\/strong><br \/>\nLF: 8\u2126<br \/>\nHF: 8\u2126<\/p>\n<p><strong>C\u00f4ng su\u1ea5t (AES \/ Program \/ Peak)<\/strong><br \/>\nLF: 1000W \/ 2000W \/ 4000W<br \/>\nHF: 110W \/ 440W<\/p>\n<p><strong>\u0110\u1ed9 nh\u1ea1y 1W \/ 1m<\/strong><br \/>\nLF: 103dB SPL<br \/>\nHF: 109dB SPL<\/p>\n<p><strong>C\u01b0\u1eddng \u0111\u1ed9 \u1ea5p su\u1ea5t \u00e2m thanh (AES \/ Program \/ Peak)<\/strong><br \/>\n133dB SPL \/ 136dB SPL \/ 139dB SPL<\/p>\n<p><strong>K\u1ebft n\u1ed1i<\/strong><br \/>\n2 x NEUTRIK NL4 IN\/OUT 1+\/1- (4-pole looped-through)<\/p>\n<p><strong>S\u01a1n ph\u1ee7<\/strong><br \/>\nS\u01a1n ph\u1ee7 Polyurea m\u00e3 s\u1ed1 RAL 9005<\/p>\n<p><strong>K\u00edch th\u01b0\u1edbc \/ tr\u1ecdng l\u01b0\u1ee3ng<\/strong><br \/>\n1.336 (H) x 245 (W) x 336 mm (D) \/ 40.0 kg<\/p>\n\t\t<\/div>\n\t\t\t\t\t<\/div>\n\n\t\n\n\t<div id=\"col-745034884\" class=\"col medium-1\/4 large-3\"  >\n\t\t\t\t<div class=\"col-inner\"  >\n\t\t\t\n\t\t\t\n<h3>T\u00edch h\u1ee3p m\u00f4 \u0111un khu\u1ebfch \u0111\u1ea1i 2-CH<\/h3>\n<div class=\"is-divider divider clearfix\" ><\/div>\n<p><strong>Amplifier<br \/>\n<\/strong>Th\u1ebf h\u1ec7 3 Class D<\/p>\n<p><strong>C\u00f4ng su\u1ea5t CH1<br \/>\n<\/strong>2400W \/ 4\u2126, 1580W \/8 \u2126, 800W \/ 16\u2126<\/p>\n<p><strong>C\u00f4ng su\u1ea5t CH2<br \/>\n<\/strong>800W \/ 4\u2126, 450W \/ 8\u2126, 200W \/ 16\u2126<\/p>\n<p><strong>Ampli gain<br \/>\n<\/strong>LF: 32dB, HF: 26dB<\/p>\n<p><strong>H\u1ec7 s\u1ed1 Signal-to-noise<br \/>\n<\/strong>&gt;120dB (A-rated, 20 &#8211; 20.000Hz, 8\u2126)<\/p>\n<p><strong>H\u1ec7 s\u1ed1 Damping<br \/>\n<\/strong>&gt;1.000 (8\u2126, 1kHz)<\/p>\n<p><strong>H\u1ec7 s\u1ed1 Distortion<br \/>\n<\/strong>THD+N &lt; 0,05 % (20 &#8211; 20.000Hz, 8\u2126)<\/p>\n<p><strong>T\u00ednh n\u0103ng b\u1ea3o v\u1ec7<br \/>\n<\/strong>Gi\u1edbi h\u1ea1n d\u00f2ng \u0111i\u1ec7n kh\u1edfi \u0111\u1ed9ng<br \/>\nB\u1ea3o v\u1ec7 m\u1ea1ch \u0111i\u1ec7n t\u1eaft v\u00e0 m\u1edf chuy\u1ec3n ti\u1ebfp<br \/>\nB\u1ea3o v\u1ec7 \u0111i\u1ec7p \u00e1p cao h\u01a1n v\u00e0 th\u1ea5p h\u01a1n<br \/>\nB\u1ea3o v\u1ec7 d\u00f2ng \u0111i\u1ec7n DC c\u1ed5ng ra<br \/>\nGi\u1edbi h\u1ea1n t\u00edn hi\u1ec7u \u0111\u1ea7u v\u00e0o, t\u00edn hi\u1ec7u \u0111\u1ec9nh<br \/>\nKi\u1ec3m so\u00e1t b\u1ed9 t\u1ea3n nhi\u1ec7u v\u00e0 t\u1ee5 b\u00e1n d\u1eabn<\/p>\n<p><strong>\u0110i\u1ec7n \u00e1p<\/strong><br \/>\nNgu\u1ed3n \u0111i\u1ec7n chuy\u1ec3n m\u1ea1ch th\u00f4ng minh, \u0111\u01b0\u1ee3c \u0111i\u1ec1u ch\u1ec9nh v\u1edbi t\u00ednh n\u0103ng ph\u00e1t hi\u1ec7n \u0111i\u1ec7n \u00e1p t\u1ef1 \u0111\u1ed9ng<br \/>\nChuy\u1ec3n \u0111\u1ed5i gi\u1eefa 120\/230V 50\/60 Hz, s\u1eed d\u1ee5ng to\u00e0n c\u1ea7u<br \/>\nBi\u00ean \u0111\u1ed9 \u0111i\u1ec7n \u00e1p: 85 &#8211; 268V<\/p>\n\t\t<\/div>\n\t\t\t\t\t<\/div>\n\n\t\n\n\t<div id=\"col-471299868\" class=\"col medium-1\/4 large-3\"  >\n\t\t\t\t<div class=\"col-inner\"  >\n\t\t\t\n\t\t\t\n<h3>H\u1ec7 th\u1ed1ng qu\u1ea3n l\u00fd loa DSP t\u00edch h\u1ee3p<\/h3>\n<div class=\"is-divider divider clearfix\" ><\/div>\n<p><strong>B\u1ed9 x\u1eed l\u00fd<br \/>\n<\/strong>T\u1ed1c \u0111\u1ed9 x\u1eed l\u00fd 64 bit, 96kHz<\/p>\n<p><strong>Ph\u1ea7n m\u1ec1m v\u1eadn h\u00e0nh<br \/>\n<\/strong>L\u00ean t\u1edbi 128 loa t\u00edch h\u1ee3p c\u00f4ng su\u1ea5t v\u00e0 ampli HDSP trong c\u00f9ng m\u1ed9t m\u1ea1ng \u0111i\u1ec1u h\u00e0nh<\/p>\n<p><strong>C\u1ed5ng v\u00e0o Dynamic range<br \/>\n<\/strong>120dB<\/p>\n<p><strong>M\u1ee9c \u0111\u1ed9 c\u1ed5ng v\u00e0o Nominal \/ Maximal<br \/>\n<\/strong>+ 6dBu \/ + 23dB<\/p>\n<p><strong>\u0110\u00f4n tr\u1ec5<br \/>\n<\/strong>0 &#8211; max. 0.5ms<\/p>\n<p><strong>K\u1ebft n\u1ed1i Routing<br \/>\n<\/strong>Cho ph\u00e9p 2 t\u00edn hi\u1ec7u c\u1ed5ng v\u00e0o (input) mixers k\u1ebft n\u1ed1i v\u00e0o m\u1ed7i c\u1ed5ng ra (output)<\/p>\n<p><strong>B\u1ed9 l\u1ecdc EQ Filter<br \/>\n<\/strong>20 parametric EQ filters m\u1ed7i k\u00eanh<br \/>\nM\u1ed7i b\u1ed9 l\u1ecdc c\u00f3 th\u1ec3 c\u00e0i \u0111\u1eb7t Bell, Shelving, Notch, ho\u1eb7c Allpass<\/p>\n<p><strong>Ph\u00e2n t\u1ea7n X-Over<br \/>\n<\/strong>Butterworth, Bessel, Linkwitz-Riley<\/p>\n<p><strong>B\u1ed9 gi\u1edbi h\u1ea1n Limiter<br \/>\n<\/strong>M\u1ed7i c\u1ed5ng v\u00e0o v\u00e0 c\u1ed5ng ra<\/p>\n<p><strong>B\u1ed9 Delay<br \/>\n<\/strong>0 cho t\u1edbi 800ms (t\u1ed1i \u0111a 275m delay) t\u1ea1i m\u1ed7i k\u00eanh c\u1ed5ng v\u00e0o<br \/>\n0 cho t\u1edbi 17ms (t\u1ed1i \u0111a 6m delay) t\u1ea1i m\u1ed7i k\u00eanh c\u1ed5ng ra \u0111\u1ec3 c\u00e2n b\u1eb1ng th\u1eddi gian<\/p>\n<p><strong>Pha<br \/>\n<\/strong>\u0110i\u1ec1u ch\u1ec9nh t\u1eeb 0\u00b0 &#8211; 180\u00b0<\/p>\n<p><strong>Ng\u00f4n ng\u1eef<br \/>\n<\/strong>Anh, \u0110\u1ee9c, Ph\u00e1p, T\u00e2y Ban Nha<\/p>\n<p><strong>Giao di\u1ec7n ph\u1ea7n m\u1ec1m<br \/>\n<\/strong>C\u1eadp nh\u1eadt ph\u1ea7n m\u1ec1m qua Ethernet<\/p>\n\t\t<\/div>\n\t\t\t\t\t<\/div>\n\n\t\n<\/div>\n<\/div>\n","protected":false},"excerpt":{"rendered":"<ul class=\"ul_style_check\">\n<li>4 x 8 &#8220;\/ 4 x 1&#8221;, Phi\u00ean b\u1ea3n t\u00edch h\u1ee3p b\u1ed9 khu\u1ebfch \u0111\u1ea1i, d\u00f2ng c\u1ed9t<\/li>\n<li>B\u1ed9 khu\u1ebfch \u0111\u1ea1i 2 k\u00eanh 3,2 kW: 1 x 2,400 W + 1 x 800 W \u1edf 4 \u03a9<\/li>\n<li>P\u00e1t treo c\u01a1 khi \u0111\u01a1n gi\u1ea3n, kh\u00f4ng c\u1ea7n d\u1ee5ng c\u1ee5<\/li>\n<li>M\u1eb7t b\u00edch \u0111\u1ee9ng nghi\u00eang k\u00e9p 0 \u00b0 d\u01b0\u1edbi 5 \u00b0<\/li>\n<li>\u0110i\u1ec1u khi\u1ec3n b\u1eb1ng tay th\u00f4ng qua m\u00e0n h\u00ecnh, n\u00fat nh\u1ea5n v\u00e0 b\u1ed9 m\u00e3 h\u00f3a<\/li>\n<li>\u0110i\u1ec1u khi\u1ec3n ph\u1ea7n m\u1ec1m qua Dante (M\u1ea1ng \u00e2m thanh k\u1ef9 thu\u1eadt s\u1ed1 qua Ethernet)<\/li>\n<li>120 c\u00e0i \u0111\u1eb7t s\u1eb5n b\u00ean trong<\/li>\n<li>1 x 6 m Schuko \/ c\u00e1p powerCON TRUE1-TOP<\/li>\n<\/ul>\n","protected":false},"featured_media":819,"comment_status":"closed","ping_status":"closed","template":"","meta":{"spay_email":""},"product_cat":[33],"product_tag":[],"class_list":{"0":"post-776","1":"product","2":"type-product","3":"status-publish","4":"has-post-thumbnail","6":"product_cat-venia-series-high-power-column-line-array-loudspeakers","8":"first","9":"instock","10":"shipping-taxable","11":"product-type-simple"},"yoast_head":"<!-- This site is optimized with the Yoast SEO plugin v17.6 - https:\/\/yoast.com\/wordpress\/plugins\/seo\/ -->\n<title>VENIA-8sp DDA - Voice-Acoustic<\/title>\n<meta name=\"robots\" content=\"index, follow, max-snippet:-1, max-image-preview:large, max-video-preview:-1\" \/>\n<link rel=\"canonical\" href=\"https:\/\/voice-acoustic.vn\/?product=venia-8sp-dda\" \/>\n<meta property=\"og:locale\" content=\"vi_VN\" \/>\n<meta property=\"og:type\" content=\"article\" \/>\n<meta property=\"og:title\" content=\"VENIA-8sp DDA - Voice-Acoustic\" \/>\n<meta property=\"og:description\" content=\"4 x 8 &quot;\/ 4 x 1&quot;, Phi\u00ean b\u1ea3n t\u00edch h\u1ee3p b\u1ed9 khu\u1ebfch \u0111\u1ea1i, d\u00f2ng c\u1ed9t  B\u1ed9 khu\u1ebfch \u0111\u1ea1i 2 k\u00eanh 3,2 kW: 1 x 2,400 W + 1 x 800 W \u1edf 4 \u03a9  P\u00e1t treo c\u01a1 khi \u0111\u01a1n gi\u1ea3n, kh\u00f4ng c\u1ea7n d\u1ee5ng c\u1ee5  M\u1eb7t b\u00edch \u0111\u1ee9ng nghi\u00eang k\u00e9p 0 \u00b0 d\u01b0\u1edbi 5 \u00b0  \u0110i\u1ec1u khi\u1ec3n b\u1eb1ng tay th\u00f4ng qua m\u00e0n h\u00ecnh, n\u00fat nh\u1ea5n v\u00e0 b\u1ed9 m\u00e3 h\u00f3a  \u0110i\u1ec1u khi\u1ec3n ph\u1ea7n m\u1ec1m qua Dante (M\u1ea1ng \u00e2m thanh k\u1ef9 thu\u1eadt s\u1ed1 qua Ethernet)  120 c\u00e0i \u0111\u1eb7t s\u1eb5n b\u00ean trong  1 x 6 m Schuko \/ c\u00e1p powerCON TRUE1-TOP\" \/>\n<meta property=\"og:url\" content=\"https:\/\/voice-acoustic.vn\/?product=venia-8sp-dda\" \/>\n<meta property=\"og:site_name\" content=\"Voice-Acoustic\" \/>\n<meta property=\"article:modified_time\" content=\"2022-01-27T08:05:39+00:00\" \/>\n<meta property=\"og:image\" content=\"https:\/\/voice-acoustic.vn\/wp-content\/uploads\/2021\/11\/voice-acoustic-venia-8sp-dda-001-1.jpg\" \/>\n\t<meta property=\"og:image:width\" content=\"1920\" \/>\n\t<meta property=\"og:image:height\" content=\"1536\" \/>\n<meta name=\"twitter:card\" content=\"summary_large_image\" \/>\n<meta name=\"twitter:label1\" content=\"\u01af\u1edbc t\u00ednh th\u1eddi gian \u0111\u1ecdc\" \/>\n\t<meta name=\"twitter:data1\" content=\"5 ph\u00fat\" \/>\n<script type=\"application\/ld+json\" class=\"yoast-schema-graph\">{\"@context\":\"https:\/\/schema.org\",\"@graph\":[{\"@type\":\"WebSite\",\"@id\":\"https:\/\/voice-acoustic.vn\/#website\",\"url\":\"https:\/\/voice-acoustic.vn\/\",\"name\":\"Voice-Acoustic\",\"description\":\"\",\"potentialAction\":[{\"@type\":\"SearchAction\",\"target\":{\"@type\":\"EntryPoint\",\"urlTemplate\":\"https:\/\/voice-acoustic.vn\/?s={search_term_string}\"},\"query-input\":\"required name=search_term_string\"}],\"inLanguage\":\"vi\"},{\"@type\":\"ImageObject\",\"@id\":\"https:\/\/voice-acoustic.vn\/?product=venia-8sp-dda#primaryimage\",\"inLanguage\":\"vi\",\"url\":\"https:\/\/voice-acoustic.vn\/wp-content\/uploads\/2021\/11\/voice-acoustic-venia-8sp-dda-001-1.jpg\",\"contentUrl\":\"https:\/\/voice-acoustic.vn\/wp-content\/uploads\/2021\/11\/voice-acoustic-venia-8sp-dda-001-1.jpg\",\"width\":1920,\"height\":1536},{\"@type\":\"WebPage\",\"@id\":\"https:\/\/voice-acoustic.vn\/?product=venia-8sp-dda#webpage\",\"url\":\"https:\/\/voice-acoustic.vn\/?product=venia-8sp-dda\",\"name\":\"VENIA-8sp DDA - Voice-Acoustic\",\"isPartOf\":{\"@id\":\"https:\/\/voice-acoustic.vn\/#website\"},\"primaryImageOfPage\":{\"@id\":\"https:\/\/voice-acoustic.vn\/?product=venia-8sp-dda#primaryimage\"},\"datePublished\":\"2021-11-16T11:24:08+00:00\",\"dateModified\":\"2022-01-27T08:05:39+00:00\",\"breadcrumb\":{\"@id\":\"https:\/\/voice-acoustic.vn\/?product=venia-8sp-dda#breadcrumb\"},\"inLanguage\":\"vi\",\"potentialAction\":[{\"@type\":\"ReadAction\",\"target\":[\"https:\/\/voice-acoustic.vn\/?product=venia-8sp-dda\"]}]},{\"@type\":\"BreadcrumbList\",\"@id\":\"https:\/\/voice-acoustic.vn\/?product=venia-8sp-dda#breadcrumb\",\"itemListElement\":[{\"@type\":\"ListItem\",\"position\":1,\"name\":\"Trang ch\\u1ee7\",\"item\":\"https:\/\/voice-acoustic.vn\/\"},{\"@type\":\"ListItem\",\"position\":2,\"name\":\"..\",\"item\":\"https:\/\/voice-acoustic.vn\/?page_id=11\"},{\"@type\":\"ListItem\",\"position\":3,\"name\":\"VENIA-8sp DDA\"}]}]}<\/script>\n<!-- \/ Yoast SEO plugin. -->","yoast_head_json":{"title":"VENIA-8sp DDA - Voice-Acoustic","robots":{"index":"index","follow":"follow","max-snippet":"max-snippet:-1","max-image-preview":"max-image-preview:large","max-video-preview":"max-video-preview:-1"},"canonical":"https:\/\/voice-acoustic.vn\/?product=venia-8sp-dda","og_locale":"vi_VN","og_type":"article","og_title":"VENIA-8sp DDA - Voice-Acoustic","og_description":"4 x 8 \"\/ 4 x 1\", Phi\u00ean b\u1ea3n t\u00edch h\u1ee3p b\u1ed9 khu\u1ebfch \u0111\u1ea1i, d\u00f2ng c\u1ed9t  B\u1ed9 khu\u1ebfch \u0111\u1ea1i 2 k\u00eanh 3,2 kW: 1 x 2,400 W + 1 x 800 W \u1edf 4 \u03a9  P\u00e1t treo c\u01a1 khi \u0111\u01a1n gi\u1ea3n, kh\u00f4ng c\u1ea7n d\u1ee5ng c\u1ee5  M\u1eb7t b\u00edch \u0111\u1ee9ng nghi\u00eang k\u00e9p 0 \u00b0 d\u01b0\u1edbi 5 \u00b0  \u0110i\u1ec1u khi\u1ec3n b\u1eb1ng tay th\u00f4ng qua m\u00e0n h\u00ecnh, n\u00fat nh\u1ea5n v\u00e0 b\u1ed9 m\u00e3 h\u00f3a  \u0110i\u1ec1u khi\u1ec3n ph\u1ea7n m\u1ec1m qua Dante (M\u1ea1ng \u00e2m thanh k\u1ef9 thu\u1eadt s\u1ed1 qua Ethernet)  120 c\u00e0i \u0111\u1eb7t s\u1eb5n b\u00ean trong  1 x 6 m Schuko \/ c\u00e1p powerCON TRUE1-TOP","og_url":"https:\/\/voice-acoustic.vn\/?product=venia-8sp-dda","og_site_name":"Voice-Acoustic","article_modified_time":"2022-01-27T08:05:39+00:00","og_image":[{"width":1920,"height":1536,"url":"https:\/\/voice-acoustic.vn\/wp-content\/uploads\/2021\/11\/voice-acoustic-venia-8sp-dda-001-1.jpg","type":"image\/jpeg"}],"twitter_card":"summary_large_image","twitter_misc":{"\u01af\u1edbc t\u00ednh th\u1eddi gian \u0111\u1ecdc":"5 ph\u00fat"},"schema":{"@context":"https:\/\/schema.org","@graph":[{"@type":"WebSite","@id":"https:\/\/voice-acoustic.vn\/#website","url":"https:\/\/voice-acoustic.vn\/","name":"Voice-Acoustic","description":"","potentialAction":[{"@type":"SearchAction","target":{"@type":"EntryPoint","urlTemplate":"https:\/\/voice-acoustic.vn\/?s={search_term_string}"},"query-input":"required name=search_term_string"}],"inLanguage":"vi"},{"@type":"ImageObject","@id":"https:\/\/voice-acoustic.vn\/?product=venia-8sp-dda#primaryimage","inLanguage":"vi","url":"https:\/\/voice-acoustic.vn\/wp-content\/uploads\/2021\/11\/voice-acoustic-venia-8sp-dda-001-1.jpg","contentUrl":"https:\/\/voice-acoustic.vn\/wp-content\/uploads\/2021\/11\/voice-acoustic-venia-8sp-dda-001-1.jpg","width":1920,"height":1536},{"@type":"WebPage","@id":"https:\/\/voice-acoustic.vn\/?product=venia-8sp-dda#webpage","url":"https:\/\/voice-acoustic.vn\/?product=venia-8sp-dda","name":"VENIA-8sp DDA - Voice-Acoustic","isPartOf":{"@id":"https:\/\/voice-acoustic.vn\/#website"},"primaryImageOfPage":{"@id":"https:\/\/voice-acoustic.vn\/?product=venia-8sp-dda#primaryimage"},"datePublished":"2021-11-16T11:24:08+00:00","dateModified":"2022-01-27T08:05:39+00:00","breadcrumb":{"@id":"https:\/\/voice-acoustic.vn\/?product=venia-8sp-dda#breadcrumb"},"inLanguage":"vi","potentialAction":[{"@type":"ReadAction","target":["https:\/\/voice-acoustic.vn\/?product=venia-8sp-dda"]}]},{"@type":"BreadcrumbList","@id":"https:\/\/voice-acoustic.vn\/?product=venia-8sp-dda#breadcrumb","itemListElement":[{"@type":"ListItem","position":1,"name":"Trang ch\u1ee7","item":"https:\/\/voice-acoustic.vn\/"},{"@type":"ListItem","position":2,"name":"..","item":"https:\/\/voice-acoustic.vn\/?page_id=11"},{"@type":"ListItem","position":3,"name":"VENIA-8sp DDA"}]}]}},"_links":{"self":[{"href":"https:\/\/voice-acoustic.vn\/index.php?rest_route=\/wp\/v2\/product\/776","targetHints":{"allow":["GET"]}}],"collection":[{"href":"https:\/\/voice-acoustic.vn\/index.php?rest_route=\/wp\/v2\/product"}],"about":[{"href":"https:\/\/voice-acoustic.vn\/index.php?rest_route=\/wp\/v2\/types\/product"}],"replies":[{"embeddable":true,"href":"https:\/\/voice-acoustic.vn\/index.php?rest_route=%2Fwp%2Fv2%2Fcomments&post=776"}],"wp:featuredmedia":[{"embeddable":true,"href":"https:\/\/voice-acoustic.vn\/index.php?rest_route=\/wp\/v2\/media\/819"}],"wp:attachment":[{"href":"https:\/\/voice-acoustic.vn\/index.php?rest_route=%2Fwp%2Fv2%2Fmedia&parent=776"}],"wp:term":[{"taxonomy":"product_cat","embeddable":true,"href":"https:\/\/voice-acoustic.vn\/index.php?rest_route=%2Fwp%2Fv2%2Fproduct_cat&post=776"},{"taxonomy":"product_tag","embeddable":true,"href":"https:\/\/voice-acoustic.vn\/index.php?rest_route=%2Fwp%2Fv2%2Fproduct_tag&post=776"}],"curies":[{"name":"wp","href":"https:\/\/api.w.org\/{rel}","templated":true}]}}