{"id":795,"date":"2021-11-17T02:35:25","date_gmt":"2021-11-17T02:35:25","guid":{"rendered":"https:\/\/voice-acoustic.vn\/?post_type=product&#038;p=795"},"modified":"2022-01-27T12:46:17","modified_gmt":"2022-01-27T05:46:17","slug":"venia-6-2","status":"publish","type":"product","link":"https:\/\/voice-acoustic.vn\/?product=venia-6-2","title":{"rendered":"VENIA-6"},"content":{"rendered":"<p>Voice-Acoustic VENIA-6 l\u00e0 loa m\u1ea3ng c\u1ed9t 2-way, \u0111\u01b0\u1ee3c trang b\u1ecb LF 4 x 6.5&#8243; v\u00e0 HF 3 x 1&#8243;. C\u00e1c drivers t\u1ea7n s\u1ed1 cao \u0111\u01b0\u1ee3c k\u1ebft h\u1ee3p v\u1edbi m\u1ed9t \u1ed1ng d\u1eabn s\u00f3ng m\u1ea3ng d\u00f2ng v\u00e0 t\u1ea1o ra g\u00f3c ph\u00e2n t\u00e1n 100\u00b0 theo chi\u1ec1u ngang v\u00e0 0\u00b0 \/ -20\u00b0 theo chi\u1ec1u d\u1ecdc th\u00f4ng qua m\u1ed9t c\u00f2i l\u1edbn.<\/p>\n<p>V\u1edbi t\u1ea7n s\u1ed1 ph\u00e2n t\u1ea7n th\u1ea5p, VENIA-6 c\u0169ng l\u00e0 m\u1ed9t gi\u1ea3i ph\u00e1p \u0111\u1ed9c l\u1eadp to\u00e0n d\u1ea3i \u0111\u1ea7y thuy\u1ebft ph\u1ee5c.\u00a0V\u1edbi hi\u1ec7u su\u1ea5t m\u1ea1nh m\u1ebd, n\u00f3 c\u0169ng l\u00e0 m\u1ed9t Main-PA thanh l\u1ecbch k\u1ebft h\u1ee3p v\u1edbi m\u1ed9t s\u1ed1 loa si\u00eau tr\u1ea7m.\u00a0M\u1ed9t c\u1eb7p \u00e2m thanh n\u1ed5i c\u1ee7a VENIA-6 c\u00f3 th\u1ec3 \u0111\u01b0\u1ee3c k\u1ebft h\u1ee3p v\u1edbi t\u1ed1i \u0111a s\u00e1u Paveosub-118.\u00a0Nh\u1edd b\u1ed9 ph\u1eadn \u0111i\u1ec1u khi\u1ec3n t\u1ea7n s\u1ed1 cao m\u1ea1nh m\u1ebd, VENIA-6 lu\u00f4n ch\u01a1i m\u1ed9t c\u00e1ch tho\u1ea3i m\u00e1i v\u00e0 d\u1ec5 ch\u1ecbu, ngay c\u1ea3 \u1edf \u00e2m l\u01b0\u1ee3ng l\u1edbn v\u00e0 \u0111\u00e1p \u1ee9ng c\u1ea3 nh\u1eefng nhu c\u1ea7u \u00e2m thanh cao nh\u1ea5t.<\/p>\n<p><a href=\"https:\/\/voice-acoustic.vn\/wp-content\/uploads\/2021\/11\/voice-acoustic-energieverhalten-der-abstrahlung-venia-serie.jpg\"><img loading=\"lazy\" decoding=\"async\" class=\"wp-image-770 size-large aligncenter\" src=\"https:\/\/voice-acoustic.vn\/wp-content\/uploads\/2021\/11\/voice-acoustic-energieverhalten-der-abstrahlung-venia-serie-1024x201.jpg\" alt=\"\" width=\"1020\" height=\"200\" srcset=\"https:\/\/voice-acoustic.vn\/wp-content\/uploads\/2021\/11\/voice-acoustic-energieverhalten-der-abstrahlung-venia-serie-1024x201.jpg 1024w, https:\/\/voice-acoustic.vn\/wp-content\/uploads\/2021\/11\/voice-acoustic-energieverhalten-der-abstrahlung-venia-serie-300x59.jpg 300w, https:\/\/voice-acoustic.vn\/wp-content\/uploads\/2021\/11\/voice-acoustic-energieverhalten-der-abstrahlung-venia-serie-768x150.jpg 768w, https:\/\/voice-acoustic.vn\/wp-content\/uploads\/2021\/11\/voice-acoustic-energieverhalten-der-abstrahlung-venia-serie-1536x301.jpg 1536w, https:\/\/voice-acoustic.vn\/wp-content\/uploads\/2021\/11\/voice-acoustic-energieverhalten-der-abstrahlung-venia-serie-1320x259.jpg 1320w, https:\/\/voice-acoustic.vn\/wp-content\/uploads\/2021\/11\/voice-acoustic-energieverhalten-der-abstrahlung-venia-serie-400x78.jpg 400w, https:\/\/voice-acoustic.vn\/wp-content\/uploads\/2021\/11\/voice-acoustic-energieverhalten-der-abstrahlung-venia-serie-600x118.jpg 600w, https:\/\/voice-acoustic.vn\/wp-content\/uploads\/2021\/11\/voice-acoustic-energieverhalten-der-abstrahlung-venia-serie.jpg 1920w\" sizes=\"auto, (max-width: 1020px) 100vw, 1020px\" \/><\/a><\/p>\n<p style=\"text-align: center;\"><span style=\"font-size: 75%;\">V\u00f9ng ph\u1ee7 n\u0103ng l\u01b0\u1ee3ng D\u00f2ng VENIA: V\u00f9ng ph\u1ee7 \u00e2m l\u01b0\u1ee3ng r\u1ea5t \u0111\u1ec1u t\u1eeb tr\u01b0\u1edbc ra sau<\/span><\/p>\n<p><a href=\"https:\/\/voice-acoustic.vn\/wp-content\/uploads\/2021\/11\/voice-acoustic-energieverhalten-der-abstrahlung-konventioneller-lautsprecher.jpg\"><img loading=\"lazy\" decoding=\"async\" class=\"wp-image-769 size-large aligncenter\" src=\"https:\/\/voice-acoustic.vn\/wp-content\/uploads\/2021\/11\/voice-acoustic-energieverhalten-der-abstrahlung-konventioneller-lautsprecher-1024x190.jpg\" alt=\"\" width=\"1020\" height=\"189\" srcset=\"https:\/\/voice-acoustic.vn\/wp-content\/uploads\/2021\/11\/voice-acoustic-energieverhalten-der-abstrahlung-konventioneller-lautsprecher-1024x190.jpg 1024w, https:\/\/voice-acoustic.vn\/wp-content\/uploads\/2021\/11\/voice-acoustic-energieverhalten-der-abstrahlung-konventioneller-lautsprecher-300x56.jpg 300w, https:\/\/voice-acoustic.vn\/wp-content\/uploads\/2021\/11\/voice-acoustic-energieverhalten-der-abstrahlung-konventioneller-lautsprecher-768x143.jpg 768w, https:\/\/voice-acoustic.vn\/wp-content\/uploads\/2021\/11\/voice-acoustic-energieverhalten-der-abstrahlung-konventioneller-lautsprecher-1536x286.jpg 1536w, https:\/\/voice-acoustic.vn\/wp-content\/uploads\/2021\/11\/voice-acoustic-energieverhalten-der-abstrahlung-konventioneller-lautsprecher-1320x245.jpg 1320w, https:\/\/voice-acoustic.vn\/wp-content\/uploads\/2021\/11\/voice-acoustic-energieverhalten-der-abstrahlung-konventioneller-lautsprecher-400x74.jpg 400w, https:\/\/voice-acoustic.vn\/wp-content\/uploads\/2021\/11\/voice-acoustic-energieverhalten-der-abstrahlung-konventioneller-lautsprecher-600x112.jpg 600w, https:\/\/voice-acoustic.vn\/wp-content\/uploads\/2021\/11\/voice-acoustic-energieverhalten-der-abstrahlung-konventioneller-lautsprecher.jpg 1920w\" sizes=\"auto, (max-width: 1020px) 100vw, 1020px\" \/><\/a><\/p>\n<p style=\"text-align: center;\"><span style=\"font-size: 75%;\">Loa th\u00f4ng th\u01b0\u1eddng bao ph\u1ee7 n\u0103ng l\u01b0\u1ee3ng: To \u1edf ph\u00eda tr\u01b0\u1edbc v\u00e0 y\u00ean t\u0129nh \u1edf ph\u00eda sau<\/span><\/p>\n<p>&nbsp;<\/p>\n<div class=\"ce_text block\">\n<p>Gi\u1ed1ng nh\u01b0 c\u00e1c loa Voice-Acoustic kh\u00e1c, v\u1ecf \u0111\u01b0\u1ee3c l\u00e0m b\u1eb1ng v\u00e1n \u00e9p b\u1ea1ch d\u01b0\u01a1ng ch\u1eafc ch\u1eafn v\u1edbi ch\u1ea5t l\u01b0\u1ee3ng cao nh\u1ea5t: \u0111\u01b0\u1ee3c phay CNC, c\u00f3 r\u00e3nh, b\u1eaft v\u00edt v\u00e0 d\u00e1n keo ch\u1ed1ng th\u1ea5m.\u00a0B\u1ec1 m\u1eb7t \u0111\u01b0\u1ee3c b\u1ea3o v\u1ec7 b\u1edfi l\u1edbp s\u01a1n polyurea ch\u1ed1ng \u1ea9m v\u00e0 \u1ed5n \u0111\u1ecbnh m\u00e0u \u0111en.\u00a0Loa m\u00e0u tr\u1eafng v\u00e0 c\u00e1c m\u00e0u \u0111\u1eb7c bi\u1ec7t s\u01a1n 2K c\u00f3 s\u1eb5n t\u00f9y ch\u1ecdn.\u00a0D\u00f2ng Voice-Acoustic VENIA thi\u1ebft l\u1eadp m\u1ed9t ti\u00eau chu\u1ea9n m\u1edbi v\u1ec1 hi\u1ec7u su\u1ea5t v\u00e0 thi\u1ebft k\u1ebf cho c\u00e1c loa d\u00e0n d\u00f2ng c\u1ed9t hi\u1ec7u su\u1ea5t cao.<\/p>\n<\/div>\n<div class=\"ce_text block\"><\/div>\n<h3>\u0110i\u1ec1u khi\u1ec3n<\/h3>\n<p>VENIA-6 \u0111\u01b0\u1ee3c c\u1ea5p ngu\u1ed3n b\u1edfi m\u1ed9t k\u00eanh (800W \/ 4\u03a9) c\u1ee7a b\u1ed9 khu\u1ebfch \u0111\u1ea1i HDSP.<\/p>\n<p>Loa LF v\u00e0 HF c\u00f3 c\u00f4ng su\u1ea5t 8\u03a9.<\/p>\n<p>C\u00f3 th\u1ec3 k\u1ebft n\u1ed1i th\u1ee5 \u0111\u1ed9ng t\u1ed1i \u0111a b\u1ed1n VENIA-6 v\u1edbi HDSP-6. C\u00f3 th\u1ec3 k\u1ebft n\u1ed1i th\u1ee5 \u0111\u1ed9ng t\u1ed1i \u0111a hai VENIA-6 v\u1edbi b\u1ed9 khu\u1ebfch \u0111\u1ea1i HDSP-3 ho\u1eb7c loa si\u00eau tr\u1ea7m t\u00edch h\u1ee3p ampli.<\/p>\n<p><a href=\"https:\/\/voice-acoustic.vn\/wp-content\/uploads\/2021\/11\/voice-acoustic-venia-6-set.jpg\"><img loading=\"lazy\" decoding=\"async\" class=\"aligncenter wp-image-808 \" src=\"https:\/\/voice-acoustic.vn\/wp-content\/uploads\/2021\/11\/voice-acoustic-venia-6-set.jpg\" alt=\"\" width=\"417\" height=\"381\" srcset=\"https:\/\/voice-acoustic.vn\/wp-content\/uploads\/2021\/11\/voice-acoustic-venia-6-set.jpg 927w, https:\/\/voice-acoustic.vn\/wp-content\/uploads\/2021\/11\/voice-acoustic-venia-6-set-300x274.jpg 300w, https:\/\/voice-acoustic.vn\/wp-content\/uploads\/2021\/11\/voice-acoustic-venia-6-set-768x702.jpg 768w, https:\/\/voice-acoustic.vn\/wp-content\/uploads\/2021\/11\/voice-acoustic-venia-6-set-400x365.jpg 400w, https:\/\/voice-acoustic.vn\/wp-content\/uploads\/2021\/11\/voice-acoustic-venia-6-set-600x548.jpg 600w\" sizes=\"auto, (max-width: 417px) 100vw, 417px\" \/><\/a><\/p>\n<p style=\"text-align: center;\"><span style=\"font-size: 75%;\">VENIA-6 &#8211; Full Power Mode via HDSP-6<\/span><\/p>\n<div class=\"ce_image mittig block\"><\/div>\n<p><a href=\"https:\/\/voice-acoustic.vn\/wp-content\/uploads\/2021\/11\/voice-acoustic-venia-6-set-basic.jpg\"><img loading=\"lazy\" decoding=\"async\" class=\" wp-image-809 aligncenter\" src=\"https:\/\/voice-acoustic.vn\/wp-content\/uploads\/2021\/11\/voice-acoustic-venia-6-set-basic-300x286.jpg\" alt=\"\" width=\"417\" height=\"398\" srcset=\"https:\/\/voice-acoustic.vn\/wp-content\/uploads\/2021\/11\/voice-acoustic-venia-6-set-basic-300x286.jpg 300w, https:\/\/voice-acoustic.vn\/wp-content\/uploads\/2021\/11\/voice-acoustic-venia-6-set-basic-768x732.jpg 768w, https:\/\/voice-acoustic.vn\/wp-content\/uploads\/2021\/11\/voice-acoustic-venia-6-set-basic-400x381.jpg 400w, https:\/\/voice-acoustic.vn\/wp-content\/uploads\/2021\/11\/voice-acoustic-venia-6-set-basic-600x572.jpg 600w, https:\/\/voice-acoustic.vn\/wp-content\/uploads\/2021\/11\/voice-acoustic-venia-6-set-basic.jpg 892w\" sizes=\"auto, (max-width: 417px) 100vw, 417px\" \/><\/a><\/p>\n<p style=\"text-align: center;\"><span style=\"font-size: 75%;\">VENIA-6 &#8211; Half Power Mode via HDSP-3<\/span><\/p>\n<div class=\"rs-columns ce_rs_columns_start\">\n<div class=\"ce_rs_column_start rs-column -large-col-2-1 -large-last -large-first-row -medium-col-2-1 -medium-last -medium-first-row -small-col-1-1 -small-first -small-last\">\n<div class=\"ce_image mittig block\" style=\"text-align: center;\">\n<figure class=\"image_container\"><figcaption class=\"caption\">\u00a0<\/figcaption><\/figure>\n<\/div>\n<\/div>\n<\/div>\n<div id=\"scroll-down\">\n<p><a href=\"https:\/\/voice-acoustic.vn\/wp-content\/uploads\/2021\/11\/voice-acoustic-venia-6-cad-001.jpg\"><img loading=\"lazy\" decoding=\"async\" class=\" wp-image-810 alignright\" src=\"https:\/\/voice-acoustic.vn\/wp-content\/uploads\/2021\/11\/voice-acoustic-venia-6-cad-001-276x300.jpg\" alt=\"\" width=\"498\" height=\"541\" srcset=\"https:\/\/voice-acoustic.vn\/wp-content\/uploads\/2021\/11\/voice-acoustic-venia-6-cad-001-276x300.jpg 276w, https:\/\/voice-acoustic.vn\/wp-content\/uploads\/2021\/11\/voice-acoustic-venia-6-cad-001-943x1024.jpg 943w, https:\/\/voice-acoustic.vn\/wp-content\/uploads\/2021\/11\/voice-acoustic-venia-6-cad-001-768x834.jpg 768w, https:\/\/voice-acoustic.vn\/wp-content\/uploads\/2021\/11\/voice-acoustic-venia-6-cad-001-1415x1536.jpg 1415w, https:\/\/voice-acoustic.vn\/wp-content\/uploads\/2021\/11\/voice-acoustic-venia-6-cad-001-1320x1433.jpg 1320w, https:\/\/voice-acoustic.vn\/wp-content\/uploads\/2021\/11\/voice-acoustic-venia-6-cad-001-400x434.jpg 400w, https:\/\/voice-acoustic.vn\/wp-content\/uploads\/2021\/11\/voice-acoustic-venia-6-cad-001-600x652.jpg 600w, https:\/\/voice-acoustic.vn\/wp-content\/uploads\/2021\/11\/voice-acoustic-venia-6-cad-001.jpg 1805w\" sizes=\"auto, (max-width: 498px) 100vw, 498px\" \/><\/a><\/p>\n<div class=\"inside\">\n<h2>Th\u00f4ng s\u1ed1 k\u1ef9 thu\u1eadt<\/h2>\n<\/div>\n<div class=\"rs-columns ce_rs_columns_start\">\n<div class=\"rs-column -large-col-2-1 -large-first -large-first-row -medium-col-2-1 -medium-first -medium-first-row -small-col-1-1 -small-first -small-last -small-first-row\">\n<div class=\"ce_text block\">\n<p><strong>Drivers<\/strong><br \/>\nLF: 4 x 6.5&#8243; Neo, cu\u1ed9n d\u00e2y \u00e2m 1.8&#8243;<br \/>\nHF: 3 x 1&#8243; Neo, cu\u1ed9n d\u00e2y \u00e2m 1.75&#8243;<\/p>\n<p><strong>D\u1ea3i t\u1ea7n<\/strong><br \/>\n48 Hz &#8211; 19 kHz (- 10 dB)<br \/>\n80 Hz &#8211; 19,5 kHz (+\/- 3 dB)<\/p>\n<p><strong>G\u00f3c ph\u1ee7 (d\u1ecdc x ngang)<\/strong><br \/>\n100\u00b0 x 0\u00b0\/ -20\u00b0<\/p>\n<p><strong>T\u1ed5ng tr\u1edf<\/strong><br \/>\n8\u2126<\/p>\n<p><strong>C\u00f4ng su\u1ea5t (AES \/ Program \/ Peak)<\/strong><br \/>\n800W \/ 1600W \/ 3200W<\/p>\n<p><strong>\u0110\u1ed9 nh\u1ea1y 1W \/ 1m<\/strong><br \/>\n99dB SPL<\/p>\n<p><strong>C\u01b0\u1eddng \u0111\u1ed9 \u00e1p su\u1ea5t \u00e2m thanh (AES \/ Program \/ Peak)<\/strong><br \/>\n128dB SPL \/ 131dB SPL \/ 134dB SPL<\/p>\n<p><strong>K\u1ebft n\u1ed1i<\/strong><br \/>\n2 x NEUTRIK NL4 IN\/OUT 1+\/1- (4-pole looped-through)<\/p>\n<p><strong>S\u01a1n ph\u1ee7<\/strong><br \/>\nS\u01a1n ph\u1ee7 Polyurea m\u00e3 s\u1ed1 RAL 9005<\/p>\n<p><strong>K\u00edch th\u01b0\u1edbc \/ tr\u1ecdng l\u01b0\u1ee3ng<\/strong><br \/>\n1.050 (H) x 213 (W) x 390 mm (D) \/ 27.9 kg<\/p>\n<\/div>\n<\/div>\n<\/div>\n<\/div>\n","protected":false},"excerpt":{"rendered":"<ul class=\"ul_style_check\">\n<li>4 x 6.5&#8243; \/ 3 x 1&#8243;, d\u00f2ng c\u1ed9t<\/li>\n<li>P\u00e1t treo c\u01a1 khi \u0111\u01a1n gi\u1ea3n, kh\u00f4ng c\u1ea7n d\u1ee5ng c\u1ee5<\/li>\n<li>M\u1eb7t b\u00edch \u0111\u1ee9ng nghi\u00eang cao k\u00e9p 0\u00b0 v\u00e0 5\u00b0<\/li>\n<li>\u0110\u01a1n v\u1ecb HF qu\u00e1 kh\u1ed5 cho \u0111\u1ed9 m\u00e9o ti\u1ebfng r\u1ea5t th\u1ea5p, \u00e2m cao m\u01b0\u1ee3t m\u00e0 v\u00e0 r\u00f5 r\u00e0ng<\/li>\n<li>Ph\u00e2n b\u1ed1 n\u0103ng l\u01b0\u1ee3ng kh\u00f4ng \u0111\u1ed1i x\u1ee9ng v\u1edbi s\u1ef1 t\u1eadp trung n\u0103ng l\u01b0\u1ee3ng \u1edf kho\u1ea3ng c\u00e1ch xa<\/li>\n<li>\u00c2m l\u01b0\u1ee3ng \u0111\u1ed3ng \u0111\u1ec1u t\u1eeb tr\u01b0\u1edbc ra sau<\/li>\n<\/ul>\n","protected":false},"featured_media":796,"comment_status":"closed","ping_status":"closed","template":"","meta":{"spay_email":""},"product_cat":[33],"product_tag":[],"class_list":{"0":"post-795","1":"product","2":"type-product","3":"status-publish","4":"has-post-thumbnail","6":"product_cat-venia-series-high-power-column-line-array-loudspeakers","8":"first","9":"instock","10":"shipping-taxable","11":"product-type-simple"},"yoast_head":"<!-- This site is optimized with the Yoast SEO plugin v17.6 - https:\/\/yoast.com\/wordpress\/plugins\/seo\/ -->\n<title>VENIA-6 - Voice-Acoustic<\/title>\n<meta name=\"robots\" content=\"index, follow, max-snippet:-1, max-image-preview:large, max-video-preview:-1\" \/>\n<link rel=\"canonical\" href=\"https:\/\/voice-acoustic.vn\/?product=venia-6-2\" \/>\n<meta property=\"og:locale\" content=\"vi_VN\" \/>\n<meta property=\"og:type\" content=\"article\" \/>\n<meta property=\"og:title\" content=\"VENIA-6 - Voice-Acoustic\" \/>\n<meta property=\"og:description\" content=\"4 x 6.5&quot; \/ 3 x 1&quot;, d\u00f2ng c\u1ed9t  P\u00e1t treo c\u01a1 khi \u0111\u01a1n gi\u1ea3n, kh\u00f4ng c\u1ea7n d\u1ee5ng c\u1ee5  M\u1eb7t b\u00edch \u0111\u1ee9ng nghi\u00eang cao k\u00e9p 0\u00b0 v\u00e0 5\u00b0  \u0110\u01a1n v\u1ecb HF qu\u00e1 kh\u1ed5 cho \u0111\u1ed9 m\u00e9o ti\u1ebfng r\u1ea5t th\u1ea5p, \u00e2m cao m\u01b0\u1ee3t m\u00e0 v\u00e0 r\u00f5 r\u00e0ng  Ph\u00e2n b\u1ed1 n\u0103ng l\u01b0\u1ee3ng kh\u00f4ng \u0111\u1ed1i x\u1ee9ng v\u1edbi s\u1ef1 t\u1eadp trung n\u0103ng l\u01b0\u1ee3ng \u1edf kho\u1ea3ng c\u00e1ch xa  \u00c2m l\u01b0\u1ee3ng \u0111\u1ed3ng \u0111\u1ec1u t\u1eeb tr\u01b0\u1edbc ra sau\" \/>\n<meta property=\"og:url\" content=\"https:\/\/voice-acoustic.vn\/?product=venia-6-2\" \/>\n<meta property=\"og:site_name\" content=\"Voice-Acoustic\" \/>\n<meta property=\"article:modified_time\" content=\"2022-01-27T05:46:17+00:00\" \/>\n<meta property=\"og:image\" content=\"https:\/\/voice-acoustic.vn\/wp-content\/uploads\/2021\/11\/voice-acoustic-venia-6-001.jpg\" \/>\n\t<meta property=\"og:image:width\" content=\"1920\" \/>\n\t<meta property=\"og:image:height\" content=\"1536\" \/>\n<meta name=\"twitter:card\" content=\"summary_large_image\" \/>\n<meta name=\"twitter:label1\" content=\"\u01af\u1edbc t\u00ednh th\u1eddi gian \u0111\u1ecdc\" \/>\n\t<meta name=\"twitter:data1\" content=\"3 ph\u00fat\" \/>\n<script type=\"application\/ld+json\" class=\"yoast-schema-graph\">{\"@context\":\"https:\/\/schema.org\",\"@graph\":[{\"@type\":\"WebSite\",\"@id\":\"https:\/\/voice-acoustic.vn\/#website\",\"url\":\"https:\/\/voice-acoustic.vn\/\",\"name\":\"Voice-Acoustic\",\"description\":\"\",\"potentialAction\":[{\"@type\":\"SearchAction\",\"target\":{\"@type\":\"EntryPoint\",\"urlTemplate\":\"https:\/\/voice-acoustic.vn\/?s={search_term_string}\"},\"query-input\":\"required name=search_term_string\"}],\"inLanguage\":\"vi\"},{\"@type\":\"ImageObject\",\"@id\":\"https:\/\/voice-acoustic.vn\/?product=venia-6-2#primaryimage\",\"inLanguage\":\"vi\",\"url\":\"https:\/\/voice-acoustic.vn\/wp-content\/uploads\/2021\/11\/voice-acoustic-venia-6-001.jpg\",\"contentUrl\":\"https:\/\/voice-acoustic.vn\/wp-content\/uploads\/2021\/11\/voice-acoustic-venia-6-001.jpg\",\"width\":1920,\"height\":1536},{\"@type\":\"WebPage\",\"@id\":\"https:\/\/voice-acoustic.vn\/?product=venia-6-2#webpage\",\"url\":\"https:\/\/voice-acoustic.vn\/?product=venia-6-2\",\"name\":\"VENIA-6 - Voice-Acoustic\",\"isPartOf\":{\"@id\":\"https:\/\/voice-acoustic.vn\/#website\"},\"primaryImageOfPage\":{\"@id\":\"https:\/\/voice-acoustic.vn\/?product=venia-6-2#primaryimage\"},\"datePublished\":\"2021-11-17T02:35:25+00:00\",\"dateModified\":\"2022-01-27T05:46:17+00:00\",\"breadcrumb\":{\"@id\":\"https:\/\/voice-acoustic.vn\/?product=venia-6-2#breadcrumb\"},\"inLanguage\":\"vi\",\"potentialAction\":[{\"@type\":\"ReadAction\",\"target\":[\"https:\/\/voice-acoustic.vn\/?product=venia-6-2\"]}]},{\"@type\":\"BreadcrumbList\",\"@id\":\"https:\/\/voice-acoustic.vn\/?product=venia-6-2#breadcrumb\",\"itemListElement\":[{\"@type\":\"ListItem\",\"position\":1,\"name\":\"Trang ch\\u1ee7\",\"item\":\"https:\/\/voice-acoustic.vn\/\"},{\"@type\":\"ListItem\",\"position\":2,\"name\":\"..\",\"item\":\"https:\/\/voice-acoustic.vn\/?page_id=11\"},{\"@type\":\"ListItem\",\"position\":3,\"name\":\"VENIA-6\"}]}]}<\/script>\n<!-- \/ Yoast SEO plugin. -->","yoast_head_json":{"title":"VENIA-6 - Voice-Acoustic","robots":{"index":"index","follow":"follow","max-snippet":"max-snippet:-1","max-image-preview":"max-image-preview:large","max-video-preview":"max-video-preview:-1"},"canonical":"https:\/\/voice-acoustic.vn\/?product=venia-6-2","og_locale":"vi_VN","og_type":"article","og_title":"VENIA-6 - Voice-Acoustic","og_description":"4 x 6.5\" \/ 3 x 1\", d\u00f2ng c\u1ed9t  P\u00e1t treo c\u01a1 khi \u0111\u01a1n gi\u1ea3n, kh\u00f4ng c\u1ea7n d\u1ee5ng c\u1ee5  M\u1eb7t b\u00edch \u0111\u1ee9ng nghi\u00eang cao k\u00e9p 0\u00b0 v\u00e0 5\u00b0  \u0110\u01a1n v\u1ecb HF qu\u00e1 kh\u1ed5 cho \u0111\u1ed9 m\u00e9o ti\u1ebfng r\u1ea5t th\u1ea5p, \u00e2m cao m\u01b0\u1ee3t m\u00e0 v\u00e0 r\u00f5 r\u00e0ng  Ph\u00e2n b\u1ed1 n\u0103ng l\u01b0\u1ee3ng kh\u00f4ng \u0111\u1ed1i x\u1ee9ng v\u1edbi s\u1ef1 t\u1eadp trung n\u0103ng l\u01b0\u1ee3ng \u1edf kho\u1ea3ng c\u00e1ch xa  \u00c2m l\u01b0\u1ee3ng \u0111\u1ed3ng \u0111\u1ec1u t\u1eeb tr\u01b0\u1edbc ra sau","og_url":"https:\/\/voice-acoustic.vn\/?product=venia-6-2","og_site_name":"Voice-Acoustic","article_modified_time":"2022-01-27T05:46:17+00:00","og_image":[{"width":1920,"height":1536,"url":"https:\/\/voice-acoustic.vn\/wp-content\/uploads\/2021\/11\/voice-acoustic-venia-6-001.jpg","type":"image\/jpeg"}],"twitter_card":"summary_large_image","twitter_misc":{"\u01af\u1edbc t\u00ednh th\u1eddi gian \u0111\u1ecdc":"3 ph\u00fat"},"schema":{"@context":"https:\/\/schema.org","@graph":[{"@type":"WebSite","@id":"https:\/\/voice-acoustic.vn\/#website","url":"https:\/\/voice-acoustic.vn\/","name":"Voice-Acoustic","description":"","potentialAction":[{"@type":"SearchAction","target":{"@type":"EntryPoint","urlTemplate":"https:\/\/voice-acoustic.vn\/?s={search_term_string}"},"query-input":"required name=search_term_string"}],"inLanguage":"vi"},{"@type":"ImageObject","@id":"https:\/\/voice-acoustic.vn\/?product=venia-6-2#primaryimage","inLanguage":"vi","url":"https:\/\/voice-acoustic.vn\/wp-content\/uploads\/2021\/11\/voice-acoustic-venia-6-001.jpg","contentUrl":"https:\/\/voice-acoustic.vn\/wp-content\/uploads\/2021\/11\/voice-acoustic-venia-6-001.jpg","width":1920,"height":1536},{"@type":"WebPage","@id":"https:\/\/voice-acoustic.vn\/?product=venia-6-2#webpage","url":"https:\/\/voice-acoustic.vn\/?product=venia-6-2","name":"VENIA-6 - Voice-Acoustic","isPartOf":{"@id":"https:\/\/voice-acoustic.vn\/#website"},"primaryImageOfPage":{"@id":"https:\/\/voice-acoustic.vn\/?product=venia-6-2#primaryimage"},"datePublished":"2021-11-17T02:35:25+00:00","dateModified":"2022-01-27T05:46:17+00:00","breadcrumb":{"@id":"https:\/\/voice-acoustic.vn\/?product=venia-6-2#breadcrumb"},"inLanguage":"vi","potentialAction":[{"@type":"ReadAction","target":["https:\/\/voice-acoustic.vn\/?product=venia-6-2"]}]},{"@type":"BreadcrumbList","@id":"https:\/\/voice-acoustic.vn\/?product=venia-6-2#breadcrumb","itemListElement":[{"@type":"ListItem","position":1,"name":"Trang ch\u1ee7","item":"https:\/\/voice-acoustic.vn\/"},{"@type":"ListItem","position":2,"name":"..","item":"https:\/\/voice-acoustic.vn\/?page_id=11"},{"@type":"ListItem","position":3,"name":"VENIA-6"}]}]}},"_links":{"self":[{"href":"https:\/\/voice-acoustic.vn\/index.php?rest_route=\/wp\/v2\/product\/795","targetHints":{"allow":["GET"]}}],"collection":[{"href":"https:\/\/voice-acoustic.vn\/index.php?rest_route=\/wp\/v2\/product"}],"about":[{"href":"https:\/\/voice-acoustic.vn\/index.php?rest_route=\/wp\/v2\/types\/product"}],"replies":[{"embeddable":true,"href":"https:\/\/voice-acoustic.vn\/index.php?rest_route=%2Fwp%2Fv2%2Fcomments&post=795"}],"wp:featuredmedia":[{"embeddable":true,"href":"https:\/\/voice-acoustic.vn\/index.php?rest_route=\/wp\/v2\/media\/796"}],"wp:attachment":[{"href":"https:\/\/voice-acoustic.vn\/index.php?rest_route=%2Fwp%2Fv2%2Fmedia&parent=795"}],"wp:term":[{"taxonomy":"product_cat","embeddable":true,"href":"https:\/\/voice-acoustic.vn\/index.php?rest_route=%2Fwp%2Fv2%2Fproduct_cat&post=795"},{"taxonomy":"product_tag","embeddable":true,"href":"https:\/\/voice-acoustic.vn\/index.php?rest_route=%2Fwp%2Fv2%2Fproduct_tag&post=795"}],"curies":[{"name":"wp","href":"https:\/\/api.w.org\/{rel}","templated":true}]}}