{"id":811,"date":"2021-11-17T03:39:45","date_gmt":"2021-11-17T03:39:45","guid":{"rendered":"https:\/\/voice-acoustic.vn\/?post_type=product&#038;p=811"},"modified":"2022-01-27T12:41:33","modified_gmt":"2022-01-27T05:41:33","slug":"venia-6sp-dda","status":"publish","type":"product","link":"https:\/\/voice-acoustic.vn\/?product=venia-6sp-dda","title":{"rendered":"VENIA-6sp DDA"},"content":{"rendered":"<p>Voice-Acoustic VENIA-6sp DDA l\u00e0 loa m\u1ea3ng c\u1ed9t 2-way t\u00edch h\u1ee3p b\u1ed9 khu\u1ebfch \u0111\u1ea1i, \u0111\u01b0\u1ee3c trang b\u1ecb LF 4 x 6.5 &#8220;, HF 3 x 1&#8221; v\u00e0 m\u00f4-\u0111un khu\u1ebfch \u0111\u1ea1i c\u00f4ng su\u1ea5t 3.2kW b\u00ean trong v\u00e0 h\u1ec7 th\u1ed1ng qu\u1ea3n l\u00fd loa DSP v\u1edbi c\u00e1c t\u00ednh n\u0103ng m\u1edf r\u1ed9ng . DSP c\u00f3 kh\u1ea3 n\u0103ng t\u00ednh to\u00e1n cao v\u00e0 t\u1ea5t c\u1ea3 c\u00e1c ch\u1ee9c n\u0103ng c\u1ee7a b\u1ed9 \u0111i\u1ec1u khi\u1ec3n ti\u00eau chu\u1ea9n.<\/p>\n<p>DDA l\u00e0 vi\u1ebft t\u1eaft c\u1ee7a th\u1ebf h\u1ec7 m\u1edbi DSP v\u00e0 bo m\u1ea1ch \u0111\u1ea7u v\u00e0o c\u00f3 th\u1ec3 x\u1eed l\u00fd nhi\u1ec1u lo\u1ea1i t\u00edn hi\u1ec7u: DANTE, Digital AES \/ EBU, AES67 v\u00e0 \u0111\u1ea7u v\u00e0o t\u01b0\u01a1ng t\u1ef1.\u00a0C\u00e1c t\u00edn hi\u1ec7u c\u00f3 th\u1ec3 \u0111\u01b0\u1ee3c l\u1eb7p l\u1ea1i xa h\u01a1n.<\/p>\n<p><a href=\"https:\/\/voice-acoustic.vn\/wp-content\/uploads\/2021\/11\/voice-acoustic-energieverhalten-der-abstrahlung-venia-serie.jpg\"><img loading=\"lazy\" decoding=\"async\" class=\"aligncenter size-full wp-image-770\" src=\"https:\/\/voice-acoustic.vn\/wp-content\/uploads\/2021\/11\/voice-acoustic-energieverhalten-der-abstrahlung-venia-serie.jpg\" alt=\"\" width=\"1920\" height=\"376\" srcset=\"https:\/\/voice-acoustic.vn\/wp-content\/uploads\/2021\/11\/voice-acoustic-energieverhalten-der-abstrahlung-venia-serie.jpg 1920w, https:\/\/voice-acoustic.vn\/wp-content\/uploads\/2021\/11\/voice-acoustic-energieverhalten-der-abstrahlung-venia-serie-300x59.jpg 300w, https:\/\/voice-acoustic.vn\/wp-content\/uploads\/2021\/11\/voice-acoustic-energieverhalten-der-abstrahlung-venia-serie-1024x201.jpg 1024w, https:\/\/voice-acoustic.vn\/wp-content\/uploads\/2021\/11\/voice-acoustic-energieverhalten-der-abstrahlung-venia-serie-768x150.jpg 768w, https:\/\/voice-acoustic.vn\/wp-content\/uploads\/2021\/11\/voice-acoustic-energieverhalten-der-abstrahlung-venia-serie-1536x301.jpg 1536w, https:\/\/voice-acoustic.vn\/wp-content\/uploads\/2021\/11\/voice-acoustic-energieverhalten-der-abstrahlung-venia-serie-1320x259.jpg 1320w, https:\/\/voice-acoustic.vn\/wp-content\/uploads\/2021\/11\/voice-acoustic-energieverhalten-der-abstrahlung-venia-serie-400x78.jpg 400w, https:\/\/voice-acoustic.vn\/wp-content\/uploads\/2021\/11\/voice-acoustic-energieverhalten-der-abstrahlung-venia-serie-600x118.jpg 600w\" sizes=\"auto, (max-width: 1920px) 100vw, 1920px\" \/><\/a><\/p>\n<p style=\"text-align: center;\"><span style=\"font-size: 75%;\">V\u00f9ng ph\u1ee7 n\u0103ng l\u01b0\u1ee3ng D\u00f2ng VENIA: V\u00f9ng ph\u1ee7 \u00e2m l\u01b0\u1ee3ng r\u1ea5t \u0111\u1ec1u t\u1eeb tr\u01b0\u1edbc ra sau<\/span><\/p>\n<div class=\"ce_image mittig block\"><\/div>\n<p><a href=\"https:\/\/voice-acoustic.vn\/wp-content\/uploads\/2021\/11\/voice-acoustic-energieverhalten-der-abstrahlung-konventioneller-lautsprecher.jpg\"><img loading=\"lazy\" decoding=\"async\" class=\"aligncenter size-full wp-image-769\" src=\"https:\/\/voice-acoustic.vn\/wp-content\/uploads\/2021\/11\/voice-acoustic-energieverhalten-der-abstrahlung-konventioneller-lautsprecher.jpg\" alt=\"\" width=\"1920\" height=\"357\" srcset=\"https:\/\/voice-acoustic.vn\/wp-content\/uploads\/2021\/11\/voice-acoustic-energieverhalten-der-abstrahlung-konventioneller-lautsprecher.jpg 1920w, https:\/\/voice-acoustic.vn\/wp-content\/uploads\/2021\/11\/voice-acoustic-energieverhalten-der-abstrahlung-konventioneller-lautsprecher-300x56.jpg 300w, https:\/\/voice-acoustic.vn\/wp-content\/uploads\/2021\/11\/voice-acoustic-energieverhalten-der-abstrahlung-konventioneller-lautsprecher-1024x190.jpg 1024w, https:\/\/voice-acoustic.vn\/wp-content\/uploads\/2021\/11\/voice-acoustic-energieverhalten-der-abstrahlung-konventioneller-lautsprecher-768x143.jpg 768w, https:\/\/voice-acoustic.vn\/wp-content\/uploads\/2021\/11\/voice-acoustic-energieverhalten-der-abstrahlung-konventioneller-lautsprecher-1536x286.jpg 1536w, https:\/\/voice-acoustic.vn\/wp-content\/uploads\/2021\/11\/voice-acoustic-energieverhalten-der-abstrahlung-konventioneller-lautsprecher-1320x245.jpg 1320w, https:\/\/voice-acoustic.vn\/wp-content\/uploads\/2021\/11\/voice-acoustic-energieverhalten-der-abstrahlung-konventioneller-lautsprecher-400x74.jpg 400w, https:\/\/voice-acoustic.vn\/wp-content\/uploads\/2021\/11\/voice-acoustic-energieverhalten-der-abstrahlung-konventioneller-lautsprecher-600x112.jpg 600w\" sizes=\"auto, (max-width: 1920px) 100vw, 1920px\" \/><\/a><\/p>\n<p style=\"text-align: center;\"><span style=\"font-size: 75%;\">Loa th\u00f4ng th\u01b0\u1eddng bao ph\u1ee7 n\u0103ng l\u01b0\u1ee3ng: To \u1edf ph\u00eda tr\u01b0\u1edbc v\u00e0 y\u00ean t\u0129nh \u1edf ph\u00eda sau<\/span><\/p>\n<div class=\"ce_text block\"><\/div>\n<div class=\"ce_text block\">\n<p>Gi\u1ed1ng nh\u01b0 c\u00e1c loa Voice-Acoustic kh\u00e1c, v\u1ecf \u0111\u01b0\u1ee3c l\u00e0m b\u1eb1ng v\u00e1n \u00e9p b\u1ea1ch d\u01b0\u01a1ng ch\u1eafc ch\u1eafn v\u1edbi ch\u1ea5t l\u01b0\u1ee3ng cao nh\u1ea5t: \u0111\u01b0\u1ee3c phay CNC, c\u00f3 r\u00e3nh, b\u1eaft v\u00edt v\u00e0 d\u00e1n keo ch\u1ed1ng th\u1ea5m.\u00a0B\u1ec1 m\u1eb7t \u0111\u01b0\u1ee3c b\u1ea3o v\u1ec7 b\u1edfi l\u1edbp s\u01a1n polyurea ch\u1ed1ng \u1ea9m v\u00e0 \u1ed5n \u0111\u1ecbnh m\u00e0u \u0111en.\u00a0Loa m\u00e0u tr\u1eafng v\u00e0 c\u00e1c m\u00e0u \u0111\u1eb7c bi\u1ec7t s\u01a1n 2K c\u00f3 s\u1eb5n t\u00f9y ch\u1ecdn.\u00a0D\u00f2ng Voice-Acoustic VENIA thi\u1ebft l\u1eadp m\u1ed9t ti\u00eau chu\u1ea9n m\u1edbi v\u1ec1 hi\u1ec7u su\u1ea5t v\u00e0 thi\u1ebft k\u1ebf cho c\u00e1c loa d\u00e0n d\u00f2ng c\u1ed9t hi\u1ec7u su\u1ea5t cao.<\/p>\n<h3>\u0110i\u1ec1u khi\u1ec3n<\/h3>\n<div class=\"ce_text block\">\n<p>DDA VENIA-6sp c\u00f3 th\u1ec3 c\u1ea5p ngu\u1ed3n cho VENIA-6 th\u00f4ng qua c\u00e1p 4 pin.<\/p>\n<p>Loa LF v\u00e0 HF c\u00f3 c\u00f4ng su\u1ea5t 8\u03a9.<\/p>\n<p><a href=\"https:\/\/voice-acoustic.vn\/wp-content\/uploads\/2021\/11\/voice-acoustic-connection-venia-6sp-dda-001.jpg\"><img loading=\"lazy\" decoding=\"async\" class=\"aligncenter wp-image-820 size-medium\" src=\"https:\/\/voice-acoustic.vn\/wp-content\/uploads\/2021\/11\/voice-acoustic-connection-venia-6sp-dda-001-285x300.jpg\" alt=\"\" width=\"285\" height=\"300\" srcset=\"https:\/\/voice-acoustic.vn\/wp-content\/uploads\/2021\/11\/voice-acoustic-connection-venia-6sp-dda-001-285x300.jpg 285w, https:\/\/voice-acoustic.vn\/wp-content\/uploads\/2021\/11\/voice-acoustic-connection-venia-6sp-dda-001.jpg 379w\" sizes=\"auto, (max-width: 285px) 100vw, 285px\" \/><\/a><\/p>\n<p style=\"text-align: center;\"><span style=\"font-size: 75%;\">VENIA-6 qua VENIA-6sp DDA<\/span><\/p>\n<\/div>\n<\/div>\n<div class=\"ce_image mittig block\"><\/div>\n<div><\/div>\n<div><\/div>\n<div class=\"ce_text block\">\n<div class=\"ce_text block\">\n<div><\/div>\n<p><a href=\"https:\/\/voice-acoustic.vn\/wp-content\/uploads\/2021\/11\/voice-acoustic-venia-6sp-set.jpg\"><img loading=\"lazy\" decoding=\"async\" class=\"aligncenter wp-image-821 \" src=\"https:\/\/voice-acoustic.vn\/wp-content\/uploads\/2021\/11\/voice-acoustic-venia-6sp-set.jpg\" alt=\"\" width=\"386\" height=\"621\" srcset=\"https:\/\/voice-acoustic.vn\/wp-content\/uploads\/2021\/11\/voice-acoustic-venia-6sp-set.jpg 582w, https:\/\/voice-acoustic.vn\/wp-content\/uploads\/2021\/11\/voice-acoustic-venia-6sp-set-187x300.jpg 187w, https:\/\/voice-acoustic.vn\/wp-content\/uploads\/2021\/11\/voice-acoustic-venia-6sp-set-400x643.jpg 400w\" sizes=\"auto, (max-width: 386px) 100vw, 386px\" \/><\/a><\/p>\n<p style=\"text-align: center;\"><span style=\"font-size: 75%;\">B\u1ed9 VENIA-6sp<\/span><\/p>\n<p>&nbsp;<\/p>\n<div class=\"is-divider divider clearfix\" ><\/div>\n<div class=\"row\"  id=\"row-849785379\">\n\n\t<div id=\"col-571121951\" class=\"col medium-2\/4 large-6\"  >\n\t\t\t\t<div class=\"col-inner\"  >\n\t\t\t\n\t\t\t\n<div class=\"inside\">\n<h2>Th\u00f4ng s\u1ed1 k\u1ef9 thu\u1eadt<\/h2>\n<\/div>\n<div class=\"is-divider divider clearfix\" ><\/div>\n<p><strong>C\u1ee7 loa<\/strong><br \/>\nLF: 4 x 6.5&#8243; Neo, cu\u1ed9n d\u00e2y \u00e2m 1.8&#8243;<br \/>\nHF: 3 x 1&#8243; Neo, cu\u1ed9n d\u00e2y \u00e2m 1.75&#8243;<\/p>\n<p><strong>D\u1ea3i t\u1ea7n<\/strong><br \/>\n48 Hz &#8211; 19 kHz (- 10dB)<br \/>\n80 Hz &#8211; 19.5 kHz (+\/- 3dB)<\/p>\n<p><strong>G\u00f3c ph\u1ee7 \u00e2m (d\u1ecdc x ngang)<\/strong><br \/>\n100\u00b0 x 0\u00b0\/ -20\u00b0<\/p>\n<p><strong>T\u1ed5ng tr\u1edf<\/strong><br \/>\n8\u2126<\/p>\n<p><strong>C\u00f4ng su\u1ea5t (AES \/ Program \/ Peak)<\/strong><br \/>\n800W \/ 1600W \/ 3200W<\/p>\n<p><strong>\u0110\u1ed9 nh\u1ea1y 1W \/ 1m<\/strong><br \/>\n99dB SPL<\/p>\n<p><strong>C\u01b0\u1eddng \u0111\u1ed9 \u00e1p su\u1ea5t \u00e2m thanh (AES \/ Program \/ Peak)<\/strong><br \/>\n128dB SPL \/ 131dB SPL \/ 134dB SPL<\/p>\n<p><strong>K\u1ebft n\u1ed1i<\/strong><br \/>\n2 x NEUTRIK NL4 IN\/OUT 1+\/1- (4-pole looped-through)<\/p>\n<p><strong>S\u01a1n ph\u1ee7<\/strong><br \/>\nS\u01a1n ph\u1ee7 Polyurea m\u00e3 s\u1ed1 RAL 9005<\/p>\n<p><strong>K\u00edch th\u01b0\u1edbc \/ tr\u1ecdng l\u01b0\u1ee3ng<\/strong><br \/>\n1.050 (H) x 213 (W) x 390 mm (D) \/ 32.9 kg<\/p>\n\t\t<\/div>\n\t\t\t\t\t<\/div>\n\n\t\n\n\t<div id=\"col-195795855\" class=\"col medium-1\/4 large-3\"  >\n\t\t\t\t<div class=\"col-inner\"  >\n\t\t\t\n\t\t\t\n<h3>T\u00edch h\u1ee3p m\u00f4 \u0111un khu\u1ebfch \u0111\u1ea1i 2-CH<\/h3>\n<div class=\"is-divider divider clearfix\" ><\/div>\n<p><strong>Ampli<br \/>\n<\/strong>Th\u1ebf h\u1ec7 3 Class D<\/p>\n<p><strong>C\u00f4ng su\u1ea5t CH1<br \/>\n<\/strong>2400W \/ 4\u2126, 1580W \/ 8\u2126, 800W \/ 16\u2126<\/p>\n<p><strong>C\u00f4ng su\u1ea5t CH2<br \/>\n<\/strong>800W \/ 4\u2126, 450W \/ 8\u2126, 200W \/ 16\u2126<\/p>\n<p><strong>Ampli gain<br \/>\n<\/strong>LF: 32dB, HF: 26dB<\/p>\n<p><strong>H\u1ec7 s\u1ed1 Signal-to-noise<br \/>\n<\/strong>&gt;120dB (A-rated, 20 &#8211; 20.000Hz, 8\u2126)<\/p>\n<p><strong>H\u1ec7 s\u1ed1 Damping<br \/>\n<\/strong>&gt;1000 (8\u2126, 1kHz)<\/p>\n<p><strong>H\u1ec7 s\u1ed1 Distortion<br \/>\n<\/strong>THD+N &lt; 0.05 % (20 &#8211; 20.000Hz, 8\u2126)<\/p>\n<p><strong>T\u00ednh n\u0103ng b\u1ea3o v\u1ec7<br \/>\n<\/strong>Gi\u1edbi h\u1ea1n d\u00f2ng \u0111i\u1ec7n kh\u1edfi \u0111\u1ed9ng<br \/>\nB\u1ea3o v\u1ec7 m\u1ea1ch \u0111i\u1ec7n t\u1eaft v\u00e0 m\u1edf chuy\u1ec3n ti\u1ebfp<br \/>\nB\u1ea3o v\u1ec7 \u0111i\u1ec7p \u00e1p cao h\u01a1n v\u00e0 th\u1ea5p h\u01a1n<br \/>\nB\u1ea3o v\u1ec7 d\u00f2ng \u0111i\u1ec7n DC c\u1ed5ng ra<br \/>\nGi\u1edbi h\u1ea1n t\u00edn hi\u1ec7u \u0111\u1ea7u v\u00e0o, t\u00edn hi\u1ec7u \u0111\u1ec9nh<br \/>\nKi\u1ec3m so\u00e1t b\u1ed9 t\u1ea3n nhi\u1ec7u v\u00e0 t\u1ee5 b\u00e1n d\u1eabn<\/p>\n<p><strong>\u0110i\u1ec7n \u00e1p<\/strong><br \/>\nNgu\u1ed3n \u0111i\u1ec7n chuy\u1ec3n m\u1ea1ch th\u00f4ng minh, \u0111\u01b0\u1ee3c \u0111i\u1ec1u ch\u1ec9nh v\u1edbi t\u00ednh n\u0103ng ph\u00e1t hi\u1ec7n \u0111i\u1ec7n \u00e1p t\u1ef1 \u0111\u1ed9ng<br \/>\nChuy\u1ec3n \u0111\u1ed5i gi\u1eefa 120\/230V 50\/60 Hz, s\u1eed d\u1ee5ng to\u00e0n c\u1ea7u<br \/>\nBi\u00ean \u0111\u1ed9 \u0111i\u1ec7n \u00e1p: 85 &#8211; 268V<\/p>\n\t\t<\/div>\n\t\t\t\t\t<\/div>\n\n\t\n\n\t<div id=\"col-1927829388\" class=\"col medium-1\/4 large-3\"  >\n\t\t\t\t<div class=\"col-inner\"  >\n\t\t\t\n\t\t\t\n<h3>H\u1ec7 th\u1ed1ng qu\u1ea3n l\u00fd loa DSP t\u00edch h\u1ee3p<\/h3>\n<div class=\"is-divider divider clearfix\" ><\/div>\n<p><strong>B\u1ed9 x\u1eed l\u00fd<br \/>\n<\/strong>T\u1ed1c \u0111\u1ed9 x\u1eed l\u00fd 64 bit, 96kHz<\/p>\n<p><strong>Ph\u1ea7n m\u1ec1m v\u1eadn h\u00e0nh<br \/>\n<\/strong>L\u00ean t\u1edbi 128 loa t\u00edch h\u1ee3p c\u00f4ng su\u1ea5t v\u00e0 ampli HDSP trong c\u00f9ng m\u1ed9t m\u1ea1ng \u0111i\u1ec1u h\u00e0nh<\/p>\n<p><strong>C\u1ed5ng v\u00e0o Dynamic range<br \/>\n<\/strong>120dB<\/p>\n<p><strong>M\u1ee9c \u0111\u1ed9 c\u1ed5ng v\u00e0o Nominal \/ Maximal<br \/>\n<\/strong>+ 6dBu \/ + 23dB<\/p>\n<p><strong>\u0110\u1ed9 tr\u1ec5<br \/>\n<\/strong>0 &#8211; max. 0.5ms<\/p>\n<p><strong>K\u1ebft n\u1ed1i Routing<br \/>\n<\/strong>Cho ph\u00e9p 2 t\u00edn hi\u1ec7u c\u1ed5ng v\u00e0o (input) mixers k\u1ebft n\u1ed1i v\u00e0o m\u1ed7i c\u1ed5ng ra (output)<\/p>\n<p><strong>B\u1ed9 l\u1ecdc EQ Filter<br \/>\n<\/strong>20 parametric EQ filters m\u1ed7i k\u00eanh<br \/>\nM\u1ed7i b\u1ed9 l\u1ecdc c\u00f3 th\u1ec3 c\u00e0i \u0111\u1eb7t Bell, Shelving, Notch, ho\u1eb7c Allpass<\/p>\n<p><strong>Ph\u00e2n t\u1ea7n X-Over<br \/>\n<\/strong>Butterworth, Bessel, Linkwitz-Riley<\/p>\n<p><strong>B\u1ed9 gi\u1edbi h\u1ea1n Limiter<br \/>\n<\/strong>M\u1ed7i c\u1ed5ng v\u00e0o v\u00e0 c\u1ed5ng ra<\/p>\n<p><strong>B\u1ed9 Delay<br \/>\n<\/strong>0 cho t\u1edbi 800ms (t\u1ed1i \u0111a 275m delay) t\u1ea1i m\u1ed7i k\u00eanh c\u1ed5ng v\u00e0o<br \/>\n0 cho t\u1edbi 17ms (t\u1ed1i \u0111a 6m delay) t\u1ea1i m\u1ed7i k\u00eanh c\u1ed5ng ra \u0111\u1ec3 c\u00e2n b\u1eb1ng th\u1eddi gian<\/p>\n<p><strong>Pha<br \/>\n<\/strong>\u0110i\u1ec1u ch\u1ec9nh t\u1eeb 0\u00b0 &#8211; 180\u00b0<\/p>\n<p><strong>Ng\u00f4n ng\u1eef<br \/>\n<\/strong>Anh, \u0110\u1ee9c, Ph\u00e1p, T\u00e2y Ban Nha<\/p>\n<p><strong>Giao di\u1ec7n ph\u1ea7n m\u1ec1m<br \/>\n<\/strong>C\u1eadp nh\u1eadt ph\u1ea7n m\u1ec1m qua Ethernet<\/p>\n\t\t<\/div>\n\t\t\t\t\t<\/div>\n\n\t\n<\/div>\n<\/div>\n<div><\/div>\n<\/div>\n","protected":false},"excerpt":{"rendered":"<ul class=\"ul_style_check\">\n<li>4 x 6,5 &#8220;\/ 3 x 1&#8221;, Phi\u00ean b\u1ea3n t\u00edch h\u1ee3p b\u1ed9 khu\u1ebfch \u0111\u1ea1i, d\u00f2ng c\u1ed9t<\/li>\n<li>B\u1ed9 khu\u1ebfch \u0111\u1ea1i 2 k\u00eanh 3,2 kW: 1 x 2,400 W + 1 x 800 W \u1edf 4 \u03a9<\/li>\n<li>P\u00e1t treo c\u01a1 khi \u0111\u01a1n gi\u1ea3n, kh\u00f4ng c\u1ea7n d\u1ee5ng c\u1ee5<\/li>\n<li>M\u1eb7t b\u00edch \u0111\u1ee9ng nghi\u00eang k\u00e9p 0 \u00b0 d\u01b0\u1edbi 5 \u00b0<\/li>\n<li>\u0110i\u1ec1u khi\u1ec3n b\u1eb1ng tay th\u00f4ng qua m\u00e0n h\u00ecnh, n\u00fat nh\u1ea5n v\u00e0 b\u1ed9 m\u00e3 h\u00f3a<\/li>\n<li>\u0110i\u1ec1u khi\u1ec3n ph\u1ea7n m\u1ec1m qua Dante (M\u1ea1ng \u00e2m thanh k\u1ef9 thu\u1eadt s\u1ed1 qua Ethernet)<\/li>\n<li>120 c\u00e0i \u0111\u1eb7t s\u1eb5n b\u00ean trong<\/li>\n<li>1 x 6 m Schuko \/ c\u00e1p powerCON TRUE1-TOP<\/li>\n<\/ul>\n","protected":false},"featured_media":818,"comment_status":"closed","ping_status":"closed","template":"","meta":{"spay_email":""},"product_cat":[33],"product_tag":[],"class_list":{"0":"post-811","1":"product","2":"type-product","3":"status-publish","4":"has-post-thumbnail","6":"product_cat-venia-series-high-power-column-line-array-loudspeakers","8":"first","9":"instock","10":"shipping-taxable","11":"product-type-simple"},"yoast_head":"<!-- This site is optimized with the Yoast SEO plugin v17.6 - https:\/\/yoast.com\/wordpress\/plugins\/seo\/ -->\n<title>VENIA-6sp DDA - Voice-Acoustic<\/title>\n<meta name=\"robots\" content=\"index, follow, max-snippet:-1, max-image-preview:large, max-video-preview:-1\" \/>\n<link rel=\"canonical\" href=\"https:\/\/voice-acoustic.vn\/?product=venia-6sp-dda\" \/>\n<meta property=\"og:locale\" content=\"vi_VN\" \/>\n<meta property=\"og:type\" content=\"article\" \/>\n<meta property=\"og:title\" content=\"VENIA-6sp DDA - Voice-Acoustic\" \/>\n<meta property=\"og:description\" content=\"4 x 6,5 &quot;\/ 3 x 1&quot;, Phi\u00ean b\u1ea3n t\u00edch h\u1ee3p b\u1ed9 khu\u1ebfch \u0111\u1ea1i, d\u00f2ng c\u1ed9t  B\u1ed9 khu\u1ebfch \u0111\u1ea1i 2 k\u00eanh 3,2 kW: 1 x 2,400 W + 1 x 800 W \u1edf 4 \u03a9  P\u00e1t treo c\u01a1 khi \u0111\u01a1n gi\u1ea3n, kh\u00f4ng c\u1ea7n d\u1ee5ng c\u1ee5  M\u1eb7t b\u00edch \u0111\u1ee9ng nghi\u00eang k\u00e9p 0 \u00b0 d\u01b0\u1edbi 5 \u00b0  \u0110i\u1ec1u khi\u1ec3n b\u1eb1ng tay th\u00f4ng qua m\u00e0n h\u00ecnh, n\u00fat nh\u1ea5n v\u00e0 b\u1ed9 m\u00e3 h\u00f3a  \u0110i\u1ec1u khi\u1ec3n ph\u1ea7n m\u1ec1m qua Dante (M\u1ea1ng \u00e2m thanh k\u1ef9 thu\u1eadt s\u1ed1 qua Ethernet)  120 c\u00e0i \u0111\u1eb7t s\u1eb5n b\u00ean trong  1 x 6 m Schuko \/ c\u00e1p powerCON TRUE1-TOP\" \/>\n<meta property=\"og:url\" content=\"https:\/\/voice-acoustic.vn\/?product=venia-6sp-dda\" \/>\n<meta property=\"og:site_name\" content=\"Voice-Acoustic\" \/>\n<meta property=\"article:modified_time\" content=\"2022-01-27T05:41:33+00:00\" \/>\n<meta property=\"og:image\" content=\"https:\/\/voice-acoustic.vn\/wp-content\/uploads\/2021\/11\/voice-acoustic-venia-6sp-dda-001.jpg\" \/>\n\t<meta property=\"og:image:width\" content=\"1920\" \/>\n\t<meta property=\"og:image:height\" content=\"1536\" \/>\n<meta name=\"twitter:card\" content=\"summary_large_image\" \/>\n<meta name=\"twitter:label1\" content=\"\u01af\u1edbc t\u00ednh th\u1eddi gian \u0111\u1ecdc\" \/>\n\t<meta name=\"twitter:data1\" content=\"5 ph\u00fat\" \/>\n<script type=\"application\/ld+json\" class=\"yoast-schema-graph\">{\"@context\":\"https:\/\/schema.org\",\"@graph\":[{\"@type\":\"WebSite\",\"@id\":\"https:\/\/voice-acoustic.vn\/#website\",\"url\":\"https:\/\/voice-acoustic.vn\/\",\"name\":\"Voice-Acoustic\",\"description\":\"\",\"potentialAction\":[{\"@type\":\"SearchAction\",\"target\":{\"@type\":\"EntryPoint\",\"urlTemplate\":\"https:\/\/voice-acoustic.vn\/?s={search_term_string}\"},\"query-input\":\"required name=search_term_string\"}],\"inLanguage\":\"vi\"},{\"@type\":\"ImageObject\",\"@id\":\"https:\/\/voice-acoustic.vn\/?product=venia-6sp-dda#primaryimage\",\"inLanguage\":\"vi\",\"url\":\"https:\/\/voice-acoustic.vn\/wp-content\/uploads\/2021\/11\/voice-acoustic-venia-6sp-dda-001.jpg\",\"contentUrl\":\"https:\/\/voice-acoustic.vn\/wp-content\/uploads\/2021\/11\/voice-acoustic-venia-6sp-dda-001.jpg\",\"width\":1920,\"height\":1536},{\"@type\":\"WebPage\",\"@id\":\"https:\/\/voice-acoustic.vn\/?product=venia-6sp-dda#webpage\",\"url\":\"https:\/\/voice-acoustic.vn\/?product=venia-6sp-dda\",\"name\":\"VENIA-6sp DDA - Voice-Acoustic\",\"isPartOf\":{\"@id\":\"https:\/\/voice-acoustic.vn\/#website\"},\"primaryImageOfPage\":{\"@id\":\"https:\/\/voice-acoustic.vn\/?product=venia-6sp-dda#primaryimage\"},\"datePublished\":\"2021-11-17T03:39:45+00:00\",\"dateModified\":\"2022-01-27T05:41:33+00:00\",\"breadcrumb\":{\"@id\":\"https:\/\/voice-acoustic.vn\/?product=venia-6sp-dda#breadcrumb\"},\"inLanguage\":\"vi\",\"potentialAction\":[{\"@type\":\"ReadAction\",\"target\":[\"https:\/\/voice-acoustic.vn\/?product=venia-6sp-dda\"]}]},{\"@type\":\"BreadcrumbList\",\"@id\":\"https:\/\/voice-acoustic.vn\/?product=venia-6sp-dda#breadcrumb\",\"itemListElement\":[{\"@type\":\"ListItem\",\"position\":1,\"name\":\"Trang ch\\u1ee7\",\"item\":\"https:\/\/voice-acoustic.vn\/\"},{\"@type\":\"ListItem\",\"position\":2,\"name\":\"..\",\"item\":\"https:\/\/voice-acoustic.vn\/?page_id=11\"},{\"@type\":\"ListItem\",\"position\":3,\"name\":\"VENIA-6sp DDA\"}]}]}<\/script>\n<!-- \/ Yoast SEO plugin. -->","yoast_head_json":{"title":"VENIA-6sp DDA - Voice-Acoustic","robots":{"index":"index","follow":"follow","max-snippet":"max-snippet:-1","max-image-preview":"max-image-preview:large","max-video-preview":"max-video-preview:-1"},"canonical":"https:\/\/voice-acoustic.vn\/?product=venia-6sp-dda","og_locale":"vi_VN","og_type":"article","og_title":"VENIA-6sp DDA - Voice-Acoustic","og_description":"4 x 6,5 \"\/ 3 x 1\", Phi\u00ean b\u1ea3n t\u00edch h\u1ee3p b\u1ed9 khu\u1ebfch \u0111\u1ea1i, d\u00f2ng c\u1ed9t  B\u1ed9 khu\u1ebfch \u0111\u1ea1i 2 k\u00eanh 3,2 kW: 1 x 2,400 W + 1 x 800 W \u1edf 4 \u03a9  P\u00e1t treo c\u01a1 khi \u0111\u01a1n gi\u1ea3n, kh\u00f4ng c\u1ea7n d\u1ee5ng c\u1ee5  M\u1eb7t b\u00edch \u0111\u1ee9ng nghi\u00eang k\u00e9p 0 \u00b0 d\u01b0\u1edbi 5 \u00b0  \u0110i\u1ec1u khi\u1ec3n b\u1eb1ng tay th\u00f4ng qua m\u00e0n h\u00ecnh, n\u00fat nh\u1ea5n v\u00e0 b\u1ed9 m\u00e3 h\u00f3a  \u0110i\u1ec1u khi\u1ec3n ph\u1ea7n m\u1ec1m qua Dante (M\u1ea1ng \u00e2m thanh k\u1ef9 thu\u1eadt s\u1ed1 qua Ethernet)  120 c\u00e0i \u0111\u1eb7t s\u1eb5n b\u00ean trong  1 x 6 m Schuko \/ c\u00e1p powerCON TRUE1-TOP","og_url":"https:\/\/voice-acoustic.vn\/?product=venia-6sp-dda","og_site_name":"Voice-Acoustic","article_modified_time":"2022-01-27T05:41:33+00:00","og_image":[{"width":1920,"height":1536,"url":"https:\/\/voice-acoustic.vn\/wp-content\/uploads\/2021\/11\/voice-acoustic-venia-6sp-dda-001.jpg","type":"image\/jpeg"}],"twitter_card":"summary_large_image","twitter_misc":{"\u01af\u1edbc t\u00ednh th\u1eddi gian \u0111\u1ecdc":"5 ph\u00fat"},"schema":{"@context":"https:\/\/schema.org","@graph":[{"@type":"WebSite","@id":"https:\/\/voice-acoustic.vn\/#website","url":"https:\/\/voice-acoustic.vn\/","name":"Voice-Acoustic","description":"","potentialAction":[{"@type":"SearchAction","target":{"@type":"EntryPoint","urlTemplate":"https:\/\/voice-acoustic.vn\/?s={search_term_string}"},"query-input":"required name=search_term_string"}],"inLanguage":"vi"},{"@type":"ImageObject","@id":"https:\/\/voice-acoustic.vn\/?product=venia-6sp-dda#primaryimage","inLanguage":"vi","url":"https:\/\/voice-acoustic.vn\/wp-content\/uploads\/2021\/11\/voice-acoustic-venia-6sp-dda-001.jpg","contentUrl":"https:\/\/voice-acoustic.vn\/wp-content\/uploads\/2021\/11\/voice-acoustic-venia-6sp-dda-001.jpg","width":1920,"height":1536},{"@type":"WebPage","@id":"https:\/\/voice-acoustic.vn\/?product=venia-6sp-dda#webpage","url":"https:\/\/voice-acoustic.vn\/?product=venia-6sp-dda","name":"VENIA-6sp DDA - Voice-Acoustic","isPartOf":{"@id":"https:\/\/voice-acoustic.vn\/#website"},"primaryImageOfPage":{"@id":"https:\/\/voice-acoustic.vn\/?product=venia-6sp-dda#primaryimage"},"datePublished":"2021-11-17T03:39:45+00:00","dateModified":"2022-01-27T05:41:33+00:00","breadcrumb":{"@id":"https:\/\/voice-acoustic.vn\/?product=venia-6sp-dda#breadcrumb"},"inLanguage":"vi","potentialAction":[{"@type":"ReadAction","target":["https:\/\/voice-acoustic.vn\/?product=venia-6sp-dda"]}]},{"@type":"BreadcrumbList","@id":"https:\/\/voice-acoustic.vn\/?product=venia-6sp-dda#breadcrumb","itemListElement":[{"@type":"ListItem","position":1,"name":"Trang ch\u1ee7","item":"https:\/\/voice-acoustic.vn\/"},{"@type":"ListItem","position":2,"name":"..","item":"https:\/\/voice-acoustic.vn\/?page_id=11"},{"@type":"ListItem","position":3,"name":"VENIA-6sp DDA"}]}]}},"_links":{"self":[{"href":"https:\/\/voice-acoustic.vn\/index.php?rest_route=\/wp\/v2\/product\/811","targetHints":{"allow":["GET"]}}],"collection":[{"href":"https:\/\/voice-acoustic.vn\/index.php?rest_route=\/wp\/v2\/product"}],"about":[{"href":"https:\/\/voice-acoustic.vn\/index.php?rest_route=\/wp\/v2\/types\/product"}],"replies":[{"embeddable":true,"href":"https:\/\/voice-acoustic.vn\/index.php?rest_route=%2Fwp%2Fv2%2Fcomments&post=811"}],"wp:featuredmedia":[{"embeddable":true,"href":"https:\/\/voice-acoustic.vn\/index.php?rest_route=\/wp\/v2\/media\/818"}],"wp:attachment":[{"href":"https:\/\/voice-acoustic.vn\/index.php?rest_route=%2Fwp%2Fv2%2Fmedia&parent=811"}],"wp:term":[{"taxonomy":"product_cat","embeddable":true,"href":"https:\/\/voice-acoustic.vn\/index.php?rest_route=%2Fwp%2Fv2%2Fproduct_cat&post=811"},{"taxonomy":"product_tag","embeddable":true,"href":"https:\/\/voice-acoustic.vn\/index.php?rest_route=%2Fwp%2Fv2%2Fproduct_tag&post=811"}],"curies":[{"name":"wp","href":"https:\/\/api.w.org\/{rel}","templated":true}]}}