{"id":909,"date":"2021-12-01T16:24:30","date_gmt":"2021-12-01T09:24:30","guid":{"rendered":"https:\/\/voice-acoustic.vn\/?post_type=product&#038;p=909"},"modified":"2022-02-16T16:11:14","modified_gmt":"2022-02-16T09:11:14","slug":"909","status":"publish","type":"product","link":"https:\/\/voice-acoustic.vn\/?product=909","title":{"rendered":"Aleasub-10 Install Set"},"content":{"rendered":"<div class=\"rs-column -large-col-2-1 -large-first -large-first-row -medium-col-2-1 -medium-first -medium-first-row -small-col-1-1 -small-first -small-last -small-first-row\">\n<div class=\"ce_text block\">\n<p>B\u1ed9 khu\u1ebfch \u0111\u1ea1i c\u00f4ng su\u1ea5t h\u1ec7 th\u1ed1ng HDSP-3 l\u00e0 tr\u00e1i tim c\u1ee7a H\u1ec7 th\u1ed1ng v\u1ec7 tinh c\u1eafm &amp; ch\u1ea1y b\u1ed9 c\u00e0i \u0111\u1eb7t Aleasub-10.\u00a0H\u1ec7 th\u1ed1ng l\u00e0 &#8216;Plug and Play&#8217;.\u00a0C\u1eafm n\u00f3 v\u00e0o v\u00e0 n\u00f3 \u0111\u00e3 s\u1eb5n s\u00e0ng \u0111\u1ec3 s\u1eed d\u1ee5ng.\u00a0T\u1ea5t c\u1ea3 c\u00e1c th\u00e0nh ph\u1ea7n \u0111\u01b0\u1ee3c kh\u1edbp, \u0111i\u1ec1u ch\u1ec9nh v\u00e0 gi\u1edbi h\u1ea1n th\u00f4ng qua h\u1ec7 th\u1ed1ng qu\u1ea3n l\u00fd loa t\u00edch h\u1ee3p (DSP).\u00a0\u00c2m thanh \u0111\u01b0\u1ee3c \u0111\u1ed3ng b\u1ed9 h\u00f3a ngay l\u1eadp t\u1ee9c m\u00e0 kh\u00f4ng c\u1ea7n ph\u1ea3i \u0111i\u1ec1u ch\u1ec9nh th\u00eam.<\/p>\n<p>C\u00e1c k\u1ef9 thu\u1eadt vi\u00ean c\u00f3 kinh nghi\u1ec7m v\u00e0 nh\u00e0 \u0111i\u1ec1u h\u00e0nh \u00e2m thanh chuy\u00ean nghi\u1ec7p v\u1eabn c\u00f3 th\u1ec3 thay \u0111\u1ed5i c\u00e1c ch\u1ee9c n\u0103ng v\u00e0 c\u00f3 kh\u1ea3 n\u0103ng truy c\u1eadp v\u00e0o c\u00e0i \u0111\u1eb7t DSP.\u00a0C\u00f3 th\u1ec3 truy c\u1eadp h\u1ea7u h\u1ebft c\u00e1c th\u00f4ng s\u1ed1 m\u00e0 kh\u00f4ng c\u1ea7n \u0111i\u1ec1u khi\u1ec3n PC b\u1eb1ng c\u00e1ch s\u1eed d\u1ee5ng c\u00e1c n\u00fat Hi\u1ec3n th\u1ecb v\u00e0 b\u00e1nh xe m\u00e3 h\u00f3a.\u00a0C\u00e1c ch\u1ee9c n\u0103ng c\u00f3 th\u1ec3 \u0111\u01b0\u1ee3c b\u1ea3o v\u1ec7 b\u1eb1ng m\u1eadt kh\u1ea9u \u0111\u1ec3 tr\u00e1nh s\u1ef1 can thi\u1ec7p tr\u00e1i ph\u00e9p.\u00a0C\u00e1c c\u1ea5u h\u00ecnh ph\u1ee9c t\u1ea1p c\u00f3 th\u1ec3 \u0111\u01b0\u1ee3c t\u1ea1o tho\u1ea3i m\u00e1i qua Ethernet ho\u1eb7c giao di\u1ec7n kh\u00f4ng d\u00e2y hai chi\u1ec1u t\u00edch h\u1ee3p tr\u00ean b\u1ec1 m\u1eb7t PC, s\u1eed d\u1ee5ng ph\u1ea7n m\u1ec1m t\u1eeb xa VA-WLAN cho PC v\u00e0 Mac.\u00a0C\u00e1c \u00fd t\u01b0\u1edfng v\u00e0 thay \u0111\u1ed5i \u00e2m thanh ri\u00eang l\u1ebb c\u00f3 th\u1ec3 \u0111\u01b0\u1ee3c l\u01b0u d\u01b0\u1edbi d\u1ea1ng c\u00e0i \u0111\u1eb7t tr\u01b0\u1edbc v\u00e0 \u0111\u01b0\u1ee3c g\u1ecdi l\u1ea1i b\u1ea5t k\u1ef3 l\u00fac n\u00e0o.<\/p>\n<p>Thi\u1ebft k\u1ebf th\u1ea9m m\u1ef9 c\u1ee7a loa nh\u1ecf g\u1ecdn Alea-4 thu h\u00fat v\u1edbi m\u1ee9c \u0111\u1ed9 hi\u1ec7u qu\u1ea3 cao v\u00e0 \u0111\u00e1p tuy\u1ebfn t\u1ea7n s\u1ed1 tuy\u1ebfn t\u00ednh, t\u1ea5t c\u1ea3 \u0111\u01b0\u1ee3c g\u00f3i g\u1ecdn trong c\u00e1c k\u00edch th\u01b0\u1edbc h\u1ed9p nh\u1ecf nh\u1ea5t.\u00a0N\u00f3 ho\u00e0n to\u00e0n ph\u00f9 h\u1ee3p v\u1edbi c\u00e1c \u1ee9ng d\u1ee5ng t\u0103ng c\u01b0\u1eddng \u00e2m thanh kh\u00e1c nhau, nh\u01b0 m\u1ed9t h\u1ec7 th\u1ed1ng ch\u00ednh ho\u1eb7c ph\u1ee5.\u00a0V\u1ebb ngo\u00e0i nh\u1ecf g\u1ecdn c\u1ee7a n\u00f3 cho ph\u00e9p n\u00f3 \u0111\u01b0\u1ee3c t\u00edch h\u1ee3p v\u00e0o m\u1ecdi c\u1ea3nh s\u00e2n kh\u1ea5u.<\/p>\n<p>neodymium 4 &#8220;tr\u1ecdng l\u01b0\u1ee3ng nh\u1eb9 kh\u00f4ng th\u1ea5m n\u01b0\u1edbc. Alea-4 c\u0169ng c\u00f3 th\u1ec3 \u0111\u01b0\u1ee3c s\u1eed d\u1ee5ng trong m\u00f4i tr\u01b0\u1eddng c\u00f3 \u0111\u1ed9 \u1ea9m r\u1ea5t cao v\u00e0 t\u1ea1m th\u1eddi d\u01b0\u1edbi tr\u1eddi m\u01b0a. Hai thi\u1ebft b\u1ecb \u0111\u1ea7u cu\u1ed1i Neutrik Speakon v\u00e0 Phoenix Contact 4 ch\u00e2n song song c\u00f3 s\u1eb5n \u0111\u1ec3 k\u1ebft n\u1ed1i.<\/p>\n<p><span>Aleasub-10 l\u00e0 m\u1ed9t \u00e2m tr\u1ea7m ph\u00f9 h\u1ee3p v\u1edbi Alea-4 v\u00e0 l\u00e0m tr\u00f2n n\u00f3 \u1edf d\u1ea3i t\u1ea7n s\u1ed1 th\u1ea5p.\u00a0<\/span><span>N\u00f3 l\u00e0 m\u1ed9t loa si\u00eau tr\u1ea7m ph\u1ea3n x\u1ea1 \u00e2m tr\u1ea7m c\u0169ng \u0111\u00e1p \u1ee9ng c\u00e1c y\u00eau c\u1ea7u v\u1ec1 h\u00ecnh \u1ea3nh nh\u1edd thi\u1ebft k\u1ebf thanh l\u1ecbch v\u00e0 hi\u1ec7n \u0111\u1ea1i.\u00a0<\/span><span>Ngo\u00e0i ra, n\u00f3 c\u00f2n thuy\u1ebft ph\u1ee5c v\u1edbi hi\u1ec7u qu\u1ea3 cao v\u00e0 chi\u1ec1u s\u00e2u v\u1edbi \u0111\u1eb7c t\u00ednh truy\u1ec1n t\u1ea3i r\u1ea5t r\u00f5 r\u00e0ng v\u00e0 chi ti\u1ebft v\u1edbi k\u00edch th\u01b0\u1edbc v\u1ecf nh\u1ecf nh\u1ea5t.<\/span><\/p>\n<\/div>\n<\/div>\n<div class=\"ce_rs_column_start rs-column -large-col-2-1 -large-last -large-first-row -medium-col-2-1 -medium-last -medium-first-row -small-col-1-1 -small-first -small-last\">\n<div class=\"ce_text block\">\n<p>Do thi\u1ebft k\u1ebf \u0111\u1ed3ng nh\u1ea5t, t\u1ea5t c\u1ea3 c\u00e1c loa Alea \u0111\u1ec1u mang l\u1ea1i ti\u1ec1m n\u0103ng s\u00e1ng t\u1ea1o nh\u01b0 nhau. Gi\u1ed1ng nh\u01b0 Alea-4, Alea-10 c\u00f3 th\u1ec3 \u0111\u01b0\u1ee3c thi\u1ebft k\u1ebf t\u00f9y ch\u1ec9nh v\u1edbi t\u1ea5t c\u1ea3 c\u00e1c m\u00e0u RAL v\u00e0 hi\u1ec7u \u1ee9ng, c\u0169ng nh\u01b0 hai m\u00e0u ho\u1eb7c ba m\u00e0u. M\u1eb7t l\u01b0\u1edbi v\u00e0 v\u00f2ng \u0111\u1ec7m c\u0169ng c\u00f3 th\u1ec3 \u0111\u01b0\u1ee3c m\u1ea1 v\u00e0ng ho\u1eb7c chrome. B\u1eb1ng c\u00e1ch n\u00e0y, b\u1ea1n th\u1eadm ch\u00ed c\u00f3 th\u1ec3 \u0111i\u1ec1u ch\u1ec9nh Aleasub-10 theo nhu c\u1ea7u CI c\u1ee7a ri\u00eang b\u1ea1n.<\/p>\n<p>V\u1ecf loa, l\u01b0\u1edbi ph\u00eda tr\u01b0\u1edbc d\u1ea1ng t\u1ed5 ong c\u00f3 l\u01b0\u1edbi m\u1ecbn v\u00e0 v\u00f2ng trang tr\u00ed tr\u00ean v\u00e1ch ng\u0103n m\u1ed7i lo\u1ea1i c\u00f3 th\u1ec3 c\u00f3 m\u1ed9t m\u00e0u ri\u00eang bi\u1ec7t. L\u01b0\u1edbi v\u00e0 v\u00f2ng trang tr\u00ed c\u0169ng c\u00f3 th\u1ec3 \u0111\u01b0\u1ee3c m\u1ea1 v\u00e0ng ho\u1eb7c m\u1ea1 crom. Aleasub c\u0169ng c\u00f3 th\u1ec3 \u0111\u01b0\u1ee3c \u0111i\u1ec1u ch\u1ec9nh cho ph\u00f9 h\u1ee3p v\u1edbi CI (Nh\u1eadn d\u1ea1ng doanh nghi\u1ec7p) ho\u1eb7c c\u00e1c y\u00eau c\u1ea7u thi\u1ebft k\u1ebf \u0111\u1eb7c bi\u1ec7t.<\/p>\n<p>Gi\u00e1 \u0111\u1ee1 ch\u1eef U r\u1ea5t \u1ed5n \u0111\u1ecbnh, c\u00f3 s\u1eb5n t\u00f9y ch\u1ecdn cho ph\u00e9p g\u1eafn an to\u00e0n tr\u00ean tr\u1ea7n nh\u00e0 ho\u1eb7c gi\u00e0n.\u00a0Ngo\u00e0i ra, nh\u01b0 v\u1edbi Alea-4, gi\u00e1 treo t\u01b0\u1eddng gi\u1ea5u k\u00edn r\u1ea5t thanh l\u1ecbch c\u0169ng c\u00f3 s\u1eb5n.\u00a0B\u1ee9c t\u01b0\u1eddng ph\u00eda sau c\u1ee7a Aleasub c\u0169ng \u0111\u01b0\u1ee3c \u0111\u1eb7t tr\u1edf l\u1ea1i nh\u00e0 v\u00e0 cung c\u1ea5p kh\u00f4ng gian cho gi\u00e1 \u0111\u1ee1 t\u01b0\u1eddng ph\u1eb3ng v\u00e0 c\u00e1c k\u1ebft n\u1ed1i Phoenix Contact.<\/p>\n<div class=\"ce_text block\">\n<p><span>Kh\u1ea3 n\u0103ng m\u1edf r\u1ed9ng, x\u1eed l\u00fd d\u1ec5 d\u00e0ng v\u00e0 c\u00e1c ph\u1ee5 ki\u1ec7n m\u1edf r\u1ed9ng, \u0111\u01b0\u1ee3c c\u00e2n nh\u1eafc k\u1ef9 l\u01b0\u1ee1ng \u0111\u00e3 l\u00e0m n\u1ed5i b\u1eadt B\u1ed9 ph\u01b0\u01a1ng ti\u1ec7n Aleasub-10 v\u00e0 l\u00e0m cho n\u00f3 tr\u1edf th\u00e0nh m\u1ed9t PA mini nh\u1ecf g\u1ecdn v\u00e0 h\u1ea5p d\u1eabn v\u1ec1 m\u1eb7t h\u00ecnh \u1ea3nh.<\/span><\/p>\n<\/div>\n<div class=\"ce_image mittig block\"><\/div>\n<\/div>\n<p><a href=\"http:\/\/B\u1ed9 c\u00e0i \u0111\u1eb7t Aleasub-10\"><img loading=\"lazy\" decoding=\"async\" class=\"size-medium wp-image-914 aligncenter\" src=\"https:\/\/voice-acoustic.vn\/wp-content\/uploads\/2021\/12\/voice-acoustic-aleasub-10-install-set-300x142.jpg\" alt=\"\" width=\"300\" height=\"142\" srcset=\"https:\/\/voice-acoustic.vn\/wp-content\/uploads\/2021\/12\/voice-acoustic-aleasub-10-install-set-300x142.jpg 300w, https:\/\/voice-acoustic.vn\/wp-content\/uploads\/2021\/12\/voice-acoustic-aleasub-10-install-set-768x365.jpg 768w, https:\/\/voice-acoustic.vn\/wp-content\/uploads\/2021\/12\/voice-acoustic-aleasub-10-install-set-400x190.jpg 400w, https:\/\/voice-acoustic.vn\/wp-content\/uploads\/2021\/12\/voice-acoustic-aleasub-10-install-set-600x285.jpg 600w, https:\/\/voice-acoustic.vn\/wp-content\/uploads\/2021\/12\/voice-acoustic-aleasub-10-install-set.jpg 798w\" sizes=\"auto, (max-width: 300px) 100vw, 300px\" \/><\/a><\/p>\n<div class=\"rs-columns ce_rs_columns_start\">\n<div class=\"ce_rs_column_start rs-column -large-col-2-1 -large-last -large-first-row -medium-col-2-1 -medium-last -medium-first-row -small-col-1-1 -small-first -small-last\">\n<div class=\"ce_image mittig block\">\n<h4 class=\"image_container\" style=\"text-align: center;\">B\u1ed9 Aleasub-10<\/h4>\n<\/div>\n<\/div>\n<\/div>\n<div id=\"scroll-down\"><\/div>\n<\/div>\n","protected":false},"excerpt":{"rendered":"<ul>\n<li>1 x b\u1ed9 khu\u1ebfch \u0111\u1ea1i HDSP-3<\/li>\n<li>4 x Alea-4 v\u1edbi p\u00e1t ch\u1eef u (max. 8 piece)<\/li>\n<li>2 x Aleasub-10<\/li>\n<\/ul>\n","protected":false},"featured_media":910,"comment_status":"closed","ping_status":"closed","template":"","meta":{"spay_email":""},"product_cat":[36],"product_tag":[],"class_list":{"0":"post-909","1":"product","2":"type-product","3":"status-publish","4":"has-post-thumbnail","6":"product_cat-systems","8":"first","9":"instock","10":"shipping-taxable","11":"product-type-simple"},"yoast_head":"<!-- This site is optimized with the Yoast SEO plugin v17.6 - https:\/\/yoast.com\/wordpress\/plugins\/seo\/ -->\n<title>Aleasub-10 Install Set - Voice-Acoustic<\/title>\n<meta name=\"robots\" content=\"index, follow, max-snippet:-1, max-image-preview:large, max-video-preview:-1\" \/>\n<link rel=\"canonical\" href=\"https:\/\/voice-acoustic.vn\/?product=909\" \/>\n<meta property=\"og:locale\" content=\"vi_VN\" \/>\n<meta property=\"og:type\" content=\"article\" \/>\n<meta property=\"og:title\" content=\"Aleasub-10 Install Set - Voice-Acoustic\" \/>\n<meta property=\"og:description\" content=\"1 x b\u1ed9 khu\u1ebfch \u0111\u1ea1i HDSP-3  4 x Alea-4 v\u1edbi p\u00e1t ch\u1eef u (max. 8 piece)  2 x Aleasub-10\" \/>\n<meta property=\"og:url\" content=\"https:\/\/voice-acoustic.vn\/?product=909\" \/>\n<meta property=\"og:site_name\" content=\"Voice-Acoustic\" \/>\n<meta property=\"article:modified_time\" content=\"2022-02-16T09:11:14+00:00\" \/>\n<meta property=\"og:image\" content=\"https:\/\/voice-acoustic.vn\/wp-content\/uploads\/2021\/12\/voice-acoustic-aleasub-10-install-set-001.jpg\" \/>\n\t<meta property=\"og:image:width\" content=\"1920\" \/>\n\t<meta property=\"og:image:height\" content=\"1536\" \/>\n<meta name=\"twitter:card\" content=\"summary_large_image\" \/>\n<meta name=\"twitter:label1\" content=\"\u01af\u1edbc t\u00ednh th\u1eddi gian \u0111\u1ecdc\" \/>\n\t<meta name=\"twitter:data1\" content=\"4 ph\u00fat\" \/>\n<script type=\"application\/ld+json\" class=\"yoast-schema-graph\">{\"@context\":\"https:\/\/schema.org\",\"@graph\":[{\"@type\":\"WebSite\",\"@id\":\"https:\/\/voice-acoustic.vn\/#website\",\"url\":\"https:\/\/voice-acoustic.vn\/\",\"name\":\"Voice-Acoustic\",\"description\":\"\",\"potentialAction\":[{\"@type\":\"SearchAction\",\"target\":{\"@type\":\"EntryPoint\",\"urlTemplate\":\"https:\/\/voice-acoustic.vn\/?s={search_term_string}\"},\"query-input\":\"required name=search_term_string\"}],\"inLanguage\":\"vi\"},{\"@type\":\"ImageObject\",\"@id\":\"https:\/\/voice-acoustic.vn\/?product=909#primaryimage\",\"inLanguage\":\"vi\",\"url\":\"https:\/\/voice-acoustic.vn\/wp-content\/uploads\/2021\/12\/voice-acoustic-aleasub-10-install-set-001.jpg\",\"contentUrl\":\"https:\/\/voice-acoustic.vn\/wp-content\/uploads\/2021\/12\/voice-acoustic-aleasub-10-install-set-001.jpg\",\"width\":1920,\"height\":1536},{\"@type\":\"WebPage\",\"@id\":\"https:\/\/voice-acoustic.vn\/?product=909#webpage\",\"url\":\"https:\/\/voice-acoustic.vn\/?product=909\",\"name\":\"Aleasub-10 Install Set - Voice-Acoustic\",\"isPartOf\":{\"@id\":\"https:\/\/voice-acoustic.vn\/#website\"},\"primaryImageOfPage\":{\"@id\":\"https:\/\/voice-acoustic.vn\/?product=909#primaryimage\"},\"datePublished\":\"2021-12-01T09:24:30+00:00\",\"dateModified\":\"2022-02-16T09:11:14+00:00\",\"breadcrumb\":{\"@id\":\"https:\/\/voice-acoustic.vn\/?product=909#breadcrumb\"},\"inLanguage\":\"vi\",\"potentialAction\":[{\"@type\":\"ReadAction\",\"target\":[\"https:\/\/voice-acoustic.vn\/?product=909\"]}]},{\"@type\":\"BreadcrumbList\",\"@id\":\"https:\/\/voice-acoustic.vn\/?product=909#breadcrumb\",\"itemListElement\":[{\"@type\":\"ListItem\",\"position\":1,\"name\":\"Trang ch\\u1ee7\",\"item\":\"https:\/\/voice-acoustic.vn\/\"},{\"@type\":\"ListItem\",\"position\":2,\"name\":\"..\",\"item\":\"https:\/\/voice-acoustic.vn\/?page_id=11\"},{\"@type\":\"ListItem\",\"position\":3,\"name\":\"Aleasub-10 Install Set\"}]}]}<\/script>\n<!-- \/ Yoast SEO plugin. -->","yoast_head_json":{"title":"Aleasub-10 Install Set - Voice-Acoustic","robots":{"index":"index","follow":"follow","max-snippet":"max-snippet:-1","max-image-preview":"max-image-preview:large","max-video-preview":"max-video-preview:-1"},"canonical":"https:\/\/voice-acoustic.vn\/?product=909","og_locale":"vi_VN","og_type":"article","og_title":"Aleasub-10 Install Set - Voice-Acoustic","og_description":"1 x b\u1ed9 khu\u1ebfch \u0111\u1ea1i HDSP-3  4 x Alea-4 v\u1edbi p\u00e1t ch\u1eef u (max. 8 piece)  2 x Aleasub-10","og_url":"https:\/\/voice-acoustic.vn\/?product=909","og_site_name":"Voice-Acoustic","article_modified_time":"2022-02-16T09:11:14+00:00","og_image":[{"width":1920,"height":1536,"url":"https:\/\/voice-acoustic.vn\/wp-content\/uploads\/2021\/12\/voice-acoustic-aleasub-10-install-set-001.jpg","type":"image\/jpeg"}],"twitter_card":"summary_large_image","twitter_misc":{"\u01af\u1edbc t\u00ednh th\u1eddi gian \u0111\u1ecdc":"4 ph\u00fat"},"schema":{"@context":"https:\/\/schema.org","@graph":[{"@type":"WebSite","@id":"https:\/\/voice-acoustic.vn\/#website","url":"https:\/\/voice-acoustic.vn\/","name":"Voice-Acoustic","description":"","potentialAction":[{"@type":"SearchAction","target":{"@type":"EntryPoint","urlTemplate":"https:\/\/voice-acoustic.vn\/?s={search_term_string}"},"query-input":"required name=search_term_string"}],"inLanguage":"vi"},{"@type":"ImageObject","@id":"https:\/\/voice-acoustic.vn\/?product=909#primaryimage","inLanguage":"vi","url":"https:\/\/voice-acoustic.vn\/wp-content\/uploads\/2021\/12\/voice-acoustic-aleasub-10-install-set-001.jpg","contentUrl":"https:\/\/voice-acoustic.vn\/wp-content\/uploads\/2021\/12\/voice-acoustic-aleasub-10-install-set-001.jpg","width":1920,"height":1536},{"@type":"WebPage","@id":"https:\/\/voice-acoustic.vn\/?product=909#webpage","url":"https:\/\/voice-acoustic.vn\/?product=909","name":"Aleasub-10 Install Set - Voice-Acoustic","isPartOf":{"@id":"https:\/\/voice-acoustic.vn\/#website"},"primaryImageOfPage":{"@id":"https:\/\/voice-acoustic.vn\/?product=909#primaryimage"},"datePublished":"2021-12-01T09:24:30+00:00","dateModified":"2022-02-16T09:11:14+00:00","breadcrumb":{"@id":"https:\/\/voice-acoustic.vn\/?product=909#breadcrumb"},"inLanguage":"vi","potentialAction":[{"@type":"ReadAction","target":["https:\/\/voice-acoustic.vn\/?product=909"]}]},{"@type":"BreadcrumbList","@id":"https:\/\/voice-acoustic.vn\/?product=909#breadcrumb","itemListElement":[{"@type":"ListItem","position":1,"name":"Trang ch\u1ee7","item":"https:\/\/voice-acoustic.vn\/"},{"@type":"ListItem","position":2,"name":"..","item":"https:\/\/voice-acoustic.vn\/?page_id=11"},{"@type":"ListItem","position":3,"name":"Aleasub-10 Install Set"}]}]}},"_links":{"self":[{"href":"https:\/\/voice-acoustic.vn\/index.php?rest_route=\/wp\/v2\/product\/909","targetHints":{"allow":["GET"]}}],"collection":[{"href":"https:\/\/voice-acoustic.vn\/index.php?rest_route=\/wp\/v2\/product"}],"about":[{"href":"https:\/\/voice-acoustic.vn\/index.php?rest_route=\/wp\/v2\/types\/product"}],"replies":[{"embeddable":true,"href":"https:\/\/voice-acoustic.vn\/index.php?rest_route=%2Fwp%2Fv2%2Fcomments&post=909"}],"wp:featuredmedia":[{"embeddable":true,"href":"https:\/\/voice-acoustic.vn\/index.php?rest_route=\/wp\/v2\/media\/910"}],"wp:attachment":[{"href":"https:\/\/voice-acoustic.vn\/index.php?rest_route=%2Fwp%2Fv2%2Fmedia&parent=909"}],"wp:term":[{"taxonomy":"product_cat","embeddable":true,"href":"https:\/\/voice-acoustic.vn\/index.php?rest_route=%2Fwp%2Fv2%2Fproduct_cat&post=909"},{"taxonomy":"product_tag","embeddable":true,"href":"https:\/\/voice-acoustic.vn\/index.php?rest_route=%2Fwp%2Fv2%2Fproduct_tag&post=909"}],"curies":[{"name":"wp","href":"https:\/\/api.w.org\/{rel}","templated":true}]}}