{"id":964,"date":"2021-12-08T14:12:37","date_gmt":"2021-12-08T07:12:37","guid":{"rendered":"https:\/\/voice-acoustic.vn\/?post_type=product&#038;p=964"},"modified":"2022-02-16T13:57:22","modified_gmt":"2022-02-16T06:57:22","slug":"score-8-set","status":"publish","type":"product","link":"https:\/\/voice-acoustic.vn\/?product=score-8-set","title":{"rendered":"Score-8 Set"},"content":{"rendered":"<p>B\u1ed9 khu\u1ebfch \u0111\u1ea1i HDSP l\u00e0 tr\u00e1i tim c\u1ee7a h\u1ec7 th\u1ed1ng v\u1ec7 tinh Score-8 Plug &amp; Play.\u00a0T\u1ea5t c\u1ea3 c\u00e1c th\u00e0nh ph\u1ea7n \u0111\u01b0\u1ee3c kh\u1edbp v\u1edbi nhau v\u00e0 \u0111\u01b0\u1ee3c \u0111i\u1ec1u ch\u1ec9nh v\u00e0 gi\u1edbi h\u1ea1n th\u00f4ng qua h\u1ec7 th\u1ed1ng qu\u1ea3n l\u00fd loa t\u00edch h\u1ee3p (DSP).\u00a0\u00c2m thanh v\u1eeba v\u1eb7n ngay l\u1eadp t\u1ee9c m\u00e0 kh\u00f4ng c\u1ea7n ph\u1ea3i \u0111i\u1ec1u ch\u1ec9nh th\u00eam.<\/p>\n<p>M\u1ed9t s\u1ed1 ch\u1ee9c n\u0103ng, t\u00f9y ch\u1ecdn truy c\u1eadp v\u00e0 c\u00e0i \u0111\u1eb7t DSP c\u0169ng c\u00f3 s\u1eb5n cho k\u1ef9 thu\u1eadt vi\u00ean c\u00f3 kinh nghi\u1ec7m v\u00e0 chuy\u00ean gia \u00e2m thanh.\u00a0H\u1ea7u h\u1ebft t\u1ea5t c\u1ea3 c\u00e1c tham s\u1ed1 c\u00f3 th\u1ec3 \u0111\u01b0\u1ee3c truy c\u1eadp th\u00f4ng qua m\u00e0n h\u00ecnh, n\u00fat, ngay c\u1ea3 khi kh\u00f4ng c\u00f3 \u0111i\u1ec1u khi\u1ec3n PC. C\u00e1c ch\u1ee9c n\u0103ng c\u00f3 th\u1ec3 \u0111\u01b0\u1ee3c kh\u00f3a b\u1eb1ng m\u1eadt kh\u1ea9u \u0111\u1ec3 ng\u0103n truy c\u1eadp tr\u00e1i ph\u00e9p.\u00a0C\u00f3 th\u1ec3 d\u1ec5 d\u00e0ng t\u1ea1o c\u00e1c c\u1ea5u h\u00ecnh ph\u1ee9c t\u1ea1p tr\u00ean b\u1ec1 m\u1eb7t PC th\u00f4ng qua giao di\u1ec7n Ethernet ho\u1eb7c USB.\u00a0Ph\u1ea7n m\u1ec1m \u0111i\u1ec1u khi\u1ec3n t\u1eeb xa VA cho PC v\u00e0 Mac \u0111\u01b0\u1ee3c s\u1eed d\u1ee5ng cho vi\u1ec7c n\u00e0y.\u00a0\u00dd t\u01b0\u1edfng \u00e2m thanh c\u1ee7a ri\u00eang b\u1ea1n v\u00e0 ch\u1ec9nh s\u1eeda ph\u00f2ng c\u00f3 th\u1ec3 \u0111\u01b0\u1ee3c l\u01b0u d\u01b0\u1edbi d\u1ea1ng c\u00e0i \u0111\u1eb7t tr\u01b0\u1edbc v\u00e0 g\u1ecdi l\u1ea1i b\u1ea5t k\u1ef3 l\u00fac n\u00e0o.<\/p>\n<p>Score-8 l\u00e0 m\u1ed9t loa \u0111a ch\u1ee9c n\u0103ng nh\u1ecf g\u1ecdn v\u00e0 m\u1ea1nh m\u1ebd cho c\u00e1c \u1ee9ng d\u1ee5ng di \u0111\u1ed9ng v\u00e0 c\u00e0i \u0111\u1eb7t c\u1ed1 \u0111\u1ecbnh v\u1edbi thi\u1ebft b\u1ecb 2 x 8 &#8220;\/ 1,4&#8221;.<\/p>\n<p>Paveosub-118 l\u00e0 m\u1ed9t loa si\u00eau tr\u1ea7m ph\u1ea3n x\u1ea1 \u00e2m tr\u1ea7m nh\u1eb9, c\u00f3 l\u1ed7 th\u00f4ng h\u01a1i l\u1edbn.\u00a0\u0110\u01b0\u1ee3c trang b\u1ecb neodymium 18 &#8220;ch\u1ea5t l\u01b0\u1ee3ng cao, n\u00f3 c\u00f3 th\u1ec3 t\u1ea1o ra m\u1ee9c \u00e2m tr\u1ea7m cao v\u00e0 kh\u00f4ng b\u1ecb bi\u1ebfn d\u1ea1ng t\u1eeb k\u00edch th\u01b0\u1edbc nh\u1ecf g\u1ecdn nh\u1ea5t. t\u00e1i t\u1ea1o t\u00edn hi\u1ec7u nhanh ch\u00f3ng v\u00e0 ch\u00ednh x\u00e1c v\u1edbi h\u00e0nh vi ph\u00e2n r\u00e3 v\u00e0 tho\u00e1ng qua tuy\u1ec7t v\u1eddi v\u00e0 c\u00f3 \u00e2m thanh v\u01b0\u1ee3t tr\u1ed9i so v\u1edbi nhi\u1ec1u c\u1ea5u tr\u00fac 18 &#8220;kh\u00e1c. Khung xe c\u00f3 m\u1ed9t cu\u1ed9n d\u00e2y \u00e2m thanh 4 &#8220;l\u1edbn v\u00e0 c\u00f3 \u0111\u1ed9 \u0111\u00e0n h\u1ed3i cao.<\/p>\n<p>Kh\u1ea3 n\u0103ng m\u1edf r\u1ed9ng, d\u1ec5 d\u00e0ng x\u1eed l\u00fd v\u00e0 c\u00e1c ph\u1ee5 ki\u1ec7n m\u1edf r\u1ed9ng, \u0111\u01b0\u1ee3c c\u00e2n nh\u1eafc k\u1ef9 l\u01b0\u1ee1ng \u0111\u00e3 l\u00e0m n\u1ed5i b\u1eadt b\u1ed9 Score-8 v\u00e0 khi\u1ebfn n\u00f3 tr\u1edf th\u00e0nh m\u1ed9t c\u00f4ng c\u1ee5 t\u0103ng c\u01b0\u1eddng \u00e2m thanh ph\u1ed5 bi\u1ebfn v\u1edbi nhi\u1ec1u \u1ee9ng d\u1ee5ng.<\/p>\n<p>&nbsp;<\/p>\n<p><a href=\"https:\/\/voice-acoustic.vn\/wp-content\/uploads\/2021\/12\/voice-acoustic-score-8-set.jpg\"><img loading=\"lazy\" decoding=\"async\" class=\"aligncenter wp-image-965 size-medium\" src=\"https:\/\/voice-acoustic.vn\/wp-content\/uploads\/2021\/12\/voice-acoustic-score-8-set-300x271.jpg\" alt=\"\" width=\"300\" height=\"271\" srcset=\"https:\/\/voice-acoustic.vn\/wp-content\/uploads\/2021\/12\/voice-acoustic-score-8-set-300x271.jpg 300w, https:\/\/voice-acoustic.vn\/wp-content\/uploads\/2021\/12\/voice-acoustic-score-8-set-768x693.jpg 768w, https:\/\/voice-acoustic.vn\/wp-content\/uploads\/2021\/12\/voice-acoustic-score-8-set-400x361.jpg 400w, https:\/\/voice-acoustic.vn\/wp-content\/uploads\/2021\/12\/voice-acoustic-score-8-set-600x541.jpg 600w, https:\/\/voice-acoustic.vn\/wp-content\/uploads\/2021\/12\/voice-acoustic-score-8-set.jpg 942w\" sizes=\"auto, (max-width: 300px) 100vw, 300px\" \/><\/a><\/p>\n<div class=\"rs-columns ce_rs_columns_start\">\n<div class=\"rs-column -large-col-2-1 -large-last -large-first-row -medium-col-2-1 -medium-last -medium-first-row -small-col-1-1 -small-first -small-last\">\n<div class=\"ce_image mittig block\" style=\"text-align: center;\">\n<figure class=\"image_container\"><figcaption class=\"caption\">B\u1ed9 Score-8<\/figcaption><\/figure>\n<\/div>\n<\/div>\n<\/div>\n","protected":false},"excerpt":{"rendered":"<ul>\n<li>1 x b\u1ed9 khu\u1ebfch \u0111\u1ea1i HDSP-6<\/li>\n<li>2 x Score-8, Transport- und Regenschutzhaube<\/li>\n<li>4 x Paveosub-118 b\u00e1nh tr\u01b0\u1edbc c\u00f3 th\u1ec3 th\u00e1o r\u1eddi, v\u1eadn chuy\u1ec3n &amp; che m\u01b0a<\/li>\n<li>2 x thanh M20 v\u1edbi \u00bbKh\u00f3a v\u00f2ng\u00ab<\/li>\n<li>4 x k\u1eb9p c\u00e1p<\/li>\n<li>1 x T\u00fai \u0111\u1ef1ng cho 2 x thanh c\u1ecdc ch\u1ed1ng loa kh\u00f4ng c\u00f3 tay quay<\/li>\n<li>C\u00e1p Speakon 4 x 10 m, 2 x 3 m (4 x 4 qmm)<\/li>\n<\/ul>\n","protected":false},"featured_media":966,"comment_status":"closed","ping_status":"closed","template":"","meta":{"spay_email":""},"product_cat":[36],"product_tag":[70,69,41,40],"class_list":{"0":"post-964","1":"product","2":"type-product","3":"status-publish","4":"has-post-thumbnail","6":"product_cat-systems","7":"product_tag-paveosub-118","8":"product_tag-score-8","9":"product_tag-score-8-set","10":"product_tag-voice-acoustic-score-8-set","12":"first","13":"instock","14":"shipping-taxable","15":"product-type-simple"},"yoast_head":"<!-- This site is optimized with the Yoast SEO plugin v17.6 - https:\/\/yoast.com\/wordpress\/plugins\/seo\/ -->\n<title>Score-8 Set - Voice-Acoustic<\/title>\n<meta name=\"robots\" content=\"index, follow, max-snippet:-1, max-image-preview:large, max-video-preview:-1\" \/>\n<link rel=\"canonical\" href=\"https:\/\/voice-acoustic.vn\/?product=score-8-set\" \/>\n<meta property=\"og:locale\" content=\"vi_VN\" \/>\n<meta property=\"og:type\" content=\"article\" \/>\n<meta property=\"og:title\" content=\"Score-8 Set - Voice-Acoustic\" \/>\n<meta property=\"og:description\" content=\"1 x b\u1ed9 khu\u1ebfch \u0111\u1ea1i HDSP-6  2 x Score-8, Transport- und Regenschutzhaube  4 x Paveosub-118 b\u00e1nh tr\u01b0\u1edbc c\u00f3 th\u1ec3 th\u00e1o r\u1eddi, v\u1eadn chuy\u1ec3n &amp; che m\u01b0a  2 x thanh M20 v\u1edbi \u00bbKh\u00f3a v\u00f2ng\u00ab  4 x k\u1eb9p c\u00e1p  1 x T\u00fai \u0111\u1ef1ng cho 2 x thanh c\u1ecdc ch\u1ed1ng loa kh\u00f4ng c\u00f3 tay quay  C\u00e1p Speakon 4 x 10 m, 2 x 3 m (4 x 4 qmm)\" \/>\n<meta property=\"og:url\" content=\"https:\/\/voice-acoustic.vn\/?product=score-8-set\" \/>\n<meta property=\"og:site_name\" content=\"Voice-Acoustic\" \/>\n<meta property=\"article:modified_time\" content=\"2022-02-16T06:57:22+00:00\" \/>\n<meta property=\"og:image\" content=\"https:\/\/voice-acoustic.vn\/wp-content\/uploads\/2021\/12\/voice-acoustic-score-8-8sp-set-002.jpg\" \/>\n\t<meta property=\"og:image:width\" content=\"2030\" \/>\n\t<meta property=\"og:image:height\" content=\"1624\" \/>\n<meta name=\"twitter:card\" content=\"summary_large_image\" \/>\n<meta name=\"twitter:label1\" content=\"\u01af\u1edbc t\u00ednh th\u1eddi gian \u0111\u1ecdc\" \/>\n\t<meta name=\"twitter:data1\" content=\"2 ph\u00fat\" \/>\n<script type=\"application\/ld+json\" class=\"yoast-schema-graph\">{\"@context\":\"https:\/\/schema.org\",\"@graph\":[{\"@type\":\"WebSite\",\"@id\":\"https:\/\/voice-acoustic.vn\/#website\",\"url\":\"https:\/\/voice-acoustic.vn\/\",\"name\":\"Voice-Acoustic\",\"description\":\"\",\"potentialAction\":[{\"@type\":\"SearchAction\",\"target\":{\"@type\":\"EntryPoint\",\"urlTemplate\":\"https:\/\/voice-acoustic.vn\/?s={search_term_string}\"},\"query-input\":\"required name=search_term_string\"}],\"inLanguage\":\"vi\"},{\"@type\":\"ImageObject\",\"@id\":\"https:\/\/voice-acoustic.vn\/?product=score-8-set#primaryimage\",\"inLanguage\":\"vi\",\"url\":\"https:\/\/voice-acoustic.vn\/wp-content\/uploads\/2021\/12\/voice-acoustic-score-8-8sp-set-002.jpg\",\"contentUrl\":\"https:\/\/voice-acoustic.vn\/wp-content\/uploads\/2021\/12\/voice-acoustic-score-8-8sp-set-002.jpg\",\"width\":2030,\"height\":1624},{\"@type\":\"WebPage\",\"@id\":\"https:\/\/voice-acoustic.vn\/?product=score-8-set#webpage\",\"url\":\"https:\/\/voice-acoustic.vn\/?product=score-8-set\",\"name\":\"Score-8 Set - Voice-Acoustic\",\"isPartOf\":{\"@id\":\"https:\/\/voice-acoustic.vn\/#website\"},\"primaryImageOfPage\":{\"@id\":\"https:\/\/voice-acoustic.vn\/?product=score-8-set#primaryimage\"},\"datePublished\":\"2021-12-08T07:12:37+00:00\",\"dateModified\":\"2022-02-16T06:57:22+00:00\",\"breadcrumb\":{\"@id\":\"https:\/\/voice-acoustic.vn\/?product=score-8-set#breadcrumb\"},\"inLanguage\":\"vi\",\"potentialAction\":[{\"@type\":\"ReadAction\",\"target\":[\"https:\/\/voice-acoustic.vn\/?product=score-8-set\"]}]},{\"@type\":\"BreadcrumbList\",\"@id\":\"https:\/\/voice-acoustic.vn\/?product=score-8-set#breadcrumb\",\"itemListElement\":[{\"@type\":\"ListItem\",\"position\":1,\"name\":\"Trang ch\\u1ee7\",\"item\":\"https:\/\/voice-acoustic.vn\/\"},{\"@type\":\"ListItem\",\"position\":2,\"name\":\"..\",\"item\":\"https:\/\/voice-acoustic.vn\/?page_id=11\"},{\"@type\":\"ListItem\",\"position\":3,\"name\":\"Score-8 Set\"}]}]}<\/script>\n<!-- \/ Yoast SEO plugin. -->","yoast_head_json":{"title":"Score-8 Set - Voice-Acoustic","robots":{"index":"index","follow":"follow","max-snippet":"max-snippet:-1","max-image-preview":"max-image-preview:large","max-video-preview":"max-video-preview:-1"},"canonical":"https:\/\/voice-acoustic.vn\/?product=score-8-set","og_locale":"vi_VN","og_type":"article","og_title":"Score-8 Set - Voice-Acoustic","og_description":"1 x b\u1ed9 khu\u1ebfch \u0111\u1ea1i HDSP-6  2 x Score-8, Transport- und Regenschutzhaube  4 x Paveosub-118 b\u00e1nh tr\u01b0\u1edbc c\u00f3 th\u1ec3 th\u00e1o r\u1eddi, v\u1eadn chuy\u1ec3n &amp; che m\u01b0a  2 x thanh M20 v\u1edbi \u00bbKh\u00f3a v\u00f2ng\u00ab  4 x k\u1eb9p c\u00e1p  1 x T\u00fai \u0111\u1ef1ng cho 2 x thanh c\u1ecdc ch\u1ed1ng loa kh\u00f4ng c\u00f3 tay quay  C\u00e1p Speakon 4 x 10 m, 2 x 3 m (4 x 4 qmm)","og_url":"https:\/\/voice-acoustic.vn\/?product=score-8-set","og_site_name":"Voice-Acoustic","article_modified_time":"2022-02-16T06:57:22+00:00","og_image":[{"width":2030,"height":1624,"url":"https:\/\/voice-acoustic.vn\/wp-content\/uploads\/2021\/12\/voice-acoustic-score-8-8sp-set-002.jpg","type":"image\/jpeg"}],"twitter_card":"summary_large_image","twitter_misc":{"\u01af\u1edbc t\u00ednh th\u1eddi gian \u0111\u1ecdc":"2 ph\u00fat"},"schema":{"@context":"https:\/\/schema.org","@graph":[{"@type":"WebSite","@id":"https:\/\/voice-acoustic.vn\/#website","url":"https:\/\/voice-acoustic.vn\/","name":"Voice-Acoustic","description":"","potentialAction":[{"@type":"SearchAction","target":{"@type":"EntryPoint","urlTemplate":"https:\/\/voice-acoustic.vn\/?s={search_term_string}"},"query-input":"required name=search_term_string"}],"inLanguage":"vi"},{"@type":"ImageObject","@id":"https:\/\/voice-acoustic.vn\/?product=score-8-set#primaryimage","inLanguage":"vi","url":"https:\/\/voice-acoustic.vn\/wp-content\/uploads\/2021\/12\/voice-acoustic-score-8-8sp-set-002.jpg","contentUrl":"https:\/\/voice-acoustic.vn\/wp-content\/uploads\/2021\/12\/voice-acoustic-score-8-8sp-set-002.jpg","width":2030,"height":1624},{"@type":"WebPage","@id":"https:\/\/voice-acoustic.vn\/?product=score-8-set#webpage","url":"https:\/\/voice-acoustic.vn\/?product=score-8-set","name":"Score-8 Set - Voice-Acoustic","isPartOf":{"@id":"https:\/\/voice-acoustic.vn\/#website"},"primaryImageOfPage":{"@id":"https:\/\/voice-acoustic.vn\/?product=score-8-set#primaryimage"},"datePublished":"2021-12-08T07:12:37+00:00","dateModified":"2022-02-16T06:57:22+00:00","breadcrumb":{"@id":"https:\/\/voice-acoustic.vn\/?product=score-8-set#breadcrumb"},"inLanguage":"vi","potentialAction":[{"@type":"ReadAction","target":["https:\/\/voice-acoustic.vn\/?product=score-8-set"]}]},{"@type":"BreadcrumbList","@id":"https:\/\/voice-acoustic.vn\/?product=score-8-set#breadcrumb","itemListElement":[{"@type":"ListItem","position":1,"name":"Trang ch\u1ee7","item":"https:\/\/voice-acoustic.vn\/"},{"@type":"ListItem","position":2,"name":"..","item":"https:\/\/voice-acoustic.vn\/?page_id=11"},{"@type":"ListItem","position":3,"name":"Score-8 Set"}]}]}},"_links":{"self":[{"href":"https:\/\/voice-acoustic.vn\/index.php?rest_route=\/wp\/v2\/product\/964","targetHints":{"allow":["GET"]}}],"collection":[{"href":"https:\/\/voice-acoustic.vn\/index.php?rest_route=\/wp\/v2\/product"}],"about":[{"href":"https:\/\/voice-acoustic.vn\/index.php?rest_route=\/wp\/v2\/types\/product"}],"replies":[{"embeddable":true,"href":"https:\/\/voice-acoustic.vn\/index.php?rest_route=%2Fwp%2Fv2%2Fcomments&post=964"}],"wp:featuredmedia":[{"embeddable":true,"href":"https:\/\/voice-acoustic.vn\/index.php?rest_route=\/wp\/v2\/media\/966"}],"wp:attachment":[{"href":"https:\/\/voice-acoustic.vn\/index.php?rest_route=%2Fwp%2Fv2%2Fmedia&parent=964"}],"wp:term":[{"taxonomy":"product_cat","embeddable":true,"href":"https:\/\/voice-acoustic.vn\/index.php?rest_route=%2Fwp%2Fv2%2Fproduct_cat&post=964"},{"taxonomy":"product_tag","embeddable":true,"href":"https:\/\/voice-acoustic.vn\/index.php?rest_route=%2Fwp%2Fv2%2Fproduct_tag&post=964"}],"curies":[{"name":"wp","href":"https:\/\/api.w.org\/{rel}","templated":true}]}}