{"id":999,"date":"2022-01-10T10:46:41","date_gmt":"2022-01-10T03:46:41","guid":{"rendered":"https:\/\/voice-acoustic.vn\/?post_type=product&#038;p=999"},"modified":"2022-02-15T16:15:21","modified_gmt":"2022-02-15T09:15:21","slug":"subsat-12-set","status":"publish","type":"product","link":"https:\/\/voice-acoustic.vn\/?product=subsat-12-set","title":{"rendered":"SubSat-12 Set"},"content":{"rendered":"<div class=\"rs-column -large-col-2-1 -large-first -large-first-row -medium-col-2-1 -medium-first -medium-first-row -small-col-1-1 -small-first -small-last -small-first-row\">\n<div class=\"ce_text block\">\n<p>B\u1ed9 SubSat-12 bao g\u1ed3m m\u1ed9t b\u1ed9 khu\u1ebfch \u0111\u1ea1i h\u1ec7 th\u1ed1ng HDSP-6, b\u1ed1n Paveosub-118 v\u00e0 hai bi-amping Modular-12.B\u1ed9 khu\u1ebfch \u0111\u1ea1i h\u1ec7 th\u1ed1ng HDSP-6 l\u00e0 tr\u00e1i tim c\u1ee7a h\u1ec7 th\u1ed1ng \u00e2m thanh Voice Acoustic.\u00a0C\u00e1c c\u00e0i \u0111\u1eb7t c\u1ee5 th\u1ec3 \u0111\u01b0\u1ee3c l\u01b0u tr\u1eef d\u01b0\u1edbi d\u1ea1ng c\u00e0i \u0111\u1eb7t tr\u01b0\u1edbc tr\u00ean t\u1ea5t c\u1ea3 c\u00e1c loa.\u00a0Ch\u00fang c\u00f3 th\u1ec3 \u0111\u01b0\u1ee3c ch\u1ecdn v\u00e0 t\u1ea3i qua M\u00e0n h\u00ecnh ph\u00eda tr\u01b0\u1edbc.<\/p>\n<p>H\u1ec7 th\u1ed1ng l\u00e0 plug and play \u0111\u1ec3 s\u1eed d\u1ee5ng, c\u1eafm v\u00e0o v\u00e0 s\u1eed d\u1ee5ng.\u00a0T\u1ea5t c\u1ea3 c\u00e1c th\u00e0nh ph\u1ea7n \u0111\u01b0\u1ee3c kh\u1edbp v\u1edbi nhau v\u00e0 \u0111\u01b0\u1ee3c \u0111i\u1ec1u ch\u1ec9nh v\u00e0 gi\u1edbi h\u1ea1n th\u00f4ng qua h\u1ec7 th\u1ed1ng qu\u1ea3n l\u00fd loa t\u00edch h\u1ee3p (DSP).\u00a0\u00c2m thanh v\u1eeba v\u1eb7n ngay l\u1eadp t\u1ee9c m\u00e0 kh\u00f4ng c\u1ea7n ph\u1ea3i \u0111i\u1ec1u ch\u1ec9nh th\u00eam.<\/p>\n<p>M\u1ed9t s\u1ed1 ch\u1ee9c n\u0103ng, t\u00f9y ch\u1ecdn truy c\u1eadp v\u00e0 c\u00e0i \u0111\u1eb7t DSP c\u0169ng c\u00f3 s\u1eb5n cho k\u1ef9 thu\u1eadt vi\u00ean c\u00f3 kinh nghi\u1ec7m v\u00e0 chuy\u00ean gia \u00e2m thanh.\u00a0H\u1ea7u h\u1ebft t\u1ea5t c\u1ea3 c\u00e1c th\u00f4ng s\u1ed1 c\u00f3 th\u1ec3 \u0111\u01b0\u1ee3c truy c\u1eadp th\u00f4ng qua m\u00e0n h\u00ecnh, n\u00fat, ngay c\u1ea3 khi kh\u00f4ng c\u00f3 \u0111i\u1ec1u khi\u1ec3n PC. C\u00e1c ch\u1ee9c n\u0103ng c\u00f3 th\u1ec3 \u0111\u01b0\u1ee3c kh\u00f3a b\u1eb1ng m\u1eadt kh\u1ea9u \u0111\u1ec3 ng\u0103n truy c\u1eadp tr\u00e1i ph\u00e9p.\u00a0C\u00f3 th\u1ec3 d\u1ec5 d\u00e0ng t\u1ea1o c\u00e1c c\u1ea5u h\u00ecnh ph\u1ee9c t\u1ea1p tr\u00ean b\u1ec1 m\u1eb7t PC th\u00f4ng qua giao di\u1ec7n Ethernet ho\u1eb7c USB.\u00a0Ph\u1ea7n m\u1ec1m \u0111i\u1ec1u khi\u1ec3n t\u1eeb xa VA cho PC v\u00e0 Mac \u0111\u01b0\u1ee3c s\u1eed d\u1ee5ng cho vi\u1ec7c n\u00e0y.\u00a0\u00dd t\u01b0\u1edfng \u00e2m thanh c\u1ee7a ri\u00eang b\u1ea1n v\u00e0 ch\u1ec9nh s\u1eeda ph\u00f2ng c\u00f3 th\u1ec3 \u0111\u01b0\u1ee3c l\u01b0u d\u01b0\u1edbi d\u1ea1ng c\u00e0i \u0111\u1eb7t tr\u01b0\u1edbc v\u00e0 g\u1ecdi l\u1ea1i b\u1ea5t k\u1ef3 l\u00fac n\u00e0o.<\/p>\n<p>B\u1ed9 SubSat-12 cung c\u1ea5p m\u1ed9t m\u1ee9c hi\u1ec7u su\u1ea5t ch\u01b0a \u0111\u1ea1t \u0111\u01b0\u1ee3c trong l\u1edbp n\u00e0y.\u00a0Do hi\u1ec7u su\u1ea5t cao c\u1ee7a loa k\u1ebft n\u1ed1i v\u1edbi b\u1ed9 khu\u1ebfch \u0111\u1ea1i h\u1ec7 th\u1ed1ng r\u1ea5t m\u1ea1nh, n\u00ean \u00e1p su\u1ea5t \u00e2m thanh c\u00f3 th\u1ec3 \u0111\u1ea1t \u0111\u01b0\u1ee3c m\u00e0 n\u1ebfu kh\u00f4ng th\u00ec ch\u1ec9 c\u00f3 th\u1ec3 \u0111\u1ea1t \u0111\u01b0\u1ee3c v\u1edbi c\u00e1c h\u1ec7 th\u1ed1ng l\u1edbn h\u01a1n \u0111\u00e1ng k\u1ec3 ho\u1eb7c s\u1ed1 l\u01b0\u1ee3ng loa l\u1edbn h\u01a1n.\u00a0T\u00f9y thu\u1ed9c v\u00e0o y\u00eau c\u1ea7u c\u1ee7a s\u1ef1 ki\u1ec7n t\u01b0\u01a1ng \u1ee9ng, c\u00e1c th\u00e0nh ph\u1ea7n c\u1ee7a b\u1ed9 n\u00e0y c\u00f3 th\u1ec3 \u0111\u01b0\u1ee3c s\u1eed d\u1ee5ng nh\u01b0 mong mu\u1ed1n: Modular-12 \u0111\u1ee9ng m\u1ed9t m\u00ecnh nh\u01b0 m\u1ed9t loa to\u00e0n d\u1ea3i, k\u1ebft h\u1ee3p v\u1edbi m\u1ed9t \u00e2m tr\u1ea7m \u0111\u1ec3 l\u00e0m tr\u00f2n h\u00ecnh \u1ea3nh \u00e2m thanh ho\u1eb7c trong c\u1ea5u h\u00ecnh \u0111\u1ea7y \u0111\u1ee7 v\u1edbi hai \u00e2m tr\u1ea7m m\u1ed7i \u0111\u1ea7u \u0111\u1ec3 cung c\u1ea5p cho h\u00e0ng tr\u0103m ng\u01b0\u1eddi \u00e2m thanh r\u00f5 r\u00e0ng v\u00e0 m\u1ea1nh m\u1ebd.<\/p>\n<p>B\u1ed9 \u00e2m thanh c\u00e2n b\u1eb1ng \u1edf t\u1ea5t c\u1ea3 c\u00e1c m\u1ee9c \u00e2m l\u01b0\u1ee3ng: m\u1ea1nh m\u1ebd, trong su\u1ed1t v\u00e0 \u0111\u1ed9 ph\u00e2n gi\u1ea3i t\u1ed1t.\u00a0Ph\u1ea1m vi c\u1ee7a b\u1ed9 SubSat-12 l\u00e0 r\u1ea5t l\u1edbn, c\u1ea3 qua m\u1eb7t ph\u1eb3ng th\u1eb3ng \u0111\u1ee9ng v\u00e0 s\u1ef1 k\u1ebft h\u1ee3p ch\u1eb7t ch\u1ebd c\u1ee7a c\u00f2i l\u1edbn 60 \u00b0 x 40 \u00b0 ho\u1eb7c 90 \u00b0 x 60 \u00b0 t\u00f9y ch\u1ecdn.\u00a0\u0110\u1ed9 r\u00f5 gi\u1ecdng n\u00f3i c\u0169ng ho\u00e0n h\u1ea3o \u1edf kho\u1ea3ng c\u00e1ch xa.\u00a0C\u1ea3 gi\u1ecdng n\u00f3i v\u00e0 gi\u1ecdng h\u00e1t \u0111\u1ec1u r\u00f5 r\u00e0ng v\u00e0 d\u1ec5 hi\u1ec3u trong kh\u00f4ng gian h\u00ecnh ch\u1eef nh\u1eadt v\u00e0 l\u1edbn h\u01a1n.<\/p>\n<p>Ng\u01b0\u1eddi v\u1eadn h\u00e0nh c\u00f3 th\u1ec3 thay \u0111\u1ed5i g\u00f3c c\u1ee7a c\u1ea3 c\u00f2i 90 \u00b0 x 60 \u00b0 v\u00e0 c\u00f2i 60 \u00b0 x 40 \u00b0, th\u00f4ng qua \u0111i\u1ec1u khi\u1ec3n bi-amping, t\u00f9y thu\u1ed9c v\u00e0o y\u00eau c\u1ea7u \u00e2m thanh c\u1ee7a khu v\u1ef1c \u0111\u01b0\u1ee3c s\u1eed d\u1ee5ng.<\/p>\n<\/div>\n<\/div>\n<div class=\"ce_rs_column_start rs-column -large-col-2-1 -large-last -large-first-row -medium-col-2-1 -medium-last -medium-first-row -small-col-1-1 -small-first -small-last\">\n<div class=\"ce_text block\">\n<p>Thi\u1ebft k\u1ebf m\u1ea3ng\u00a0\u0111\u01b0\u1ee3c c\u1ea5p b\u1eb1ng s\u00e1ng ch\u1ebf\u00a0c\u1ee7a c\u00e1c \u0111\u1ea7u tr\u00ean c\u00f9ng gi\u00fap gi\u1ea3m thi\u1ec3u s\u1ef1 giao thoa gi\u1eefa c\u00e1c ngu\u1ed3n \u00e2m thanh.\u00a0Hai ho\u1eb7c nhi\u1ec1u h\u1ec7 th\u1ed1ng c\u0169ng c\u00f3 th\u1ec3 cung c\u1ea5p m\u1ed9t PA k\u1ebft h\u1ee3p tuy\u1ec7t v\u1eddi.\u00a0H\u1ec7 s\u1ed1 s\u1eed d\u1ee5ng nhi\u1ec1u l\u1ea7n n\u00e0y cung c\u1ea5p cho ng\u01b0\u1eddi d\u00f9ng m\u1ed9t ph\u1ea1m vi r\u1ed9ng h\u01a1n ch\u1ec9 v\u1edbi m\u1ed9t h\u1ec7 th\u1ed1ng loa.<\/p>\n<p>C\u00e1c ph\u1ea7n m\u1edf r\u1ed9ng c\u00f3 th\u1ec3 c\u00f3, m\u1edf r\u1ed9ng quy m\u00f4, d\u1ec5 s\u1eed d\u1ee5ng v\u00e0 c\u00e1c ph\u1ee5 ki\u1ec7n ti\u1ec7n d\u1ee5ng m\u1edf r\u1ed9ng, ho\u00e0n thi\u1ec7n b\u1ed9 SubSat-12 v\u00e0 bi\u1ebfn n\u00f3 tr\u1edf th\u00e0nh m\u1ed9t c\u00f4ng c\u1ee5 PA \u0111a n\u0103ng.<\/p>\n<p style=\"text-align: center;\"><img loading=\"lazy\" decoding=\"async\" class=\"wp-image-1008 aligncenter\" src=\"https:\/\/voice-acoustic.vn\/wp-content\/uploads\/2022\/01\/voice-acoustic-subsat-12-set-300x271.jpg\" alt=\"\" width=\"421\" height=\"380\" srcset=\"https:\/\/voice-acoustic.vn\/wp-content\/uploads\/2022\/01\/voice-acoustic-subsat-12-set-300x271.jpg 300w, https:\/\/voice-acoustic.vn\/wp-content\/uploads\/2022\/01\/voice-acoustic-subsat-12-set-768x695.jpg 768w, https:\/\/voice-acoustic.vn\/wp-content\/uploads\/2022\/01\/voice-acoustic-subsat-12-set-400x362.jpg 400w, https:\/\/voice-acoustic.vn\/wp-content\/uploads\/2022\/01\/voice-acoustic-subsat-12-set-600x543.jpg 600w, https:\/\/voice-acoustic.vn\/wp-content\/uploads\/2022\/01\/voice-acoustic-subsat-12-set.jpg 936w\" sizes=\"auto, (max-width: 421px) 100vw, 421px\" \/><span style=\"color: blue; text-align: center; font-size: 14.4px;\"> B\u1ed9 SubSat-12<\/span><\/p>\n<\/div>\n<\/div>\n<div><\/div>\n<div>\n\n  <div class=\"banner has-hover\" id=\"banner-160142015\">\n          <div class=\"banner-inner fill\">\n        <div class=\"banner-bg fill\" >\n            <div class=\"bg fill bg-fill \"><\/div>\n            \t<div class=\"video-overlay no-click fill\"><\/div>\n\t<div id=\"ytplayer-982\" class=\"ux-youtube fill object-fit hide-for-medium\" data-videoid=\"cPePIgdtISI\" data-loop=\"1\" data-audio=\"0\"><\/div>\n                        \n                    <\/div>\n        <div class=\"banner-layers container\">\n            <a class=\"fill\" href=\"https:\/\/www.youtube.com\/watch?v=cPePIgdtISI\" target=\"_blank\" rel=\"noopener noreferrer\" ><div class=\"fill banner-link\"><\/div><\/a>            \n        <\/div>\n      <\/div>\n\n            \n<style>\n#banner-160142015 {\n  padding-top: 500px;\n}\n#banner-160142015 .bg.bg-loaded {\n  background-image: url(https:\/\/voice-acoustic.vn\/wp-content\/uploads\/2021\/10\/voice-acoustic-modular-12-004-150x150.jpg);\n}\n<\/style>\n  <\/div>\n\n\n<\/div>\n","protected":false},"excerpt":{"rendered":"<ul>\n<li>1 x b\u1ed9 khu\u1ebfch \u0111\u1ea1i HDSP-6<\/li>\n<li>2 x M\u00f4-\u0111un-12 v\u1edbi c\u00f2i 90 \u00b0 x 60 \u00b0<\/li>\n<li>4 x Paveosub-118 v\u1edbi b\u1ea3ng \u0111i\u1ec1u khi\u1ec3n b\u00e1nh tr\u01b0\u1edbc c\u00f3 th\u1ec3 th\u00e1o r\u1eddi, v\u1eadn chuy\u1ec3n &amp; che m\u01b0a<\/li>\n<li>2 x thanh M20 v\u1edbi \u00bbKh\u00f3a v\u00f2ng\u00ab<\/li>\n<li>4 x k\u1eb9p c\u00e1p<\/li>\n<li>1 x T\u00fai \u0111\u1ef1ng cho 2 thanh loa kh\u00f4ng c\u00f3 tay quay<\/li>\n<li>C\u00e1p Speakon 4 x 10 m, 2 x 3 m (4 x 4 qmm)<\/li>\n<\/ul>\n","protected":false},"featured_media":1002,"comment_status":"closed","ping_status":"closed","template":"","meta":{"spay_email":""},"product_cat":[36],"product_tag":[55,54],"class_list":{"0":"post-999","1":"product","2":"type-product","3":"status-publish","4":"has-post-thumbnail","6":"product_cat-systems","7":"product_tag-subsat-12","8":"product_tag-subsat-12-set","10":"first","11":"instock","12":"shipping-taxable","13":"product-type-simple"},"yoast_head":"<!-- This site is optimized with the Yoast SEO plugin v17.6 - https:\/\/yoast.com\/wordpress\/plugins\/seo\/ -->\n<title>SubSat-12 Set - Voice-Acoustic<\/title>\n<meta name=\"robots\" content=\"index, follow, max-snippet:-1, max-image-preview:large, max-video-preview:-1\" \/>\n<link rel=\"canonical\" href=\"https:\/\/voice-acoustic.vn\/?product=subsat-12-set\" \/>\n<meta property=\"og:locale\" content=\"vi_VN\" \/>\n<meta property=\"og:type\" content=\"article\" \/>\n<meta property=\"og:title\" content=\"SubSat-12 Set - Voice-Acoustic\" \/>\n<meta property=\"og:description\" content=\"1 x b\u1ed9 khu\u1ebfch \u0111\u1ea1i HDSP-6  2 x M\u00f4-\u0111un-12 v\u1edbi c\u00f2i 90 \u00b0 x 60 \u00b0  4 x Paveosub-118 v\u1edbi b\u1ea3ng \u0111i\u1ec1u khi\u1ec3n b\u00e1nh tr\u01b0\u1edbc c\u00f3 th\u1ec3 th\u00e1o r\u1eddi, v\u1eadn chuy\u1ec3n &amp; che m\u01b0a  2 x thanh M20 v\u1edbi \u00bbKh\u00f3a v\u00f2ng\u00ab  4 x k\u1eb9p c\u00e1p  1 x T\u00fai \u0111\u1ef1ng cho 2 thanh loa kh\u00f4ng c\u00f3 tay quay  C\u00e1p Speakon 4 x 10 m, 2 x 3 m (4 x 4 qmm)\" \/>\n<meta property=\"og:url\" content=\"https:\/\/voice-acoustic.vn\/?product=subsat-12-set\" \/>\n<meta property=\"og:site_name\" content=\"Voice-Acoustic\" \/>\n<meta property=\"article:modified_time\" content=\"2022-02-15T09:15:21+00:00\" \/>\n<meta property=\"og:image\" content=\"https:\/\/voice-acoustic.vn\/wp-content\/uploads\/2022\/01\/voice-acoustic-subsat-12-set-001.jpg\" \/>\n\t<meta property=\"og:image:width\" content=\"1920\" \/>\n\t<meta property=\"og:image:height\" content=\"1536\" \/>\n<meta name=\"twitter:card\" content=\"summary_large_image\" \/>\n<meta name=\"twitter:label1\" content=\"\u01af\u1edbc t\u00ednh th\u1eddi gian \u0111\u1ecdc\" \/>\n\t<meta name=\"twitter:data1\" content=\"3 ph\u00fat\" \/>\n<script type=\"application\/ld+json\" class=\"yoast-schema-graph\">{\"@context\":\"https:\/\/schema.org\",\"@graph\":[{\"@type\":\"WebSite\",\"@id\":\"https:\/\/voice-acoustic.vn\/#website\",\"url\":\"https:\/\/voice-acoustic.vn\/\",\"name\":\"Voice-Acoustic\",\"description\":\"\",\"potentialAction\":[{\"@type\":\"SearchAction\",\"target\":{\"@type\":\"EntryPoint\",\"urlTemplate\":\"https:\/\/voice-acoustic.vn\/?s={search_term_string}\"},\"query-input\":\"required name=search_term_string\"}],\"inLanguage\":\"vi\"},{\"@type\":\"ImageObject\",\"@id\":\"https:\/\/voice-acoustic.vn\/?product=subsat-12-set#primaryimage\",\"inLanguage\":\"vi\",\"url\":\"https:\/\/voice-acoustic.vn\/wp-content\/uploads\/2022\/01\/voice-acoustic-subsat-12-set-001.jpg\",\"contentUrl\":\"https:\/\/voice-acoustic.vn\/wp-content\/uploads\/2022\/01\/voice-acoustic-subsat-12-set-001.jpg\",\"width\":1920,\"height\":1536},{\"@type\":\"WebPage\",\"@id\":\"https:\/\/voice-acoustic.vn\/?product=subsat-12-set#webpage\",\"url\":\"https:\/\/voice-acoustic.vn\/?product=subsat-12-set\",\"name\":\"SubSat-12 Set - Voice-Acoustic\",\"isPartOf\":{\"@id\":\"https:\/\/voice-acoustic.vn\/#website\"},\"primaryImageOfPage\":{\"@id\":\"https:\/\/voice-acoustic.vn\/?product=subsat-12-set#primaryimage\"},\"datePublished\":\"2022-01-10T03:46:41+00:00\",\"dateModified\":\"2022-02-15T09:15:21+00:00\",\"breadcrumb\":{\"@id\":\"https:\/\/voice-acoustic.vn\/?product=subsat-12-set#breadcrumb\"},\"inLanguage\":\"vi\",\"potentialAction\":[{\"@type\":\"ReadAction\",\"target\":[\"https:\/\/voice-acoustic.vn\/?product=subsat-12-set\"]}]},{\"@type\":\"BreadcrumbList\",\"@id\":\"https:\/\/voice-acoustic.vn\/?product=subsat-12-set#breadcrumb\",\"itemListElement\":[{\"@type\":\"ListItem\",\"position\":1,\"name\":\"Trang ch\\u1ee7\",\"item\":\"https:\/\/voice-acoustic.vn\/\"},{\"@type\":\"ListItem\",\"position\":2,\"name\":\"..\",\"item\":\"https:\/\/voice-acoustic.vn\/?page_id=11\"},{\"@type\":\"ListItem\",\"position\":3,\"name\":\"SubSat-12 Set\"}]}]}<\/script>\n<!-- \/ Yoast SEO plugin. -->","yoast_head_json":{"title":"SubSat-12 Set - Voice-Acoustic","robots":{"index":"index","follow":"follow","max-snippet":"max-snippet:-1","max-image-preview":"max-image-preview:large","max-video-preview":"max-video-preview:-1"},"canonical":"https:\/\/voice-acoustic.vn\/?product=subsat-12-set","og_locale":"vi_VN","og_type":"article","og_title":"SubSat-12 Set - Voice-Acoustic","og_description":"1 x b\u1ed9 khu\u1ebfch \u0111\u1ea1i HDSP-6  2 x M\u00f4-\u0111un-12 v\u1edbi c\u00f2i 90 \u00b0 x 60 \u00b0  4 x Paveosub-118 v\u1edbi b\u1ea3ng \u0111i\u1ec1u khi\u1ec3n b\u00e1nh tr\u01b0\u1edbc c\u00f3 th\u1ec3 th\u00e1o r\u1eddi, v\u1eadn chuy\u1ec3n &amp; che m\u01b0a  2 x thanh M20 v\u1edbi \u00bbKh\u00f3a v\u00f2ng\u00ab  4 x k\u1eb9p c\u00e1p  1 x T\u00fai \u0111\u1ef1ng cho 2 thanh loa kh\u00f4ng c\u00f3 tay quay  C\u00e1p Speakon 4 x 10 m, 2 x 3 m (4 x 4 qmm)","og_url":"https:\/\/voice-acoustic.vn\/?product=subsat-12-set","og_site_name":"Voice-Acoustic","article_modified_time":"2022-02-15T09:15:21+00:00","og_image":[{"width":1920,"height":1536,"url":"https:\/\/voice-acoustic.vn\/wp-content\/uploads\/2022\/01\/voice-acoustic-subsat-12-set-001.jpg","type":"image\/jpeg"}],"twitter_card":"summary_large_image","twitter_misc":{"\u01af\u1edbc t\u00ednh th\u1eddi gian \u0111\u1ecdc":"3 ph\u00fat"},"schema":{"@context":"https:\/\/schema.org","@graph":[{"@type":"WebSite","@id":"https:\/\/voice-acoustic.vn\/#website","url":"https:\/\/voice-acoustic.vn\/","name":"Voice-Acoustic","description":"","potentialAction":[{"@type":"SearchAction","target":{"@type":"EntryPoint","urlTemplate":"https:\/\/voice-acoustic.vn\/?s={search_term_string}"},"query-input":"required name=search_term_string"}],"inLanguage":"vi"},{"@type":"ImageObject","@id":"https:\/\/voice-acoustic.vn\/?product=subsat-12-set#primaryimage","inLanguage":"vi","url":"https:\/\/voice-acoustic.vn\/wp-content\/uploads\/2022\/01\/voice-acoustic-subsat-12-set-001.jpg","contentUrl":"https:\/\/voice-acoustic.vn\/wp-content\/uploads\/2022\/01\/voice-acoustic-subsat-12-set-001.jpg","width":1920,"height":1536},{"@type":"WebPage","@id":"https:\/\/voice-acoustic.vn\/?product=subsat-12-set#webpage","url":"https:\/\/voice-acoustic.vn\/?product=subsat-12-set","name":"SubSat-12 Set - Voice-Acoustic","isPartOf":{"@id":"https:\/\/voice-acoustic.vn\/#website"},"primaryImageOfPage":{"@id":"https:\/\/voice-acoustic.vn\/?product=subsat-12-set#primaryimage"},"datePublished":"2022-01-10T03:46:41+00:00","dateModified":"2022-02-15T09:15:21+00:00","breadcrumb":{"@id":"https:\/\/voice-acoustic.vn\/?product=subsat-12-set#breadcrumb"},"inLanguage":"vi","potentialAction":[{"@type":"ReadAction","target":["https:\/\/voice-acoustic.vn\/?product=subsat-12-set"]}]},{"@type":"BreadcrumbList","@id":"https:\/\/voice-acoustic.vn\/?product=subsat-12-set#breadcrumb","itemListElement":[{"@type":"ListItem","position":1,"name":"Trang ch\u1ee7","item":"https:\/\/voice-acoustic.vn\/"},{"@type":"ListItem","position":2,"name":"..","item":"https:\/\/voice-acoustic.vn\/?page_id=11"},{"@type":"ListItem","position":3,"name":"SubSat-12 Set"}]}]}},"_links":{"self":[{"href":"https:\/\/voice-acoustic.vn\/index.php?rest_route=\/wp\/v2\/product\/999","targetHints":{"allow":["GET"]}}],"collection":[{"href":"https:\/\/voice-acoustic.vn\/index.php?rest_route=\/wp\/v2\/product"}],"about":[{"href":"https:\/\/voice-acoustic.vn\/index.php?rest_route=\/wp\/v2\/types\/product"}],"replies":[{"embeddable":true,"href":"https:\/\/voice-acoustic.vn\/index.php?rest_route=%2Fwp%2Fv2%2Fcomments&post=999"}],"wp:featuredmedia":[{"embeddable":true,"href":"https:\/\/voice-acoustic.vn\/index.php?rest_route=\/wp\/v2\/media\/1002"}],"wp:attachment":[{"href":"https:\/\/voice-acoustic.vn\/index.php?rest_route=%2Fwp%2Fv2%2Fmedia&parent=999"}],"wp:term":[{"taxonomy":"product_cat","embeddable":true,"href":"https:\/\/voice-acoustic.vn\/index.php?rest_route=%2Fwp%2Fv2%2Fproduct_cat&post=999"},{"taxonomy":"product_tag","embeddable":true,"href":"https:\/\/voice-acoustic.vn\/index.php?rest_route=%2Fwp%2Fv2%2Fproduct_tag&post=999"}],"curies":[{"name":"wp","href":"https:\/\/api.w.org\/{rel}","templated":true}]}}